{"id":3915,"date":"2025-01-04T18:11:34","date_gmt":"2025-01-04T17:11:34","guid":{"rendered":"https:\/\/speedxperts.com\/?post_type=product&#038;p=3915"},"modified":"2025-02-04T15:23:18","modified_gmt":"2025-02-04T14:23:18","slug":"universaali-auton-selkanojan-puhallettava-sanky-80x130cm","status":"publish","type":"product","link":"https:\/\/speedxperts.com\/fi\/tuote\/universaali-auton-selkanojan-puhallettava-sanky-80x130cm\/","title":{"rendered":"Yleismaailmallinen auton takapenkille puhallettava s\u00e4nky 80x130cm"},"content":{"rendered":"<p>Tee jokaisesta matkasta mukavampi <strong>Universal Car Travel puhallettava s\u00e4nky<\/strong>, joka on suunniteltu monipuoliseksi ja k\u00e4tev\u00e4ksi. Olitpa sitten retkeilem\u00e4ss\u00e4, matkalla tai is\u00e4nn\u00f6im\u00e4ss\u00e4 vieraita kotona, t\u00e4m\u00e4 puhallettava s\u00e4nky takaa levollisen unen miss\u00e4 tahansa oletkin.<\/p>\n<p>T\u00e4rkeimm\u00e4t ominaisuudet:<\/p>\n<ul>\n<li><strong>Kannettava &amp; kevyt<\/strong>:<br \/>\nMukana tulee kankainen s\u00e4ilytyspussi, joka helpottaa kuljettamista ja kompaktia s\u00e4ilytyst\u00e4. T\u00e4ydellinen matkoille ja perheen retkille.<\/li>\n<li><strong>Nopea automaattinen inflaatio<\/strong>:<br \/>\nPuhalletaan vaivattomasti sis\u00e4\u00e4nrakennetulla ilmasuuttimella. Patja puhalletaan automaattisesti, kun taas tyynyt ja sivusiivet vaativat minimaalisen manuaalisen puhalluksen.<\/li>\n<li><strong>Premium-mukavuus<\/strong>:<br \/>\nYmp\u00e4rist\u00f6yst\u00e4v\u00e4llisest\u00e4 polyesteripongee-kankaasta valmistettu patja on sile\u00e4, kulutusta kest\u00e4v\u00e4, vedenpit\u00e4v\u00e4 ja hengitt\u00e4v\u00e4. Laadukas joustava puuvillaydin ja tihe\u00e4 sieni tarjoavat erinomaisen tuen ja mukavuuden.<\/li>\n<li><strong>Kest\u00e4v\u00e4 &amp; luotettava<\/strong>:<br \/>\nValmistettu pehme\u00e4st\u00e4 mutta kest\u00e4v\u00e4st\u00e4 PVC-materiaalista, jossa on tiiviit saumat kest\u00e4vyyden ja ilmatiiviyden takaamiseksi, mik\u00e4 takaa pitk\u00e4aikaisen k\u00e4yt\u00f6n.<\/li>\n<li><strong>Monipuoliset sovellukset<\/strong>:<br \/>\nSopii erilaisiin ymp\u00e4rist\u00f6ihin:<\/p>\n<ul>\n<li><strong>Auto<\/strong>: Sopii useimpiin maastureihin, asuntoautoihin ja tila-autoihin matkustusmukavuutta varten.<\/li>\n<li><strong>Leirint\u00e4alue<\/strong>: Ihanteellinen ulkoseikkailuihin.<\/li>\n<li><strong>Etusivu<\/strong>: H\u00e4t\u00e4vieraspatja tai toimiston taukopatja.<\/li>\n<li><strong>Piknik &amp; matkailu<\/strong>: Varmistaa mukavuuden miss\u00e4 tahansa liikutkin.<\/li>\n<\/ul>\n<\/li>\n<\/ul>\n<p>Tekniset tiedot:<\/p>\n<ul>\n<li><strong>Materiaali<\/strong>: Kest\u00e4v\u00e4 PVC- ja polyesteripongee-kangas.<\/li>\n<li><strong>Mitat<\/strong>: 80x130cm<\/li>\n<li><strong>Ominaisuudet<\/strong>: Vedenpit\u00e4v\u00e4, kulutusta kest\u00e4v\u00e4 ja hengitt\u00e4v\u00e4.<\/li>\n<li><strong>Inflaatioaika<\/strong>: Puhalletaan muutamassa minuutissa s\u00e4\u00e4dett\u00e4v\u00e4ll\u00e4 kiinteydell\u00e4<\/li>\n<\/ul>\n<p>Paketti sis\u00e4lt\u00e4\u00e4:<\/p>\n<ul>\n<li><strong>1 x Puhallettava patja<\/strong><\/li>\n<li><strong>1 x tyyny<\/strong><\/li>\n<li><strong>1 x ilmapumppu<\/strong> (Huomautus: Pumppu ei ole yhteensopiva renkaiden, uimarenkaiden, joogapallojen jne. t\u00e4ytt\u00e4miseen.)<\/li>\n<li><strong>1 x s\u00e4ilytyspussi<\/strong><\/li>\n<\/ul>\n<p>Miksi valita puhallettava s\u00e4nky Universal Car Travel?<\/p>\n<p>T\u00e4m\u00e4 patja tarjoaa t\u00e4ydellisen yhdistelm\u00e4n mukavuutta, kest\u00e4vyytt\u00e4 ja mukavuutta, mik\u00e4 tekee siit\u00e4 erinomaisen valinnan kaikille, jotka arvostavat levollisia unia liikkeell\u00e4 ollessa. Sen kompakti muotoilu ja laaja sovellettavuus takaavat, ett\u00e4 olet aina valmiina kaikkiin matka- tai vierasmajoitustarpeisiin.<\/p>\n<p>Paranna matka- ja retkeilykokemustasi k\u00e4ytt\u00e4m\u00e4ll\u00e4 <strong>Universal Car Travel puhallettava s\u00e4nky<\/strong> - lopullinen kannettava mukavuusratkaisu!<\/p>\n<p>&nbsp;<\/p>","protected":false},"excerpt":{"rendered":"<p><strong>Miksi valita t\u00e4m\u00e4 auton puhallettava s\u00e4nky?<\/strong><br \/>\n\u2714 <strong>Kannettava ja kevyt<\/strong> - Helppo kuljettaa ja s\u00e4ilytt\u00e4\u00e4.<br \/>\n\u2714 <strong>Mukavuutta liikkeell\u00e4<\/strong> - T\u00e4ydellinen automatkoille, telttailuun tai nopeille p\u00e4iv\u00e4unille pitkien ajomatkojen aikana.<br \/>\n\u2714 <strong>Universal Fit<\/strong> - Sopii yli 90% autoihin ja maastureihin.<\/p>\n<p><strong>Paranna matkojasi vertaansa vailla olevalla mukavuudella ja mukavuudella. Tilaa puhallettava Universal Car Travel -vuode jo t\u00e4n\u00e4\u00e4n!<\/strong><\/p>","protected":false},"featured_media":3892,"comment_status":"open","ping_status":"closed","template":"","meta":{"_uag_custom_page_level_css":"","site-sidebar-layout":"default","site-content-layout":"","ast-site-content-layout":"default","site-content-style":"default","site-sidebar-style":"default","ast-global-header-display":"","ast-banner-title-visibility":"","ast-main-header-display":"","ast-hfb-above-header-display":"","ast-hfb-below-header-display":"","ast-hfb-mobile-header-display":"","site-post-title":"","ast-breadcrumbs-content":"","ast-featured-img":"","footer-sml-layout":"","ast-disable-related-posts":"","theme-transparent-header-meta":"default","adv-header-id-meta":"","stick-header-meta":"","header-above-stick-meta":"","header-main-stick-meta":"","header-below-stick-meta":"","astra-migrate-meta-layouts":"set","ast-page-background-enabled":"default","ast-page-background-meta":{"desktop":{"background-color":"","background-image":"","background-repeat":"repeat","background-position":"center center","background-size":"auto","background-attachment":"scroll","background-type":"","background-media":"","overlay-type":"","overlay-color":"","overlay-opacity":"","overlay-gradient":""},"tablet":{"background-color":"","background-image":"","background-repeat":"repeat","background-position":"center center","background-size":"auto","background-attachment":"scroll","background-type":"","background-media":"","overlay-type":"","overlay-color":"","overlay-opacity":"","overlay-gradient":""},"mobile":{"background-color":"","background-image":"","background-repeat":"repeat","background-position":"center center","background-size":"auto","background-attachment":"scroll","background-type":"","background-media":"","overlay-type":"","overlay-color":"","overlay-opacity":"","overlay-gradient":""}},"ast-content-background-meta":{"desktop":{"background-color":"var(--ast-global-color-5)","background-image":"","background-repeat":"repeat","background-position":"center center","background-size":"auto","background-attachment":"scroll","background-type":"","background-media":"","overlay-type":"","overlay-color":"","overlay-opacity":"","overlay-gradient":""},"tablet":{"background-color":"var(--ast-global-color-5)","background-image":"","background-repeat":"repeat","background-position":"center center","background-size":"auto","background-attachment":"scroll","background-type":"","background-media":"","overlay-type":"","overlay-color":"","overlay-opacity":"","overlay-gradient":""},"mobile":{"background-color":"var(--ast-global-color-5)","background-image":"","background-repeat":"repeat","background-position":"center center","background-size":"auto","background-attachment":"scroll","background-type":"","background-media":"","overlay-type":"","overlay-color":"","overlay-opacity":"","overlay-gradient":""}}},"product_brand":[],"product_cat":[72],"product_tag":[],"class_list":{"0":"post-3915","1":"product","2":"type-product","3":"status-publish","4":"has-post-thumbnail","6":"product_cat-interior-accessories","7":"desktop-align-left","8":"tablet-align-left","9":"mobile-align-left","10":"ast-product-gallery-layout-horizontal-slider","11":"ast-product-single-variable","12":"ast-product-tabs-layout-horizontal","14":"first","15":"instock","16":"shipping-taxable","17":"purchasable","18":"product-type-variable"},"aioseo_notices":[],"uagb_featured_image_src":{"full":["https:\/\/speedxperts.com\/wp-content\/uploads\/2025\/01\/Se42f7cff8e614fd8bcc1fea401405680O.webp",1000,1000,false],"thumbnail":["https:\/\/speedxperts.com\/wp-content\/uploads\/2025\/01\/Se42f7cff8e614fd8bcc1fea401405680O-150x150.webp",150,150,true],"medium":["https:\/\/speedxperts.com\/wp-content\/uploads\/2025\/01\/Se42f7cff8e614fd8bcc1fea401405680O-300x300.webp",300,300,true],"medium_large":["https:\/\/speedxperts.com\/wp-content\/uploads\/2025\/01\/Se42f7cff8e614fd8bcc1fea401405680O-768x768.webp",768,768,true],"large":["https:\/\/speedxperts.com\/wp-content\/uploads\/2025\/01\/Se42f7cff8e614fd8bcc1fea401405680O.webp",1000,1000,false],"1536x1536":["https:\/\/speedxperts.com\/wp-content\/uploads\/2025\/01\/Se42f7cff8e614fd8bcc1fea401405680O.webp",1000,1000,false],"2048x2048":["https:\/\/speedxperts.com\/wp-content\/uploads\/2025\/01\/Se42f7cff8e614fd8bcc1fea401405680O.webp",1000,1000,false],"trp-custom-language-flag":["https:\/\/speedxperts.com\/wp-content\/uploads\/2025\/01\/Se42f7cff8e614fd8bcc1fea401405680O-12x12.webp",12,12,true],"woocommerce_thumbnail":["https:\/\/speedxperts.com\/wp-content\/uploads\/2025\/01\/Se42f7cff8e614fd8bcc1fea401405680O-300x300.webp",300,300,true],"woocommerce_single":["https:\/\/speedxperts.com\/wp-content\/uploads\/2025\/01\/Se42f7cff8e614fd8bcc1fea401405680O-600x600.webp",600,600,true],"woocommerce_gallery_thumbnail":["https:\/\/speedxperts.com\/wp-content\/uploads\/2025\/01\/Se42f7cff8e614fd8bcc1fea401405680O-100x100.webp",100,100,true]},"uagb_author_info":{"display_name":"Sebastian","author_link":"https:\/\/speedxperts.com\/fi\/author\/"},"uagb_comment_info":0,"uagb_excerpt":"Why Choose This Car Inflatable Bed? \u2714 Portable and Lightweight \u2013 Easy to carry and store. \u2714 Comfort on the Go \u2013 Perfect for road trips, camping, or a quick nap during long drives. \u2714 Universal Fit \u2013 Suitable for more than 90% of cars and SUVs. Upgrade your travels with unmatched comfort and convenience.&hellip;","jetpack_sharing_enabled":true,"_links":{"self":[{"href":"https:\/\/speedxperts.com\/fi\/wp-json\/wp\/v2\/product\/3915","targetHints":{"allow":["GET"]}}],"collection":[{"href":"https:\/\/speedxperts.com\/fi\/wp-json\/wp\/v2\/product"}],"about":[{"href":"https:\/\/speedxperts.com\/fi\/wp-json\/wp\/v2\/types\/product"}],"replies":[{"embeddable":true,"href":"https:\/\/speedxperts.com\/fi\/wp-json\/wp\/v2\/comments?post=3915"}],"wp:featuredmedia":[{"embeddable":true,"href":"https:\/\/speedxperts.com\/fi\/wp-json\/wp\/v2\/media\/3892"}],"wp:attachment":[{"href":"https:\/\/speedxperts.com\/fi\/wp-json\/wp\/v2\/media?parent=3915"}],"wp:term":[{"taxonomy":"product_brand","embeddable":true,"href":"https:\/\/speedxperts.com\/fi\/wp-json\/wp\/v2\/product_brand?post=3915"},{"taxonomy":"product_cat","embeddable":true,"href":"https:\/\/speedxperts.com\/fi\/wp-json\/wp\/v2\/product_cat?post=3915"},{"taxonomy":"product_tag","embeddable":true,"href":"https:\/\/speedxperts.com\/fi\/wp-json\/wp\/v2\/product_tag?post=3915"}],"curies":[{"name":"wp","href":"https:\/\/api.w.org\/{rel}","templated":true}]}}