{"id":3942,"date":"2025-01-04T18:38:02","date_gmt":"2025-01-04T17:38:02","guid":{"rendered":"https:\/\/speedxperts.com\/?post_type=product&#038;p=3942"},"modified":"2025-02-18T10:53:56","modified_gmt":"2025-02-18T09:53:56","slug":"universaali-autonaytto-jossa-on-carplay-ja-android-auto","status":"publish","type":"product","link":"https:\/\/speedxperts.com\/fi\/tuote\/universaali-autonaytto-jossa-on-carplay-ja-android-auto\/","title":{"rendered":"Yleisauton\u00e4ytt\u00f6 CarPlay- ja Android Auto -j\u00e4rjestelmill\u00e4"},"content":{"rendered":"<p>P\u00e4ivit\u00e4 autosi <strong>BQCC Kannettava CarPlay-n\u00e4ytt\u00f6<\/strong> ja nauti modernista ajokokemuksesta, joka on t\u00e4ynn\u00e4 edistyksellisi\u00e4 ominaisuuksia. T\u00e4m\u00e4 kannettava MP5-soitin tuo vaivattoman \u00e4lypuhelimen integroinnin, parannetun navigoinnin ja k\u00e4tev\u00e4t multimediavaihtoehdot mihin tahansa ajoneuvoon.<\/p>\n<hr \/>\n<h3><strong>T\u00e4rkeimm\u00e4t ominaisuudet<\/strong><\/h3>\n<p>\u2705 <strong>Saumaton langaton Apple CarPlay &amp; Android Auto -palvelu<\/strong><\/p>\n<ul>\n<li>Yhdist\u00e4 langattomasti Bluetoothin ja WiFin tai USB:n kautta.<\/li>\n<li>P\u00e4\u00e4set k\u00e4siksi musiikkiin, karttoihin, viesteihin ja handsfree-puheluihin Siri- tai Google Assistant -\u00e4\u00e4niohjauksen avulla.<\/li>\n<li>Varmistaa turvallisemman ja \u00e4lykk\u00e4\u00e4mm\u00e4n ajamisen.<\/li>\n<\/ul>\n<p>\u2705 <strong>Yleinen yhteensopivuus<\/strong><\/p>\n<ul>\n<li>Sopii kaikkiin ajoneuvoihin, joissa on DC 12V-30V, mukaan lukien henkil\u00f6autot, kuorma-autot, pakettiautot, asuntoautot ja pickupit.<\/li>\n<li>Auton konsolia ei tarvitse purkaa - asennus onnistuu helposti s\u00e4\u00e4dett\u00e4v\u00e4n kojelautakiinnikkeen avulla.<\/li>\n<\/ul>\n<p>\u2705 <strong>Taustakameran integrointi<\/strong><\/p>\n<ul>\n<li>Sis\u00e4lt\u00e4\u00e4 180\u00b0 s\u00e4\u00e4dett\u00e4v\u00e4n peruutuskameran, jossa on 18-jalkainen kaapeli helppoa pys\u00e4k\u00f6intiavustusta varten.<\/li>\n<li>Tarjoaa tarkan, reaaliaikaisen GPS-navigoinnin ja \u00e4\u00e4niohjatut ohjeet.<\/li>\n<\/ul>\n<p>\u2705 <strong>Useita \u00e4\u00e4nil\u00e4ht\u00f6vaihtoehtoja<\/strong><\/p>\n<ul>\n<li>Varustettu Bluetooth 5.3:lla, sis\u00e4\u00e4nrakennetuilla kaksoiskaiuttimilla, AUX- ja FM-l\u00e4hetinmahdollisuudella.<\/li>\n<li>Tarjoaa laadukkaan \u00e4\u00e4nen auton alkuper\u00e4isten kaiuttimien kautta.<\/li>\n<\/ul>\n<p>\u2705 <strong>10,26\" HD-kosketusn\u00e4ytt\u00f6 ja langaton peililinkki<\/strong><\/p>\n<ul>\n<li>N\u00e4yt\u00f6ss\u00e4 on 1600x600P IPS-n\u00e4ytt\u00f6, joka tarjoaa eloisan, selke\u00e4n ja herk\u00e4n kosketuskokemuksen.<\/li>\n<li>Synkronointi Android- ja iOS-laitteiden kanssa mediaa, navigointia ja muuta varten.<\/li>\n<\/ul>\n<hr \/>\n<h3><strong>Tekniset tiedot<\/strong><\/h3>\n<ul>\n<li><strong>Malli:<\/strong> B5303<\/li>\n<li><strong>N\u00e4ytt\u00f6:<\/strong> 10,26 tuuman HD (IPS) kosketusn\u00e4ytt\u00f6, resoluutio 1600\u00d7600<\/li>\n<li><strong>Ty\u00f6j\u00e4nnite:<\/strong> 12V-30V<\/li>\n<li><strong>Bluetooth-versio:<\/strong> 5.0<\/li>\n<li><strong>WiFi Taajuus:<\/strong> 2.4G\/5G kaksikaistainen<\/li>\n<li><strong>CPU:<\/strong> F133, jossa on 1 Gbit DRAM<\/li>\n<li><strong>\u00c4\u00e4nimuodot:<\/strong> MP3, AAC, APE, OGG, WAV ja muut tiedostot.<\/li>\n<li><strong>Videomuodot:<\/strong> MP4, MKV, AVI, ja muut<\/li>\n<li><strong>Sis\u00e4\u00e4nrakennettu kaiutin:<\/strong> 1W<\/li>\n<\/ul>\n<hr \/>\n<h3><strong>Mit\u00e4 sis\u00e4ltyy?<\/strong><\/h3>\n<ul>\n<li><strong>1x 10,26 tuuman CarPlay-kosketusn\u00e4ytt\u00f6<\/strong><\/li>\n<li><strong>1x peruutuskamera (valinnainen)<\/strong><\/li>\n<li><strong>1x S\u00e4\u00e4dett\u00e4v\u00e4 kojelautakiinnike<\/strong><\/li>\n<li><strong>1x Laturi 12V<\/strong><\/li>\n<li><strong>1x \u00e4\u00e4nikaapeli<\/strong><\/li>\n<li><strong>1x K\u00e4ytt\u00f6ohje<\/strong><\/li>\n<\/ul>\n<p>Muunna ajokokemuksesi <strong>BQCC 10,26 tuuman langaton CarPlay- ja Android Auto -n\u00e4ytt\u00f6<\/strong> - kaikki yhdess\u00e4 -ratkaisu \u00e4lykk\u00e4\u00e4mpiin ja turvallisempiin matkoihin!<\/p>","protected":false},"excerpt":{"rendered":"<h3><strong>Miksi valita BQCC CarPlay -n\u00e4ytt\u00f6?<\/strong><\/h3>\n<p>\u2714 <strong>Modernisoi mik\u00e4 tahansa auto<\/strong> - Lis\u00e4\u00e4 langattomat CarPlay- ja Android Auto -toiminnot muuttamatta autosi kojelautaa.<br \/>\n\u2714 <strong>Monipuolinen asennus<\/strong> - T\u00e4ydellinen useille eri ajoneuvotyypeille vaivattomalla asennuksella.<br \/>\n\u2714 <strong>Turvallisuus ja mukavuus<\/strong> - Yhdist\u00e4\u00e4 navigoinnin, pys\u00e4k\u00f6intiavustimen ja median hallinnan yhteen laitteeseen.<br \/>\n\u2714 <strong>Premium-n\u00e4ytt\u00f6<\/strong> - Ter\u00e4v\u00e4piirtokosketusn\u00e4ytt\u00f6 takaa upean visuaalisen ja interaktiivisen kokemuksen.<\/p>","protected":false},"featured_media":3926,"comment_status":"open","ping_status":"closed","template":"","meta":{"_uag_custom_page_level_css":"","site-sidebar-layout":"default","site-content-layout":"","ast-site-content-layout":"default","site-content-style":"default","site-sidebar-style":"default","ast-global-header-display":"","ast-banner-title-visibility":"","ast-main-header-display":"","ast-hfb-above-header-display":"","ast-hfb-below-header-display":"","ast-hfb-mobile-header-display":"","site-post-title":"","ast-breadcrumbs-content":"","ast-featured-img":"","footer-sml-layout":"","theme-transparent-header-meta":"default","adv-header-id-meta":"","stick-header-meta":"","header-above-stick-meta":"","header-main-stick-meta":"","header-below-stick-meta":"","astra-migrate-meta-layouts":"set","ast-page-background-enabled":"default","ast-page-background-meta":{"desktop":{"background-color":"","background-image":"","background-repeat":"repeat","background-position":"center center","background-size":"auto","background-attachment":"scroll","background-type":"","background-media":"","overlay-type":"","overlay-color":"","overlay-opacity":"","overlay-gradient":""},"tablet":{"background-color":"","background-image":"","background-repeat":"repeat","background-position":"center center","background-size":"auto","background-attachment":"scroll","background-type":"","background-media":"","overlay-type":"","overlay-color":"","overlay-opacity":"","overlay-gradient":""},"mobile":{"background-color":"","background-image":"","background-repeat":"repeat","background-position":"center center","background-size":"auto","background-attachment":"scroll","background-type":"","background-media":"","overlay-type":"","overlay-color":"","overlay-opacity":"","overlay-gradient":""}},"ast-content-background-meta":{"desktop":{"background-color":"var(--ast-global-color-5)","background-image":"","background-repeat":"repeat","background-position":"center center","background-size":"auto","background-attachment":"scroll","background-type":"","background-media":"","overlay-type":"","overlay-color":"","overlay-opacity":"","overlay-gradient":""},"tablet":{"background-color":"var(--ast-global-color-5)","background-image":"","background-repeat":"repeat","background-position":"center center","background-size":"auto","background-attachment":"scroll","background-type":"","background-media":"","overlay-type":"","overlay-color":"","overlay-opacity":"","overlay-gradient":""},"mobile":{"background-color":"var(--ast-global-color-5)","background-image":"","background-repeat":"repeat","background-position":"center center","background-size":"auto","background-attachment":"scroll","background-type":"","background-media":"","overlay-type":"","overlay-color":"","overlay-opacity":"","overlay-gradient":""}}},"product_brand":[],"product_cat":[226],"product_tag":[],"class_list":{"0":"post-3942","1":"product","2":"type-product","3":"status-publish","4":"has-post-thumbnail","6":"product_cat-electronics","7":"desktop-align-left","8":"tablet-align-left","9":"mobile-align-left","10":"ast-product-gallery-layout-horizontal-slider","11":"ast-product-single-variable","12":"ast-product-tabs-layout-horizontal","14":"first","15":"instock","16":"shipping-taxable","17":"purchasable","18":"product-type-variable"},"aioseo_notices":[],"uagb_featured_image_src":{"full":["https:\/\/speedxperts.com\/wp-content\/uploads\/2025\/01\/Sdc2ae823912546e8b307014c610726ad6.webp",1000,1000,false],"thumbnail":["https:\/\/speedxperts.com\/wp-content\/uploads\/2025\/01\/Sdc2ae823912546e8b307014c610726ad6-150x150.webp",150,150,true],"medium":["https:\/\/speedxperts.com\/wp-content\/uploads\/2025\/01\/Sdc2ae823912546e8b307014c610726ad6-300x300.webp",300,300,true],"medium_large":["https:\/\/speedxperts.com\/wp-content\/uploads\/2025\/01\/Sdc2ae823912546e8b307014c610726ad6-768x768.webp",768,768,true],"large":["https:\/\/speedxperts.com\/wp-content\/uploads\/2025\/01\/Sdc2ae823912546e8b307014c610726ad6.webp",1000,1000,false],"1536x1536":["https:\/\/speedxperts.com\/wp-content\/uploads\/2025\/01\/Sdc2ae823912546e8b307014c610726ad6.webp",1000,1000,false],"2048x2048":["https:\/\/speedxperts.com\/wp-content\/uploads\/2025\/01\/Sdc2ae823912546e8b307014c610726ad6.webp",1000,1000,false],"trp-custom-language-flag":["https:\/\/speedxperts.com\/wp-content\/uploads\/2025\/01\/Sdc2ae823912546e8b307014c610726ad6-12x12.webp",12,12,true],"woocommerce_thumbnail":["https:\/\/speedxperts.com\/wp-content\/uploads\/2025\/01\/Sdc2ae823912546e8b307014c610726ad6-300x300.webp",300,300,true],"woocommerce_single":["https:\/\/speedxperts.com\/wp-content\/uploads\/2025\/01\/Sdc2ae823912546e8b307014c610726ad6-600x600.webp",600,600,true],"woocommerce_gallery_thumbnail":["https:\/\/speedxperts.com\/wp-content\/uploads\/2025\/01\/Sdc2ae823912546e8b307014c610726ad6-100x100.webp",100,100,true]},"uagb_author_info":{"display_name":"Sebastian","author_link":"https:\/\/speedxperts.com\/fi\/author\/"},"uagb_comment_info":0,"uagb_excerpt":"Why Choose BQCC CarPlay Screen? \u2714 Modernize Any Car \u2013 Add wireless CarPlay &amp; Android Auto functionality without modifying your car\u2019s dashboard. \u2714 Versatile Installation \u2013 Perfect for multiple vehicle types with a hassle-free setup. \u2714 Safety &amp; Convenience \u2013 Combines navigation, parking assistance, and media control into one device. \u2714 Premium Display \u2013 High-definition&hellip;","jetpack_sharing_enabled":true,"_links":{"self":[{"href":"https:\/\/speedxperts.com\/fi\/wp-json\/wp\/v2\/product\/3942","targetHints":{"allow":["GET"]}}],"collection":[{"href":"https:\/\/speedxperts.com\/fi\/wp-json\/wp\/v2\/product"}],"about":[{"href":"https:\/\/speedxperts.com\/fi\/wp-json\/wp\/v2\/types\/product"}],"replies":[{"embeddable":true,"href":"https:\/\/speedxperts.com\/fi\/wp-json\/wp\/v2\/comments?post=3942"}],"wp:featuredmedia":[{"embeddable":true,"href":"https:\/\/speedxperts.com\/fi\/wp-json\/wp\/v2\/media\/3926"}],"wp:attachment":[{"href":"https:\/\/speedxperts.com\/fi\/wp-json\/wp\/v2\/media?parent=3942"}],"wp:term":[{"taxonomy":"product_brand","embeddable":true,"href":"https:\/\/speedxperts.com\/fi\/wp-json\/wp\/v2\/product_brand?post=3942"},{"taxonomy":"product_cat","embeddable":true,"href":"https:\/\/speedxperts.com\/fi\/wp-json\/wp\/v2\/product_cat?post=3942"},{"taxonomy":"product_tag","embeddable":true,"href":"https:\/\/speedxperts.com\/fi\/wp-json\/wp\/v2\/product_tag?post=3942"}],"curies":[{"name":"wp","href":"https:\/\/api.w.org\/{rel}","templated":true}]}}