{"id":3947,"date":"2025-01-04T18:38:07","date_gmt":"2025-01-04T17:38:07","guid":{"rendered":"https:\/\/speedxperts.com\/?post_type=product&#038;p=3947"},"modified":"2025-05-21T07:43:34","modified_gmt":"2025-05-21T06:43:34","slug":"ilmapuhallin-turbo-tuulenpuhallin","status":"publish","type":"product","link":"https:\/\/speedxperts.com\/fi\/tuote\/ilmapuhallin-turbo-tuulenpuhallin\/","title":{"rendered":"Ilmapuhallin Turbo tuulenpuhallin"},"content":{"rendered":"<p>The <strong>Kannettava turbo-suihkutuuletin<\/strong> on kompakti voimanpes\u00e4, joka on suunniteltu tarjoamaan ylivoimaista suorituskyky\u00e4 ja vertaansa vailla olevaa ilmavirtaa. Huipputeknologian, kest\u00e4vien materiaalien ja k\u00e4ytt\u00e4j\u00e4yst\u00e4v\u00e4llisen muotoilun ansiosta t\u00e4m\u00e4 miniturbotuuletin sopii t\u00e4ydellisesti puhdistukseen, j\u00e4\u00e4hdytykseen tai erilaisiin teht\u00e4viin, joissa on tarkkuutta ja nopeutta.<\/p>\n<hr \/>\n<h3><strong>T\u00e4rkeimm\u00e4t ominaisuudet<\/strong><\/h3>\n<p>\u2705 <strong>Ylivoimainen suorituskyky<\/strong><\/p>\n<ul>\n<li>Varustettu huippunopeilla laakereilla ja 13 CNC-koneistetuilla ruostumattomasta ter\u00e4ksest\u00e4 valmistetuilla terill\u00e4.<\/li>\n<li>Tuottaa paineen ja ilmavirran, joka ylitt\u00e4\u00e4 <strong>52 m\/s<\/strong>ja antaa voimakkaan r\u00e4j\u00e4hdyksen.<\/li>\n<\/ul>\n<p>\u2705 <strong>Pitk\u00e4kestoinen akun k\u00e4ytt\u00f6ik\u00e4<\/strong><\/p>\n<ul>\n<li>Sis\u00e4\u00e4nrakennettu kaksois <strong>21700 suuren kapasiteetin akku<\/strong>\u00a0(3000mAh).<\/li>\n<li>Tarjoaa jopa <strong>4 tuntia jatkuvaa k\u00e4ytt\u00f6\u00e4<\/strong> pienimm\u00e4ll\u00e4 asetuksella, mik\u00e4 takaa pidemm\u00e4n k\u00e4yt\u00f6n.<\/li>\n<\/ul>\n<p>\u2705 <strong>Kompakti &amp; kannettava<\/strong><\/p>\n<ul>\n<li>Kevyt ja pieni, joten sit\u00e4 on helppo kuljettaa ja s\u00e4ilytt\u00e4\u00e4.<\/li>\n<li>T\u00e4ydellinen liikkeell\u00e4 oloon, kotona, toimistossa tai ulkona.<\/li>\n<\/ul>\n<p>\u2705 <strong>Tehokas lataus<\/strong><\/p>\n<ul>\n<li>Ominaisuudet a <strong>TYPE-C-pikalatausliit\u00e4nt\u00e4<\/strong> tukemalla <strong>20W PD\/QC-lataus<\/strong>.<\/li>\n<li>Varmistaa nopean ja vaivattoman latauksen keskeytym\u00e4t\u00f6nt\u00e4 k\u00e4ytt\u00f6\u00e4 varten.<\/li>\n<\/ul>\n<p>\u2705 <strong>K\u00e4ytt\u00e4j\u00e4yst\u00e4v\u00e4llinen muotoilu<\/strong><\/p>\n<ul>\n<li><strong>Yhden painikkeen k\u00e4ytt\u00f6<\/strong>: Paina aktivoidaksesi ilmavirran ja vapauta lopettaaksesi.<\/li>\n<li><strong>S\u00e4\u00e4dett\u00e4v\u00e4 nopeudens\u00e4\u00e4t\u00f6<\/strong>: Harjaton moottori tuottaa jopa <strong>80 000 RPM<\/strong> jossa on sis\u00e4\u00e4nrakennettu <strong>30A virran s\u00e4\u00e4din<\/strong> portaattomiin nopeuss\u00e4\u00e4t\u00f6ihin.<\/li>\n<li>Kuori valmistettu <strong>PETG sekoitettu hiilikuitumateriaali<\/strong> tyylik\u00e4s ja kest\u00e4v\u00e4 viimeistely.<\/li>\n<\/ul>\n<hr \/>\n<h3><strong>Tekniset tiedot<\/strong><\/h3>\n<ul>\n<li><strong>Max ilmavirran nopeus:<\/strong> 50 m\/s<\/li>\n<li><strong>Akun kapasiteetti:<\/strong> 3000mAh (21700 akku)<\/li>\n<li><strong>Latausportti:<\/strong> TYPE-C (20W PD\/QC-yhteensopiva)<\/li>\n<li><strong>Moottorin tyyppi:<\/strong> Harjaton<\/li>\n<li><strong>Maksimi kierrosluku:<\/strong> 80,000<\/li>\n<li><strong>Materiaali:<\/strong> PETG sekoitettu hiilikuitu<\/li>\n<li><strong>K\u00e4ytt\u00f6aika:<\/strong> Jopa 1 tunti alimmalla asetuksella<\/li>\n<\/ul>\n<hr \/>\n<h3><strong>Sovellukset<\/strong><\/h3>\n<ul>\n<li><strong>Puhdistus:<\/strong> Ihanteellinen p\u00f6lyn poistamiseen n\u00e4pp\u00e4imist\u00f6ist\u00e4, tietokoneista tai muusta elektroniikasta.<\/li>\n<li><strong>J\u00e4\u00e4hdytys:<\/strong> Tehokas kannettavana tuulettimena kuumalla s\u00e4\u00e4ll\u00e4 tai kohdennettua ilmavirtausta varten.<\/li>\n<li><strong>Apuohjelma:<\/strong> T\u00e4ydellinen tarkkuusteht\u00e4viin, joissa tarvitaan voimakasta ilmavirtaa pieness\u00e4 paketissa.<\/li>\n<\/ul>\n<p>Vastaa mihin tahansa haasteeseen <strong>Kannettava turbo-suihkutuuletin<\/strong> - \u00e4\u00e4rimm\u00e4inen kompakti puhallin, joka tarjoaa tehoa ja mukavuutta!<\/p>\n<p>&nbsp;<\/p>","protected":false},"excerpt":{"rendered":"<h3><strong>Miksi valita kannettava turbo-suihkutuuletin?<\/strong><\/h3>\n<p>\u2714 <strong>Tehokas suorituskyky<\/strong> - Saavuta ylivoimainen ilmavirta nopeiden laakereiden ja tarkkojen terien avulla.<br \/>\n\u2714 <strong>Siirrett\u00e4vyys<\/strong> - Kompakti ja kevyt rakenne takaa helpon kuljetuksen.<br \/>\n\u2714 <strong>Kest\u00e4vyys<\/strong> - Rakennettu kest\u00e4v\u00e4st\u00e4 PETG-hiilikuitukuoresta, joka takaa pitk\u00e4aikaisen k\u00e4yt\u00f6n.<br \/>\n\u2714 <strong>K\u00e4tev\u00e4 lataus<\/strong> - Nopea ja tehokas lataus minimoi seisokkiajan.<br \/>\n\u2714 <strong>Monipuolinen k\u00e4ytt\u00f6<\/strong> - T\u00e4ydellinen puhdistukseen, j\u00e4\u00e4hdytykseen tai erilaisten teht\u00e4vien hoitamiseen vaivattomasti.<\/p>","protected":false},"featured_media":3955,"comment_status":"open","ping_status":"closed","template":"","meta":{"_uag_custom_page_level_css":"","site-sidebar-layout":"default","site-content-layout":"","ast-site-content-layout":"default","site-content-style":"default","site-sidebar-style":"default","ast-global-header-display":"","ast-banner-title-visibility":"","ast-main-header-display":"","ast-hfb-above-header-display":"","ast-hfb-below-header-display":"","ast-hfb-mobile-header-display":"","site-post-title":"","ast-breadcrumbs-content":"","ast-featured-img":"","footer-sml-layout":"","ast-disable-related-posts":"","theme-transparent-header-meta":"default","adv-header-id-meta":"","stick-header-meta":"","header-above-stick-meta":"","header-main-stick-meta":"","header-below-stick-meta":"","astra-migrate-meta-layouts":"set","ast-page-background-enabled":"default","ast-page-background-meta":{"desktop":{"background-color":"","background-image":"","background-repeat":"repeat","background-position":"center center","background-size":"auto","background-attachment":"scroll","background-type":"","background-media":"","overlay-type":"","overlay-color":"","overlay-opacity":"","overlay-gradient":""},"tablet":{"background-color":"","background-image":"","background-repeat":"repeat","background-position":"center center","background-size":"auto","background-attachment":"scroll","background-type":"","background-media":"","overlay-type":"","overlay-color":"","overlay-opacity":"","overlay-gradient":""},"mobile":{"background-color":"","background-image":"","background-repeat":"repeat","background-position":"center center","background-size":"auto","background-attachment":"scroll","background-type":"","background-media":"","overlay-type":"","overlay-color":"","overlay-opacity":"","overlay-gradient":""}},"ast-content-background-meta":{"desktop":{"background-color":"var(--ast-global-color-5)","background-image":"","background-repeat":"repeat","background-position":"center center","background-size":"auto","background-attachment":"scroll","background-type":"","background-media":"","overlay-type":"","overlay-color":"","overlay-opacity":"","overlay-gradient":""},"tablet":{"background-color":"var(--ast-global-color-5)","background-image":"","background-repeat":"repeat","background-position":"center center","background-size":"auto","background-attachment":"scroll","background-type":"","background-media":"","overlay-type":"","overlay-color":"","overlay-opacity":"","overlay-gradient":""},"mobile":{"background-color":"var(--ast-global-color-5)","background-image":"","background-repeat":"repeat","background-position":"center center","background-size":"auto","background-attachment":"scroll","background-type":"","background-media":"","overlay-type":"","overlay-color":"","overlay-opacity":"","overlay-gradient":""}}},"product_brand":[],"product_cat":[226],"product_tag":[],"class_list":{"0":"post-3947","1":"product","2":"type-product","3":"status-publish","4":"has-post-thumbnail","6":"product_cat-electronics","7":"desktop-align-left","8":"tablet-align-left","9":"mobile-align-left","10":"ast-product-gallery-layout-horizontal-slider","11":"ast-product-single-variable","12":"ast-product-tabs-layout-horizontal","14":"first","15":"instock","16":"shipping-taxable","17":"purchasable","18":"product-type-variable"},"aioseo_notices":[],"uagb_featured_image_src":{"full":["https:\/\/speedxperts.com\/wp-content\/uploads\/2025\/01\/S06034f1b9f834e4d89f06f059f61b910h-1.webp",1001,1001,false],"thumbnail":["https:\/\/speedxperts.com\/wp-content\/uploads\/2025\/01\/S06034f1b9f834e4d89f06f059f61b910h-1-150x150.webp",150,150,true],"medium":["https:\/\/speedxperts.com\/wp-content\/uploads\/2025\/01\/S06034f1b9f834e4d89f06f059f61b910h-1-300x300.webp",300,300,true],"medium_large":["https:\/\/speedxperts.com\/wp-content\/uploads\/2025\/01\/S06034f1b9f834e4d89f06f059f61b910h-1-768x768.webp",768,768,true],"large":["https:\/\/speedxperts.com\/wp-content\/uploads\/2025\/01\/S06034f1b9f834e4d89f06f059f61b910h-1.webp",1001,1001,false],"1536x1536":["https:\/\/speedxperts.com\/wp-content\/uploads\/2025\/01\/S06034f1b9f834e4d89f06f059f61b910h-1.webp",1001,1001,false],"2048x2048":["https:\/\/speedxperts.com\/wp-content\/uploads\/2025\/01\/S06034f1b9f834e4d89f06f059f61b910h-1.webp",1001,1001,false],"trp-custom-language-flag":["https:\/\/speedxperts.com\/wp-content\/uploads\/2025\/01\/S06034f1b9f834e4d89f06f059f61b910h-1-12x12.webp",12,12,true],"woocommerce_thumbnail":["https:\/\/speedxperts.com\/wp-content\/uploads\/2025\/01\/S06034f1b9f834e4d89f06f059f61b910h-1-300x300.webp",300,300,true],"woocommerce_single":["https:\/\/speedxperts.com\/wp-content\/uploads\/2025\/01\/S06034f1b9f834e4d89f06f059f61b910h-1-600x600.webp",600,600,true],"woocommerce_gallery_thumbnail":["https:\/\/speedxperts.com\/wp-content\/uploads\/2025\/01\/S06034f1b9f834e4d89f06f059f61b910h-1-100x100.webp",100,100,true]},"uagb_author_info":{"display_name":"Sebastian","author_link":"https:\/\/speedxperts.com\/fi\/author\/"},"uagb_comment_info":0,"uagb_excerpt":"Why Choose the Portable Turbo Jet Fan? \u2714 Powerful Performance \u2013 Achieve superior airflow with high-speed bearings and precision blades. \u2714 Portability \u2013 Compact and lightweight design ensures easy transport. \u2714 Durability \u2013 Built with a robust PETG carbon fiber shell for long-lasting use. \u2714 Convenient Charging \u2013 Fast and efficient charging for minimal downtime.&hellip;","jetpack_sharing_enabled":true,"_links":{"self":[{"href":"https:\/\/speedxperts.com\/fi\/wp-json\/wp\/v2\/product\/3947","targetHints":{"allow":["GET"]}}],"collection":[{"href":"https:\/\/speedxperts.com\/fi\/wp-json\/wp\/v2\/product"}],"about":[{"href":"https:\/\/speedxperts.com\/fi\/wp-json\/wp\/v2\/types\/product"}],"replies":[{"embeddable":true,"href":"https:\/\/speedxperts.com\/fi\/wp-json\/wp\/v2\/comments?post=3947"}],"wp:featuredmedia":[{"embeddable":true,"href":"https:\/\/speedxperts.com\/fi\/wp-json\/wp\/v2\/media\/3955"}],"wp:attachment":[{"href":"https:\/\/speedxperts.com\/fi\/wp-json\/wp\/v2\/media?parent=3947"}],"wp:term":[{"taxonomy":"product_brand","embeddable":true,"href":"https:\/\/speedxperts.com\/fi\/wp-json\/wp\/v2\/product_brand?post=3947"},{"taxonomy":"product_cat","embeddable":true,"href":"https:\/\/speedxperts.com\/fi\/wp-json\/wp\/v2\/product_cat?post=3947"},{"taxonomy":"product_tag","embeddable":true,"href":"https:\/\/speedxperts.com\/fi\/wp-json\/wp\/v2\/product_tag?post=3947"}],"curies":[{"name":"wp","href":"https:\/\/api.w.org\/{rel}","templated":true}]}}