{"id":4133,"date":"2025-02-12T09:07:10","date_gmt":"2025-02-12T08:07:10","guid":{"rendered":"https:\/\/speedxperts.com\/?post_type=product&#038;p=4133"},"modified":"2025-02-18T13:04:25","modified_gmt":"2025-02-18T12:04:25","slug":"autostereon-irrotustyokalusarja","status":"publish","type":"product","link":"https:\/\/speedxperts.com\/fi\/tuote\/autostereon-irrotustyokalusarja\/","title":{"rendered":"Autostereon irrotusty\u00f6kalusarja"},"content":{"rendered":"<h4><strong>T\u00e4rkeimm\u00e4t ominaisuudet ja edut:<\/strong><\/h4>\n<p>\u2714 <strong>Monipuolinen k\u00e4ytt\u00f6<\/strong> - Ihanteellinen auton poistamiseen <strong>stereot, kojelaudat, sis\u00e4vuoret, audio-CD-levyt ja p\u00e4\u00e4tejohdot.<\/strong>.<br \/>\n\u2714 <strong>Ensiluokkaiset materiaalit<\/strong> - Rakennettu <strong>eritt\u00e4in kova POM + nailon, mangaaniter\u00e4s ja ruostumaton ter\u00e4s.<\/strong> kest\u00e4vyyden vuoksi.<br \/>\n\u2714 <strong>Vaurioton poisto<\/strong> - Est\u00e4\u00e4 naarmuja ja rikkoutumisia paneelien ja johdotusten purkamisen aikana.<br \/>\n\u2714 <strong>Ergonominen muotoilu<\/strong> - Mukava ote ja kevyet ty\u00f6kalut helpottavat k\u00e4sittely\u00e4.<br \/>\n\u2714 <strong>Kannettava &amp; organisoitu<\/strong> - Mukana tulee <strong>eritt\u00e4in joustava, kulutusta kest\u00e4v\u00e4 Oxford-kangaspussi<\/strong> turvallista s\u00e4ilytyst\u00e4 ja kuljetusta varten.<\/p>\n<h4><strong>Mit\u00e4 sis\u00e4ltyy?<\/strong><\/h4>\n<p>\u2705 <strong>11x Ty\u00f6kalut pry plate ty\u00f6kalut<\/strong> - Valmistettu <strong>eritt\u00e4in kova POM + nylon<\/strong>, t\u00e4ydellinen paneelien ja verhoilujen turvalliseen irrottamiseen.<br \/>\n\u2705 <strong>Kuljettaja + valoty\u00f6kalu<\/strong> - Rakennettu <strong>mangaaniter\u00e4s<\/strong> lis\u00e4vahvuutta.<br \/>\n\u2705 <strong>\u00c4\u00e4nin\u00e4pp\u00e4in + p\u00e4\u00e4telaitteen takaosan nastaty\u00f6kalut<\/strong> - Valmistettu <strong>ruostumaton ter\u00e4s<\/strong>, ihanteellinen stereoiden ja johtojen irrottamiseen.<br \/>\n\u2705 <strong>\u00d6ljynsuojuksen koukku<\/strong> - Ominaisuudet a <strong>Nailonkahva ja sinkkiseoksesta valmistettu tanko<\/strong> tarkkuutta vaativaan ty\u00f6h\u00f6n.<br \/>\n\u2705 <strong>Automotive Threader<\/strong> - A <strong>nylon ja sinkkiseos<\/strong> ty\u00f6kalu johtojen kierteitt\u00e4miseen ahtaissa paikoissa.<br \/>\n\u2705 <strong>Auton johtosarja Wire Tool<\/strong> - Rakennettu <strong>ter\u00e4slanka<\/strong> turvallisen valjaiden irrottamisen varmistamiseksi.<br \/>\n\u2705 <strong>1x Oxford kangas laukku<\/strong> - <strong>Kest\u00e4v\u00e4, kulutusta kest\u00e4v\u00e4 ja kompakti<\/strong> helppoa s\u00e4ilytyst\u00e4 ja kuljetusta varten.<\/p>\n<h4><strong>Tekniset tiedot:<\/strong><\/h4>\n<p>\ud83d\udccf <strong>Pakkauskoko:<\/strong> 32 \u00d7 23 \u00d7 5 cm<br \/>\n\ud83c\udfa8 <strong>V\u00e4rivaihtoehdot:<\/strong> Punainen \/ sininen<br \/>\n\ud83d\udce6 <strong>Pakkausmateriaali:<\/strong> <strong>Korkea kovuus Kangas laukku<\/strong><\/p>\n<p>P\u00e4ivit\u00e4 autosi huoltoty\u00f6kalupakki meid\u00e4n <strong>Autostereon irrotusty\u00f6kalusarja<\/strong> - suunniteltu tehokkuuteen, kest\u00e4vyyteen ja tarkkuuteen.<\/p>\n<p>\ud83d\uded2 <strong>Tilaa nyt SpeedXperts.comista ja irrota auton paneelit kuin ammattilainen!<\/strong> \ud83d\ude97\ud83d\udd27<\/p>\n<p>&nbsp;<\/p>","protected":false},"excerpt":{"rendered":"<p>Poista vaivattomasti <strong>autostereot, kojelaudan paneelit ja sisustuksen verhoilut.<\/strong> meid\u00e4n <strong>Autostereon irrotusty\u00f6kalusarja<\/strong>. Suunniteltu <strong>ammattilaiset ja DIY-harrastajat<\/strong>, t\u00e4m\u00e4 sarja sis\u00e4lt\u00e4\u00e4 <strong>laadukkaat ja kest\u00e4v\u00e4t ty\u00f6kalut<\/strong> purkaa turvallisesti auton sis\u00e4tilat vahingoittamatta herkki\u00e4 osia. Olipa kyseess\u00e4 audioj\u00e4rjestelm\u00e4n vaihtaminen, ohjauspaneelin irrottaminen tai auton liitinjohtojen k\u00e4sittely, t\u00e4m\u00e4 ty\u00f6kalusarja varmistaa <strong>vaivatonta<\/strong> ja <strong>tehokas<\/strong> kokemus.<\/p>","protected":false},"featured_media":4127,"comment_status":"open","ping_status":"closed","template":"","meta":{"_uag_custom_page_level_css":"","site-sidebar-layout":"default","site-content-layout":"","ast-site-content-layout":"default","site-content-style":"default","site-sidebar-style":"default","ast-global-header-display":"","ast-banner-title-visibility":"","ast-main-header-display":"","ast-hfb-above-header-display":"","ast-hfb-below-header-display":"","ast-hfb-mobile-header-display":"","site-post-title":"","ast-breadcrumbs-content":"","ast-featured-img":"","footer-sml-layout":"","ast-disable-related-posts":"","theme-transparent-header-meta":"default","adv-header-id-meta":"","stick-header-meta":"","header-above-stick-meta":"","header-main-stick-meta":"","header-below-stick-meta":"","astra-migrate-meta-layouts":"set","ast-page-background-enabled":"default","ast-page-background-meta":{"desktop":{"background-color":"","background-image":"","background-repeat":"repeat","background-position":"center center","background-size":"auto","background-attachment":"scroll","background-type":"","background-media":"","overlay-type":"","overlay-color":"","overlay-opacity":"","overlay-gradient":""},"tablet":{"background-color":"","background-image":"","background-repeat":"repeat","background-position":"center center","background-size":"auto","background-attachment":"scroll","background-type":"","background-media":"","overlay-type":"","overlay-color":"","overlay-opacity":"","overlay-gradient":""},"mobile":{"background-color":"","background-image":"","background-repeat":"repeat","background-position":"center center","background-size":"auto","background-attachment":"scroll","background-type":"","background-media":"","overlay-type":"","overlay-color":"","overlay-opacity":"","overlay-gradient":""}},"ast-content-background-meta":{"desktop":{"background-color":"var(--ast-global-color-5)","background-image":"","background-repeat":"repeat","background-position":"center center","background-size":"auto","background-attachment":"scroll","background-type":"","background-media":"","overlay-type":"","overlay-color":"","overlay-opacity":"","overlay-gradient":""},"tablet":{"background-color":"var(--ast-global-color-5)","background-image":"","background-repeat":"repeat","background-position":"center center","background-size":"auto","background-attachment":"scroll","background-type":"","background-media":"","overlay-type":"","overlay-color":"","overlay-opacity":"","overlay-gradient":""},"mobile":{"background-color":"var(--ast-global-color-5)","background-image":"","background-repeat":"repeat","background-position":"center center","background-size":"auto","background-attachment":"scroll","background-type":"","background-media":"","overlay-type":"","overlay-color":"","overlay-opacity":"","overlay-gradient":""}}},"product_brand":[],"product_cat":[73],"product_tag":[],"class_list":{"0":"post-4133","1":"product","2":"type-product","3":"status-publish","4":"has-post-thumbnail","6":"product_cat-accessories","7":"desktop-align-left","8":"tablet-align-left","9":"mobile-align-left","10":"ast-product-gallery-layout-horizontal-slider","11":"ast-product-single-variable","12":"ast-product-tabs-layout-horizontal","14":"first","15":"instock","16":"shipping-taxable","17":"purchasable","18":"product-type-variable"},"aioseo_notices":[],"uagb_featured_image_src":{"full":["https:\/\/speedxperts.com\/wp-content\/uploads\/2025\/02\/S3e5d53f84e2c4f5292f4a56b95389a7a1.webp",800,800,false],"thumbnail":["https:\/\/speedxperts.com\/wp-content\/uploads\/2025\/02\/S3e5d53f84e2c4f5292f4a56b95389a7a1-150x150.webp",150,150,true],"medium":["https:\/\/speedxperts.com\/wp-content\/uploads\/2025\/02\/S3e5d53f84e2c4f5292f4a56b95389a7a1-300x300.webp",300,300,true],"medium_large":["https:\/\/speedxperts.com\/wp-content\/uploads\/2025\/02\/S3e5d53f84e2c4f5292f4a56b95389a7a1-768x768.webp",768,768,true],"large":["https:\/\/speedxperts.com\/wp-content\/uploads\/2025\/02\/S3e5d53f84e2c4f5292f4a56b95389a7a1.webp",800,800,false],"1536x1536":["https:\/\/speedxperts.com\/wp-content\/uploads\/2025\/02\/S3e5d53f84e2c4f5292f4a56b95389a7a1.webp",800,800,false],"2048x2048":["https:\/\/speedxperts.com\/wp-content\/uploads\/2025\/02\/S3e5d53f84e2c4f5292f4a56b95389a7a1.webp",800,800,false],"trp-custom-language-flag":["https:\/\/speedxperts.com\/wp-content\/uploads\/2025\/02\/S3e5d53f84e2c4f5292f4a56b95389a7a1-12x12.webp",12,12,true],"woocommerce_thumbnail":["https:\/\/speedxperts.com\/wp-content\/uploads\/2025\/02\/S3e5d53f84e2c4f5292f4a56b95389a7a1-300x300.webp",300,300,true],"woocommerce_single":["https:\/\/speedxperts.com\/wp-content\/uploads\/2025\/02\/S3e5d53f84e2c4f5292f4a56b95389a7a1-600x600.webp",600,600,true],"woocommerce_gallery_thumbnail":["https:\/\/speedxperts.com\/wp-content\/uploads\/2025\/02\/S3e5d53f84e2c4f5292f4a56b95389a7a1-100x100.webp",100,100,true]},"uagb_author_info":{"display_name":"Sebastian","author_link":"https:\/\/speedxperts.com\/fi\/author\/"},"uagb_comment_info":0,"uagb_excerpt":"Effortlessly remove your car stereo, dashboard panels, and interior trim with our Car Stereo Removal Tool Set. Designed for professionals and DIY enthusiasts, this kit includes high-quality, durable tools to safely disassemble car interiors without damaging delicate components. Whether you\u2019re replacing an audio system, removing a control panel, or handling car terminal wires, this tool&hellip;","jetpack_sharing_enabled":true,"_links":{"self":[{"href":"https:\/\/speedxperts.com\/fi\/wp-json\/wp\/v2\/product\/4133","targetHints":{"allow":["GET"]}}],"collection":[{"href":"https:\/\/speedxperts.com\/fi\/wp-json\/wp\/v2\/product"}],"about":[{"href":"https:\/\/speedxperts.com\/fi\/wp-json\/wp\/v2\/types\/product"}],"replies":[{"embeddable":true,"href":"https:\/\/speedxperts.com\/fi\/wp-json\/wp\/v2\/comments?post=4133"}],"wp:featuredmedia":[{"embeddable":true,"href":"https:\/\/speedxperts.com\/fi\/wp-json\/wp\/v2\/media\/4127"}],"wp:attachment":[{"href":"https:\/\/speedxperts.com\/fi\/wp-json\/wp\/v2\/media?parent=4133"}],"wp:term":[{"taxonomy":"product_brand","embeddable":true,"href":"https:\/\/speedxperts.com\/fi\/wp-json\/wp\/v2\/product_brand?post=4133"},{"taxonomy":"product_cat","embeddable":true,"href":"https:\/\/speedxperts.com\/fi\/wp-json\/wp\/v2\/product_cat?post=4133"},{"taxonomy":"product_tag","embeddable":true,"href":"https:\/\/speedxperts.com\/fi\/wp-json\/wp\/v2\/product_tag?post=4133"}],"curies":[{"name":"wp","href":"https:\/\/api.w.org\/{rel}","templated":true}]}}