{"id":4711,"date":"2025-03-31T12:54:48","date_gmt":"2025-03-31T11:54:48","guid":{"rendered":"https:\/\/speedxperts.com\/?post_type=product&#038;p=4711"},"modified":"2026-04-29T19:38:31","modified_gmt":"2026-04-29T18:38:31","slug":"bmw-enet-kaapeli-ethernet-ista-e-sys-bimmercode-varten","status":"publish","type":"product","link":"https:\/\/speedxperts.com\/fi\/tuote\/bmw-enet-kaapeli-ethernet-ista-e-sys-bimmercode-varten\/","title":{"rendered":"OBD2 Ethernet-kaapeli VDASH:lle, BimmerCode:lle"},"content":{"rendered":"<h3 data-start=\"566\" data-end=\"590\">\ud83d\udd27 <strong data-start=\"573\" data-end=\"590\">T\u00e4rkeimm\u00e4t ominaisuudet:<\/strong><\/h3>\n<ul data-start=\"592\" data-end=\"995\">\n<li data-start=\"592\" data-end=\"663\">\n<p data-start=\"594\" data-end=\"663\">\u2705 <strong data-start=\"596\" data-end=\"618\">T\u00e4ysi yhteensopivuus<\/strong> BMW ENETin kanssa (F-sarja, G-sarja, I-sarja).<\/p>\n<\/li>\n<li data-start=\"664\" data-end=\"727\">\n<p data-start=\"666\" data-end=\"727\">\u2705 <strong data-start=\"668\" data-end=\"691\">Tukee Volvo DoIP<\/strong> ajoneuvot (SPA\/CMA-alustat, 2015+)<\/p>\n<\/li>\n<li data-start=\"728\" data-end=\"776\">\n<p data-start=\"730\" data-end=\"776\">\u2705 <strong data-start=\"732\" data-end=\"749\">Plug-and-play<\/strong> - ulkoista virtaa ei tarvita<\/p>\n<\/li>\n<li data-start=\"777\" data-end=\"857\">\n<p data-start=\"779\" data-end=\"857\">\u2705 Toimii <strong data-start=\"792\" data-end=\"835\">E-Sys, ISTA-D\/P, BimmerCode, BimmerLink<\/strong>, VDASH ja muut<\/p>\n<\/li>\n<li data-start=\"858\" data-end=\"921\">\n<p data-start=\"860\" data-end=\"921\">\u2705 <strong data-start=\"862\" data-end=\"896\">Eritt\u00e4in nopea Ethernet-yhteys<\/strong> vakaaseen tiedonsiirtoon<\/p>\n<\/li>\n<li data-start=\"922\" data-end=\"995\">\n<p data-start=\"924\" data-end=\"995\">\u2705 Ihanteellinen <strong data-start=\"936\" data-end=\"967\">ECU:n koodaus, moduulin vilkku<\/strong>, diagnostiikka ja live-data<\/p>\n<\/li>\n<\/ul>\n<hr data-start=\"997\" data-end=\"1000\" \/>\n<h3 data-start=\"1002\" data-end=\"1035\">\ud83d\udca1 <strong data-start=\"1009\" data-end=\"1035\">Miksi valita t\u00e4m\u00e4 kaapeli?<\/strong><\/h3>\n<p data-start=\"1036\" data-end=\"1414\">T\u00e4m\u00e4 OBD2-Ethernet-kaapeli mahdollistaa saumattoman yhteydenpidon autosi ja tietokoneesi tai \u00e4lypuhelimesi v\u00e4lill\u00e4. K\u00e4ytitp\u00e4 sit\u00e4 sitten <strong data-start=\"1174\" data-end=\"1188\">BimmerCode<\/strong> yksinkertaista koodausta varten tai <strong data-start=\"1210\" data-end=\"1228\">E-Sys ja ISTA<\/strong> syv\u00e4llist\u00e4 diagnostiikkaa varten, se takaa turvallisen yhteyden joka kerta. Volvo-k\u00e4ytt\u00e4jille se on erinomainen vaihtoehto kalliille OEM-ty\u00f6kaluille nykyaikaisissa malleissa, joissa k\u00e4ytet\u00e4\u00e4n seuraavaa <strong data-start=\"1383\" data-end=\"1413\">DoIP (diagnostiikka IP:n v\u00e4lityksell\u00e4)<\/strong>.<\/p>\n<hr data-start=\"1416\" data-end=\"1419\" \/>\n<h3 data-start=\"1421\" data-end=\"1448\">\ud83d\ude97 <strong data-start=\"1428\" data-end=\"1448\">Yhteensopiva:<\/strong><\/h3>\n<h4 data-start=\"1450\" data-end=\"1463\"><strong data-start=\"1455\" data-end=\"1463\">BMW:<\/strong><\/h4>\n<ul data-start=\"1464\" data-end=\"1580\">\n<li data-start=\"1464\" data-end=\"1492\">\n<p data-start=\"1466\" data-end=\"1492\">1-7-sarja (F- ja G-alustat)<\/p>\n<\/li>\n<li data-start=\"1493\" data-end=\"1513\">\n<p data-start=\"1495\" data-end=\"1513\">X1-X7 (F\/G-sarja)<\/p>\n<\/li>\n<li data-start=\"1514\" data-end=\"1522\">\n<p data-start=\"1516\" data-end=\"1522\">i3, i8<\/p>\n<\/li>\n<li data-start=\"1523\" data-end=\"1580\">\n<p data-start=\"1525\" data-end=\"1580\">Yhteensopiva ENET-pohjaisten diagnostiikka- ja koodausty\u00f6kalujen kanssa.<\/p>\n<\/li>\n<\/ul>\n<h4 data-start=\"1582\" data-end=\"1597\"><strong data-start=\"1587\" data-end=\"1597\">Volvo:<\/strong><\/h4>\n<ul data-start=\"1598\" data-end=\"1715\">\n<li data-start=\"1598\" data-end=\"1652\">\n<p data-start=\"1600\" data-end=\"1652\">XC90, XC60, S90, V90, S60, V60 (SPA- ja CMA-alustat).<\/p>\n<\/li>\n<li data-start=\"1653\" data-end=\"1715\">\n<p data-start=\"1655\" data-end=\"1715\">Toimii VIDA 2015+, OBD2 DoIP -sovellusten ja kolmansien osapuolten ty\u00f6kalujen kanssa.<\/p>\n<\/li>\n<\/ul>\n<hr data-start=\"1717\" data-end=\"1720\" \/>\n<h3 data-start=\"1722\" data-end=\"1749\">\ud83d\udce6 <strong data-start=\"1729\" data-end=\"1749\">Mit\u00e4 sis\u00e4ltyy:<\/strong><\/h3>\n<ul data-start=\"1750\" data-end=\"1800\">\n<li data-start=\"1750\" data-end=\"1800\">\n<p data-start=\"1752\" data-end=\"1800\">1x OBD2 Ethernet-kaapeli (ENET\/DoIP yhteensopiva)<\/p>\n<\/li>\n<\/ul>\n<hr data-start=\"1802\" data-end=\"1805\" \/>\n<h3 data-start=\"1807\" data-end=\"1833\">\ud83d\udd12 <strong data-start=\"1814\" data-end=\"1833\">Luotettava &amp; turvallinen<\/strong><\/h3>\n<p data-start=\"1834\" data-end=\"2001\">Rakennettu kest\u00e4v\u00e4ll\u00e4 suojauksella ja laadukkailla liittimill\u00e4, jotka takaavat turvallisen ja pitk\u00e4aikaisen k\u00e4yt\u00f6n. Firmware-p\u00e4ivityksi\u00e4 tai ajureita ei tarvita - kytke vain laite ja aloita diagnosointi.<\/p>\n<p>&nbsp;<\/p>\n<div class=\"_tableContainer_80l1q_1\"><\/div>","protected":false},"excerpt":{"rendered":"<p>P\u00e4ivit\u00e4 ajoneuvosi diagnostiikka t\u00e4ll\u00e4 korkealaatuisella <strong data-start=\"288\" data-end=\"314\">OBD2 Ethernet-kaapeli<\/strong>, erityisesti suunniteltu <strong data-start=\"342\" data-end=\"362\">BMW F\/G\/I-sarja<\/strong> ja <strong data-start=\"367\" data-end=\"403\">Volvo-ajoneuvot, joissa on DoIP-tuki<\/strong>. T\u00e4ydellinen harrastajille, viritt\u00e4jille ja ammattilaisille, jotka tarvitsevat nopean, luotettavan ja vakaan yhteyden kehittyneeseen koodaukseen, diagnostiikkaan ja ECU-ohjelmointiin.<\/p>","protected":false},"featured_media":4705,"comment_status":"open","ping_status":"closed","template":"","meta":{"_uag_custom_page_level_css":"","site-sidebar-layout":"default","site-content-layout":"","ast-site-content-layout":"default","site-content-style":"default","site-sidebar-style":"default","ast-global-header-display":"","ast-banner-title-visibility":"","ast-main-header-display":"","ast-hfb-above-header-display":"","ast-hfb-below-header-display":"","ast-hfb-mobile-header-display":"","site-post-title":"","ast-breadcrumbs-content":"","ast-featured-img":"","footer-sml-layout":"","theme-transparent-header-meta":"default","adv-header-id-meta":"","stick-header-meta":"","header-above-stick-meta":"","header-main-stick-meta":"","header-below-stick-meta":"","astra-migrate-meta-layouts":"set","ast-page-background-enabled":"default","ast-page-background-meta":{"desktop":{"background-color":"","background-image":"","background-repeat":"repeat","background-position":"center center","background-size":"auto","background-attachment":"scroll","background-type":"","background-media":"","overlay-type":"","overlay-color":"","overlay-opacity":"","overlay-gradient":""},"tablet":{"background-color":"","background-image":"","background-repeat":"repeat","background-position":"center center","background-size":"auto","background-attachment":"scroll","background-type":"","background-media":"","overlay-type":"","overlay-color":"","overlay-opacity":"","overlay-gradient":""},"mobile":{"background-color":"","background-image":"","background-repeat":"repeat","background-position":"center center","background-size":"auto","background-attachment":"scroll","background-type":"","background-media":"","overlay-type":"","overlay-color":"","overlay-opacity":"","overlay-gradient":""}},"ast-content-background-meta":{"desktop":{"background-color":"var(--ast-global-color-5)","background-image":"","background-repeat":"repeat","background-position":"center center","background-size":"auto","background-attachment":"scroll","background-type":"","background-media":"","overlay-type":"","overlay-color":"","overlay-opacity":"","overlay-gradient":""},"tablet":{"background-color":"var(--ast-global-color-5)","background-image":"","background-repeat":"repeat","background-position":"center center","background-size":"auto","background-attachment":"scroll","background-type":"","background-media":"","overlay-type":"","overlay-color":"","overlay-opacity":"","overlay-gradient":""},"mobile":{"background-color":"var(--ast-global-color-5)","background-image":"","background-repeat":"repeat","background-position":"center center","background-size":"auto","background-attachment":"scroll","background-type":"","background-media":"","overlay-type":"","overlay-color":"","overlay-opacity":"","overlay-gradient":""}}},"product_brand":[],"product_cat":[70],"product_tag":[],"class_list":{"0":"post-4711","1":"product","2":"type-product","3":"status-publish","4":"has-post-thumbnail","6":"product_cat-diagnostic-tools","7":"desktop-align-left","8":"tablet-align-left","9":"mobile-align-left","10":"ast-product-gallery-layout-horizontal-slider","11":"ast-product-tabs-layout-horizontal","13":"first","14":"instock","15":"downloadable","16":"shipping-taxable","17":"purchasable","18":"product-type-simple"},"aioseo_notices":[],"uagb_featured_image_src":{"full":["https:\/\/speedxperts.com\/wp-content\/uploads\/2025\/03\/S72e01ee7fcc649708647d75c054997cfH.webp",1000,1000,false],"thumbnail":["https:\/\/speedxperts.com\/wp-content\/uploads\/2025\/03\/S72e01ee7fcc649708647d75c054997cfH-150x150.webp",150,150,true],"medium":["https:\/\/speedxperts.com\/wp-content\/uploads\/2025\/03\/S72e01ee7fcc649708647d75c054997cfH-300x300.webp",300,300,true],"medium_large":["https:\/\/speedxperts.com\/wp-content\/uploads\/2025\/03\/S72e01ee7fcc649708647d75c054997cfH-768x768.webp",768,768,true],"large":["https:\/\/speedxperts.com\/wp-content\/uploads\/2025\/03\/S72e01ee7fcc649708647d75c054997cfH.webp",1000,1000,false],"1536x1536":["https:\/\/speedxperts.com\/wp-content\/uploads\/2025\/03\/S72e01ee7fcc649708647d75c054997cfH.webp",1000,1000,false],"2048x2048":["https:\/\/speedxperts.com\/wp-content\/uploads\/2025\/03\/S72e01ee7fcc649708647d75c054997cfH.webp",1000,1000,false],"trp-custom-language-flag":["https:\/\/speedxperts.com\/wp-content\/uploads\/2025\/03\/S72e01ee7fcc649708647d75c054997cfH-12x12.webp",12,12,true],"woocommerce_thumbnail":["https:\/\/speedxperts.com\/wp-content\/uploads\/2025\/03\/S72e01ee7fcc649708647d75c054997cfH-300x300.webp",300,300,true],"woocommerce_single":["https:\/\/speedxperts.com\/wp-content\/uploads\/2025\/03\/S72e01ee7fcc649708647d75c054997cfH-600x600.webp",600,600,true],"woocommerce_gallery_thumbnail":["https:\/\/speedxperts.com\/wp-content\/uploads\/2025\/03\/S72e01ee7fcc649708647d75c054997cfH-100x100.webp",100,100,true]},"uagb_author_info":{"display_name":"Sebastian","author_link":"https:\/\/speedxperts.com\/fi\/author\/"},"uagb_comment_info":0,"uagb_excerpt":"Upgrade your vehicle diagnostics with this high-quality OBD2 to Ethernet cable, specifically designed for BMW F\/G\/I series and Volvo vehicles with DoIP support. Perfect for enthusiasts, tuners, and professionals who need a fast, reliable, and stable connection for advanced coding, diagnostics, and ECU programming.","jetpack_sharing_enabled":true,"_links":{"self":[{"href":"https:\/\/speedxperts.com\/fi\/wp-json\/wp\/v2\/product\/4711","targetHints":{"allow":["GET"]}}],"collection":[{"href":"https:\/\/speedxperts.com\/fi\/wp-json\/wp\/v2\/product"}],"about":[{"href":"https:\/\/speedxperts.com\/fi\/wp-json\/wp\/v2\/types\/product"}],"replies":[{"embeddable":true,"href":"https:\/\/speedxperts.com\/fi\/wp-json\/wp\/v2\/comments?post=4711"}],"wp:featuredmedia":[{"embeddable":true,"href":"https:\/\/speedxperts.com\/fi\/wp-json\/wp\/v2\/media\/4705"}],"wp:attachment":[{"href":"https:\/\/speedxperts.com\/fi\/wp-json\/wp\/v2\/media?parent=4711"}],"wp:term":[{"taxonomy":"product_brand","embeddable":true,"href":"https:\/\/speedxperts.com\/fi\/wp-json\/wp\/v2\/product_brand?post=4711"},{"taxonomy":"product_cat","embeddable":true,"href":"https:\/\/speedxperts.com\/fi\/wp-json\/wp\/v2\/product_cat?post=4711"},{"taxonomy":"product_tag","embeddable":true,"href":"https:\/\/speedxperts.com\/fi\/wp-json\/wp\/v2\/product_tag?post=4711"}],"curies":[{"name":"wp","href":"https:\/\/api.w.org\/{rel}","templated":true}]}}