{"id":4839,"date":"2025-05-07T13:44:22","date_gmt":"2025-05-07T12:44:22","guid":{"rendered":"https:\/\/speedxperts.com\/?post_type=product&#038;p=4839"},"modified":"2025-05-07T13:59:38","modified_gmt":"2025-05-07T12:59:38","slug":"auton-tuulilasin-aurinkovarjo-sateenvarjo","status":"publish","type":"product","link":"https:\/\/speedxperts.com\/fi\/tuote\/auton-tuulilasin-aurinkovarjo-sateenvarjo\/","title":{"rendered":"Auton tuulilasin aurinkovarjo sateenvarjo"},"content":{"rendered":"<h4><strong>T\u00e4rkeimm\u00e4t ominaisuudet:<\/strong><\/h4>\n<p>\ud83d\udd04 <strong>360\u00b0 py\u00f6riv\u00e4 kahva<\/strong><br \/>\nInnovatiivinen taivutettava muotoilu varmistaa, ettei kahva naarmuta kojelautaa tai sisustusta. S\u00e4\u00e4d\u00e4 kulma helposti t\u00e4ydellist\u00e4 sijoitusta varten.<\/p>\n<p>\ud83d\udee1\ufe0f <strong>Viisikerroksinen UV-suoja<\/strong><br \/>\nTitaanihopealla p\u00e4\u00e4llystetty polyesteri est\u00e4\u00e4 voimakkaan auringonvalon ja haitalliset UV-s\u00e4teet, mik\u00e4 est\u00e4\u00e4 kojelaudan ja verhoilun halkeilua ja haalistumista.<\/p>\n<p>\ud83d\udd28 <strong>H\u00e4t\u00e4-ikkunan katkaisija<\/strong><br \/>\nSis\u00e4\u00e4nrakennettu turvallisuusty\u00f6kalu, jossa on suojattu vasara, mahdollistaa ikkunan rikkomisen v\u00e4litt\u00f6m\u00e4sti h\u00e4t\u00e4tilanteessa.<\/p>\n<p>\ud83e\ude9f <strong>Taustapeilin avaaminen<\/strong><br \/>\nErityinen leikkaus muotoilu est\u00e4\u00e4 taustapeilien h\u00e4irinn\u00e4n ja sopii tiiviisti tuulilasin taakse.<\/p>\n<p>\ud83e\uddf5 <strong>Vahvistettu rakentaminen<\/strong><br \/>\nVahvempi runko, jossa on 10 kest\u00e4v\u00e4\u00e4, korkealaatuisesta kuidusta valmistettua sateenvarjon kylkiluuta, takaa pitk\u00e4aikaisen k\u00e4yt\u00f6n.<\/p>\n<p>\ud83d\udc5c <strong>Kompakti &amp; kokoontaitettava<\/strong><br \/>\nTaittuu kokoon kuin tavallinen sateenvarjo - nopea asentaa ja helppo s\u00e4ilytt\u00e4\u00e4, kun sit\u00e4 ei k\u00e4ytet\u00e4.<\/p>\n<hr \/>\n<h4><strong>Tekniset tiedot:<\/strong><\/h4>\n<ul>\n<li><strong>Tuotteen nimi:<\/strong> Auton aurinkovarjo sateenvarjo<\/li>\n<li><strong>Sateenvarjon kylkiluut:<\/strong> 10 lujaa kuitukylkiluuta<\/li>\n<li><strong>Materiaali:<\/strong> Titaanihopealla p\u00e4\u00e4llystetty polyesteri<\/li>\n<li><strong>Kahva:<\/strong> 360\u00b0 k\u00e4\u00e4nnett\u00e4viss\u00e4, taivutettavissa, sis\u00e4tiloissa turvallinen<\/li>\n<li><strong>Lis\u00e4varusteet:<\/strong> H\u00e4t\u00e4ikkunavasara (suojakannen kanssa)<\/li>\n<li><strong>Toiminnallisuus:<\/strong> UV-suojaus, l\u00e4mp\u00f6eristys, turvallisuusominaisuus, kompakti muotoilu<\/li>\n<\/ul>\n<hr \/>\n<h4><strong>Miksi valita t\u00e4m\u00e4 aurinkosuoja?<\/strong><\/h4>\n<p>\u2714 Est\u00e4\u00e4 UV- ja l\u00e4mp\u00f6\u00e4 tehokkaasti<br \/>\n\u2714 Lis\u00e4\u00e4 matkustamon turvallisuutta h\u00e4t\u00e4ty\u00f6kalulla<br \/>\n\u2714 Nopea asennus ja poisto<br \/>\n\u2714 Pitk\u00e4kestoiset materiaalit<br \/>\n\u2714 Sopii useimpiin auton tuulilaseihin<\/p>\n<p>&nbsp;<\/p>","protected":false},"excerpt":{"rendered":"<p>Suojaa ajoneuvosi paahtavalta kuumuudelta ja haitallisilta UV-s\u00e4teilt\u00e4 t\u00e4ll\u00e4 monitoimisella p\u00e4ivitetyll\u00e4 auton aurinkovarjolla. T\u00e4m\u00e4 mukavuutta, turvallisuutta ja kest\u00e4vyytt\u00e4 varten suunniteltu aurinkovarjo yhdist\u00e4\u00e4 l\u00e4mp\u00f6eristyksen ja h\u00e4t\u00e4toiminnallisuuden, mik\u00e4 tekee siit\u00e4 v\u00e4ltt\u00e4m\u00e4tt\u00f6m\u00e4n kes\u00e4auton lis\u00e4varusteen.<\/p>","protected":false},"featured_media":4825,"comment_status":"open","ping_status":"closed","template":"","meta":{"_uag_custom_page_level_css":"","site-sidebar-layout":"default","site-content-layout":"","ast-site-content-layout":"default","site-content-style":"default","site-sidebar-style":"default","ast-global-header-display":"","ast-banner-title-visibility":"","ast-main-header-display":"","ast-hfb-above-header-display":"","ast-hfb-below-header-display":"","ast-hfb-mobile-header-display":"","site-post-title":"","ast-breadcrumbs-content":"","ast-featured-img":"","footer-sml-layout":"","theme-transparent-header-meta":"default","adv-header-id-meta":"","stick-header-meta":"","header-above-stick-meta":"","header-main-stick-meta":"","header-below-stick-meta":"","astra-migrate-meta-layouts":"set","ast-page-background-enabled":"default","ast-page-background-meta":{"desktop":{"background-color":"","background-image":"","background-repeat":"repeat","background-position":"center center","background-size":"auto","background-attachment":"scroll","background-type":"","background-media":"","overlay-type":"","overlay-color":"","overlay-opacity":"","overlay-gradient":""},"tablet":{"background-color":"","background-image":"","background-repeat":"repeat","background-position":"center center","background-size":"auto","background-attachment":"scroll","background-type":"","background-media":"","overlay-type":"","overlay-color":"","overlay-opacity":"","overlay-gradient":""},"mobile":{"background-color":"","background-image":"","background-repeat":"repeat","background-position":"center center","background-size":"auto","background-attachment":"scroll","background-type":"","background-media":"","overlay-type":"","overlay-color":"","overlay-opacity":"","overlay-gradient":""}},"ast-content-background-meta":{"desktop":{"background-color":"var(--ast-global-color-5)","background-image":"","background-repeat":"repeat","background-position":"center center","background-size":"auto","background-attachment":"scroll","background-type":"","background-media":"","overlay-type":"","overlay-color":"","overlay-opacity":"","overlay-gradient":""},"tablet":{"background-color":"var(--ast-global-color-5)","background-image":"","background-repeat":"repeat","background-position":"center center","background-size":"auto","background-attachment":"scroll","background-type":"","background-media":"","overlay-type":"","overlay-color":"","overlay-opacity":"","overlay-gradient":""},"mobile":{"background-color":"var(--ast-global-color-5)","background-image":"","background-repeat":"repeat","background-position":"center center","background-size":"auto","background-attachment":"scroll","background-type":"","background-media":"","overlay-type":"","overlay-color":"","overlay-opacity":"","overlay-gradient":""}}},"product_brand":[],"product_cat":[73],"product_tag":[],"class_list":{"0":"post-4839","1":"product","2":"type-product","3":"status-publish","4":"has-post-thumbnail","6":"product_cat-accessories","7":"desktop-align-left","8":"tablet-align-left","9":"mobile-align-left","10":"ast-product-gallery-layout-horizontal-slider","11":"ast-product-single-variable","12":"ast-product-tabs-layout-horizontal","14":"first","15":"instock","16":"shipping-taxable","17":"purchasable","18":"product-type-variable"},"aioseo_notices":[],"uagb_featured_image_src":{"full":["https:\/\/speedxperts.com\/wp-content\/uploads\/2025\/05\/S961b0094e2f24a5d8744b22365f7977ez.webp",1001,1001,false],"thumbnail":["https:\/\/speedxperts.com\/wp-content\/uploads\/2025\/05\/S961b0094e2f24a5d8744b22365f7977ez-150x150.webp",150,150,true],"medium":["https:\/\/speedxperts.com\/wp-content\/uploads\/2025\/05\/S961b0094e2f24a5d8744b22365f7977ez-300x300.webp",300,300,true],"medium_large":["https:\/\/speedxperts.com\/wp-content\/uploads\/2025\/05\/S961b0094e2f24a5d8744b22365f7977ez-768x768.webp",768,768,true],"large":["https:\/\/speedxperts.com\/wp-content\/uploads\/2025\/05\/S961b0094e2f24a5d8744b22365f7977ez.webp",1001,1001,false],"1536x1536":["https:\/\/speedxperts.com\/wp-content\/uploads\/2025\/05\/S961b0094e2f24a5d8744b22365f7977ez.webp",1001,1001,false],"2048x2048":["https:\/\/speedxperts.com\/wp-content\/uploads\/2025\/05\/S961b0094e2f24a5d8744b22365f7977ez.webp",1001,1001,false],"trp-custom-language-flag":["https:\/\/speedxperts.com\/wp-content\/uploads\/2025\/05\/S961b0094e2f24a5d8744b22365f7977ez-12x12.webp",12,12,true],"woocommerce_thumbnail":["https:\/\/speedxperts.com\/wp-content\/uploads\/2025\/05\/S961b0094e2f24a5d8744b22365f7977ez-300x300.webp",300,300,true],"woocommerce_single":["https:\/\/speedxperts.com\/wp-content\/uploads\/2025\/05\/S961b0094e2f24a5d8744b22365f7977ez-600x600.webp",600,600,true],"woocommerce_gallery_thumbnail":["https:\/\/speedxperts.com\/wp-content\/uploads\/2025\/05\/S961b0094e2f24a5d8744b22365f7977ez-100x100.webp",100,100,true]},"uagb_author_info":{"display_name":"Sebastian","author_link":"https:\/\/speedxperts.com\/fi\/author\/"},"uagb_comment_info":0,"uagb_excerpt":"Protect your vehicle from scorching heat and harmful UV rays with this all-in-one upgraded car sunshade umbrella. Designed for convenience, safety, and durability, this sunshade combines heat insulation with emergency functionality \u2014 making it an essential summer car accessory.","jetpack_sharing_enabled":true,"_links":{"self":[{"href":"https:\/\/speedxperts.com\/fi\/wp-json\/wp\/v2\/product\/4839","targetHints":{"allow":["GET"]}}],"collection":[{"href":"https:\/\/speedxperts.com\/fi\/wp-json\/wp\/v2\/product"}],"about":[{"href":"https:\/\/speedxperts.com\/fi\/wp-json\/wp\/v2\/types\/product"}],"replies":[{"embeddable":true,"href":"https:\/\/speedxperts.com\/fi\/wp-json\/wp\/v2\/comments?post=4839"}],"wp:featuredmedia":[{"embeddable":true,"href":"https:\/\/speedxperts.com\/fi\/wp-json\/wp\/v2\/media\/4825"}],"wp:attachment":[{"href":"https:\/\/speedxperts.com\/fi\/wp-json\/wp\/v2\/media?parent=4839"}],"wp:term":[{"taxonomy":"product_brand","embeddable":true,"href":"https:\/\/speedxperts.com\/fi\/wp-json\/wp\/v2\/product_brand?post=4839"},{"taxonomy":"product_cat","embeddable":true,"href":"https:\/\/speedxperts.com\/fi\/wp-json\/wp\/v2\/product_cat?post=4839"},{"taxonomy":"product_tag","embeddable":true,"href":"https:\/\/speedxperts.com\/fi\/wp-json\/wp\/v2\/product_tag?post=4839"}],"curies":[{"name":"wp","href":"https:\/\/api.w.org\/{rel}","templated":true}]}}