{"id":4850,"date":"2025-05-07T14:25:58","date_gmt":"2025-05-07T13:25:58","guid":{"rendered":"https:\/\/speedxperts.com\/?post_type=product&#038;p=4850"},"modified":"2026-05-02T22:45:11","modified_gmt":"2026-05-02T21:45:11","slug":"opcom-v5-diagnostiikkatyokalu-opelille","status":"publish","type":"product","link":"https:\/\/speedxperts.com\/fi\/tuote\/opcom-v5-diagnostiikkatyokalu-opelille\/","title":{"rendered":"OPCOM-diagnostiikkaty\u00f6kalu Opelille"},"content":{"rendered":"<h3>\u2705 T\u00e4rkeimm\u00e4t ominaisuudet - OPCOM PIC18F458 CAN-BUS OBD2 Opelille:<\/h3>\n<ul>\n<li>\ud83d\udd27 <strong>Tukee Opel-ajoneuvoja, joissa on CAN-BUS:<\/strong> Toimii useimpien Opel-mallien kanssa, mukaan lukien Astra-H, Zafira-B, Vectra-C ja muut.<\/li>\n<li>\u2699\ufe0f <strong>Laiteohjelmiston versio V1.70:<\/strong> Mahdollistaa <strong>flash firmware -p\u00e4ivitykset<\/strong>toisin kuin V1.99-ty\u00f6kalut.<\/li>\n<li>\ud83d\udca1 <strong>Live-datan seuranta ja tulostestaus:<\/strong> Tarkastele 8 parametria kerralla ja testaa ajoneuvon osia reaaliajassa.<\/li>\n<li>\ud83d\udee0\ufe0f <strong>T\u00e4ydelliset OBD2-diagnostiikkaominaisuudet:<\/strong> Lue\/selvit\u00e4 vikakoodit t\u00e4ydell\u00e4 tilalla (nykyinen, ajoittainen), tarkastele mittauslohkoja ja suorita edistynytt\u00e4 diagnostiikkaa.<\/li>\n<li>\ud83d\udd10 <strong>Avaimen ja ajonestimen ohjelmointi:<\/strong> Opi avaimet ja kaukos\u00e4\u00e4timet, nollaa ajonestolaitteet (ECM, BCM, IPC) ja koodaa turvatyynyt (SAB6, SAB8).<\/li>\n<li>\ud83d\udcbb <strong>Windows-yhteensopivuus:<\/strong> Paras suorituskyky <strong>Windows XP\/7 32-bittinen<\/strong>. Toimii <strong>Windows 10\/11<\/strong> kun Windows Security on kytketty pois p\u00e4\u00e4lt\u00e4.<\/li>\n<li>\ud83d\udeab <strong>\u00c4l\u00e4 p\u00e4ivit\u00e4 verkossa:<\/strong> Se vahingoittaa liit\u00e4nt\u00e4\u00e4.<\/li>\n<\/ul>\n<hr \/>\n<h3>\ud83e\udde0 Tekniset tiedot:<\/h3>\n<ul>\n<li><strong>Ohjelmiston versio:<\/strong> OPCOM 2021 (200603a), V2014, V2012.<\/li>\n<li><strong>Laiteohjelmiston versio:<\/strong> V1.70<\/li>\n<li><strong>T\u00e4rkeimm\u00e4t sirut:<\/strong> FTDI FT232RL\/FT232RQ + PIC18F458<\/li>\n<li><strong>Ohjelmiston kieli:<\/strong> Englanti (2021); monikielinen versio 2010 saatavilla.<\/li>\n<li><strong>Tuetut protokollat:<\/strong> ISO9141, KWP2000, KANAVAV\u00c4YL\u00c4T<\/li>\n<li><strong>OBD-II-nastojen multipleksointi:<\/strong> PIN3, PIN7, PIN8, PIN12 tarkkaa tiedonsiirtoa varten \\<\/li>\n<li><strong>Ohjelmisto 2021<\/strong> tukee autoja 2011-2021<\/li>\n<\/ul>\n<hr \/>\n<h3>\ud83d\udca1 Lis\u00e4toiminnot:<\/h3>\n<ul>\n<li>Nollaa huoltov\u00e4lit (Astra-G, Zafira, Corsa-C, Meriva).<\/li>\n<li>Tukee kehittyneit\u00e4 moduuleja: Moottori, ABS, turvatyyny, vaihteisto, mittaristo, korinhallinta ja paljon muuta.<\/li>\n<li>USB-pohjainen liit\u00e4nt\u00e4 takaa vakaan ja nopean tiedonsiirron (500 kbit\/s CAN-BUS:lle).<\/li>\n<li>Sarja-USB-muunninta ei tarvita<\/li>\n<\/ul>\n<hr \/>\n<h3>\ud83d\udce6 Mit\u00e4 laatikossa on:<\/h3>\n<ul>\n<li>1\u00d7 OPCOM-diagnostiikkaliit\u00e4nt\u00e4<\/li>\n<li>1\u00d7 USB-kaapeli<\/li>\n<li>1\u00d7 CD-levy, jossa on ohjaimet ja ohjelmisto<\/li>\n<\/ul>\n<hr \/>\n<h3>\ud83d\udce5 Ohjelmisto ja tuki:<\/h3>\n<ul>\n<li>\ud83c\udf81 <strong>OPCOM 2021 -ohjelmisto saatavilla<\/strong> - saat oppaan ja linkin oston j\u00e4lkeen.<\/li>\n<li>\ud83c\udf9e\ufe0f Sis\u00e4lt\u00e4\u00e4 <strong>asennusvideo<\/strong> ja t\u00e4ysi tekninen tuki<\/li>\n<li>\ud83d\udcc2 Mukana toimitetut ajurit; poista Windows Security k\u00e4yt\u00f6st\u00e4 asennusta varten nykyaikaisiin k\u00e4ytt\u00f6j\u00e4rjestelmiin.<\/li>\n<\/ul>","protected":false},"excerpt":{"rendered":"<p>OPCOM V5 on ammattimainen OBD2-diagnostiikkaty\u00f6kalu, joka on suunniteltu erityisesti Opel-ajoneuvoja varten. Siin\u00e4 on V1.70-firmware, FTDI-siru ja tuki uusimmalle 2021-ohjelmistolle, ja se mahdollistaa vikakoodien lukemisen, ECU:n ohjelmoinnin, live-datan seurannan, avainten ohjelmoinnin ja paljon muuta. Ihanteellinen sek\u00e4 autoalan ammattilaisille ett\u00e4 Opel-omistajille.<\/p>","protected":false},"featured_media":4846,"comment_status":"open","ping_status":"closed","template":"","meta":{"_uag_custom_page_level_css":"","site-sidebar-layout":"default","site-content-layout":"","ast-site-content-layout":"default","site-content-style":"default","site-sidebar-style":"default","ast-global-header-display":"","ast-banner-title-visibility":"","ast-main-header-display":"","ast-hfb-above-header-display":"","ast-hfb-below-header-display":"","ast-hfb-mobile-header-display":"","site-post-title":"","ast-breadcrumbs-content":"","ast-featured-img":"","footer-sml-layout":"","ast-disable-related-posts":"","theme-transparent-header-meta":"default","adv-header-id-meta":"","stick-header-meta":"","header-above-stick-meta":"","header-main-stick-meta":"","header-below-stick-meta":"","astra-migrate-meta-layouts":"set","ast-page-background-enabled":"default","ast-page-background-meta":{"desktop":{"background-color":"","background-image":"","background-repeat":"repeat","background-position":"center center","background-size":"auto","background-attachment":"scroll","background-type":"","background-media":"","overlay-type":"","overlay-color":"","overlay-opacity":"","overlay-gradient":""},"tablet":{"background-color":"","background-image":"","background-repeat":"repeat","background-position":"center center","background-size":"auto","background-attachment":"scroll","background-type":"","background-media":"","overlay-type":"","overlay-color":"","overlay-opacity":"","overlay-gradient":""},"mobile":{"background-color":"","background-image":"","background-repeat":"repeat","background-position":"center center","background-size":"auto","background-attachment":"scroll","background-type":"","background-media":"","overlay-type":"","overlay-color":"","overlay-opacity":"","overlay-gradient":""}},"ast-content-background-meta":{"desktop":{"background-color":"var(--ast-global-color-5)","background-image":"","background-repeat":"repeat","background-position":"center center","background-size":"auto","background-attachment":"scroll","background-type":"","background-media":"","overlay-type":"","overlay-color":"","overlay-opacity":"","overlay-gradient":""},"tablet":{"background-color":"var(--ast-global-color-5)","background-image":"","background-repeat":"repeat","background-position":"center center","background-size":"auto","background-attachment":"scroll","background-type":"","background-media":"","overlay-type":"","overlay-color":"","overlay-opacity":"","overlay-gradient":""},"mobile":{"background-color":"var(--ast-global-color-5)","background-image":"","background-repeat":"repeat","background-position":"center center","background-size":"auto","background-attachment":"scroll","background-type":"","background-media":"","overlay-type":"","overlay-color":"","overlay-opacity":"","overlay-gradient":""}}},"product_brand":[],"product_cat":[70],"product_tag":[],"class_list":{"0":"post-4850","1":"product","2":"type-product","3":"status-publish","4":"has-post-thumbnail","6":"product_cat-diagnostic-tools","7":"desktop-align-left","8":"tablet-align-left","9":"mobile-align-left","10":"ast-product-gallery-layout-horizontal-slider","11":"ast-product-tabs-layout-horizontal","13":"first","14":"instock","15":"shipping-taxable","16":"purchasable","17":"product-type-simple"},"aioseo_notices":[],"uagb_featured_image_src":{"full":["https:\/\/speedxperts.com\/wp-content\/uploads\/2025\/05\/S948a979bdfca4516a0a06f61ce1ad36f2.webp",1000,1000,false],"thumbnail":["https:\/\/speedxperts.com\/wp-content\/uploads\/2025\/05\/S948a979bdfca4516a0a06f61ce1ad36f2-150x150.webp",150,150,true],"medium":["https:\/\/speedxperts.com\/wp-content\/uploads\/2025\/05\/S948a979bdfca4516a0a06f61ce1ad36f2-300x300.webp",300,300,true],"medium_large":["https:\/\/speedxperts.com\/wp-content\/uploads\/2025\/05\/S948a979bdfca4516a0a06f61ce1ad36f2-768x768.webp",768,768,true],"large":["https:\/\/speedxperts.com\/wp-content\/uploads\/2025\/05\/S948a979bdfca4516a0a06f61ce1ad36f2.webp",1000,1000,false],"1536x1536":["https:\/\/speedxperts.com\/wp-content\/uploads\/2025\/05\/S948a979bdfca4516a0a06f61ce1ad36f2.webp",1000,1000,false],"2048x2048":["https:\/\/speedxperts.com\/wp-content\/uploads\/2025\/05\/S948a979bdfca4516a0a06f61ce1ad36f2.webp",1000,1000,false],"trp-custom-language-flag":["https:\/\/speedxperts.com\/wp-content\/uploads\/2025\/05\/S948a979bdfca4516a0a06f61ce1ad36f2-12x12.webp",12,12,true],"woocommerce_thumbnail":["https:\/\/speedxperts.com\/wp-content\/uploads\/2025\/05\/S948a979bdfca4516a0a06f61ce1ad36f2-300x300.webp",300,300,true],"woocommerce_single":["https:\/\/speedxperts.com\/wp-content\/uploads\/2025\/05\/S948a979bdfca4516a0a06f61ce1ad36f2-600x600.webp",600,600,true],"woocommerce_gallery_thumbnail":["https:\/\/speedxperts.com\/wp-content\/uploads\/2025\/05\/S948a979bdfca4516a0a06f61ce1ad36f2-100x100.webp",100,100,true]},"uagb_author_info":{"display_name":"Sebastian","author_link":"https:\/\/speedxperts.com\/fi\/author\/"},"uagb_comment_info":0,"uagb_excerpt":"The OPCOM V5 is a professional OBD2 diagnostic tool designed specifically for Opel vehicles. Featuring V1.70 firmware, FTDI chip, and support for the latest 2021 software, it enables fault code reading, ECU programming, live data monitoring, key programming, and more. Ideal for both automotive technicians and DIY Opel owners.","jetpack_sharing_enabled":true,"_links":{"self":[{"href":"https:\/\/speedxperts.com\/fi\/wp-json\/wp\/v2\/product\/4850","targetHints":{"allow":["GET"]}}],"collection":[{"href":"https:\/\/speedxperts.com\/fi\/wp-json\/wp\/v2\/product"}],"about":[{"href":"https:\/\/speedxperts.com\/fi\/wp-json\/wp\/v2\/types\/product"}],"replies":[{"embeddable":true,"href":"https:\/\/speedxperts.com\/fi\/wp-json\/wp\/v2\/comments?post=4850"}],"wp:featuredmedia":[{"embeddable":true,"href":"https:\/\/speedxperts.com\/fi\/wp-json\/wp\/v2\/media\/4846"}],"wp:attachment":[{"href":"https:\/\/speedxperts.com\/fi\/wp-json\/wp\/v2\/media?parent=4850"}],"wp:term":[{"taxonomy":"product_brand","embeddable":true,"href":"https:\/\/speedxperts.com\/fi\/wp-json\/wp\/v2\/product_brand?post=4850"},{"taxonomy":"product_cat","embeddable":true,"href":"https:\/\/speedxperts.com\/fi\/wp-json\/wp\/v2\/product_cat?post=4850"},{"taxonomy":"product_tag","embeddable":true,"href":"https:\/\/speedxperts.com\/fi\/wp-json\/wp\/v2\/product_tag?post=4850"}],"curies":[{"name":"wp","href":"https:\/\/api.w.org\/{rel}","templated":true}]}}