{"id":5014,"date":"2025-06-06T11:30:34","date_gmt":"2025-06-06T10:30:34","guid":{"rendered":"https:\/\/speedxperts.com\/?post_type=product&#038;p=5014"},"modified":"2026-04-01T08:44:49","modified_gmt":"2026-04-01T07:44:49","slug":"vgate-icar2-obd2-skanneri-tarkista-selkea-moottorin-koodit-android-pc","status":"publish","type":"product","link":"https:\/\/speedxperts.com\/fi\/tuote\/vgate-icar2-obd2-skanneri-tarkista-selkea-moottorin-koodit-android-pc\/","title":{"rendered":"Vgate iCar2 OBD2-skanneri - Tarkista ja tyhjenn\u00e4 moottorikoodit Androidilla ja PC:ll\u00e4."},"content":{"rendered":"<h3>\u2705 T\u00e4rkeimm\u00e4t syyt ostaa Vgate iCar2:n<\/h3>\n<ul>\n<li><strong>100% Alkuper\u00e4inen ja laiteohjelmisto v2.1<\/strong> - Tukee kaikkia OBD2-standardiprotokollia.<\/li>\n<li><strong>Bluetooth-versio tukee Androidia ja PC:t\u00e4 (ei iOS:lle).<\/strong><\/li>\n<li><strong>Kattaa useimmat 12V OBD2 bensiini- ja dieselautot.<\/strong><\/li>\n<li><strong>Automaattinen lepotila<\/strong> - S\u00e4\u00e4st\u00e4\u00e4 virtaa, kun sit\u00e4 ei k\u00e4ytet\u00e4.<\/li>\n<li><strong>Kompakti ja kest\u00e4v\u00e4 muotoilu<\/strong> - Kytke se verkkoon ja j\u00e4t\u00e4 se siihen.<\/li>\n<li><strong>Nopeampi kuin ELM327 v1.5<\/strong> - Powered by luotettavat ARM-sirut.<\/li>\n<li><strong>Vakaa langaton yhteys<\/strong> - BT: 5-10m<\/li>\n<li><strong>Monikielinen tuki<\/strong> - Maailmanlaajuista k\u00e4ytett\u00e4vyytt\u00e4 varten.<\/li>\n<\/ul>\n<hr \/>\n<h3>\u2699\ufe0f T\u00e4rkeimm\u00e4t ominaisuudet<\/h3>\n<ul>\n<li>Pieni, kevyt, plug-and-play-muotoilu.<\/li>\n<li>Langaton toiminta - ei tarvita kaapeleita tai paristoja.<\/li>\n<li>Automaattinen lepotila k\u00e4ytt\u00e4m\u00e4tt\u00f6myyden j\u00e4lkeen (~30 minuuttia).<\/li>\n<li>Lukee ja poistaa moottorin vikakoodit (Check Engine Light).<\/li>\n<li>N\u00e4ytt\u00e4\u00e4 ajoneuvon reaaliaikaiset tiedot.<\/li>\n<li>Tukee kaikkia OBD-II-standardiprotokollia.<\/li>\n<\/ul>\n<hr \/>\n<h3>\ud83d\udcca Live-tietojen n\u00e4ytt\u00f6<\/h3>\n<ul>\n<li>Moottorin kierrosluku<\/li>\n<li>J\u00e4\u00e4hdytysnesteen l\u00e4mp\u00f6tila<\/li>\n<li>Polttoainej\u00e4rjestelm\u00e4n tila<\/li>\n<li>Ajoneuvon nopeus<\/li>\n<li>Kuormitusarvo<\/li>\n<li>Imusarjan paine<\/li>\n<li>Ilman virtausnopeus<\/li>\n<li>Kaasun asento<\/li>\n<li>Happianturin j\u00e4nnitteet<\/li>\n<li>Polttoaineen paine<br \/>\n... ja paljon muuta!<\/li>\n<\/ul>\n<hr \/>\n<h3>\ud83d\ude98 Auton yhteensopivuus<\/h3>\n<blockquote><p>Toimii useimpien 12V OBD2-yhteensopivien ajoneuvojen kanssa:<\/p><\/blockquote>\n<ul>\n<li><strong>Yhdysvallat Autot:<\/strong> 1996 ja uudemmat<\/li>\n<li><strong>EU-autot:<\/strong> 2001 ja uudemmat<\/li>\n<li><strong>Japani Autot:<\/strong> 2005 ja uudemmat<\/li>\n<li><strong>Muut aasialaiset autot:<\/strong> 2009 ja uudemmat<\/li>\n<\/ul>\n<blockquote><p>(Varmista ennen ostamista, ett\u00e4 ajoneuvosi on OBD2-yhteensopiva.)<\/p><\/blockquote>\n<hr \/>\n<h3>\ud83d\udcbb Ohjelmisto ja asennus<\/h3>\n<p><strong>1. Lataa yhteensopiva OBD2-ohjelmisto:<\/strong><br \/>\nEsimerkki: <a href=\"https:\/\/play.google.com\/store\/apps\/details?id=com.ovz.carscanner&amp;pcampaignid=web_share\"><strong>Car Scanner ELM OBD2<\/strong><\/a><\/p>\n<p><strong>2. Yhdist\u00e4 Bluetooth-yhteyden kautta:<\/strong><\/p>\n<ul>\n<li>Bluetooth-pariliitoskoodi: <code>1234<\/code><\/li>\n<\/ul>\n<p><strong>3. K\u00e4ynnist\u00e4 ohjelmisto ja muodosta yhteys ELM327-laitteeseen.<\/strong><\/p>\n<hr \/>\n<h3>\ud83d\udce6 Mit\u00e4 laatikossa on?<\/h3>\n<ul>\n<li>1 \u00d7 Vgate iCar2 OBD2-skanneri Bluetooth<\/li>\n<li>1 \u00d7 Pikak\u00e4ytt\u00e4j\u00e4n k\u00e4sikirja<\/li>\n<\/ul>\n<hr \/>\n<h3>\u26a0\ufe0f T\u00e4rkeit\u00e4 huomautuksia<\/h3>\n<ul>\n<li><strong>Bluetooth-versio<\/strong> toimii vain <strong>Android<\/strong> (4.3 tai uudempi) ja <strong>PC<\/strong>.<\/li>\n<li>Virtapainiketta k\u00e4ytet\u00e4\u00e4n <strong>vain laitteen nollausta varten<\/strong>, ei kytkem\u00e4ll\u00e4 sit\u00e4 p\u00e4\u00e4lle\/pois.<\/li>\n<li>Ei taatusti toimi kaikissa OBD2-autoissa - varmista yhteensopivuus.<\/li>\n<\/ul>","protected":false},"excerpt":{"rendered":"<p><strong>Kompakti ja tehokas ty\u00f6kalu ajoneuvon diagnosointiin, yhteensopiva Androidin kanssa.<\/strong><br \/>\nIhanteellinen auton omistajille, jotka haluavat seurata ja korjata moottoriin liittyvi\u00e4 ongelmia nopeasti ja edullisesti.<\/p>","protected":false},"featured_media":5000,"comment_status":"open","ping_status":"closed","template":"","meta":{"_uag_custom_page_level_css":"","site-sidebar-layout":"default","site-content-layout":"","ast-site-content-layout":"default","site-content-style":"default","site-sidebar-style":"default","ast-global-header-display":"","ast-banner-title-visibility":"","ast-main-header-display":"","ast-hfb-above-header-display":"","ast-hfb-below-header-display":"","ast-hfb-mobile-header-display":"","site-post-title":"","ast-breadcrumbs-content":"","ast-featured-img":"","footer-sml-layout":"","theme-transparent-header-meta":"default","adv-header-id-meta":"","stick-header-meta":"","header-above-stick-meta":"","header-main-stick-meta":"","header-below-stick-meta":"","astra-migrate-meta-layouts":"set","ast-page-background-enabled":"default","ast-page-background-meta":{"desktop":{"background-color":"","background-image":"","background-repeat":"repeat","background-position":"center center","background-size":"auto","background-attachment":"scroll","background-type":"","background-media":"","overlay-type":"","overlay-color":"","overlay-opacity":"","overlay-gradient":""},"tablet":{"background-color":"","background-image":"","background-repeat":"repeat","background-position":"center center","background-size":"auto","background-attachment":"scroll","background-type":"","background-media":"","overlay-type":"","overlay-color":"","overlay-opacity":"","overlay-gradient":""},"mobile":{"background-color":"","background-image":"","background-repeat":"repeat","background-position":"center center","background-size":"auto","background-attachment":"scroll","background-type":"","background-media":"","overlay-type":"","overlay-color":"","overlay-opacity":"","overlay-gradient":""}},"ast-content-background-meta":{"desktop":{"background-color":"var(--ast-global-color-5)","background-image":"","background-repeat":"repeat","background-position":"center center","background-size":"auto","background-attachment":"scroll","background-type":"","background-media":"","overlay-type":"","overlay-color":"","overlay-opacity":"","overlay-gradient":""},"tablet":{"background-color":"var(--ast-global-color-5)","background-image":"","background-repeat":"repeat","background-position":"center center","background-size":"auto","background-attachment":"scroll","background-type":"","background-media":"","overlay-type":"","overlay-color":"","overlay-opacity":"","overlay-gradient":""},"mobile":{"background-color":"var(--ast-global-color-5)","background-image":"","background-repeat":"repeat","background-position":"center center","background-size":"auto","background-attachment":"scroll","background-type":"","background-media":"","overlay-type":"","overlay-color":"","overlay-opacity":"","overlay-gradient":""}}},"product_brand":[],"product_cat":[70],"product_tag":[],"class_list":{"0":"post-5014","1":"product","2":"type-product","3":"status-publish","4":"has-post-thumbnail","6":"product_cat-diagnostic-tools","7":"desktop-align-left","8":"tablet-align-left","9":"mobile-align-left","10":"ast-product-gallery-layout-horizontal-slider","11":"ast-product-single-variable","12":"ast-product-tabs-layout-horizontal","14":"first","15":"instock","16":"shipping-taxable","17":"purchasable","18":"product-type-variable"},"aioseo_notices":[],"uagb_featured_image_src":{"full":["https:\/\/speedxperts.com\/wp-content\/uploads\/2025\/06\/S59c874896b78475f94e05619aa1fc5186.webp",1000,1000,false],"thumbnail":["https:\/\/speedxperts.com\/wp-content\/uploads\/2025\/06\/S59c874896b78475f94e05619aa1fc5186-150x150.webp",150,150,true],"medium":["https:\/\/speedxperts.com\/wp-content\/uploads\/2025\/06\/S59c874896b78475f94e05619aa1fc5186-300x300.webp",300,300,true],"medium_large":["https:\/\/speedxperts.com\/wp-content\/uploads\/2025\/06\/S59c874896b78475f94e05619aa1fc5186-768x768.webp",768,768,true],"large":["https:\/\/speedxperts.com\/wp-content\/uploads\/2025\/06\/S59c874896b78475f94e05619aa1fc5186.webp",1000,1000,false],"1536x1536":["https:\/\/speedxperts.com\/wp-content\/uploads\/2025\/06\/S59c874896b78475f94e05619aa1fc5186.webp",1000,1000,false],"2048x2048":["https:\/\/speedxperts.com\/wp-content\/uploads\/2025\/06\/S59c874896b78475f94e05619aa1fc5186.webp",1000,1000,false],"trp-custom-language-flag":["https:\/\/speedxperts.com\/wp-content\/uploads\/2025\/06\/S59c874896b78475f94e05619aa1fc5186-12x12.webp",12,12,true],"woocommerce_thumbnail":["https:\/\/speedxperts.com\/wp-content\/uploads\/2025\/06\/S59c874896b78475f94e05619aa1fc5186-300x300.webp",300,300,true],"woocommerce_single":["https:\/\/speedxperts.com\/wp-content\/uploads\/2025\/06\/S59c874896b78475f94e05619aa1fc5186-600x600.webp",600,600,true],"woocommerce_gallery_thumbnail":["https:\/\/speedxperts.com\/wp-content\/uploads\/2025\/06\/S59c874896b78475f94e05619aa1fc5186-100x100.webp",100,100,true]},"uagb_author_info":{"display_name":"Sebastian","author_link":"https:\/\/speedxperts.com\/fi\/author\/"},"uagb_comment_info":0,"uagb_excerpt":"Compact and powerful tool to diagnose your vehicle, compatible with Android. Ideal for car owners who want to monitor and fix engine-related issues quickly and affordably.","jetpack_sharing_enabled":true,"_links":{"self":[{"href":"https:\/\/speedxperts.com\/fi\/wp-json\/wp\/v2\/product\/5014","targetHints":{"allow":["GET"]}}],"collection":[{"href":"https:\/\/speedxperts.com\/fi\/wp-json\/wp\/v2\/product"}],"about":[{"href":"https:\/\/speedxperts.com\/fi\/wp-json\/wp\/v2\/types\/product"}],"replies":[{"embeddable":true,"href":"https:\/\/speedxperts.com\/fi\/wp-json\/wp\/v2\/comments?post=5014"}],"wp:featuredmedia":[{"embeddable":true,"href":"https:\/\/speedxperts.com\/fi\/wp-json\/wp\/v2\/media\/5000"}],"wp:attachment":[{"href":"https:\/\/speedxperts.com\/fi\/wp-json\/wp\/v2\/media?parent=5014"}],"wp:term":[{"taxonomy":"product_brand","embeddable":true,"href":"https:\/\/speedxperts.com\/fi\/wp-json\/wp\/v2\/product_brand?post=5014"},{"taxonomy":"product_cat","embeddable":true,"href":"https:\/\/speedxperts.com\/fi\/wp-json\/wp\/v2\/product_cat?post=5014"},{"taxonomy":"product_tag","embeddable":true,"href":"https:\/\/speedxperts.com\/fi\/wp-json\/wp\/v2\/product_tag?post=5014"}],"curies":[{"name":"wp","href":"https:\/\/api.w.org\/{rel}","templated":true}]}}