{"id":5057,"date":"2025-06-06T11:31:15","date_gmt":"2025-06-06T10:31:15","guid":{"rendered":"https:\/\/speedxperts.com\/?post_type=product&#038;p=5057"},"modified":"2026-03-23T14:40:43","modified_gmt":"2026-03-23T13:40:43","slug":"vgate-icar-pro-2s-elm327-bluetooth-5-3-obd2-diagnostinen-tyokalu-android-ios-pc-tukee-evs-hybridit","status":"publish","type":"product","link":"https:\/\/speedxperts.com\/fi\/tuote\/vgate-icar-pro-2s-elm327-bluetooth-5-3-obd2-diagnostinen-tyokalu-android-ios-pc-tukee-evs-hybridit\/","title":{"rendered":"Vgate iCar Pro 2S ELM327 Bluetooth 5.3 - OBD2-diagnostiikkaty\u00f6kalu Androidille, iOS:lle ja PC:lle | Tukee s\u00e4hk\u00f6- ja hybridiajoneuvoja sek\u00e4 hybridej\u00e4."},"content":{"rendered":"<h3>\u2705 T\u00e4rkeimm\u00e4t ominaisuudet<\/h3>\n<p><strong>\ud83c\udd95 P\u00e4ivitetty iCar Prosta:<\/strong><\/p>\n<ul>\n<li>Uusi <strong>Bluetooth 5.3<\/strong> versio - <strong>nopeampi pariliitos ja vakaa yhteys<\/strong><\/li>\n<li>Tukee <strong>Android, iOS ja Windows PC<\/strong><\/li>\n<li>Tukee nyt <strong>hybridi- ja s\u00e4hk\u00f6ajoneuvot (EV)<\/strong><\/li>\n<li>Uusi sininen LED-rengasvalo moderniin ulkoasuun<\/li>\n<\/ul>\n<p><strong>\ud83d\udd27 Ammattilaisluokan diagnostiikka:<\/strong><\/p>\n<ul>\n<li>Valmistajakohtaisten ja yleisten vikakoodien (DTC) lukeminen ja poistaminen.<\/li>\n<li>P\u00e4\u00e4set k\u00e4siksi suoriin ECU-anturitietoihin: O2-anturit jne.<\/li>\n<li>Yli 200+ parametria, jotka ovat n\u00e4ht\u00e4viss\u00e4 kolmannen osapuolen sovellusten kautta.<\/li>\n<li>Sis\u00e4\u00e4nrakennetut suodattimet l\u00e4p\u00e4isyn\/blokkauksen\/virtauksen ohjaukseen (jopa 208 ryhm\u00e4\u00e4).<\/li>\n<\/ul>\n<p><strong>\u26a1\ufe0f V\u00e4h\u00e4virtainen tila + automaattinen lepotila\/her\u00e4tys:<\/strong><\/p>\n<ul>\n<li>Toimii vain 34 mA:n teholla<\/li>\n<li>Automaattinen lepotila 3 mA:ssa akun suojaamiseksi<\/li>\n<li>Sis\u00e4lt\u00e4\u00e4 nyt <strong>automaattinen her\u00e4tys s\u00e4hk\u00f6- ja hybridiajoneuvoja varten<\/strong><\/li>\n<\/ul>\n<p><strong>\ud83d\udee1\ufe0f Smart Safety &amp; Compatibility:<\/strong><\/p>\n<ul>\n<li>Ylij\u00e4nnite-, ylivirta- ja ylil\u00e4mp\u00f6suojaus<\/li>\n<li>Tukee t\u00e4ysin kaikkia 12V OBD2\/EOBD-protokollia.<\/li>\n<li>Yhteensopiva bensiinik\u00e4ytt\u00f6isten ajoneuvojen (2001+ EU), dieselajoneuvojen (2003\/2004+ EU) ja Yhdysvaltojen\/Kanadan mallien (1996+) kanssa.<\/li>\n<\/ul>\n<p><strong>\ud83d\udcf1 Toimii suosittujen OBD-sovellusten kanssa:<\/strong><\/p>\n<ul>\n<li>V\u00e4\u00e4nt\u00f6momentti<\/li>\n<li>Autoskanneri<\/li>\n<li>OBD Fusion<\/li>\n<li>Tohtori Prius<\/li>\n<li>Autotohtori<\/li>\n<li>Ja paljon muuta!<\/li>\n<\/ul>\n<hr \/>\n<h3>\ud83d\udd17 Helppo liitett\u00e4vyysopas:<\/h3>\n<p><strong>Androidille:<\/strong><\/p>\n<ol>\n<li>Ota Bluetooth k\u00e4ytt\u00f6\u00f6n<\/li>\n<li>Etsi <strong>Android-Vlink<\/strong><\/li>\n<li>Sy\u00f6t\u00e4 yhdist\u00e4miskoodi: <strong>1234<\/strong><\/li>\n<li>Avaa sovellus ja muodosta yhteys<\/li>\n<\/ol>\n<p><strong>iOS:lle:<\/strong><\/p>\n<ul>\n<li>Kytke vain Bluetooth p\u00e4\u00e4lle ja muodosta yhteys sovelluksen kautta (manuaalista pariliitosta ei tarvita).<\/li>\n<\/ul>\n<p><strong>Windows PC:lle:<\/strong><\/p>\n<ul>\n<li>Sama kuin Android: haku <strong>Android-Vlink<\/strong>, pari koodin kanssa <strong>1234<\/strong>, yhdist\u00e4 sitten sovelluksessa<\/li>\n<\/ul>\n<hr \/>\n<h3>\u2699\ufe0f Tekniset tiedot:<\/h3>\n<ul>\n<li><strong>Bluetooth-versio:<\/strong> 5.3<\/li>\n<li><strong>Virtal\u00e4hde:<\/strong> 12 V ajoneuvot (bensiini\/diesel\/hybridi\/EV)<\/li>\n<li><strong>Toimintavirta:<\/strong> 34 mA (aktiivinen), 3 mA (tyhj\u00e4k\u00e4ynti)<\/li>\n<li><strong>Tuetut protokollat:<\/strong> Kaikki OBD2- ja EOBD-standardit<\/li>\n<li><strong>K\u00e4ytt\u00f6j\u00e4rjestelm\u00e4t:<\/strong> Android \/ iOS \/ Windows<\/li>\n<li><strong>K\u00e4ytt\u00f6l\u00e4mp\u00f6tila<\/strong> -40\u00b0C - +85\u00b0C<\/li>\n<li><strong>Ulkorengasvalon v\u00e4ri:<\/strong> Sininen<\/li>\n<\/ul>\n<hr \/>\n<h3>\ud83d\udce6 Mit\u00e4 laatikossa on:<\/h3>\n<ul>\n<li>1 \u00d7 Vgate iCar Pro 2S OBDII-sovitin<\/li>\n<li>1 \u00d7 k\u00e4ytt\u00f6ohje<\/li>\n<\/ul>\n<hr \/>\n<h3>\ud83d\udd0d SEO-avainsanat:<\/h3>\n<p><em>Vgate iCar Pro 2S<\/em>, <em>ELM327 Bluetooth 5.3 OBD2-skanneri<\/em>, <em>auton diagnostiikkaty\u00f6kalu EV hybridi iOS Android PC<\/em>, <em>Vgate Bluetooth OBDII -sovitin<\/em>, <em>iCar Pro 2S -autoskanneri<\/em>, <em>Bluetooth 5.3 OBDII-dongle Androidille iPhoneille<\/em><\/p>","protected":false},"excerpt":{"rendered":"<p>P\u00e4ivit\u00e4 diagnostiikkasi <strong>Vgate iCar Pro 2S<\/strong> - seuraavan sukupolven <strong>Bluetooth 5.3 OBD2-skanneri<\/strong> suunniteltu <strong>Android, iOS ja Windows PC<\/strong>. T\u00e4m\u00e4 suorituskykyinen ty\u00f6kalu tarjoaa <strong>nopeampi yhteys<\/strong>, <strong>alhainen virrankulutus<\/strong>ja tukee jopa <strong>hybridi- ja s\u00e4hk\u00f6ajoneuvot<\/strong>. Olitpa sitten autoharrastaja tai ammattimekaanikko, t\u00e4m\u00e4 pienikokoinen mutta tehokas skanneri antaa sinulle luotettavan reaaliaikaisen tiedon ajoneuvosi kunnosta.<\/p>","protected":false},"featured_media":5052,"comment_status":"open","ping_status":"closed","template":"","meta":{"_uag_custom_page_level_css":"","site-sidebar-layout":"default","site-content-layout":"","ast-site-content-layout":"default","site-content-style":"default","site-sidebar-style":"default","ast-global-header-display":"","ast-banner-title-visibility":"","ast-main-header-display":"","ast-hfb-above-header-display":"","ast-hfb-below-header-display":"","ast-hfb-mobile-header-display":"","site-post-title":"","ast-breadcrumbs-content":"","ast-featured-img":"","footer-sml-layout":"","theme-transparent-header-meta":"default","adv-header-id-meta":"","stick-header-meta":"","header-above-stick-meta":"","header-main-stick-meta":"","header-below-stick-meta":"","astra-migrate-meta-layouts":"set","ast-page-background-enabled":"default","ast-page-background-meta":{"desktop":{"background-color":"","background-image":"","background-repeat":"repeat","background-position":"center center","background-size":"auto","background-attachment":"scroll","background-type":"","background-media":"","overlay-type":"","overlay-color":"","overlay-opacity":"","overlay-gradient":""},"tablet":{"background-color":"","background-image":"","background-repeat":"repeat","background-position":"center center","background-size":"auto","background-attachment":"scroll","background-type":"","background-media":"","overlay-type":"","overlay-color":"","overlay-opacity":"","overlay-gradient":""},"mobile":{"background-color":"","background-image":"","background-repeat":"repeat","background-position":"center center","background-size":"auto","background-attachment":"scroll","background-type":"","background-media":"","overlay-type":"","overlay-color":"","overlay-opacity":"","overlay-gradient":""}},"ast-content-background-meta":{"desktop":{"background-color":"var(--ast-global-color-5)","background-image":"","background-repeat":"repeat","background-position":"center center","background-size":"auto","background-attachment":"scroll","background-type":"","background-media":"","overlay-type":"","overlay-color":"","overlay-opacity":"","overlay-gradient":""},"tablet":{"background-color":"var(--ast-global-color-5)","background-image":"","background-repeat":"repeat","background-position":"center center","background-size":"auto","background-attachment":"scroll","background-type":"","background-media":"","overlay-type":"","overlay-color":"","overlay-opacity":"","overlay-gradient":""},"mobile":{"background-color":"var(--ast-global-color-5)","background-image":"","background-repeat":"repeat","background-position":"center center","background-size":"auto","background-attachment":"scroll","background-type":"","background-media":"","overlay-type":"","overlay-color":"","overlay-opacity":"","overlay-gradient":""}}},"product_brand":[],"product_cat":[70],"product_tag":[],"class_list":{"0":"post-5057","1":"product","2":"type-product","3":"status-publish","4":"has-post-thumbnail","6":"product_cat-diagnostic-tools","7":"desktop-align-left","8":"tablet-align-left","9":"mobile-align-left","10":"ast-product-gallery-layout-horizontal-slider","11":"ast-product-tabs-layout-horizontal","13":"first","14":"instock","15":"shipping-taxable","16":"purchasable","17":"product-type-simple"},"aioseo_notices":[],"uagb_featured_image_src":{"full":["https:\/\/speedxperts.com\/wp-content\/uploads\/2025\/06\/Se1f61ba09f4d4279a10ea4d689f1623f8.webp",1000,1000,false],"thumbnail":["https:\/\/speedxperts.com\/wp-content\/uploads\/2025\/06\/Se1f61ba09f4d4279a10ea4d689f1623f8-150x150.webp",150,150,true],"medium":["https:\/\/speedxperts.com\/wp-content\/uploads\/2025\/06\/Se1f61ba09f4d4279a10ea4d689f1623f8-300x300.webp",300,300,true],"medium_large":["https:\/\/speedxperts.com\/wp-content\/uploads\/2025\/06\/Se1f61ba09f4d4279a10ea4d689f1623f8-768x768.webp",768,768,true],"large":["https:\/\/speedxperts.com\/wp-content\/uploads\/2025\/06\/Se1f61ba09f4d4279a10ea4d689f1623f8.webp",1000,1000,false],"1536x1536":["https:\/\/speedxperts.com\/wp-content\/uploads\/2025\/06\/Se1f61ba09f4d4279a10ea4d689f1623f8.webp",1000,1000,false],"2048x2048":["https:\/\/speedxperts.com\/wp-content\/uploads\/2025\/06\/Se1f61ba09f4d4279a10ea4d689f1623f8.webp",1000,1000,false],"trp-custom-language-flag":["https:\/\/speedxperts.com\/wp-content\/uploads\/2025\/06\/Se1f61ba09f4d4279a10ea4d689f1623f8-12x12.webp",12,12,true],"woocommerce_thumbnail":["https:\/\/speedxperts.com\/wp-content\/uploads\/2025\/06\/Se1f61ba09f4d4279a10ea4d689f1623f8-300x300.webp",300,300,true],"woocommerce_single":["https:\/\/speedxperts.com\/wp-content\/uploads\/2025\/06\/Se1f61ba09f4d4279a10ea4d689f1623f8-600x600.webp",600,600,true],"woocommerce_gallery_thumbnail":["https:\/\/speedxperts.com\/wp-content\/uploads\/2025\/06\/Se1f61ba09f4d4279a10ea4d689f1623f8-100x100.webp",100,100,true]},"uagb_author_info":{"display_name":"Sebastian","author_link":"https:\/\/speedxperts.com\/fi\/author\/"},"uagb_comment_info":1,"uagb_excerpt":"Upgrade your diagnostics with the Vgate iCar Pro 2S \u2013 a next-gen Bluetooth 5.3 OBD2 scanner designed for Android, iOS, and Windows PC. This high-performance tool offers faster connection, low power consumption, and even supports hybrid and electric vehicles. Whether you\u2019re a car enthusiast or a professional mechanic, this compact yet powerful scanner gives you&hellip;","jetpack_sharing_enabled":true,"_links":{"self":[{"href":"https:\/\/speedxperts.com\/fi\/wp-json\/wp\/v2\/product\/5057","targetHints":{"allow":["GET"]}}],"collection":[{"href":"https:\/\/speedxperts.com\/fi\/wp-json\/wp\/v2\/product"}],"about":[{"href":"https:\/\/speedxperts.com\/fi\/wp-json\/wp\/v2\/types\/product"}],"replies":[{"embeddable":true,"href":"https:\/\/speedxperts.com\/fi\/wp-json\/wp\/v2\/comments?post=5057"}],"wp:featuredmedia":[{"embeddable":true,"href":"https:\/\/speedxperts.com\/fi\/wp-json\/wp\/v2\/media\/5052"}],"wp:attachment":[{"href":"https:\/\/speedxperts.com\/fi\/wp-json\/wp\/v2\/media?parent=5057"}],"wp:term":[{"taxonomy":"product_brand","embeddable":true,"href":"https:\/\/speedxperts.com\/fi\/wp-json\/wp\/v2\/product_brand?post=5057"},{"taxonomy":"product_cat","embeddable":true,"href":"https:\/\/speedxperts.com\/fi\/wp-json\/wp\/v2\/product_cat?post=5057"},{"taxonomy":"product_tag","embeddable":true,"href":"https:\/\/speedxperts.com\/fi\/wp-json\/wp\/v2\/product_tag?post=5057"}],"curies":[{"name":"wp","href":"https:\/\/api.w.org\/{rel}","templated":true}]}}