{"id":5259,"date":"2025-07-15T12:46:59","date_gmt":"2025-07-15T11:46:59","guid":{"rendered":"https:\/\/speedxperts.com\/?post_type=product&#038;p=5259"},"modified":"2025-07-15T13:01:23","modified_gmt":"2025-07-15T12:01:23","slug":"ancel-bd310-obd2-skanneri","status":"publish","type":"product","link":"https:\/\/speedxperts.com\/fi\/tuote\/ancel-bd310-obd2-skanneri\/","title":{"rendered":"ANCEL BD310 OBD2-skanneri"},"content":{"rendered":"<p><strong>Avaa ajoneuvosi teho ANCEL BD310 k\u00e4sik\u00e4ytt\u00f6isell\u00e4 ja Bluetooth OBD2-skannerilla.<\/strong><\/p>\n<p>ANCEL BD310 ei ole vain tavallinen OBD2-skanneri; se on kattava diagnostiikkaty\u00f6kalu, joka on suunniteltu niin autoharrastajille kuin tavallisille kuljettajillekin. Sis\u00e4\u00e4nrakennetun Bluetooth 3.0+EDR- ja BLE 5.0 -tekniikan ansiosta voit vaihtaa vaivattomasti k\u00e4sik\u00e4ytt\u00f6isen ja langattoman tilan v\u00e4lill\u00e4, jolloin voit tehd\u00e4 diagnoosin miss\u00e4 tahansa.<\/p>\n<p><strong>T\u00e4rkeimm\u00e4t ominaisuudet:<\/strong><\/p>\n<ul>\n<li><strong>Eksklusiivinen sovellus<\/strong>: Toisin kuin muissa langattomissa ajoneuvonvalvontalaitteissa, jotka perustuvat kolmannen osapuolen sovelluksiin, BD310:ss\u00e4 on oma, talon sis\u00e4ll\u00e4 kehitetty sovellus. T\u00e4m\u00e4 sovellus avaa kaikki edistykselliset ominaisuudet ilman piilotettuja maksuja ja takaa elinik\u00e4iset ilmaiset p\u00e4ivitykset ja saumattoman toiminnan.<\/li>\n<li><strong>Kattavat OBD2-toiminnot<\/strong>: BD310 tukee kaikkia keskeisi\u00e4 OBD2-toimintoja, kuten virhekoodien lukemista ja poistamista, DTC-hakuja, O2-anturien testej\u00e4, I\/M-valmiustarkastuksia ja yksityiskohtaisten diagnostiikkaraporttien tuottamista. Se on t\u00e4ydellinen ratkaisu ajoneuvon diagnostiikkaan.<\/li>\n<li><strong>Suorituskyvyn testaus ja matkan analysointi<\/strong>: Seuraa ajoneuvosi suorituskyky\u00e4 reaaliajassa ominaisuuksilla, kuten suoralla tiedonsiirrolla, matkan tilan tallentamisella ja \u00e4\u00e4nih\u00e4lytyksill\u00e4 kriittisist\u00e4 parametreista, kuten nopeudesta ja l\u00e4mp\u00f6tilasta. T\u00e4m\u00e4 auttaa sinua tunnistamaan ja korjaamaan huonot ajotavat.<\/li>\n<li><strong>Monikielinen tuki<\/strong>: BD310 tukee kahdeksaa kielt\u00e4, kuten englantia, ranskaa, saksaa, espanjaa, italiaa, suomea, hollantia ja saksaa, joten se on maailmanlaajuisen yleis\u00f6n saatavilla.<\/li>\n<li><strong>Elinik\u00e4iset ilmaiset p\u00e4ivitykset<\/strong>: Nauti elinik\u00e4isist\u00e4 ilmaisista p\u00e4ivityksist\u00e4 Windows PC:n kautta (vain Windows 7\/8\/10). Huomaa, ett\u00e4 p\u00e4ivityksi\u00e4 ei tueta MAC- tai Windows XP -k\u00e4ytt\u00f6j\u00e4rjestelmiss\u00e4.<\/li>\n<li><strong>K\u00e4ytt\u00e4j\u00e4yst\u00e4v\u00e4llinen muotoilu<\/strong>: BD310:ss\u00e4 on magneettinen autoteline helppoa kiinnityst\u00e4 varten, 56-tuumainen kaapeli ulottuu pidemm\u00e4lle ja muokattavissa oleva kojelauta, jonka avulla voit mukauttaa n\u00e4yt\u00f6n mieltymystesi mukaan.<\/li>\n<\/ul>\n<p><strong>Miksi valita ANCEL BD310?<\/strong><\/p>\n<ol>\n<li><strong>Kustannustehokas ratkaisu<\/strong>: Hanki k\u00e4siskannettava skanneri, Bluetooth-etsint\u00e4ty\u00f6kalu, akkutesteri ja HUD-n\u00e4yt\u00f6n mittari yhdess\u00e4 laitteessa, mik\u00e4 s\u00e4\u00e4st\u00e4\u00e4 rahaa ja tilaa.<\/li>\n<li><strong>Reaaliaikainen seuranta<\/strong>: Seuraa moottorin elint\u00e4rkeit\u00e4 parametreja, kuten j\u00e4\u00e4hdytysnesteen l\u00e4mp\u00f6tilaa, kierroslukua ja polttoaineen kulutusta, varmistaen, ett\u00e4 ajoneuvosi toimii moitteettomasti.<\/li>\n<li><strong>Automaattinen kuvakaappausominaisuus<\/strong>: Kriittisten tietojen tallentaminen automaattisesti, kun tietyt raja-arvot ylittyv\u00e4t, mik\u00e4 mahdollistaa oikea-aikaisen diagnostiikan ja analyysin.<\/li>\n<li><strong>K\u00e4tev\u00e4 HUD-n\u00e4ytt\u00f6<\/strong>: K\u00e4yt\u00e4 \u00e4lypuhelintasi head-up-n\u00e4yt\u00f6n\u00e4, jotta voit tarkastella t\u00e4rkeit\u00e4 tietoja ajon aikana, mik\u00e4 lis\u00e4\u00e4 turvallisuutta ja mukavuutta.<\/li>\n<li><strong>Helppok\u00e4ytt\u00f6inen<\/strong>: BD310 on suunniteltu vaivatonta k\u00e4ytt\u00f6\u00e4 varten, joten se sopii erinomaisesti sek\u00e4 aloittelijoille ett\u00e4 kokeneille k\u00e4ytt\u00e4jille.<\/li>\n<\/ol>\n<p><strong>Tuki eri autotyypeille<\/strong>: ANCEL BD310 on yhteensopiva useiden ajoneuvojen kanssa, joten se on v\u00e4ltt\u00e4m\u00e4t\u00f6n ty\u00f6kalu jokaiselle auton omistajalle.<\/p>\n<p>&nbsp;<\/p>","protected":false},"excerpt":{"rendered":"<p>Tutustu ANCEL BD310 Handheld &amp; Bluetooth OBD2 Scanneriin, joka on monipuolinen diagnostiikkaty\u00f6kalu, jossa yhdistyv\u00e4t k\u00e4tev\u00e4 k\u00e4dess\u00e4 pidett\u00e4v\u00e4 ja Bluetooth-yhteys. T\u00e4ss\u00e4 monitoimisessa skannausty\u00f6kalussa on yksinoikeudella sovellus reaaliaikaista seurantaa, akkutestausta ja suorituskyvyn analysointia varten, ja se on yhteensopiva iPhonen, iPadin ja Android-laitteiden kanssa. P\u00e4ivit\u00e4 ajoneuvosi diagnostiikka jo t\u00e4n\u00e4\u00e4n!<\/p>","protected":false},"featured_media":5252,"comment_status":"open","ping_status":"closed","template":"","meta":{"_uag_custom_page_level_css":"","site-sidebar-layout":"default","site-content-layout":"","ast-site-content-layout":"default","site-content-style":"default","site-sidebar-style":"default","ast-global-header-display":"","ast-banner-title-visibility":"","ast-main-header-display":"","ast-hfb-above-header-display":"","ast-hfb-below-header-display":"","ast-hfb-mobile-header-display":"","site-post-title":"","ast-breadcrumbs-content":"","ast-featured-img":"","footer-sml-layout":"","theme-transparent-header-meta":"default","adv-header-id-meta":"","stick-header-meta":"","header-above-stick-meta":"","header-main-stick-meta":"","header-below-stick-meta":"","astra-migrate-meta-layouts":"set","ast-page-background-enabled":"default","ast-page-background-meta":{"desktop":{"background-color":"","background-image":"","background-repeat":"repeat","background-position":"center center","background-size":"auto","background-attachment":"scroll","background-type":"","background-media":"","overlay-type":"","overlay-color":"","overlay-opacity":"","overlay-gradient":""},"tablet":{"background-color":"","background-image":"","background-repeat":"repeat","background-position":"center center","background-size":"auto","background-attachment":"scroll","background-type":"","background-media":"","overlay-type":"","overlay-color":"","overlay-opacity":"","overlay-gradient":""},"mobile":{"background-color":"","background-image":"","background-repeat":"repeat","background-position":"center center","background-size":"auto","background-attachment":"scroll","background-type":"","background-media":"","overlay-type":"","overlay-color":"","overlay-opacity":"","overlay-gradient":""}},"ast-content-background-meta":{"desktop":{"background-color":"var(--ast-global-color-5)","background-image":"","background-repeat":"repeat","background-position":"center center","background-size":"auto","background-attachment":"scroll","background-type":"","background-media":"","overlay-type":"","overlay-color":"","overlay-opacity":"","overlay-gradient":""},"tablet":{"background-color":"var(--ast-global-color-5)","background-image":"","background-repeat":"repeat","background-position":"center center","background-size":"auto","background-attachment":"scroll","background-type":"","background-media":"","overlay-type":"","overlay-color":"","overlay-opacity":"","overlay-gradient":""},"mobile":{"background-color":"var(--ast-global-color-5)","background-image":"","background-repeat":"repeat","background-position":"center center","background-size":"auto","background-attachment":"scroll","background-type":"","background-media":"","overlay-type":"","overlay-color":"","overlay-opacity":"","overlay-gradient":""}}},"product_brand":[],"product_cat":[70],"product_tag":[],"class_list":{"0":"post-5259","1":"product","2":"type-product","3":"status-publish","4":"has-post-thumbnail","6":"product_cat-diagnostic-tools","7":"desktop-align-left","8":"tablet-align-left","9":"mobile-align-left","10":"ast-product-gallery-layout-horizontal-slider","11":"ast-product-tabs-layout-horizontal","13":"first","14":"instock","15":"shipping-taxable","16":"purchasable","17":"product-type-simple"},"aioseo_notices":[],"uagb_featured_image_src":{"full":["https:\/\/speedxperts.com\/wp-content\/uploads\/2025\/07\/a1590003-f0ea-45cb-a25f-6b1c16859666730096.png",1000,1000,false],"thumbnail":["https:\/\/speedxperts.com\/wp-content\/uploads\/2025\/07\/a1590003-f0ea-45cb-a25f-6b1c16859666730096-150x150.png",150,150,true],"medium":["https:\/\/speedxperts.com\/wp-content\/uploads\/2025\/07\/a1590003-f0ea-45cb-a25f-6b1c16859666730096-300x300.png",300,300,true],"medium_large":["https:\/\/speedxperts.com\/wp-content\/uploads\/2025\/07\/a1590003-f0ea-45cb-a25f-6b1c16859666730096-768x768.png",768,768,true],"large":["https:\/\/speedxperts.com\/wp-content\/uploads\/2025\/07\/a1590003-f0ea-45cb-a25f-6b1c16859666730096.png",1000,1000,false],"1536x1536":["https:\/\/speedxperts.com\/wp-content\/uploads\/2025\/07\/a1590003-f0ea-45cb-a25f-6b1c16859666730096.png",1000,1000,false],"2048x2048":["https:\/\/speedxperts.com\/wp-content\/uploads\/2025\/07\/a1590003-f0ea-45cb-a25f-6b1c16859666730096.png",1000,1000,false],"trp-custom-language-flag":["https:\/\/speedxperts.com\/wp-content\/uploads\/2025\/07\/a1590003-f0ea-45cb-a25f-6b1c16859666730096-12x12.png",12,12,true],"woocommerce_thumbnail":["https:\/\/speedxperts.com\/wp-content\/uploads\/2025\/07\/a1590003-f0ea-45cb-a25f-6b1c16859666730096-300x300.png",300,300,true],"woocommerce_single":["https:\/\/speedxperts.com\/wp-content\/uploads\/2025\/07\/a1590003-f0ea-45cb-a25f-6b1c16859666730096-600x600.png",600,600,true],"woocommerce_gallery_thumbnail":["https:\/\/speedxperts.com\/wp-content\/uploads\/2025\/07\/a1590003-f0ea-45cb-a25f-6b1c16859666730096-100x100.png",100,100,true]},"uagb_author_info":{"display_name":"Sebastian","author_link":"https:\/\/speedxperts.com\/fi\/author\/"},"uagb_comment_info":0,"uagb_excerpt":"Discover the ANCEL BD310 Handheld &amp; Bluetooth OBD2 Scanner, a versatile diagnostic tool that combines handheld convenience with Bluetooth connectivity. Featuring an exclusive app for real-time monitoring, battery testing, and performance analysis, this multi-function scan tool is compatible with iPhone, iPad, and Android devices. Upgrade your vehicle diagnostics today!","jetpack_sharing_enabled":true,"_links":{"self":[{"href":"https:\/\/speedxperts.com\/fi\/wp-json\/wp\/v2\/product\/5259","targetHints":{"allow":["GET"]}}],"collection":[{"href":"https:\/\/speedxperts.com\/fi\/wp-json\/wp\/v2\/product"}],"about":[{"href":"https:\/\/speedxperts.com\/fi\/wp-json\/wp\/v2\/types\/product"}],"replies":[{"embeddable":true,"href":"https:\/\/speedxperts.com\/fi\/wp-json\/wp\/v2\/comments?post=5259"}],"wp:featuredmedia":[{"embeddable":true,"href":"https:\/\/speedxperts.com\/fi\/wp-json\/wp\/v2\/media\/5252"}],"wp:attachment":[{"href":"https:\/\/speedxperts.com\/fi\/wp-json\/wp\/v2\/media?parent=5259"}],"wp:term":[{"taxonomy":"product_brand","embeddable":true,"href":"https:\/\/speedxperts.com\/fi\/wp-json\/wp\/v2\/product_brand?post=5259"},{"taxonomy":"product_cat","embeddable":true,"href":"https:\/\/speedxperts.com\/fi\/wp-json\/wp\/v2\/product_cat?post=5259"},{"taxonomy":"product_tag","embeddable":true,"href":"https:\/\/speedxperts.com\/fi\/wp-json\/wp\/v2\/product_tag?post=5259"}],"curies":[{"name":"wp","href":"https:\/\/api.w.org\/{rel}","templated":true}]}}