{"id":6673,"date":"2025-11-26T08:47:44","date_gmt":"2025-11-26T07:47:44","guid":{"rendered":"https:\/\/speedxperts.com\/product\/heated-car-seat-cover-with-graphene-grey\/"},"modified":"2025-11-26T09:10:46","modified_gmt":"2025-11-26T08:10:46","slug":"lammitetty-auton-istuimen-suojus-grafeeninharmaa","status":"publish","type":"product","link":"https:\/\/speedxperts.com\/fi\/tuote\/lammitetty-auton-istuimen-suojus-grafeeninharmaa\/","title":{"rendered":"L\u00e4mmitett\u00e4v\u00e4 auton istuinsuoja grafeenilla - harmaa"},"content":{"rendered":"<p>Nauti v\u00e4litt\u00f6m\u00e4st\u00e4 l\u00e4mm\u00f6st\u00e4 ja pehme\u00e4st\u00e4 mukavuudesta koko talven t\u00e4m\u00e4n <strong>Grafeeni l\u00e4mmitetty auton istuimen kansi<\/strong>. Pehme\u00e4st\u00e4, l\u00e4mpim\u00e4st\u00e4 fleecest\u00e4 valmistettu ja kehittyneiden grafeenil\u00e4mmityskerrosten avulla toimiva l\u00e4mmitin tuottaa nopeaa ja tasaista l\u00e4mp\u00f6\u00e4 ja suojaa samalla istuintasi. Yhteensopiva sek\u00e4 <strong>12V ja 24V<\/strong> ajoneuvoihin, se sopii erinomaisesti henkil\u00f6autoihin, maastureihin, pakettiautoihin ja kuorma-autoihin.<\/p>\n<p>T\u00e4rkeimm\u00e4t ominaisuudet<\/p>\n<ul>\n<li>\n<p><strong>30 sekunnin nopea l\u00e4mmitys<\/strong><br \/>\n\tKytkeytyy p\u00e4\u00e4lle <strong>korkea tila oletusarvoisesti<\/strong>, joten tunnet l\u00e4mp\u00f6\u00e4 noin <strong>30 sekuntia<\/strong>-t\u00e4ydellinen kylm\u00e4k\u00e4ynnistyksiin ja pitkiin ty\u00f6matkoihin.<\/p>\n<\/li>\n<li>\n<p><strong>\u00c4lyk\u00e4s l\u00e4mp\u00f6tilan s\u00e4\u00e4t\u00f6<\/strong><\/p>\n<ul>\n<li>Alkaa <strong>Korkea (\u224825 W)<\/strong>, ja siirtyy sitten automaattisesti <strong>Keskikokoinen (\u224820 W)<\/strong> noin <strong>10 minuuttia<\/strong> mukavuuden vuoksi.<\/li>\n<li>Kolme tasoa: <strong>Korkea \/ Keskitaso \/ Matala (\u224813 W)<\/strong> digitaalisella \u00e4lykk\u00e4\u00e4ll\u00e4 ohjaimella.<\/li>\n<li>Sis\u00e4\u00e4nrakennettu <strong>50 minuutin ajastin<\/strong> turvallisuussyist\u00e4, jos unohdat kytke\u00e4 sen pois p\u00e4\u00e4lt\u00e4.<\/li>\n<\/ul>\n<\/li>\n<li>\n<p><strong>Grafeenin l\u00e4mmityskerroksen teknologia<\/strong><\/p>\n<ul>\n<li>Kaksi grafeenil\u00e4mmityskerrosta <strong>nopea, tasainen l\u00e4mmitys<\/strong>.<\/li>\n<li>Energiatehokas, joustava, kest\u00e4\u00e4 korkeita l\u00e4mp\u00f6tiloja ja toistuvaa taittamista.<\/li>\n<\/ul>\n<\/li>\n<li>\n<p><strong>Pehme\u00e4 l\u00e4mmin fleece pinta<\/strong><\/p>\n<ul>\n<li>Pehme\u00e4, rakeinen sametti antaa kodikkaan, pehme\u00e4n kosketuksen my\u00f6s silloin, kun l\u00e4mp\u00f6 on pois p\u00e4\u00e4lt\u00e4.<\/li>\n<li>Mukava jokap\u00e4iv\u00e4iseen ajoon syksyll\u00e4 ja talvella.<\/li>\n<\/ul>\n<\/li>\n<li>\n<p><strong>Turvallinen ja helppok\u00e4ytt\u00f6inen<\/strong><\/p>\n<ul>\n<li><strong>Palosuojattu<\/strong> 12V\/24V savukkeensytytinpistoke.<\/li>\n<li>Oikosulkusuojaus ja turvallinen virtaliit\u00e4nt\u00e4.<\/li>\n<li>S\u00e4\u00e4dett\u00e4v\u00e4t solkihihnat auttavat tyyny\u00e4 sopimaan useimpiin istuimiin ja pysym\u00e4\u00e4n paikallaan.<\/li>\n<\/ul>\n<\/li>\n<li>\n<p><strong>Universal 12V \/ 24V yhteensopivuus<\/strong><\/p>\n<ul>\n<li>Sopii useimpiin henkil\u00f6autoihin, maastureihin ja moniin kuorma-autoihin, joissa on <strong>12V tai 24V pistorasiat<\/strong>.<\/li>\n<\/ul>\n<\/li>\n<\/ul>\n<p>Tekniset tiedot<\/p>\n<ul>\n<li>Tuote: L\u00e4mmitetty auton istuimen kansi \/ istuimen l\u00e4mmitysmatto: L\u00e4mmitetty auton istuimen kansi \/ istuimen l\u00e4mmitysmatto<\/li>\n<li>Materiaali: Materiaali: L\u00e4mmin fleece<\/li>\n<li>V\u00e4rit: <strong>Musta, harmaa, oranssi<\/strong><\/li>\n<li>Koko: n. <strong>104 \u00d7 52 cm<\/strong><\/li>\n<li>Tuloj\u00e4nnite: <strong>12\/24 V<\/strong><\/li>\n<li>Tehotasot:\n<ul>\n<li>Korkea: <strong>25 W<\/strong><\/li>\n<li>Medium: <strong>20 W<\/strong><\/li>\n<li>Alhainen: <strong>13 W<\/strong><\/li>\n<\/ul>\n<\/li>\n<\/ul>\n<p>Paranna talviajoa talvella <strong>grafeenivoimalla toimiva, pehme\u00e4 l\u00e4mmitett\u00e4v\u00e4 istuintyyny.<\/strong> joka yhdist\u00e4\u00e4 nopean l\u00e4mmityksen, \u00e4lykk\u00e4\u00e4n s\u00e4\u00e4d\u00f6n ja pehme\u00e4n mukavuuden yhdess\u00e4 yleisp\u00e4\u00e4llisess\u00e4.<\/p>\n<p>&nbsp;<\/p>","protected":false},"excerpt":{"rendered":"<p>Enjoy instant warmth and soft comfort all winter with this Graphene Heated Car Seat Cover. Made from plush, warm fleece and powered by advanced graphene heating layers, it delivers fast, even heat while protecting your seat. Compatible with both 12V and 24V vehicles, it&rsquo;s ideal for cars, SUVs, vans, and trucks. Key Features 30\u2011Second Fast [&hellip;]<\/p>","protected":false},"featured_media":6667,"comment_status":"open","ping_status":"closed","template":"","meta":{"_uag_custom_page_level_css":"","site-sidebar-layout":"default","site-content-layout":"","ast-site-content-layout":"default","site-content-style":"default","site-sidebar-style":"default","ast-global-header-display":"","ast-banner-title-visibility":"","ast-main-header-display":"","ast-hfb-above-header-display":"","ast-hfb-below-header-display":"","ast-hfb-mobile-header-display":"","site-post-title":"","ast-breadcrumbs-content":"","ast-featured-img":"","footer-sml-layout":"","theme-transparent-header-meta":"","adv-header-id-meta":"","stick-header-meta":"","header-above-stick-meta":"","header-main-stick-meta":"","header-below-stick-meta":"","astra-migrate-meta-layouts":"default","ast-page-background-enabled":"default","ast-page-background-meta":{"desktop":{"background-color":"","background-image":"","background-repeat":"repeat","background-position":"center center","background-size":"auto","background-attachment":"scroll","background-type":"","background-media":"","overlay-type":"","overlay-color":"","overlay-opacity":"","overlay-gradient":""},"tablet":{"background-color":"","background-image":"","background-repeat":"repeat","background-position":"center center","background-size":"auto","background-attachment":"scroll","background-type":"","background-media":"","overlay-type":"","overlay-color":"","overlay-opacity":"","overlay-gradient":""},"mobile":{"background-color":"","background-image":"","background-repeat":"repeat","background-position":"center center","background-size":"auto","background-attachment":"scroll","background-type":"","background-media":"","overlay-type":"","overlay-color":"","overlay-opacity":"","overlay-gradient":""}},"ast-content-background-meta":{"desktop":{"background-color":"var(--ast-global-color-5)","background-image":"","background-repeat":"repeat","background-position":"center center","background-size":"auto","background-attachment":"scroll","background-type":"","background-media":"","overlay-type":"","overlay-color":"","overlay-opacity":"","overlay-gradient":""},"tablet":{"background-color":"var(--ast-global-color-5)","background-image":"","background-repeat":"repeat","background-position":"center center","background-size":"auto","background-attachment":"scroll","background-type":"","background-media":"","overlay-type":"","overlay-color":"","overlay-opacity":"","overlay-gradient":""},"mobile":{"background-color":"var(--ast-global-color-5)","background-image":"","background-repeat":"repeat","background-position":"center center","background-size":"auto","background-attachment":"scroll","background-type":"","background-media":"","overlay-type":"","overlay-color":"","overlay-opacity":"","overlay-gradient":""}}},"product_brand":[],"product_cat":[1074,72,227],"product_tag":[],"class_list":{"0":"post-6673","1":"product","2":"type-product","3":"status-publish","4":"has-post-thumbnail","6":"product_cat-heated-seat-covers","7":"product_cat-interior-accessories","8":"product_cat-winter-accessories","9":"desktop-align-left","10":"tablet-align-left","11":"mobile-align-left","12":"ast-product-gallery-layout-horizontal-slider","13":"ast-product-single-variable","14":"ast-product-tabs-layout-horizontal","16":"first","17":"instock","18":"shipping-taxable","19":"purchasable","20":"product-type-variable"},"aioseo_notices":[],"uagb_featured_image_src":{"full":["https:\/\/speedxperts.com\/wp-content\/uploads\/2025\/11\/Sedd78e2693984b42afe7bfcc849630666.webp",800,800,false],"thumbnail":["https:\/\/speedxperts.com\/wp-content\/uploads\/2025\/11\/Sedd78e2693984b42afe7bfcc849630666-150x150.webp",150,150,true],"medium":["https:\/\/speedxperts.com\/wp-content\/uploads\/2025\/11\/Sedd78e2693984b42afe7bfcc849630666-300x300.webp",300,300,true],"medium_large":["https:\/\/speedxperts.com\/wp-content\/uploads\/2025\/11\/Sedd78e2693984b42afe7bfcc849630666-768x768.webp",768,768,true],"large":["https:\/\/speedxperts.com\/wp-content\/uploads\/2025\/11\/Sedd78e2693984b42afe7bfcc849630666.webp",800,800,false],"1536x1536":["https:\/\/speedxperts.com\/wp-content\/uploads\/2025\/11\/Sedd78e2693984b42afe7bfcc849630666.webp",800,800,false],"2048x2048":["https:\/\/speedxperts.com\/wp-content\/uploads\/2025\/11\/Sedd78e2693984b42afe7bfcc849630666.webp",800,800,false],"trp-custom-language-flag":["https:\/\/speedxperts.com\/wp-content\/uploads\/2025\/11\/Sedd78e2693984b42afe7bfcc849630666-12x12.webp",12,12,true],"woocommerce_thumbnail":["https:\/\/speedxperts.com\/wp-content\/uploads\/2025\/11\/Sedd78e2693984b42afe7bfcc849630666-300x300.webp",300,300,true],"woocommerce_single":["https:\/\/speedxperts.com\/wp-content\/uploads\/2025\/11\/Sedd78e2693984b42afe7bfcc849630666-600x600.webp",600,600,true],"woocommerce_gallery_thumbnail":["https:\/\/speedxperts.com\/wp-content\/uploads\/2025\/11\/Sedd78e2693984b42afe7bfcc849630666-100x100.webp",100,100,true]},"uagb_author_info":{"display_name":"Sebastian","author_link":"https:\/\/speedxperts.com\/fi\/author\/"},"uagb_comment_info":0,"uagb_excerpt":"Enjoy instant warmth and soft comfort all winter with this Graphene Heated Car Seat Cover. Made from plush, warm fleece and powered by advanced graphene heating layers, it delivers fast, even heat while protecting your seat. Compatible with both 12V and 24V vehicles, it&rsquo;s ideal for cars, SUVs, vans, and trucks. Key Features 30\u2011Second Fast&hellip;","jetpack_sharing_enabled":true,"_links":{"self":[{"href":"https:\/\/speedxperts.com\/fi\/wp-json\/wp\/v2\/product\/6673","targetHints":{"allow":["GET"]}}],"collection":[{"href":"https:\/\/speedxperts.com\/fi\/wp-json\/wp\/v2\/product"}],"about":[{"href":"https:\/\/speedxperts.com\/fi\/wp-json\/wp\/v2\/types\/product"}],"replies":[{"embeddable":true,"href":"https:\/\/speedxperts.com\/fi\/wp-json\/wp\/v2\/comments?post=6673"}],"wp:featuredmedia":[{"embeddable":true,"href":"https:\/\/speedxperts.com\/fi\/wp-json\/wp\/v2\/media\/6667"}],"wp:attachment":[{"href":"https:\/\/speedxperts.com\/fi\/wp-json\/wp\/v2\/media?parent=6673"}],"wp:term":[{"taxonomy":"product_brand","embeddable":true,"href":"https:\/\/speedxperts.com\/fi\/wp-json\/wp\/v2\/product_brand?post=6673"},{"taxonomy":"product_cat","embeddable":true,"href":"https:\/\/speedxperts.com\/fi\/wp-json\/wp\/v2\/product_cat?post=6673"},{"taxonomy":"product_tag","embeddable":true,"href":"https:\/\/speedxperts.com\/fi\/wp-json\/wp\/v2\/product_tag?post=6673"}],"curies":[{"name":"wp","href":"https:\/\/api.w.org\/{rel}","templated":true}]}}