{"id":6711,"date":"2025-11-26T08:48:44","date_gmt":"2025-11-26T07:48:44","guid":{"rendered":"https:\/\/speedxperts.com\/product\/automatic-heated-car-seat-cushion-12v-beige\/"},"modified":"2026-01-06T13:36:59","modified_gmt":"2026-01-06T12:36:59","slug":"automaattinen-lammitettava-auton-istuintyyny-12v-beige","status":"publish","type":"product","link":"https:\/\/speedxperts.com\/fi\/tuote\/automaattinen-lammitettava-auton-istuintyyny-12v-beige\/","title":{"rendered":"Automaattinen l\u00e4mmitett\u00e4v\u00e4 auton istuintyyny 12V - Beige"},"content":{"rendered":"<p>Kylm\u00e4k\u00e4ynnistykset muuttuvat miellytt\u00e4viksi ajomatkoiksi t\u00e4m\u00e4n <strong>12V automaattinen l\u00e4mmitett\u00e4v\u00e4 auton istuimen suojus<\/strong>, suunniteltu sopimaan useimpiin tavallisiin turvaistuimiin. Nopea, tasainen l\u00e4mmitys ja kolme s\u00e4\u00e4dett\u00e4v\u00e4\u00e4 l\u00e4mp\u00f6tilatasoa pit\u00e4v\u00e4t selk\u00e4si ja lantiosi l\u00e4mpim\u00e4n\u00e4 vain muutamassa sekunnissa - ihanteellinen syksyn ja talven ty\u00f6matkoilla.<\/p>\n<p>T\u00e4rkeimm\u00e4t ominaisuudet<\/p>\n<ul>\n<li><strong>Nopea automaattinen l\u00e4mmitys<\/strong><br \/>\nL\u00e4mpi\u00e4\u00e4 sekunneissa ja jakaa l\u00e4mp\u00f6\u00e4 laajalle alueelle istuimessa ja selk\u00e4nojassa koko kehon mukavuutta varten.<\/li>\n<li><strong>3-tasoinen l\u00e4mp\u00f6tilan s\u00e4\u00e4t\u00f6<\/strong><br \/>\nHelppok\u00e4ytt\u00f6inen ohjain:<\/p>\n<ul>\n<li>Taso I: n. <strong>45\u00b0C<\/strong><\/li>\n<li>Taso II: n. <strong>55\u00b0C<\/strong><\/li>\n<li>Taso III: n. <strong>65\u00b0C<\/strong> (kehon tuntema l\u00e4mp\u00f6tila noin 45-48 \u00b0C).<br \/>\nValitse haluamasi l\u00e4mp\u00f6 yksinkertaisella l\u00e4mp\u00f6tilan s\u00e4\u00e4t\u00f6painikkeella ja selkeill\u00e4 vaihteen merkkivaloilla.<\/li>\n<\/ul>\n<\/li>\n<li><strong>Automaattinen virrankatkaisu Turvallisuus<\/strong><br \/>\nTyyny kytkeytyy automaattisesti pois p\u00e4\u00e4lt\u00e4 noin <strong>50 minuuttia<\/strong> l\u00e4mmitys. Jos tarvitset lis\u00e4\u00e4 l\u00e4mp\u00f6\u00e4, paina vain virtakytkinpainiketta uudelleen.<\/li>\n<li><strong>Universal 12V-24V yhteensopivuus<\/strong><br \/>\nLiittyy ajoneuvon <strong>12V tupakansytytinliit\u00e4nt\u00e4<\/strong> (ohjaimessa on my\u00f6s merkint\u00e4 12V-24V), joten se sopii useimpiin autoihin.<\/li>\n<li><strong>Turvallinen, liukumaton asennus<\/strong>\n<ul>\n<li>Solkihihna ymp\u00e4rill\u00e4 <strong>niskatuki<\/strong><\/li>\n<li>Keskimm\u00e4iset hihnat kiinnittyv\u00e4t <strong>istuimen selk\u00e4noja<\/strong><\/li>\n<li>Pohjan koukkujen kiinnitys <strong>istuimen alla<\/strong><\/li>\n<li>Liukumaton tausta est\u00e4\u00e4 liukumista<br \/>\nNoudata yksinkertaista asennusmenetelm\u00e4\u00e4, niin saat tiiviin ja turvallisen kiinnityksen muutamassa minuutissa.<\/li>\n<\/ul>\n<\/li>\n<li><strong>Turvallinen ja mukava muotoilu<\/strong>\n<ul>\n<li>Tasainen l\u00e4mm\u00f6njako kuumien kohtien v\u00e4ltt\u00e4miseksi<\/li>\n<li>Ylikuumenemissuoja ja turvakytkin<\/li>\n<li>Onko <strong>ei h\u00e4iritse turvatyynyn laukeamista<\/strong><\/li>\n<li>Pehme\u00e4, mukava pinta jokap\u00e4iv\u00e4iseen k\u00e4ytt\u00f6\u00f6n<\/li>\n<\/ul>\n<\/li>\n<\/ul>\n<p>&nbsp;<\/p>","protected":false},"excerpt":{"rendered":"<p>Turn cold starts into comfortable drives with this 12V automatic heated car seat cover, designed to fit most standard car seats. With fast, even heating and three adjustable temperature levels, it keeps your back and hips warm in just a few seconds\u2014ideal for autumn and winter commuting. Key Features Fast Automatic Heating Heats up in [&hellip;]<\/p>","protected":false},"featured_media":6709,"comment_status":"open","ping_status":"closed","template":"","meta":{"_uag_custom_page_level_css":"","site-sidebar-layout":"default","site-content-layout":"","ast-site-content-layout":"default","site-content-style":"default","site-sidebar-style":"default","ast-global-header-display":"","ast-banner-title-visibility":"","ast-main-header-display":"","ast-hfb-above-header-display":"","ast-hfb-below-header-display":"","ast-hfb-mobile-header-display":"","site-post-title":"","ast-breadcrumbs-content":"","ast-featured-img":"","footer-sml-layout":"","theme-transparent-header-meta":"default","adv-header-id-meta":"","stick-header-meta":"","header-above-stick-meta":"","header-main-stick-meta":"","header-below-stick-meta":"","astra-migrate-meta-layouts":"set","ast-page-background-enabled":"default","ast-page-background-meta":{"desktop":{"background-color":"","background-image":"","background-repeat":"repeat","background-position":"center center","background-size":"auto","background-attachment":"scroll","background-type":"","background-media":"","overlay-type":"","overlay-color":"","overlay-opacity":"","overlay-gradient":""},"tablet":{"background-color":"","background-image":"","background-repeat":"repeat","background-position":"center center","background-size":"auto","background-attachment":"scroll","background-type":"","background-media":"","overlay-type":"","overlay-color":"","overlay-opacity":"","overlay-gradient":""},"mobile":{"background-color":"","background-image":"","background-repeat":"repeat","background-position":"center center","background-size":"auto","background-attachment":"scroll","background-type":"","background-media":"","overlay-type":"","overlay-color":"","overlay-opacity":"","overlay-gradient":""}},"ast-content-background-meta":{"desktop":{"background-color":"var(--ast-global-color-5)","background-image":"","background-repeat":"repeat","background-position":"center center","background-size":"auto","background-attachment":"scroll","background-type":"","background-media":"","overlay-type":"","overlay-color":"","overlay-opacity":"","overlay-gradient":""},"tablet":{"background-color":"var(--ast-global-color-5)","background-image":"","background-repeat":"repeat","background-position":"center center","background-size":"auto","background-attachment":"scroll","background-type":"","background-media":"","overlay-type":"","overlay-color":"","overlay-opacity":"","overlay-gradient":""},"mobile":{"background-color":"var(--ast-global-color-5)","background-image":"","background-repeat":"repeat","background-position":"center center","background-size":"auto","background-attachment":"scroll","background-type":"","background-media":"","overlay-type":"","overlay-color":"","overlay-opacity":"","overlay-gradient":""}}},"product_brand":[],"product_cat":[1074,72,227],"product_tag":[],"class_list":{"0":"post-6711","1":"product","2":"type-product","3":"status-publish","4":"has-post-thumbnail","6":"product_cat-heated-seat-covers","7":"product_cat-interior-accessories","8":"product_cat-winter-accessories","9":"desktop-align-left","10":"tablet-align-left","11":"mobile-align-left","12":"ast-product-gallery-layout-horizontal-slider","13":"ast-product-single-variable","14":"ast-product-tabs-layout-horizontal","16":"first","17":"instock","18":"shipping-taxable","19":"purchasable","20":"product-type-variable"},"aioseo_notices":[],"uagb_featured_image_src":{"full":["https:\/\/speedxperts.com\/wp-content\/uploads\/2025\/11\/Sb64e20fddad3465587bd6c5750af65e0f.webp",1600,1600,false],"thumbnail":["https:\/\/speedxperts.com\/wp-content\/uploads\/2025\/11\/Sb64e20fddad3465587bd6c5750af65e0f-150x150.webp",150,150,true],"medium":["https:\/\/speedxperts.com\/wp-content\/uploads\/2025\/11\/Sb64e20fddad3465587bd6c5750af65e0f-300x300.webp",300,300,true],"medium_large":["https:\/\/speedxperts.com\/wp-content\/uploads\/2025\/11\/Sb64e20fddad3465587bd6c5750af65e0f-768x768.webp",768,768,true],"large":["https:\/\/speedxperts.com\/wp-content\/uploads\/2025\/11\/Sb64e20fddad3465587bd6c5750af65e0f-1024x1024.webp",1024,1024,true],"1536x1536":["https:\/\/speedxperts.com\/wp-content\/uploads\/2025\/11\/Sb64e20fddad3465587bd6c5750af65e0f-1536x1536.webp",1536,1536,true],"2048x2048":["https:\/\/speedxperts.com\/wp-content\/uploads\/2025\/11\/Sb64e20fddad3465587bd6c5750af65e0f.webp",1600,1600,false],"trp-custom-language-flag":["https:\/\/speedxperts.com\/wp-content\/uploads\/2025\/11\/Sb64e20fddad3465587bd6c5750af65e0f-12x12.webp",12,12,true],"woocommerce_thumbnail":["https:\/\/speedxperts.com\/wp-content\/uploads\/2025\/11\/Sb64e20fddad3465587bd6c5750af65e0f-300x300.webp",300,300,true],"woocommerce_single":["https:\/\/speedxperts.com\/wp-content\/uploads\/2025\/11\/Sb64e20fddad3465587bd6c5750af65e0f-600x600.webp",600,600,true],"woocommerce_gallery_thumbnail":["https:\/\/speedxperts.com\/wp-content\/uploads\/2025\/11\/Sb64e20fddad3465587bd6c5750af65e0f-100x100.webp",100,100,true]},"uagb_author_info":{"display_name":"Sebastian","author_link":"https:\/\/speedxperts.com\/fi\/author\/"},"uagb_comment_info":0,"uagb_excerpt":"Turn cold starts into comfortable drives with this 12V automatic heated car seat cover, designed to fit most standard car seats. With fast, even heating and three adjustable temperature levels, it keeps your back and hips warm in just a few seconds\u2014ideal for autumn and winter commuting. Key Features Fast Automatic Heating Heats up in&hellip;","jetpack_sharing_enabled":true,"_links":{"self":[{"href":"https:\/\/speedxperts.com\/fi\/wp-json\/wp\/v2\/product\/6711","targetHints":{"allow":["GET"]}}],"collection":[{"href":"https:\/\/speedxperts.com\/fi\/wp-json\/wp\/v2\/product"}],"about":[{"href":"https:\/\/speedxperts.com\/fi\/wp-json\/wp\/v2\/types\/product"}],"replies":[{"embeddable":true,"href":"https:\/\/speedxperts.com\/fi\/wp-json\/wp\/v2\/comments?post=6711"}],"wp:featuredmedia":[{"embeddable":true,"href":"https:\/\/speedxperts.com\/fi\/wp-json\/wp\/v2\/media\/6709"}],"wp:attachment":[{"href":"https:\/\/speedxperts.com\/fi\/wp-json\/wp\/v2\/media?parent=6711"}],"wp:term":[{"taxonomy":"product_brand","embeddable":true,"href":"https:\/\/speedxperts.com\/fi\/wp-json\/wp\/v2\/product_brand?post=6711"},{"taxonomy":"product_cat","embeddable":true,"href":"https:\/\/speedxperts.com\/fi\/wp-json\/wp\/v2\/product_cat?post=6711"},{"taxonomy":"product_tag","embeddable":true,"href":"https:\/\/speedxperts.com\/fi\/wp-json\/wp\/v2\/product_tag?post=6711"}],"curies":[{"name":"wp","href":"https:\/\/api.w.org\/{rel}","templated":true}]}}