{"id":3039,"date":"2024-10-10T06:56:42","date_gmt":"2024-10-10T06:56:42","guid":{"rendered":"https:\/\/speedxperts.com\/product\/mongoose-j2534-pro-tool-for-volvo-toyota-lexus-jlr\/"},"modified":"2026-04-28T07:26:31","modified_gmt":"2026-04-28T06:26:31","slug":"mongoose-j2534-pro-tool-for-volvo-toyota-lexus-jlr","status":"publish","type":"product","link":"https:\/\/speedxperts.com\/fr\/produit\/mongoose-j2534-pro-tool-for-volvo-toyota-lexus-jlr\/","title":{"rendered":"Mongose J2534 Pro Tool for Volvo, Toyota, Lexus, JLR"},"content":{"rendered":"<p>You will get the installation guide and download link\u00a0after purchase.<\/p>\n<p><strong>Don&#8217;t know which Diagnostic tool to choose for Volvo cars?<\/strong> <a href=\"https:\/\/speedxperts.com\/fr\/comment-choisir-le-bon-outil-de-diagnostic-volvo\/\">Voir notre comparaison d\u00e9taill\u00e9e !<\/a><\/p>\n<p><strong>\u2705 Compatibilit\u00e9 \u00e9tendue avec les v\u00e9hicules :<\/strong><\/p>\n<ul>\n<li><strong>Jaguar :<\/strong> 2005-2016<\/li>\n<li><strong>Land Rover :<\/strong> 2005-2016<\/li>\n<li><strong>Toyota :<\/strong> 1996-2022<\/li>\n<li><strong>Lexus :<\/strong> 1996-2022<\/li>\n<li><strong>Volvo :<\/strong> 1999-2014 (VIDA)<\/li>\n<li><strong>Volvo :<\/strong> 1998-2024 (VDASH D5T5)<\/li>\n<\/ul>\n<p><strong>Versions du logiciel :<\/strong><\/p>\n<ul>\n<li><strong>JLR SDD :<\/strong> V164 - non inclus<\/li>\n<li><strong>Volvo Vida :<\/strong> 2014D - VirtualBox (Windows et MacOS)<\/li>\n<li><strong>Volvo Vida :<\/strong> 2014D - pour Windows 7, 10, 11<\/li>\n<li><strong>Toyota TIS Techstream :<\/strong> 17 (<em>Prise en charge de Windows 10, 64 bits<\/em>)<\/li>\n<\/ul>\n<p><strong>\u2705 Note importante :<\/strong> Il s'agit d'un clone de haute qualit\u00e9 de l'outil original Mongoose. Ces logiciels ne peuvent pas \u00eatre install\u00e9s sur le m\u00eame ordinateur. Veuillez vous assurer que vous disposez d'au moins deux ordinateurs distincts pour l'installation.<\/p>\n<h3>Scanner 3 en 1 JLR Cable Caract\u00e9ristiques :<\/h3>\n<ol>\n<li>Prend en charge les diagnostics pour <strong>OBD II<\/strong> \u00e0 partir de 1996.<\/li>\n<li>Poign\u00e9es <strong>diagnostic et reprogrammation de la flash<\/strong> pour les protocoles CAN, J1850VPW et ISO9141\/KWP2000.<\/li>\n<li>Alimentation par USB, compatible avec divers syst\u00e8mes d'exploitation Windows (de Windows 2000 \u00e0 Windows 7).<\/li>\n<\/ol>\n<p><strong>Protocoles pris en charge :<\/strong><\/p>\n<ul>\n<li>J1850PWM \/ SCP<\/li>\n<li>ISO9141 \/ KWP2000<\/li>\n<li>Bus CAN (ISO 15765, GMLAN, ISO14229)<\/li>\n<\/ul>\n<h3>Caract\u00e9ristiques de Toyota et Lexus TIS Techstream :<\/h3>\n<ol>\n<li><strong>Diagnostics personnalisables<\/strong> pour les v\u00e9hicules de 1996 \u00e0 aujourd'hui.<\/li>\n<li>Soutien <strong>reprogrammation flash<\/strong> et des contr\u00f4les de sant\u00e9 des v\u00e9hicules.<\/li>\n<li>Compatible avec diff\u00e9rents protocoles, notamment <strong>K-Line ISO 9141<\/strong> et <strong>SAE J1850 PWM<\/strong>.<\/li>\n<\/ol>\n<h3>Volvo Vida Fonctions :<\/h3>\n<ol>\n<li>Fonctions de diagnostic compl\u00e8tes, couvrant tout, des syst\u00e8mes moteurs aux freins et \u00e0 la suspension.<\/li>\n<li>Fournit <strong>informations sur les r\u00e9parations et les pi\u00e8ces de rechange<\/strong> pour un d\u00e9pannage pr\u00e9cis.<\/li>\n<li>Soutient \u00e9galement le programme VDASH du D5T5.<\/li>\n<\/ol>\n<p>&nbsp;<\/p>","protected":false},"excerpt":{"rendered":"<p>Les <strong>Mangouste J2534<\/strong> est un outil de diagnostic et de reprogrammation polyvalent, parfait pour les marques de v\u00e9hicules telles que Toyota, Lexus, Jaguar, Land Rover et Volvo. Il prend en charge <strong>J2534 Reprogrammation du calculateur<\/strong> et offre une compatibilit\u00e9 avec des logiciels professionnels tels que <strong>Toyota Techstream<\/strong>, <strong>JLR SDD<\/strong>et <strong>Volvo VIDA<\/strong>. Id\u00e9al pour les professionnels et les bricoleurs, il permet un diagnostic et une reprogrammation fiables pour une large gamme de v\u00e9hicules.<\/p>","protected":false},"featured_media":3023,"comment_status":"open","ping_status":"closed","template":"","meta":{"_uag_custom_page_level_css":"","site-sidebar-layout":"default","site-content-layout":"","ast-site-content-layout":"default","site-content-style":"default","site-sidebar-style":"default","ast-global-header-display":"","ast-banner-title-visibility":"","ast-main-header-display":"","ast-hfb-above-header-display":"","ast-hfb-below-header-display":"","ast-hfb-mobile-header-display":"","site-post-title":"","ast-breadcrumbs-content":"","ast-featured-img":"","footer-sml-layout":"","ast-disable-related-posts":"","theme-transparent-header-meta":"default","adv-header-id-meta":"","stick-header-meta":"","header-above-stick-meta":"","header-main-stick-meta":"","header-below-stick-meta":"","astra-migrate-meta-layouts":"set","ast-page-background-enabled":"default","ast-page-background-meta":{"desktop":{"background-color":"","background-image":"","background-repeat":"repeat","background-position":"center center","background-size":"auto","background-attachment":"scroll","background-type":"","background-media":"","overlay-type":"","overlay-color":"","overlay-opacity":"","overlay-gradient":""},"tablet":{"background-color":"","background-image":"","background-repeat":"repeat","background-position":"center center","background-size":"auto","background-attachment":"scroll","background-type":"","background-media":"","overlay-type":"","overlay-color":"","overlay-opacity":"","overlay-gradient":""},"mobile":{"background-color":"","background-image":"","background-repeat":"repeat","background-position":"center center","background-size":"auto","background-attachment":"scroll","background-type":"","background-media":"","overlay-type":"","overlay-color":"","overlay-opacity":"","overlay-gradient":""}},"ast-content-background-meta":{"desktop":{"background-color":"var(--ast-global-color-5)","background-image":"","background-repeat":"repeat","background-position":"center center","background-size":"auto","background-attachment":"scroll","background-type":"","background-media":"","overlay-type":"","overlay-color":"","overlay-opacity":"","overlay-gradient":""},"tablet":{"background-color":"var(--ast-global-color-5)","background-image":"","background-repeat":"repeat","background-position":"center center","background-size":"auto","background-attachment":"scroll","background-type":"","background-media":"","overlay-type":"","overlay-color":"","overlay-opacity":"","overlay-gradient":""},"mobile":{"background-color":"var(--ast-global-color-5)","background-image":"","background-repeat":"repeat","background-position":"center center","background-size":"auto","background-attachment":"scroll","background-type":"","background-media":"","overlay-type":"","overlay-color":"","overlay-opacity":"","overlay-gradient":""}}},"product_brand":[],"product_cat":[70],"product_tag":[82,81,79],"class_list":{"0":"post-3039","1":"product","2":"type-product","3":"status-publish","4":"has-post-thumbnail","6":"product_cat-diagnostic-tools","7":"product_tag-lexus","8":"product_tag-toyota","9":"product_tag-volvo","10":"desktop-align-left","11":"tablet-align-left","12":"mobile-align-left","13":"ast-product-gallery-layout-horizontal-slider","14":"ast-product-tabs-layout-horizontal","16":"first","17":"instock","18":"shipping-taxable","19":"purchasable","20":"product-type-simple"},"aioseo_notices":[],"uagb_featured_image_src":{"full":["https:\/\/speedxperts.com\/wp-content\/uploads\/2024\/10\/S76d5a03be2a14275bd85be59336dad48d.webp",1000,1000,false],"thumbnail":["https:\/\/speedxperts.com\/wp-content\/uploads\/2024\/10\/S76d5a03be2a14275bd85be59336dad48d-150x150.webp",150,150,true],"medium":["https:\/\/speedxperts.com\/wp-content\/uploads\/2024\/10\/S76d5a03be2a14275bd85be59336dad48d-300x300.webp",300,300,true],"medium_large":["https:\/\/speedxperts.com\/wp-content\/uploads\/2024\/10\/S76d5a03be2a14275bd85be59336dad48d-768x768.webp",768,768,true],"large":["https:\/\/speedxperts.com\/wp-content\/uploads\/2024\/10\/S76d5a03be2a14275bd85be59336dad48d.webp",1000,1000,false],"1536x1536":["https:\/\/speedxperts.com\/wp-content\/uploads\/2024\/10\/S76d5a03be2a14275bd85be59336dad48d.webp",1000,1000,false],"2048x2048":["https:\/\/speedxperts.com\/wp-content\/uploads\/2024\/10\/S76d5a03be2a14275bd85be59336dad48d.webp",1000,1000,false],"trp-custom-language-flag":["https:\/\/speedxperts.com\/wp-content\/uploads\/2024\/10\/S76d5a03be2a14275bd85be59336dad48d.webp",12,12,false],"woocommerce_thumbnail":["https:\/\/speedxperts.com\/wp-content\/uploads\/2024\/10\/S76d5a03be2a14275bd85be59336dad48d-300x300.webp",300,300,true],"woocommerce_single":["https:\/\/speedxperts.com\/wp-content\/uploads\/2024\/10\/S76d5a03be2a14275bd85be59336dad48d-600x600.webp",600,600,true],"woocommerce_gallery_thumbnail":["https:\/\/speedxperts.com\/wp-content\/uploads\/2024\/10\/S76d5a03be2a14275bd85be59336dad48d-100x100.webp",100,100,true]},"uagb_author_info":{"display_name":"Sebastian","author_link":"https:\/\/speedxperts.com\/fr\/author\/"},"uagb_comment_info":8,"uagb_excerpt":"The Mongoose J2534 is a versatile diagnostic and reprogramming tool, perfect for vehicle brands like Toyota, Lexus, Jaguar, Land Rover, and Volvo. It supports J2534 ECU reprogramming and offers compatibility with professional software like Toyota Techstream, JLR SDD, and Volvo VIDA. Ideal for both professionals and DIYers, it provides reliable diagnostics and reprogramming for a\u2026","jetpack_sharing_enabled":true,"_links":{"self":[{"href":"https:\/\/speedxperts.com\/fr\/wp-json\/wp\/v2\/product\/3039","targetHints":{"allow":["GET"]}}],"collection":[{"href":"https:\/\/speedxperts.com\/fr\/wp-json\/wp\/v2\/product"}],"about":[{"href":"https:\/\/speedxperts.com\/fr\/wp-json\/wp\/v2\/types\/product"}],"replies":[{"embeddable":true,"href":"https:\/\/speedxperts.com\/fr\/wp-json\/wp\/v2\/comments?post=3039"}],"wp:featuredmedia":[{"embeddable":true,"href":"https:\/\/speedxperts.com\/fr\/wp-json\/wp\/v2\/media\/3023"}],"wp:attachment":[{"href":"https:\/\/speedxperts.com\/fr\/wp-json\/wp\/v2\/media?parent=3039"}],"wp:term":[{"taxonomy":"product_brand","embeddable":true,"href":"https:\/\/speedxperts.com\/fr\/wp-json\/wp\/v2\/product_brand?post=3039"},{"taxonomy":"product_cat","embeddable":true,"href":"https:\/\/speedxperts.com\/fr\/wp-json\/wp\/v2\/product_cat?post=3039"},{"taxonomy":"product_tag","embeddable":true,"href":"https:\/\/speedxperts.com\/fr\/wp-json\/wp\/v2\/product_tag?post=3039"}],"curies":[{"name":"wp","href":"https:\/\/api.w.org\/{rel}","templated":true}]}}