{"id":3071,"date":"2024-10-10T06:57:36","date_gmt":"2024-10-10T06:57:36","guid":{"rendered":"https:\/\/speedxperts.com\/product\/delphi-ds150e-multi-brand-diagnostic-tool-2\/"},"modified":"2026-04-27T13:15:39","modified_gmt":"2026-04-27T12:15:39","slug":"delphi-ds150e-multi-brand-diagnostic-tool-2","status":"publish","type":"product","link":"https:\/\/speedxperts.com\/fr\/produit\/delphi-ds150e-multi-brand-diagnostic-tool-2\/","title":{"rendered":"Delfi DS150e 2PCB | Outil de diagnostic multimarque"},"content":{"rendered":"<p><strong>Inclut le logiciel Cars and Trucks 2021<\/strong>: Le logiciel est inclus, fournissant des capacit\u00e9s de diagnostic compl\u00e8tes pour les voitures et les camions. Vous recevrez le guide d'installation et <strong>lien de t\u00e9l\u00e9chargement <\/strong>en fichier PDF apr\u00e8s l'achat.<\/p>\n<hr \/>\n<h4>Caract\u00e9ristiques principales :<\/h4>\n<ul>\n<li><strong>Une alternative de haute qualit\u00e9<\/strong>: Il s'agit d'une alternative de haute qualit\u00e9 au scanner DS150, offrant les m\u00eames fonctionnalit\u00e9s de diagnostic avanc\u00e9es \u00e0 un prix plus abordable.<\/li>\n<li><strong>Version double PCB : <\/strong>Outil de diagnostic construit avec deux circuits imprim\u00e9s de haute qualit\u00e9 pour une meilleure stabilit\u00e9, une meilleure dissipation de la chaleur et une communication plus fiable avec le v\u00e9hicule.<\/li>\n<li><strong>Version Bluetooth :<\/strong> Utilisez votre outil sans aucun c\u00e2ble reli\u00e9 \u00e0 votre ordinateur.<\/li>\n<li><strong>Soutien multimarques<\/strong>: Prend en charge un large \u00e9ventail de marques de voitures et de camions, ce qui en fait une solution tout-en-un pour un usage personnel et professionnel.<\/li>\n<li><strong>Logiciel 2021 Cars and Trucks inclus<\/strong>: Livr\u00e9 avec la version 2021 du logiciel Cars &amp; Trucks, couvrant la plupart des marques et mod\u00e8les de v\u00e9hicules.<\/li>\n<li><strong>Diagnostic complet<\/strong>: Lit et efface les codes de diagnostic, v\u00e9rifie les capteurs et offre des fonctionnalit\u00e9s avanc\u00e9es telles que l'activation des composants, la programmation de l'ECU, etc.<\/li>\n<li><strong>Support OBD2<\/strong>: Compatible avec l'OBD2 pour les voitures et les camions, assurant une large couverture pour les v\u00e9hicules modernes.<\/li>\n<li><strong>Guide d'installation d\u00e9taill\u00e9<\/strong>: Un guide d'installation du logiciel \u00e9tape par \u00e9tape est fourni, ce qui facilite la mise en place et l'utilisation.<\/li>\n<\/ul>\n<hr \/>\n<h4>V\u00e9hicules pris en charge :<\/h4>\n<ul>\n<li><strong>Voitures<\/strong>: Prend en charge la plupart des v\u00e9hicules europ\u00e9ens, am\u00e9ricains et asiatiques \u00e0 partir de 1996.<\/li>\n<li><strong>Camions<\/strong>: Permet \u00e9galement de diagnostiquer la plupart des camions, y compris les v\u00e9hicules lourds.<\/li>\n<\/ul>\n<p><strong>Remarque : Cet outil peut ne pas \u00eatre compatible avec certaines voitures et certains camions. En particulier les voitures jusqu'\u00e0 l'ann\u00e9e 2002 et les voitures BMW des s\u00e9ries E, F et G. Pour une compatibilit\u00e9 maximale, achetez <a href=\"https:\/\/speedxperts.com\/fr\/produit\/wurth-wow-snooper-premium-tool-1pcb-version-multi-brand-diagnostic-tool\/\">1PCB Premium Tool<\/a>.<\/strong><\/p>\n<hr \/>\n<h4>Le paquet comprend :<\/h4>\n<ul>\n<li>1 x <strong>Scanner multimarque Delfi DS150 Bluetooth (Clone de haute qualit\u00e9)<\/strong><\/li>\n<li>1 x <strong>C\u00e2ble USB<\/strong><\/li>\n<li>1 x <strong>Lien de t\u00e9l\u00e9chargement du logiciel Cars and Trucks 2021<\/strong><\/li>\n<li>1 x <strong>Guide d'installation d\u00e9taill\u00e9<\/strong><\/li>\n<\/ul>\n<p><strong>8 c\u00e2bles de voiture Combo :\u00a0<\/strong><\/p>\n<ul>\n<li data-start=\"67\" data-end=\"175\"><strong data-start=\"70\" data-end=\"90\">C\u00e2ble PSA 30-PIN<\/strong> \u2192 Pour <strong data-start=\"97\" data-end=\"108\">Peugeot<\/strong> et <strong data-start=\"113\" data-end=\"124\" data-is-only-node=\"\">Citro\u00ebn<\/strong> les v\u00e9hicules dot\u00e9s d'un <strong data-start=\"141\" data-end=\"151\">30 broches<\/strong> connecteur de diagnostic.<\/li>\n<li data-start=\"176\" data-end=\"286\"><strong data-start=\"179\" data-end=\"198\">C\u00e2ble PSA 2-PIN<\/strong> \u2192 Pour <strong data-start=\"205\" data-end=\"216\">Peugeot<\/strong> et <strong data-start=\"221\" data-end=\"232\" data-is-only-node=\"\">Citro\u00ebn<\/strong> les anciens mod\u00e8les dot\u00e9s d'un <strong data-start=\"253\" data-end=\"262\">2 broches<\/strong> connecteur de diagnostic.<\/li>\n<li data-start=\"287\" data-end=\"390\"><strong data-start=\"290\" data-end=\"318\">C\u00e2ble Audi 2-PIN + 2-PIN<\/strong> \u2192 Pour <strong data-start=\"325\" data-end=\"339\">Ancienne Audi<\/strong> v\u00e9hicules utilisant un <strong data-start=\"357\" data-end=\"371\" data-is-only-node=\"\">double 2 broches<\/strong> configuration du connecteur.<\/li>\n<li data-start=\"391\" data-end=\"503\"><strong data-start=\"394\" data-end=\"424\">C\u00e2ble Mercedes-Benz \u00e0 38 broches<\/strong> \u2192 Pour <strong data-start=\"431\" data-end=\"448\">Mercedes-Benz<\/strong> mod\u00e8les avec un <strong data-start=\"463\" data-end=\"479\" data-is-only-node=\"\">38 broches rondes<\/strong> connecteur de diagnostic.<\/li>\n<li data-start=\"504\" data-end=\"620\"><strong data-start=\"507\" data-end=\"527\">C\u00e2ble BMW 20-PIN<\/strong> \u2192 Pour <strong data-start=\"534\" data-end=\"541\">BMW<\/strong> les v\u00e9hicules dot\u00e9s d'un <strong data-start=\"558\" data-end=\"574\" data-is-only-node=\"\">20 broches rondes<\/strong> port de diagnostic, g\u00e9n\u00e9ralement pour les mod\u00e8les ant\u00e9rieurs \u00e0 2001.<\/li>\n<li data-start=\"621\" data-end=\"711\"><strong data-start=\"624\" data-end=\"645\">C\u00e2ble Opel 10-PIN<\/strong> \u2192 Pour <strong data-start=\"652\" data-end=\"660\">Opel<\/strong> les v\u00e9hicules dot\u00e9s d'un <strong data-start=\"677\" data-end=\"687\" data-is-only-node=\"\">10 broches<\/strong> connecteur de diagnostic.<\/li>\n<li data-start=\"712\" data-end=\"827\"><strong data-start=\"715\" data-end=\"735\">C\u00e2ble 3-PIN Fiat<\/strong> \u2192 Pour <strong data-start=\"742\" data-end=\"750\">Fiat<\/strong> les v\u00e9hicules dot\u00e9s d'un <strong data-start=\"767\" data-end=\"776\" data-is-only-node=\"\">3 broches<\/strong> port de diagnostic, g\u00e9n\u00e9ralement pr\u00e9sent dans les anciens mod\u00e8les<\/li>\n<li data-start=\"712\" data-end=\"827\"><strong>C\u00e2ble d'alimentation<\/strong><\/li>\n<\/ul>\n<p><strong>8 c\u00e2bles de camion Combo :<\/strong><\/p>\n<ul>\n<li data-start=\"56\" data-end=\"139\"><strong data-start=\"59\" data-end=\"94\">C\u00e2ble de remorque 7 broches Knorr-Wabco<\/strong> \u2192 Pour <strong data-start=\"101\" data-end=\"116\">Knorr-Wabco<\/strong> diagnostic de la remorque.<\/li>\n<li data-start=\"140\" data-end=\"226\"><strong data-start=\"143\" data-end=\"163\">C\u00e2ble MAN 12 broches<\/strong> \u2192 Pour <strong data-start=\"170\" data-end=\"177\">MAN<\/strong> camions avec un <strong data-start=\"192\" data-end=\"202\" data-is-only-node=\"\">12 broches<\/strong> connecteur de diagnostic.<\/li>\n<li data-start=\"227\" data-end=\"313\"><strong data-start=\"230\" data-end=\"250\">C\u00e2ble MAN 37-PIN<\/strong> \u2192 Pour <strong data-start=\"257\" data-end=\"264\">MAN<\/strong> camions avec un <strong data-start=\"279\" data-end=\"289\" data-is-only-node=\"\">37 broches<\/strong> connecteur de diagnostic.<\/li>\n<li data-start=\"314\" data-end=\"406\"><strong data-start=\"317\" data-end=\"339\">C\u00e2ble IVECO 30-PIN<\/strong> \u2192 Pour <strong data-start=\"346\" data-end=\"355\">IVECO<\/strong> les v\u00e9hicules dot\u00e9s d'un <strong data-start=\"372\" data-end=\"382\" data-is-only-node=\"\">30 broches<\/strong> connecteur de diagnostic.<\/li>\n<li data-start=\"407\" data-end=\"499\"><strong data-start=\"410\" data-end=\"433\">C\u00e2ble Scania 16 broches<\/strong> \u2192 Pour <strong data-start=\"440\" data-end=\"450\">Scania<\/strong> camions avec un <strong data-start=\"465\" data-end=\"475\" data-is-only-node=\"\">16 broches<\/strong> connecteur de diagnostic.<\/li>\n<li data-start=\"500\" data-end=\"606\"><strong data-start=\"503\" data-end=\"533\">C\u00e2ble 14 broches Mercedes-Benz<\/strong> \u2192 Pour <strong data-start=\"540\" data-end=\"557\">Mercedes-Benz<\/strong> camions avec un <strong data-start=\"572\" data-end=\"582\" data-is-only-node=\"\">14 broches<\/strong> connecteur de diagnostic.<\/li>\n<li data-start=\"607\" data-end=\"701\"><strong data-start=\"610\" data-end=\"634\">C\u00e2ble Renault 12-PIN<\/strong> \u2192 Pour <strong data-start=\"641\" data-end=\"652\">Renault<\/strong> camions avec un <strong data-start=\"667\" data-end=\"677\" data-is-only-node=\"\">12 broches<\/strong> connecteur de diagnostic.<\/li>\n<li data-start=\"702\" data-end=\"791\"><strong data-start=\"705\" data-end=\"726\">C\u00e2ble Volvo 8-PIN<\/strong> \u2192 Pour <strong data-start=\"733\" data-end=\"742\">Volvo<\/strong> camions avec un <strong data-start=\"758\" data-end=\"767\" data-is-only-node=\"\">8 broches<\/strong> connecteur de diagnostic.<\/li>\n<\/ul>\n<h4>Guide d'installation vid\u00e9o inclus !<\/h4>","protected":false},"excerpt":{"rendered":"<div class=\"flex-shrink-0 flex flex-col relative items-end\">\n<div>\n<div class=\"pt-0\">\n<div class=\"gizmo-bot-avatar flex h-8 w-8 items-center justify-center overflow-hidden rounded-full\"><span style=\"font-size: 16px;\">Cet outil vous permet de lire et d'effacer les codes d'erreur g\u00e9n\u00e9raux et sp\u00e9cifiques au constructeur, pour un diagnostic pr\u00e9cis. Il affiche les donn\u00e9es des capteurs en temps r\u00e9el et prend en charge la programmation de l'ECU pour certains mod\u00e8les. Vous pouvez effectuer des r\u00e9initialisations de service pour l'huile, les freins, etc., et activer des composants tels que les injecteurs de carburant, les pompes et les ventilateurs pour les tester.<\/span><\/div>\n<\/div>\n<\/div>\n<\/div>","protected":false},"featured_media":6914,"comment_status":"open","ping_status":"closed","template":"","meta":{"_uag_custom_page_level_css":"","site-sidebar-layout":"default","site-content-layout":"","ast-site-content-layout":"default","site-content-style":"default","site-sidebar-style":"default","ast-global-header-display":"","ast-banner-title-visibility":"","ast-main-header-display":"","ast-hfb-above-header-display":"","ast-hfb-below-header-display":"","ast-hfb-mobile-header-display":"","site-post-title":"","ast-breadcrumbs-content":"","ast-featured-img":"","footer-sml-layout":"","theme-transparent-header-meta":"default","adv-header-id-meta":"","stick-header-meta":"","header-above-stick-meta":"","header-main-stick-meta":"","header-below-stick-meta":"","astra-migrate-meta-layouts":"set","ast-page-background-enabled":"default","ast-page-background-meta":{"desktop":{"background-color":"","background-image":"","background-repeat":"repeat","background-position":"center center","background-size":"auto","background-attachment":"scroll","background-type":"","background-media":"","overlay-type":"","overlay-color":"","overlay-opacity":"","overlay-gradient":""},"tablet":{"background-color":"","background-image":"","background-repeat":"repeat","background-position":"center center","background-size":"auto","background-attachment":"scroll","background-type":"","background-media":"","overlay-type":"","overlay-color":"","overlay-opacity":"","overlay-gradient":""},"mobile":{"background-color":"","background-image":"","background-repeat":"repeat","background-position":"center center","background-size":"auto","background-attachment":"scroll","background-type":"","background-media":"","overlay-type":"","overlay-color":"","overlay-opacity":"","overlay-gradient":""}},"ast-content-background-meta":{"desktop":{"background-color":"var(--ast-global-color-5)","background-image":"","background-repeat":"repeat","background-position":"center center","background-size":"auto","background-attachment":"scroll","background-type":"","background-media":"","overlay-type":"","overlay-color":"","overlay-opacity":"","overlay-gradient":""},"tablet":{"background-color":"var(--ast-global-color-5)","background-image":"","background-repeat":"repeat","background-position":"center center","background-size":"auto","background-attachment":"scroll","background-type":"","background-media":"","overlay-type":"","overlay-color":"","overlay-opacity":"","overlay-gradient":""},"mobile":{"background-color":"var(--ast-global-color-5)","background-image":"","background-repeat":"repeat","background-position":"center center","background-size":"auto","background-attachment":"scroll","background-type":"","background-media":"","overlay-type":"","overlay-color":"","overlay-opacity":"","overlay-gradient":""}}},"product_brand":[],"product_cat":[70],"product_tag":[],"class_list":{"0":"post-3071","1":"product","2":"type-product","3":"status-publish","4":"has-post-thumbnail","6":"product_cat-diagnostic-tools","7":"desktop-align-left","8":"tablet-align-left","9":"mobile-align-left","10":"ast-product-gallery-layout-horizontal-slider","11":"ast-product-single-variable","12":"ast-product-tabs-layout-horizontal","14":"first","15":"instock","16":"sale","17":"shipping-taxable","18":"purchasable","19":"product-type-variable","20":"has-default-attributes"},"aioseo_notices":[],"uagb_featured_image_src":{"full":["https:\/\/speedxperts.com\/wp-content\/uploads\/2025\/08\/Diag-Main-Photo-1.png",1080,1080,false],"thumbnail":["https:\/\/speedxperts.com\/wp-content\/uploads\/2025\/08\/Diag-Main-Photo-1-150x150.png",150,150,true],"medium":["https:\/\/speedxperts.com\/wp-content\/uploads\/2025\/08\/Diag-Main-Photo-1-300x300.png",300,300,true],"medium_large":["https:\/\/speedxperts.com\/wp-content\/uploads\/2025\/08\/Diag-Main-Photo-1-768x768.png",768,768,true],"large":["https:\/\/speedxperts.com\/wp-content\/uploads\/2025\/08\/Diag-Main-Photo-1-1024x1024.png",1024,1024,true],"1536x1536":["https:\/\/speedxperts.com\/wp-content\/uploads\/2025\/08\/Diag-Main-Photo-1.png",1080,1080,false],"2048x2048":["https:\/\/speedxperts.com\/wp-content\/uploads\/2025\/08\/Diag-Main-Photo-1.png",1080,1080,false],"trp-custom-language-flag":["https:\/\/speedxperts.com\/wp-content\/uploads\/2025\/08\/Diag-Main-Photo-1-12x12.png",12,12,true],"woocommerce_thumbnail":["https:\/\/speedxperts.com\/wp-content\/uploads\/2025\/08\/Diag-Main-Photo-1-300x300.png",300,300,true],"woocommerce_single":["https:\/\/speedxperts.com\/wp-content\/uploads\/2025\/08\/Diag-Main-Photo-1-600x600.png",600,600,true],"woocommerce_gallery_thumbnail":["https:\/\/speedxperts.com\/wp-content\/uploads\/2025\/08\/Diag-Main-Photo-1-100x100.png",100,100,true]},"uagb_author_info":{"display_name":"Sebastian","author_link":"https:\/\/speedxperts.com\/fr\/author\/"},"uagb_comment_info":14,"uagb_excerpt":"This tool allows you to read and clear both general and manufacturer-specific fault codes, providing accurate diagnostics. It displays real-time sensor data and supports ECU programming for select models. You can perform service resets for oil, brakes, and more, and also activate components like fuel injectors, pumps, and fans for testing.","jetpack_sharing_enabled":true,"_links":{"self":[{"href":"https:\/\/speedxperts.com\/fr\/wp-json\/wp\/v2\/product\/3071","targetHints":{"allow":["GET"]}}],"collection":[{"href":"https:\/\/speedxperts.com\/fr\/wp-json\/wp\/v2\/product"}],"about":[{"href":"https:\/\/speedxperts.com\/fr\/wp-json\/wp\/v2\/types\/product"}],"replies":[{"embeddable":true,"href":"https:\/\/speedxperts.com\/fr\/wp-json\/wp\/v2\/comments?post=3071"}],"wp:featuredmedia":[{"embeddable":true,"href":"https:\/\/speedxperts.com\/fr\/wp-json\/wp\/v2\/media\/6914"}],"wp:attachment":[{"href":"https:\/\/speedxperts.com\/fr\/wp-json\/wp\/v2\/media?parent=3071"}],"wp:term":[{"taxonomy":"product_brand","embeddable":true,"href":"https:\/\/speedxperts.com\/fr\/wp-json\/wp\/v2\/product_brand?post=3071"},{"taxonomy":"product_cat","embeddable":true,"href":"https:\/\/speedxperts.com\/fr\/wp-json\/wp\/v2\/product_cat?post=3071"},{"taxonomy":"product_tag","embeddable":true,"href":"https:\/\/speedxperts.com\/fr\/wp-json\/wp\/v2\/product_tag?post=3071"}],"curies":[{"name":"wp","href":"https:\/\/api.w.org\/{rel}","templated":true}]}}