{"id":3392,"date":"2024-10-23T12:16:00","date_gmt":"2024-10-23T12:16:00","guid":{"rendered":"https:\/\/speedxperts.com\/product\/professional-renolink-1-99-obd2-cable-for-renault\/"},"modified":"2026-04-24T11:31:43","modified_gmt":"2026-04-24T10:31:43","slug":"renolink-1-99-cable-obd2-professionnel-pour-renault","status":"publish","type":"product","link":"https:\/\/speedxperts.com\/fr\/produit\/renolink-1-99-cable-obd2-professionnel-pour-renault\/","title":{"rendered":"C\u00e2ble OBD2 professionnel Renolink 1.99 pour Renault"},"content":{"rendered":"<p>Note : Le logiciel Renolink 1.99 est inclus. Vous recevrez le lien de t\u00e9l\u00e9chargement apr\u00e8s l'achat. Le logiciel est craqu\u00e9, vous devez donc d\u00e9sactiver l'antivirus avant de l'installer.<\/p>\n<p><strong>Caract\u00e9ristiques principales :<\/strong><\/p>\n<ul>\n<li>Derni\u00e8re version : Renolink V1.99<\/li>\n<li>Prend en charge les v\u00e9hicules Renault et Dacia<\/li>\n<li>Des donn\u00e9es claires sur les accidents pour les syst\u00e8mes d'airbags<\/li>\n<li>Lecture\/\u00e9criture de l'EEPROM, de l'ECM et de l'UCH<\/li>\n<li>Codage, suppression et programmation des cl\u00e9s<\/li>\n<li>Fonctionne via le connecteur OBD<\/li>\n<\/ul>\n<p><strong>Nouveau dans la version 1.99 :<\/strong><\/p>\n<ul>\n<li>Ajout d'options anti-collision pour la Renault Clio 5 et autres<\/li>\n<li>D\u00e9codage de la direction assist\u00e9e pour M\u00e9gane 4 et Clio 5<\/li>\n<li>Vierges EPS pour plusieurs mod\u00e8les Renault<\/li>\n<li>Codage automatique au premier allumage<\/li>\n<\/ul>\n<p>L'outil est facile \u00e0 utiliser et toutes les fonctions sont ex\u00e9cut\u00e9es via le connecteur OBD, ce qui en fait un appareil essentiel pour la programmation des calculateurs Renault et Dacia.<\/p>\n<p>&nbsp;<\/p>","protected":false},"excerpt":{"rendered":"<p>Le Renolink OBD2 est un outil professionnel pour la programmation des unit\u00e9s de contr\u00f4le \u00e9lectronique (ECU) des v\u00e9hicules Renault et Dacia, y compris les mod\u00e8les les plus r\u00e9cents. Avec des fonctions telles que la correspondance UCH, la programmation des airbags, le codage des cl\u00e9s, la programmation de l'ECU du moteur et bien d'autres, il offre une assistance compl\u00e8te pour le diagnostic et la programmation des v\u00e9hicules.<\/p>","protected":false},"featured_media":3386,"comment_status":"open","ping_status":"closed","template":"","meta":{"_uag_custom_page_level_css":"","site-sidebar-layout":"default","site-content-layout":"","ast-site-content-layout":"default","site-content-style":"default","site-sidebar-style":"default","ast-global-header-display":"","ast-banner-title-visibility":"","ast-main-header-display":"","ast-hfb-above-header-display":"","ast-hfb-below-header-display":"","ast-hfb-mobile-header-display":"","site-post-title":"","ast-breadcrumbs-content":"","ast-featured-img":"","footer-sml-layout":"","ast-disable-related-posts":"","theme-transparent-header-meta":"default","adv-header-id-meta":"","stick-header-meta":"","header-above-stick-meta":"","header-main-stick-meta":"","header-below-stick-meta":"","astra-migrate-meta-layouts":"set","ast-page-background-enabled":"default","ast-page-background-meta":{"desktop":{"background-color":"","background-image":"","background-repeat":"repeat","background-position":"center center","background-size":"auto","background-attachment":"scroll","background-type":"","background-media":"","overlay-type":"","overlay-color":"","overlay-opacity":"","overlay-gradient":""},"tablet":{"background-color":"","background-image":"","background-repeat":"repeat","background-position":"center center","background-size":"auto","background-attachment":"scroll","background-type":"","background-media":"","overlay-type":"","overlay-color":"","overlay-opacity":"","overlay-gradient":""},"mobile":{"background-color":"","background-image":"","background-repeat":"repeat","background-position":"center center","background-size":"auto","background-attachment":"scroll","background-type":"","background-media":"","overlay-type":"","overlay-color":"","overlay-opacity":"","overlay-gradient":""}},"ast-content-background-meta":{"desktop":{"background-color":"var(--ast-global-color-5)","background-image":"","background-repeat":"repeat","background-position":"center center","background-size":"auto","background-attachment":"scroll","background-type":"","background-media":"","overlay-type":"","overlay-color":"","overlay-opacity":"","overlay-gradient":""},"tablet":{"background-color":"var(--ast-global-color-5)","background-image":"","background-repeat":"repeat","background-position":"center center","background-size":"auto","background-attachment":"scroll","background-type":"","background-media":"","overlay-type":"","overlay-color":"","overlay-opacity":"","overlay-gradient":""},"mobile":{"background-color":"var(--ast-global-color-5)","background-image":"","background-repeat":"repeat","background-position":"center center","background-size":"auto","background-attachment":"scroll","background-type":"","background-media":"","overlay-type":"","overlay-color":"","overlay-opacity":"","overlay-gradient":""}}},"product_brand":[],"product_cat":[70],"product_tag":[83],"class_list":{"0":"post-3392","1":"product","2":"type-product","3":"status-publish","4":"has-post-thumbnail","6":"product_cat-diagnostic-tools","7":"product_tag-renault","8":"desktop-align-left","9":"tablet-align-left","10":"mobile-align-left","11":"ast-product-gallery-layout-horizontal-slider","12":"ast-product-tabs-layout-horizontal","14":"first","15":"instock","16":"shipping-taxable","17":"purchasable","18":"product-type-simple"},"aioseo_notices":[],"uagb_featured_image_src":{"full":["https:\/\/speedxperts.com\/wp-content\/uploads\/2024\/10\/Heb60fae6649049bdac50549a0e5538caO.webp",800,800,false],"thumbnail":["https:\/\/speedxperts.com\/wp-content\/uploads\/2024\/10\/Heb60fae6649049bdac50549a0e5538caO-150x150.webp",150,150,true],"medium":["https:\/\/speedxperts.com\/wp-content\/uploads\/2024\/10\/Heb60fae6649049bdac50549a0e5538caO-300x300.webp",300,300,true],"medium_large":["https:\/\/speedxperts.com\/wp-content\/uploads\/2024\/10\/Heb60fae6649049bdac50549a0e5538caO-768x768.webp",768,768,true],"large":["https:\/\/speedxperts.com\/wp-content\/uploads\/2024\/10\/Heb60fae6649049bdac50549a0e5538caO.webp",800,800,false],"1536x1536":["https:\/\/speedxperts.com\/wp-content\/uploads\/2024\/10\/Heb60fae6649049bdac50549a0e5538caO.webp",800,800,false],"2048x2048":["https:\/\/speedxperts.com\/wp-content\/uploads\/2024\/10\/Heb60fae6649049bdac50549a0e5538caO.webp",800,800,false],"trp-custom-language-flag":["https:\/\/speedxperts.com\/wp-content\/uploads\/2024\/10\/Heb60fae6649049bdac50549a0e5538caO-12x12.webp",12,12,true],"woocommerce_thumbnail":["https:\/\/speedxperts.com\/wp-content\/uploads\/2024\/10\/Heb60fae6649049bdac50549a0e5538caO-300x300.webp",300,300,true],"woocommerce_single":["https:\/\/speedxperts.com\/wp-content\/uploads\/2024\/10\/Heb60fae6649049bdac50549a0e5538caO-600x600.webp",600,600,true],"woocommerce_gallery_thumbnail":["https:\/\/speedxperts.com\/wp-content\/uploads\/2024\/10\/Heb60fae6649049bdac50549a0e5538caO-100x100.webp",100,100,true]},"uagb_author_info":{"display_name":"Sebastian","author_link":"https:\/\/speedxperts.com\/fr\/author\/"},"uagb_comment_info":0,"uagb_excerpt":"The Renolink OBD2 is a professional tool for programming electronic control units (ECUs) in Renault and Dacia vehicles, including the latest models. With features like UCH matching, airbag programming, key coding, engine ECU programming, and more, it offers comprehensive support for vehicle diagnostics and programming.","jetpack_sharing_enabled":true,"_links":{"self":[{"href":"https:\/\/speedxperts.com\/fr\/wp-json\/wp\/v2\/product\/3392","targetHints":{"allow":["GET"]}}],"collection":[{"href":"https:\/\/speedxperts.com\/fr\/wp-json\/wp\/v2\/product"}],"about":[{"href":"https:\/\/speedxperts.com\/fr\/wp-json\/wp\/v2\/types\/product"}],"replies":[{"embeddable":true,"href":"https:\/\/speedxperts.com\/fr\/wp-json\/wp\/v2\/comments?post=3392"}],"wp:featuredmedia":[{"embeddable":true,"href":"https:\/\/speedxperts.com\/fr\/wp-json\/wp\/v2\/media\/3386"}],"wp:attachment":[{"href":"https:\/\/speedxperts.com\/fr\/wp-json\/wp\/v2\/media?parent=3392"}],"wp:term":[{"taxonomy":"product_brand","embeddable":true,"href":"https:\/\/speedxperts.com\/fr\/wp-json\/wp\/v2\/product_brand?post=3392"},{"taxonomy":"product_cat","embeddable":true,"href":"https:\/\/speedxperts.com\/fr\/wp-json\/wp\/v2\/product_cat?post=3392"},{"taxonomy":"product_tag","embeddable":true,"href":"https:\/\/speedxperts.com\/fr\/wp-json\/wp\/v2\/product_tag?post=3392"}],"curies":[{"name":"wp","href":"https:\/\/api.w.org\/{rel}","templated":true}]}}