{"id":3413,"date":"2024-10-23T12:16:20","date_gmt":"2024-10-23T12:16:20","guid":{"rendered":"https:\/\/speedxperts.com\/product\/bmw-kdcan-diagnostic-tool\/"},"modified":"2026-04-09T10:27:41","modified_gmt":"2026-04-09T09:27:41","slug":"outil-de-diagnostic-bmw-kdcan","status":"publish","type":"product","link":"https:\/\/speedxperts.com\/fr\/produit\/outil-de-diagnostic-bmw-kdcan\/","title":{"rendered":"Outil de diagnostic K+DCAN"},"content":{"rendered":"<p><strong>Remarques importantes :<\/strong><\/p>\n<ul>\n<li>Logiciel non inclus, pilote uniquement.<\/li>\n<li>Ne vous connectez pas \u00e0 l'internet et ne mettez pas \u00e0 jour l'appareil afin d'\u00e9viter tout dommage.<\/li>\n<li>Si le CD est illisible ou endommag\u00e9, contactez-nous pour obtenir un lien de t\u00e9l\u00e9chargement.<\/li>\n<\/ul>\n<p><strong>Caract\u00e9ristiques principales :<\/strong><\/p>\n<ul>\n<li>Lire et effacer les codes d'erreur<\/li>\n<li>Adaptations et programmation des conducteurs<\/li>\n<li>Appliquer le codage et plus encore<\/li>\n<li>La puce FTDI assure une fonctionnalit\u00e9 stable<\/li>\n<li>Compatible avec Windows XP et Windows 7 (fermer l'antivirus avant l'installation)<\/li>\n<\/ul>\n<p><strong>Protocoles pris en charge :<\/strong><\/p>\n<ul>\n<li>D-CAN et PT-CAN magistraux rapides (500 kbit\/s)<\/li>\n<li>K-CAN magistral lent (100 kbit\/s)<\/li>\n<li>Interface OBD BMW standard<\/li>\n<\/ul>\n<p>Compatible avec les mod\u00e8les BMW de 1995 \u00e0 2008, y compris :<\/p>\n<ul>\n<li>E60, E61, E81, E87, E90, E91, E92, E93, E70, et MINI R56<\/li>\n<\/ul>\n<p><strong>Le paquet comprend :<\/strong><\/p>\n<ul>\n<li>1x interface USB K+DCAN<\/li>\n<li>1x CD Driver<\/li>\n<\/ul>\n<p>&nbsp;<\/p>","protected":false},"excerpt":{"rendered":"<p>Cette interface USB K+DCAN fournit un diagnostic complet pour les v\u00e9hicules BMW de 1998 \u00e0 2008, en prenant en charge toutes les fonctions de l'interface OMNITEC. Dot\u00e9e d'une fonction de commutation et d'une puce FTDI, elle simplifie le processus de connexion pour diff\u00e9rents mod\u00e8les de voitures, rendant le diagnostic plus facile et plus polyvalent.<\/p>","protected":false},"featured_media":3401,"comment_status":"open","ping_status":"closed","template":"","meta":{"_uag_custom_page_level_css":"","site-sidebar-layout":"default","site-content-layout":"","ast-site-content-layout":"default","site-content-style":"default","site-sidebar-style":"default","ast-global-header-display":"","ast-banner-title-visibility":"","ast-main-header-display":"","ast-hfb-above-header-display":"","ast-hfb-below-header-display":"","ast-hfb-mobile-header-display":"","site-post-title":"","ast-breadcrumbs-content":"","ast-featured-img":"","footer-sml-layout":"","theme-transparent-header-meta":"default","adv-header-id-meta":"","stick-header-meta":"","header-above-stick-meta":"","header-main-stick-meta":"","header-below-stick-meta":"","astra-migrate-meta-layouts":"set","ast-page-background-enabled":"default","ast-page-background-meta":{"desktop":{"background-color":"","background-image":"","background-repeat":"repeat","background-position":"center center","background-size":"auto","background-attachment":"scroll","background-type":"","background-media":"","overlay-type":"","overlay-color":"","overlay-opacity":"","overlay-gradient":""},"tablet":{"background-color":"","background-image":"","background-repeat":"repeat","background-position":"center center","background-size":"auto","background-attachment":"scroll","background-type":"","background-media":"","overlay-type":"","overlay-color":"","overlay-opacity":"","overlay-gradient":""},"mobile":{"background-color":"","background-image":"","background-repeat":"repeat","background-position":"center center","background-size":"auto","background-attachment":"scroll","background-type":"","background-media":"","overlay-type":"","overlay-color":"","overlay-opacity":"","overlay-gradient":""}},"ast-content-background-meta":{"desktop":{"background-color":"var(--ast-global-color-5)","background-image":"","background-repeat":"repeat","background-position":"center center","background-size":"auto","background-attachment":"scroll","background-type":"","background-media":"","overlay-type":"","overlay-color":"","overlay-opacity":"","overlay-gradient":""},"tablet":{"background-color":"var(--ast-global-color-5)","background-image":"","background-repeat":"repeat","background-position":"center center","background-size":"auto","background-attachment":"scroll","background-type":"","background-media":"","overlay-type":"","overlay-color":"","overlay-opacity":"","overlay-gradient":""},"mobile":{"background-color":"var(--ast-global-color-5)","background-image":"","background-repeat":"repeat","background-position":"center center","background-size":"auto","background-attachment":"scroll","background-type":"","background-media":"","overlay-type":"","overlay-color":"","overlay-opacity":"","overlay-gradient":""}}},"product_brand":[],"product_cat":[70],"product_tag":[77],"class_list":{"0":"post-3413","1":"product","2":"type-product","3":"status-publish","4":"has-post-thumbnail","6":"product_cat-diagnostic-tools","7":"product_tag-bmw","8":"desktop-align-left","9":"tablet-align-left","10":"mobile-align-left","11":"ast-product-gallery-layout-horizontal-slider","12":"ast-product-tabs-layout-horizontal","14":"first","15":"instock","16":"downloadable","17":"shipping-taxable","18":"purchasable","19":"product-type-simple"},"aioseo_notices":[],"uagb_featured_image_src":{"full":["https:\/\/speedxperts.com\/wp-content\/uploads\/2024\/10\/S1f31b5a1945e45aa8f4696f0c5e1a60bk.webp",1000,1000,false],"thumbnail":["https:\/\/speedxperts.com\/wp-content\/uploads\/2024\/10\/S1f31b5a1945e45aa8f4696f0c5e1a60bk-150x150.webp",150,150,true],"medium":["https:\/\/speedxperts.com\/wp-content\/uploads\/2024\/10\/S1f31b5a1945e45aa8f4696f0c5e1a60bk-300x300.webp",300,300,true],"medium_large":["https:\/\/speedxperts.com\/wp-content\/uploads\/2024\/10\/S1f31b5a1945e45aa8f4696f0c5e1a60bk-768x768.webp",768,768,true],"large":["https:\/\/speedxperts.com\/wp-content\/uploads\/2024\/10\/S1f31b5a1945e45aa8f4696f0c5e1a60bk.webp",1000,1000,false],"1536x1536":["https:\/\/speedxperts.com\/wp-content\/uploads\/2024\/10\/S1f31b5a1945e45aa8f4696f0c5e1a60bk.webp",1000,1000,false],"2048x2048":["https:\/\/speedxperts.com\/wp-content\/uploads\/2024\/10\/S1f31b5a1945e45aa8f4696f0c5e1a60bk.webp",1000,1000,false],"trp-custom-language-flag":["https:\/\/speedxperts.com\/wp-content\/uploads\/2024\/10\/S1f31b5a1945e45aa8f4696f0c5e1a60bk-12x12.webp",12,12,true],"woocommerce_thumbnail":["https:\/\/speedxperts.com\/wp-content\/uploads\/2024\/10\/S1f31b5a1945e45aa8f4696f0c5e1a60bk-300x300.webp",300,300,true],"woocommerce_single":["https:\/\/speedxperts.com\/wp-content\/uploads\/2024\/10\/S1f31b5a1945e45aa8f4696f0c5e1a60bk-600x600.webp",600,600,true],"woocommerce_gallery_thumbnail":["https:\/\/speedxperts.com\/wp-content\/uploads\/2024\/10\/S1f31b5a1945e45aa8f4696f0c5e1a60bk-100x100.webp",100,100,true]},"uagb_author_info":{"display_name":"Sebastian","author_link":"https:\/\/speedxperts.com\/fr\/author\/"},"uagb_comment_info":0,"uagb_excerpt":"This K+DCAN USB interface provides full diagnostics for BMW vehicles from 1998 to 2008, supporting all functions like the OMNITEC interface. Equipped with a switch function and FTDI chip, it simplifies the connection process for different car models, making diagnostics easier and more versatile.","jetpack_sharing_enabled":true,"_links":{"self":[{"href":"https:\/\/speedxperts.com\/fr\/wp-json\/wp\/v2\/product\/3413","targetHints":{"allow":["GET"]}}],"collection":[{"href":"https:\/\/speedxperts.com\/fr\/wp-json\/wp\/v2\/product"}],"about":[{"href":"https:\/\/speedxperts.com\/fr\/wp-json\/wp\/v2\/types\/product"}],"replies":[{"embeddable":true,"href":"https:\/\/speedxperts.com\/fr\/wp-json\/wp\/v2\/comments?post=3413"}],"wp:featuredmedia":[{"embeddable":true,"href":"https:\/\/speedxperts.com\/fr\/wp-json\/wp\/v2\/media\/3401"}],"wp:attachment":[{"href":"https:\/\/speedxperts.com\/fr\/wp-json\/wp\/v2\/media?parent=3413"}],"wp:term":[{"taxonomy":"product_brand","embeddable":true,"href":"https:\/\/speedxperts.com\/fr\/wp-json\/wp\/v2\/product_brand?post=3413"},{"taxonomy":"product_cat","embeddable":true,"href":"https:\/\/speedxperts.com\/fr\/wp-json\/wp\/v2\/product_cat?post=3413"},{"taxonomy":"product_tag","embeddable":true,"href":"https:\/\/speedxperts.com\/fr\/wp-json\/wp\/v2\/product_tag?post=3413"}],"curies":[{"name":"wp","href":"https:\/\/api.w.org\/{rel}","templated":true}]}}