{"id":3511,"date":"2024-11-13T11:10:03","date_gmt":"2024-11-13T10:10:03","guid":{"rendered":"https:\/\/speedxperts.com\/product\/seametal-8pcs-anti-skid-tyre-chain\/"},"modified":"2025-02-04T15:24:56","modified_gmt":"2025-02-04T14:24:56","slug":"seametal-8pcs-anti-skid-tyre-chain","status":"publish","type":"product","link":"https:\/\/speedxperts.com\/fr\/produit\/seametal-8pcs-anti-skid-tyre-chain\/","title":{"rendered":"SEAMETAL 8PCS Anti Skid Tyre Chain (Cha\u00eene anti-d\u00e9rapante pour pneus)"},"content":{"rendered":"<p><strong>Cha\u00eenes antid\u00e9rapantes pour pneus - Solution de traction ultime pour la conduite en hiver<\/strong><\/p>\n<h3>Caract\u00e9ristiques principales :<\/h3>\n<ul>\n<li><strong>Construction durable<\/strong>: Fabriqu\u00e9 \u00e0 partir de mat\u00e9riaux r\u00e9sistants \u00e0 l'usure pour une utilisation durable dans les environnements hivernaux difficiles.<\/li>\n<li><strong>Dents en caoutchouc souple<\/strong>: \u00c9vite d'endommager vos pneus tout en maintenant une forte traction.<\/li>\n<li><strong>Particules antid\u00e9rapantes<\/strong>: \u00c9quip\u00e9 de capacit\u00e9s de drainage et de d\u00e9neigement pour un meilleur contact avec la route et de meilleures performances.<\/li>\n<li><strong>Structure m\u00e9canique efficace<\/strong>: Conception innovante qui r\u00e9duit le glissement en am\u00e9liorant l'adh\u00e9rence gr\u00e2ce \u00e0 la friction et \u00e0 la r\u00e9partition de la pression.<\/li>\n<li><strong>Installation facile<\/strong>: Installation simple et rapide, sans outil, parfaite pour une utilisation rapide en cas de neige inattendue.<\/li>\n<\/ul>\n<h3>Sp\u00e9cifications :<\/h3>\n<ul>\n<li><strong>Mat\u00e9riau<\/strong>: Composants de haute qualit\u00e9 et r\u00e9sistants \u00e0 la temp\u00e9rature<\/li>\n<li><strong>Compatibilit\u00e9<\/strong>: Convient \u00e0 une gamme de tailles de pneus<\/li>\n<li><strong>Options du paquet<\/strong>: Disponible en lots de 3 pi\u00e8ces pour une couverture compl\u00e8te<\/li>\n<\/ul>\n<h3>Pourquoi choisir ces cha\u00eenes pour pneus ?<\/h3>\n<p>Naviguez sur les routes d'hiver en toute confiance. La combinaison d'une conception antid\u00e9rapante robuste et d'un processus d'installation convivial fait de ces cha\u00eenes pour pneus un must pour tout propri\u00e9taire de v\u00e9hicule. Soyez pr\u00eat et restez en s\u00e9curit\u00e9, que vous conduisiez dans les rues glac\u00e9es de la ville ou dans les cols de montagne enneig\u00e9s.<\/p>\n<p>Restez \u00e9quip\u00e9 pour affronter les rigueurs de l'hiver gr\u00e2ce \u00e0 notre <strong>Cha\u00eenes antid\u00e9rapantes<\/strong>. Commandez maintenant et roulez en toute s\u00e9curit\u00e9 dans n'importe quelle condition !<\/p>","protected":false},"excerpt":{"rendered":"<p>Assurez la s\u00e9curit\u00e9 de la conduite dans les conditions hivernales difficiles gr\u00e2ce \u00e0 notre <strong>Cha\u00eenes antid\u00e9rapantes<\/strong>Les cha\u00eenes pour pneus de qualit\u00e9 sup\u00e9rieure sont con\u00e7ues pour offrir un maximum de performances et de commodit\u00e9. Ces cha\u00eenes de premi\u00e8re qualit\u00e9 sont con\u00e7ues pour offrir une adh\u00e9rence et une stabilit\u00e9 exceptionnelles sur les routes enneig\u00e9es, verglac\u00e9es ou boueuses.<\/p>","protected":false},"featured_media":3494,"comment_status":"open","ping_status":"closed","template":"","meta":{"_uag_custom_page_level_css":"","site-sidebar-layout":"default","site-content-layout":"","ast-site-content-layout":"default","site-content-style":"default","site-sidebar-style":"default","ast-global-header-display":"","ast-banner-title-visibility":"","ast-main-header-display":"","ast-hfb-above-header-display":"","ast-hfb-below-header-display":"","ast-hfb-mobile-header-display":"","site-post-title":"","ast-breadcrumbs-content":"","ast-featured-img":"","footer-sml-layout":"","theme-transparent-header-meta":"default","adv-header-id-meta":"","stick-header-meta":"","header-above-stick-meta":"","header-main-stick-meta":"","header-below-stick-meta":"","astra-migrate-meta-layouts":"set","ast-page-background-enabled":"default","ast-page-background-meta":{"desktop":{"background-color":"","background-image":"","background-repeat":"repeat","background-position":"center center","background-size":"auto","background-attachment":"scroll","background-type":"","background-media":"","overlay-type":"","overlay-color":"","overlay-opacity":"","overlay-gradient":""},"tablet":{"background-color":"","background-image":"","background-repeat":"repeat","background-position":"center center","background-size":"auto","background-attachment":"scroll","background-type":"","background-media":"","overlay-type":"","overlay-color":"","overlay-opacity":"","overlay-gradient":""},"mobile":{"background-color":"","background-image":"","background-repeat":"repeat","background-position":"center center","background-size":"auto","background-attachment":"scroll","background-type":"","background-media":"","overlay-type":"","overlay-color":"","overlay-opacity":"","overlay-gradient":""}},"ast-content-background-meta":{"desktop":{"background-color":"var(--ast-global-color-5)","background-image":"","background-repeat":"repeat","background-position":"center center","background-size":"auto","background-attachment":"scroll","background-type":"","background-media":"","overlay-type":"","overlay-color":"","overlay-opacity":"","overlay-gradient":""},"tablet":{"background-color":"var(--ast-global-color-5)","background-image":"","background-repeat":"repeat","background-position":"center center","background-size":"auto","background-attachment":"scroll","background-type":"","background-media":"","overlay-type":"","overlay-color":"","overlay-opacity":"","overlay-gradient":""},"mobile":{"background-color":"var(--ast-global-color-5)","background-image":"","background-repeat":"repeat","background-position":"center center","background-size":"auto","background-attachment":"scroll","background-type":"","background-media":"","overlay-type":"","overlay-color":"","overlay-opacity":"","overlay-gradient":""}}},"product_brand":[],"product_cat":[227],"product_tag":[],"class_list":{"0":"post-3511","1":"product","2":"type-product","3":"status-publish","4":"has-post-thumbnail","6":"product_cat-winter-accessories","7":"desktop-align-left","8":"tablet-align-left","9":"mobile-align-left","10":"ast-product-gallery-layout-horizontal-slider","11":"ast-product-single-variable","12":"ast-product-tabs-layout-horizontal","14":"first","15":"instock","16":"sale","17":"shipping-taxable","18":"purchasable","19":"product-type-variable","20":"has-default-attributes"},"aioseo_notices":[],"uagb_featured_image_src":{"full":["https:\/\/speedxperts.com\/wp-content\/uploads\/2024\/11\/Sa60efcaf4a564aaaafae26b9bcc5028fz.webp",800,800,false],"thumbnail":["https:\/\/speedxperts.com\/wp-content\/uploads\/2024\/11\/Sa60efcaf4a564aaaafae26b9bcc5028fz-150x150.webp",150,150,true],"medium":["https:\/\/speedxperts.com\/wp-content\/uploads\/2024\/11\/Sa60efcaf4a564aaaafae26b9bcc5028fz-300x300.webp",300,300,true],"medium_large":["https:\/\/speedxperts.com\/wp-content\/uploads\/2024\/11\/Sa60efcaf4a564aaaafae26b9bcc5028fz-768x768.webp",768,768,true],"large":["https:\/\/speedxperts.com\/wp-content\/uploads\/2024\/11\/Sa60efcaf4a564aaaafae26b9bcc5028fz.webp",800,800,false],"1536x1536":["https:\/\/speedxperts.com\/wp-content\/uploads\/2024\/11\/Sa60efcaf4a564aaaafae26b9bcc5028fz.webp",800,800,false],"2048x2048":["https:\/\/speedxperts.com\/wp-content\/uploads\/2024\/11\/Sa60efcaf4a564aaaafae26b9bcc5028fz.webp",800,800,false],"trp-custom-language-flag":["https:\/\/speedxperts.com\/wp-content\/uploads\/2024\/11\/Sa60efcaf4a564aaaafae26b9bcc5028fz-12x12.webp",12,12,true],"woocommerce_thumbnail":["https:\/\/speedxperts.com\/wp-content\/uploads\/2024\/11\/Sa60efcaf4a564aaaafae26b9bcc5028fz-300x300.webp",300,300,true],"woocommerce_single":["https:\/\/speedxperts.com\/wp-content\/uploads\/2024\/11\/Sa60efcaf4a564aaaafae26b9bcc5028fz-600x600.webp",600,600,true],"woocommerce_gallery_thumbnail":["https:\/\/speedxperts.com\/wp-content\/uploads\/2024\/11\/Sa60efcaf4a564aaaafae26b9bcc5028fz-100x100.webp",100,100,true]},"uagb_author_info":{"display_name":"Sebastian","author_link":"https:\/\/speedxperts.com\/fr\/author\/"},"uagb_comment_info":0,"uagb_excerpt":"Ensure safe driving in harsh winter conditions with our Anti-Skid Tire Chains, designed for maximum performance and convenience. These premium tire chains are engineered to provide outstanding grip and stability on snowy, icy, or muddy roads.","jetpack_sharing_enabled":true,"_links":{"self":[{"href":"https:\/\/speedxperts.com\/fr\/wp-json\/wp\/v2\/product\/3511","targetHints":{"allow":["GET"]}}],"collection":[{"href":"https:\/\/speedxperts.com\/fr\/wp-json\/wp\/v2\/product"}],"about":[{"href":"https:\/\/speedxperts.com\/fr\/wp-json\/wp\/v2\/types\/product"}],"replies":[{"embeddable":true,"href":"https:\/\/speedxperts.com\/fr\/wp-json\/wp\/v2\/comments?post=3511"}],"wp:featuredmedia":[{"embeddable":true,"href":"https:\/\/speedxperts.com\/fr\/wp-json\/wp\/v2\/media\/3494"}],"wp:attachment":[{"href":"https:\/\/speedxperts.com\/fr\/wp-json\/wp\/v2\/media?parent=3511"}],"wp:term":[{"taxonomy":"product_brand","embeddable":true,"href":"https:\/\/speedxperts.com\/fr\/wp-json\/wp\/v2\/product_brand?post=3511"},{"taxonomy":"product_cat","embeddable":true,"href":"https:\/\/speedxperts.com\/fr\/wp-json\/wp\/v2\/product_cat?post=3511"},{"taxonomy":"product_tag","embeddable":true,"href":"https:\/\/speedxperts.com\/fr\/wp-json\/wp\/v2\/product_tag?post=3511"}],"curies":[{"name":"wp","href":"https:\/\/api.w.org\/{rel}","templated":true}]}}