{"id":3539,"date":"2024-11-13T11:26:53","date_gmt":"2024-11-13T10:26:53","guid":{"rendered":"https:\/\/speedxperts.com\/product\/car-windshield-snow-cover-2\/"},"modified":"2025-01-31T11:40:47","modified_gmt":"2025-01-31T10:40:47","slug":"pare-brise-de-voiture-housse-de-neige-2","status":"publish","type":"product","link":"https:\/\/speedxperts.com\/fr\/produit\/pare-brise-de-voiture-housse-de-neige-2\/","title":{"rendered":"Enveloppe de neige pour pare-brise de voiture"},"content":{"rendered":"<p><strong>Sp\u00e9cifications :<\/strong><\/p>\n<ul>\n<li><strong>Type :<\/strong> Pare-soleil et protection contre la neige<\/li>\n<li><strong>Mat\u00e9riau :<\/strong> Tissu imperm\u00e9able<\/li>\n<li><strong>Conception magn\u00e9tique :<\/strong> Assure une fixation solide<\/li>\n<li><strong>En forme :<\/strong> Convient \u00e0 la plupart des pare-brise de voiture<\/li>\n<li><strong>Fonction :<\/strong> Prot\u00e8ge contre la neige, le gel, la glace et les rayons UV nocifs<\/li>\n<\/ul>\n<p><strong>Caract\u00e9ristiques principales :<\/strong><\/p>\n<ul>\n<li><strong>Imperm\u00e9able et durable :<\/strong> R\u00e9siste \u00e0 l'eau, \u00e0 la neige et aux dommages caus\u00e9s par le soleil.<\/li>\n<li><strong>Bords magn\u00e9tiques :<\/strong> Se fixe facilement \u00e0 la voiture sans outils.<\/li>\n<li><strong>Utilisation toutes saisons :<\/strong> Garde votre voiture au frais en \u00e9t\u00e9 et la prot\u00e8ge de la neige en hiver.<\/li>\n<li><strong>Adaptation universelle :<\/strong> Compatible avec la plupart des mod\u00e8les de voitures.<\/li>\n<\/ul>\n<p>Prot\u00e9gez votre voiture en toute saison gr\u00e2ce \u00e0 cette housse de pare-brise facile \u00e0 utiliser et durable !<\/p>\n<p>&nbsp;<\/p>","protected":false},"excerpt":{"rendered":"<p>Prot\u00e9gez votre voiture des intemp\u00e9ries avec ce pare-soleil et cette housse \u00e0 neige multifonctionnels. Con\u00e7u pour prot\u00e9ger votre pare-brise de la neige, de la glace et des rayons UV, il offre une protection tout au long de l'ann\u00e9e et s'installe facilement gr\u00e2ce \u00e0 des bords magn\u00e9tiques.<\/p>","protected":false},"featured_media":3532,"comment_status":"open","ping_status":"closed","template":"","meta":{"_uag_custom_page_level_css":"","site-sidebar-layout":"default","site-content-layout":"","ast-site-content-layout":"default","site-content-style":"default","site-sidebar-style":"default","ast-global-header-display":"","ast-banner-title-visibility":"","ast-main-header-display":"","ast-hfb-above-header-display":"","ast-hfb-below-header-display":"","ast-hfb-mobile-header-display":"","site-post-title":"","ast-breadcrumbs-content":"","ast-featured-img":"","footer-sml-layout":"","theme-transparent-header-meta":"default","adv-header-id-meta":"","stick-header-meta":"","header-above-stick-meta":"","header-main-stick-meta":"","header-below-stick-meta":"","astra-migrate-meta-layouts":"set","ast-page-background-enabled":"default","ast-page-background-meta":{"desktop":{"background-color":"","background-image":"","background-repeat":"repeat","background-position":"center center","background-size":"auto","background-attachment":"scroll","background-type":"","background-media":"","overlay-type":"","overlay-color":"","overlay-opacity":"","overlay-gradient":""},"tablet":{"background-color":"","background-image":"","background-repeat":"repeat","background-position":"center center","background-size":"auto","background-attachment":"scroll","background-type":"","background-media":"","overlay-type":"","overlay-color":"","overlay-opacity":"","overlay-gradient":""},"mobile":{"background-color":"","background-image":"","background-repeat":"repeat","background-position":"center center","background-size":"auto","background-attachment":"scroll","background-type":"","background-media":"","overlay-type":"","overlay-color":"","overlay-opacity":"","overlay-gradient":""}},"ast-content-background-meta":{"desktop":{"background-color":"var(--ast-global-color-5)","background-image":"","background-repeat":"repeat","background-position":"center center","background-size":"auto","background-attachment":"scroll","background-type":"","background-media":"","overlay-type":"","overlay-color":"","overlay-opacity":"","overlay-gradient":""},"tablet":{"background-color":"var(--ast-global-color-5)","background-image":"","background-repeat":"repeat","background-position":"center center","background-size":"auto","background-attachment":"scroll","background-type":"","background-media":"","overlay-type":"","overlay-color":"","overlay-opacity":"","overlay-gradient":""},"mobile":{"background-color":"var(--ast-global-color-5)","background-image":"","background-repeat":"repeat","background-position":"center center","background-size":"auto","background-attachment":"scroll","background-type":"","background-media":"","overlay-type":"","overlay-color":"","overlay-opacity":"","overlay-gradient":""}}},"product_brand":[],"product_cat":[227],"product_tag":[],"class_list":{"0":"post-3539","1":"product","2":"type-product","3":"status-publish","4":"has-post-thumbnail","6":"product_cat-winter-accessories","7":"desktop-align-left","8":"tablet-align-left","9":"mobile-align-left","10":"ast-product-gallery-layout-horizontal-slider","11":"ast-product-tabs-layout-horizontal","13":"first","14":"instock","15":"shipping-taxable","16":"purchasable","17":"product-type-simple"},"aioseo_notices":[],"uagb_featured_image_src":{"full":["https:\/\/speedxperts.com\/wp-content\/uploads\/2024\/11\/S82620d9576b54b22b3e7d9197c657bbbS.webp",800,800,false],"thumbnail":["https:\/\/speedxperts.com\/wp-content\/uploads\/2024\/11\/S82620d9576b54b22b3e7d9197c657bbbS-150x150.webp",150,150,true],"medium":["https:\/\/speedxperts.com\/wp-content\/uploads\/2024\/11\/S82620d9576b54b22b3e7d9197c657bbbS-300x300.webp",300,300,true],"medium_large":["https:\/\/speedxperts.com\/wp-content\/uploads\/2024\/11\/S82620d9576b54b22b3e7d9197c657bbbS-768x768.webp",768,768,true],"large":["https:\/\/speedxperts.com\/wp-content\/uploads\/2024\/11\/S82620d9576b54b22b3e7d9197c657bbbS.webp",800,800,false],"1536x1536":["https:\/\/speedxperts.com\/wp-content\/uploads\/2024\/11\/S82620d9576b54b22b3e7d9197c657bbbS.webp",800,800,false],"2048x2048":["https:\/\/speedxperts.com\/wp-content\/uploads\/2024\/11\/S82620d9576b54b22b3e7d9197c657bbbS.webp",800,800,false],"trp-custom-language-flag":["https:\/\/speedxperts.com\/wp-content\/uploads\/2024\/11\/S82620d9576b54b22b3e7d9197c657bbbS-12x12.webp",12,12,true],"woocommerce_thumbnail":["https:\/\/speedxperts.com\/wp-content\/uploads\/2024\/11\/S82620d9576b54b22b3e7d9197c657bbbS-300x300.webp",300,300,true],"woocommerce_single":["https:\/\/speedxperts.com\/wp-content\/uploads\/2024\/11\/S82620d9576b54b22b3e7d9197c657bbbS-600x600.webp",600,600,true],"woocommerce_gallery_thumbnail":["https:\/\/speedxperts.com\/wp-content\/uploads\/2024\/11\/S82620d9576b54b22b3e7d9197c657bbbS-100x100.webp",100,100,true]},"uagb_author_info":{"display_name":"Sebastian","author_link":"https:\/\/speedxperts.com\/fr\/author\/"},"uagb_comment_info":0,"uagb_excerpt":"Protect your car from the elements with this multifunctional sunshade and snow cover. Designed to shield your windshield from snow, ice, and UV rays, it offers year-round protection with ease of installation using magnetic edges for a secure fit.","jetpack_sharing_enabled":true,"_links":{"self":[{"href":"https:\/\/speedxperts.com\/fr\/wp-json\/wp\/v2\/product\/3539","targetHints":{"allow":["GET"]}}],"collection":[{"href":"https:\/\/speedxperts.com\/fr\/wp-json\/wp\/v2\/product"}],"about":[{"href":"https:\/\/speedxperts.com\/fr\/wp-json\/wp\/v2\/types\/product"}],"replies":[{"embeddable":true,"href":"https:\/\/speedxperts.com\/fr\/wp-json\/wp\/v2\/comments?post=3539"}],"wp:featuredmedia":[{"embeddable":true,"href":"https:\/\/speedxperts.com\/fr\/wp-json\/wp\/v2\/media\/3532"}],"wp:attachment":[{"href":"https:\/\/speedxperts.com\/fr\/wp-json\/wp\/v2\/media?parent=3539"}],"wp:term":[{"taxonomy":"product_brand","embeddable":true,"href":"https:\/\/speedxperts.com\/fr\/wp-json\/wp\/v2\/product_brand?post=3539"},{"taxonomy":"product_cat","embeddable":true,"href":"https:\/\/speedxperts.com\/fr\/wp-json\/wp\/v2\/product_cat?post=3539"},{"taxonomy":"product_tag","embeddable":true,"href":"https:\/\/speedxperts.com\/fr\/wp-json\/wp\/v2\/product_tag?post=3539"}],"curies":[{"name":"wp","href":"https:\/\/api.w.org\/{rel}","templated":true}]}}