{"id":3910,"date":"2025-01-04T18:11:27","date_gmt":"2025-01-04T17:11:27","guid":{"rendered":"https:\/\/speedxperts.com\/?post_type=product&#038;p=3910"},"modified":"2025-02-04T15:23:25","modified_gmt":"2025-02-04T14:23:25","slug":"lit-gonflable-universel-pour-voiture-175x130cm","status":"publish","type":"product","link":"https:\/\/speedxperts.com\/fr\/produit\/lit-gonflable-universel-pour-voiture-175x130cm\/","title":{"rendered":"Lit gonflable universel pour voiture - 175x130cm"},"content":{"rendered":"<p>Am\u00e9liorez votre exp\u00e9rience de voyage avec le <strong>Lit gonflable universel pour voiture<\/strong>Ce matelas pneumatique est con\u00e7u pour un confort et une commodit\u00e9 ultimes. Ce matelas pneumatique polyvalent s'adapte \u00e0 la plupart des voitures, des v\u00e9hicules utilitaires sport et des v\u00e9hicules de loisirs, ce qui le rend id\u00e9al pour les voyages en voiture, les sorties en famille, le camping et les s\u00e9jours d'une nuit.<\/p>\n<h3><strong>Caract\u00e9ristiques principales :<\/strong><\/h3>\n<p>\u2705 <strong>Taille et confort sup\u00e9rieurs<\/strong>:<\/p>\n<ul>\n<li>Dimensions : <strong>175x130cm (68.9\u00d751.2 pouces)<\/strong><\/li>\n<li>Conception spacieuse et confortable pour assurer un sommeil r\u00e9parateur \u00e0 deux adultes.<\/li>\n<\/ul>\n<p>\u2705 <strong>Six chambres \u00e0 air ind\u00e9pendantes<\/strong>:<\/p>\n<ul>\n<li>Permet un gonflage s\u00e9par\u00e9 pour personnaliser la fermet\u00e9 et l'adaptation \u00e0 la banquette arri\u00e8re ou au coffre de votre voiture.<\/li>\n<li>Pliable \u00e0 l'\u00e9tat non gonfl\u00e9 pour faciliter le stockage.<\/li>\n<\/ul>\n<p>\u2705 <strong>Mat\u00e9riau de haute qualit\u00e9<\/strong>:<\/p>\n<ul>\n<li>Fabriqu\u00e9 en <strong>PVC floqu\u00e9<\/strong> pour la durabilit\u00e9, la douceur et le confort.<\/li>\n<li>La conception en nid d'abeille assure une meilleure r\u00e9partition de la pression pour un soutien accru.<\/li>\n<\/ul>\n<p>\u2705 <strong>Conception \u00e9tanche<\/strong>:<\/p>\n<ul>\n<li>Technologie du bord \u00e0 double rang\u00e9e de coutures et <strong>Valves \u00e9tanches \u00e0 3 couches<\/strong> \u00e9viter les fuites d'air.<\/li>\n<\/ul>\n<p>\u2705 <strong>Installation rapide et facile<\/strong>:<\/p>\n<ul>\n<li>Livr\u00e9 avec un <strong>Pompe \u00e0 air 12V<\/strong> pour un gonflage rapide en quelques minutes. (<em>La pompe n'est PAS compatible avec les pneus, les ballons de yoga ou les anneaux de natation.<\/em>)<\/li>\n<\/ul>\n<p>\u2705 <strong>Pratique et portable<\/strong>:<\/p>\n<ul>\n<li>Comprend un <strong>sac de rangement<\/strong> pour une portabilit\u00e9 compacte et un support de si\u00e8ge arri\u00e8re de voiture pour maintenir le lit stable pendant l'utilisation.<\/li>\n<\/ul>\n<p>\u2705 <strong>Utilisation polyvalente<\/strong>:<\/p>\n<ul>\n<li>Parfait pour <strong>camping, voyages en voiture, pique-niques, pauses au bureau et lits d'amis<\/strong> \u00e0 la maison.<\/li>\n<li>Compatible avec <strong>V\u00e9hicules utilitaires, v\u00e9hicules de loisirs, monospaces et berlines<\/strong>.<\/li>\n<\/ul>\n<hr \/>\n<h3><strong>Le paquet comprend<\/strong>:<\/h3>\n<ul>\n<li>1 x Matelas gonflable pour voiture<\/li>\n<li>1 x oreiller<\/li>\n<li>1 x Pompe \u00e0 air (compatible avec les voitures 12V)<\/li>\n<li>1 x Sac de rangement<\/li>\n<li>1 x Support de lit pour si\u00e8ge arri\u00e8re de voiture<\/li>\n<\/ul>\n<hr \/>\n<h3><strong>Sp\u00e9cifications<\/strong>:<\/h3>\n<ul>\n<li><strong>Mat\u00e9riau<\/strong>: PVC de haute qualit\u00e9 + tissu de flocage<\/li>\n<li><strong>Taille gonfl\u00e9e<\/strong>: 175x130cm \/ 68.9\u00d751.2 pouces<\/li>\n<li><strong>Poids<\/strong>: Environ 2,5 kg<\/li>\n<li><strong>Pompe \u00e0 air<\/strong>: Compatible avec les voitures 12V<\/li>\n<\/ul>\n<p><strong>Note<\/strong>: Utilisez toujours la pompe fournie pour un gonflage s\u00fbr et efficace.<\/p>\n<p>&nbsp;<\/p>","protected":false},"excerpt":{"rendered":"<p><strong>Pourquoi choisir ce lit gonflable pour voiture ?<\/strong><br \/>\n\u2714 <strong>Portable et l\u00e9ger<\/strong> - Facile \u00e0 transporter et \u00e0 ranger.<br \/>\n\u2714 <strong>Le confort en mouvement<\/strong> - Parfait pour les voyages en voiture, le camping ou pour une sieste rapide pendant les longs trajets.<br \/>\n\u2714 <strong>Adaptation universelle<\/strong> - Convient \u00e0 plus de 90% de voitures et de SUV.<\/p>\n<p><strong>Am\u00e9liorez vos voyages avec un confort et une commodit\u00e9 in\u00e9gal\u00e9s. Commandez votre lit gonflable universel de voyage en voiture d\u00e8s aujourd'hui !<\/strong><\/p>","protected":false},"featured_media":3885,"comment_status":"open","ping_status":"closed","template":"","meta":{"_uag_custom_page_level_css":"","site-sidebar-layout":"default","site-content-layout":"","ast-site-content-layout":"default","site-content-style":"default","site-sidebar-style":"default","ast-global-header-display":"","ast-banner-title-visibility":"","ast-main-header-display":"","ast-hfb-above-header-display":"","ast-hfb-below-header-display":"","ast-hfb-mobile-header-display":"","site-post-title":"","ast-breadcrumbs-content":"","ast-featured-img":"","footer-sml-layout":"","theme-transparent-header-meta":"default","adv-header-id-meta":"","stick-header-meta":"","header-above-stick-meta":"","header-main-stick-meta":"","header-below-stick-meta":"","astra-migrate-meta-layouts":"set","ast-page-background-enabled":"default","ast-page-background-meta":{"desktop":{"background-color":"","background-image":"","background-repeat":"repeat","background-position":"center center","background-size":"auto","background-attachment":"scroll","background-type":"","background-media":"","overlay-type":"","overlay-color":"","overlay-opacity":"","overlay-gradient":""},"tablet":{"background-color":"","background-image":"","background-repeat":"repeat","background-position":"center center","background-size":"auto","background-attachment":"scroll","background-type":"","background-media":"","overlay-type":"","overlay-color":"","overlay-opacity":"","overlay-gradient":""},"mobile":{"background-color":"","background-image":"","background-repeat":"repeat","background-position":"center center","background-size":"auto","background-attachment":"scroll","background-type":"","background-media":"","overlay-type":"","overlay-color":"","overlay-opacity":"","overlay-gradient":""}},"ast-content-background-meta":{"desktop":{"background-color":"var(--ast-global-color-5)","background-image":"","background-repeat":"repeat","background-position":"center center","background-size":"auto","background-attachment":"scroll","background-type":"","background-media":"","overlay-type":"","overlay-color":"","overlay-opacity":"","overlay-gradient":""},"tablet":{"background-color":"var(--ast-global-color-5)","background-image":"","background-repeat":"repeat","background-position":"center center","background-size":"auto","background-attachment":"scroll","background-type":"","background-media":"","overlay-type":"","overlay-color":"","overlay-opacity":"","overlay-gradient":""},"mobile":{"background-color":"var(--ast-global-color-5)","background-image":"","background-repeat":"repeat","background-position":"center center","background-size":"auto","background-attachment":"scroll","background-type":"","background-media":"","overlay-type":"","overlay-color":"","overlay-opacity":"","overlay-gradient":""}}},"product_brand":[],"product_cat":[72],"product_tag":[],"class_list":{"0":"post-3910","1":"product","2":"type-product","3":"status-publish","4":"has-post-thumbnail","6":"product_cat-interior-accessories","7":"desktop-align-left","8":"tablet-align-left","9":"mobile-align-left","10":"ast-product-gallery-layout-horizontal-slider","11":"ast-product-single-variable","12":"ast-product-tabs-layout-horizontal","14":"first","15":"instock","16":"shipping-taxable","17":"purchasable","18":"product-type-variable"},"aioseo_notices":[],"uagb_featured_image_src":{"full":["https:\/\/speedxperts.com\/wp-content\/uploads\/2025\/01\/S9437f98f663b4d7db4b40ac2774de330K.webp",1000,1000,false],"thumbnail":["https:\/\/speedxperts.com\/wp-content\/uploads\/2025\/01\/S9437f98f663b4d7db4b40ac2774de330K-150x150.webp",150,150,true],"medium":["https:\/\/speedxperts.com\/wp-content\/uploads\/2025\/01\/S9437f98f663b4d7db4b40ac2774de330K-300x300.webp",300,300,true],"medium_large":["https:\/\/speedxperts.com\/wp-content\/uploads\/2025\/01\/S9437f98f663b4d7db4b40ac2774de330K-768x768.webp",768,768,true],"large":["https:\/\/speedxperts.com\/wp-content\/uploads\/2025\/01\/S9437f98f663b4d7db4b40ac2774de330K.webp",1000,1000,false],"1536x1536":["https:\/\/speedxperts.com\/wp-content\/uploads\/2025\/01\/S9437f98f663b4d7db4b40ac2774de330K.webp",1000,1000,false],"2048x2048":["https:\/\/speedxperts.com\/wp-content\/uploads\/2025\/01\/S9437f98f663b4d7db4b40ac2774de330K.webp",1000,1000,false],"trp-custom-language-flag":["https:\/\/speedxperts.com\/wp-content\/uploads\/2025\/01\/S9437f98f663b4d7db4b40ac2774de330K-12x12.webp",12,12,true],"woocommerce_thumbnail":["https:\/\/speedxperts.com\/wp-content\/uploads\/2025\/01\/S9437f98f663b4d7db4b40ac2774de330K-300x300.webp",300,300,true],"woocommerce_single":["https:\/\/speedxperts.com\/wp-content\/uploads\/2025\/01\/S9437f98f663b4d7db4b40ac2774de330K-600x600.webp",600,600,true],"woocommerce_gallery_thumbnail":["https:\/\/speedxperts.com\/wp-content\/uploads\/2025\/01\/S9437f98f663b4d7db4b40ac2774de330K-100x100.webp",100,100,true]},"uagb_author_info":{"display_name":"Sebastian","author_link":"https:\/\/speedxperts.com\/fr\/author\/"},"uagb_comment_info":0,"uagb_excerpt":"Why Choose This Car Inflatable Bed? \u2714 Portable and Lightweight \u2013 Easy to carry and store. \u2714 Comfort on the Go \u2013 Perfect for road trips, camping, or a quick nap during long drives. \u2714 Universal Fit \u2013 Suitable for more than 90% of cars and SUVs. Upgrade your travels with unmatched comfort and convenience.\u2026","jetpack_sharing_enabled":true,"_links":{"self":[{"href":"https:\/\/speedxperts.com\/fr\/wp-json\/wp\/v2\/product\/3910","targetHints":{"allow":["GET"]}}],"collection":[{"href":"https:\/\/speedxperts.com\/fr\/wp-json\/wp\/v2\/product"}],"about":[{"href":"https:\/\/speedxperts.com\/fr\/wp-json\/wp\/v2\/types\/product"}],"replies":[{"embeddable":true,"href":"https:\/\/speedxperts.com\/fr\/wp-json\/wp\/v2\/comments?post=3910"}],"wp:featuredmedia":[{"embeddable":true,"href":"https:\/\/speedxperts.com\/fr\/wp-json\/wp\/v2\/media\/3885"}],"wp:attachment":[{"href":"https:\/\/speedxperts.com\/fr\/wp-json\/wp\/v2\/media?parent=3910"}],"wp:term":[{"taxonomy":"product_brand","embeddable":true,"href":"https:\/\/speedxperts.com\/fr\/wp-json\/wp\/v2\/product_brand?post=3910"},{"taxonomy":"product_cat","embeddable":true,"href":"https:\/\/speedxperts.com\/fr\/wp-json\/wp\/v2\/product_cat?post=3910"},{"taxonomy":"product_tag","embeddable":true,"href":"https:\/\/speedxperts.com\/fr\/wp-json\/wp\/v2\/product_tag?post=3910"}],"curies":[{"name":"wp","href":"https:\/\/api.w.org\/{rel}","templated":true}]}}