{"id":3915,"date":"2025-01-04T18:11:34","date_gmt":"2025-01-04T17:11:34","guid":{"rendered":"https:\/\/speedxperts.com\/?post_type=product&#038;p=3915"},"modified":"2025-02-04T15:23:18","modified_gmt":"2025-02-04T14:23:18","slug":"lit-gonflable-universel-pour-siege-arriere-de-voiture-80x130cm","status":"publish","type":"product","link":"https:\/\/speedxperts.com\/fr\/produit\/lit-gonflable-universel-pour-siege-arriere-de-voiture-80x130cm\/","title":{"rendered":"Lit gonflable universel pour si\u00e8ge arri\u00e8re de voiture 80x130cm"},"content":{"rendered":"<p>Rendez chaque voyage plus confortable gr\u00e2ce \u00e0 la <strong>Lit gonflable universel pour voiture<\/strong>Ce lit gonflable est con\u00e7u pour \u00eatre polyvalent et pratique. Que vous soyez en camping, en voyage ou que vous receviez des invit\u00e9s \u00e0 la maison, ce lit gonflable vous assure un sommeil r\u00e9parateur o\u00f9 que vous soyez.<\/p>\n<p>Caract\u00e9ristiques principales :<\/p>\n<ul>\n<li><strong>Portable et l\u00e9ger<\/strong>:<br \/>\nLivr\u00e9 avec un sac de rangement en tissu pour un transport facile et un stockage compact. Parfait pour les voyages et les sorties en famille.<\/li>\n<li><strong>Gonflage automatique rapide<\/strong>:<br \/>\nSe gonfle sans effort gr\u00e2ce \u00e0 la buse d'air int\u00e9gr\u00e9e. Le matelas se gonfle automatiquement, tandis que les oreillers et les ailes lat\u00e9rales n\u00e9cessitent un gonflage manuel minimal.<\/li>\n<li><strong>Confort sup\u00e9rieur<\/strong>:<br \/>\nFabriqu\u00e9 en polyester pong\u00e9 respectueux de l'environnement, le matelas est lisse, r\u00e9sistant \u00e0 l'usure, imperm\u00e9able et respirant. L'\u00e2me en coton \u00e9lastique de haute qualit\u00e9 et l'\u00e9ponge dense offrent un soutien et un confort excellents.<\/li>\n<li><strong>Durable et fiable<\/strong>:<br \/>\nFabriqu\u00e9 en PVC souple mais robuste, avec des coutures serr\u00e9es pour la durabilit\u00e9 et une fermeture herm\u00e9tique, pour une utilisation durable.<\/li>\n<li><strong>Applications polyvalentes<\/strong>:<br \/>\nConvient \u00e0 diff\u00e9rents contextes :<\/p>\n<ul>\n<li><strong>Voiture<\/strong>: Convient \u00e0 la plupart des v\u00e9hicules utilitaires, des v\u00e9hicules de loisirs et des monospaces pour un confort optimal en d\u00e9placement.<\/li>\n<li><strong>Camping<\/strong>: Id\u00e9al pour les aventures en plein air.<\/li>\n<li><strong>Accueil<\/strong>: Matelas d'urgence pour les invit\u00e9s ou lit d'appoint pour le bureau.<\/li>\n<li><strong>Pique-nique et voyage<\/strong>: Assure le confort o\u00f9 que vous alliez.<\/li>\n<\/ul>\n<\/li>\n<\/ul>\n<p>Sp\u00e9cifications :<\/p>\n<ul>\n<li><strong>Mat\u00e9riau<\/strong>: Tissu pong\u00e9 durable en PVC et polyester<\/li>\n<li><strong>Dimensions<\/strong>: 80x130cm<\/li>\n<li><strong>Caract\u00e9ristiques<\/strong>: Imperm\u00e9able, r\u00e9sistant \u00e0 l'usure et respirant<\/li>\n<li><strong>Dur\u00e9e de l'inflation<\/strong>: Se gonfle en quelques minutes avec une fermet\u00e9 r\u00e9glable<\/li>\n<\/ul>\n<p>Le paquet comprend :<\/p>\n<ul>\n<li><strong>1 x Matelas gonflable<\/strong><\/li>\n<li><strong>1 x oreiller<\/strong><\/li>\n<li><strong>1 x Pompe \u00e0 air<\/strong> (Remarque : la pompe n'est pas compatible avec le gonflage de pneus, d'anneaux de natation, de ballons de yoga, etc.)<\/li>\n<li><strong>1 x Sac de rangement<\/strong><\/li>\n<\/ul>\n<p>Pourquoi choisir le lit gonflable universel de voyage en voiture ?<\/p>\n<p>Ce matelas offre un m\u00e9lange parfait de commodit\u00e9, de durabilit\u00e9 et de confort, ce qui en fait un excellent choix pour tous ceux qui appr\u00e9cient un sommeil r\u00e9parateur en d\u00e9placement. Sa conception compacte et ses nombreuses possibilit\u00e9s d'utilisation vous permettent d'\u00eatre toujours pr\u00eat \u00e0 r\u00e9pondre \u00e0 vos besoins en mati\u00e8re de voyage ou d'h\u00e9bergement.<\/p>\n<p>Am\u00e9liorez votre exp\u00e9rience de voyage et de camping avec le <strong>Lit gonflable universel pour voiture<\/strong> - votre ultime solution de confort portable !<\/p>\n<p>&nbsp;<\/p>","protected":false},"excerpt":{"rendered":"<p><strong>Pourquoi choisir ce lit gonflable pour voiture ?<\/strong><br \/>\n\u2714 <strong>Portable et l\u00e9ger<\/strong> - Facile \u00e0 transporter et \u00e0 ranger.<br \/>\n\u2714 <strong>Le confort en mouvement<\/strong> - Parfait pour les voyages en voiture, le camping ou pour une sieste rapide pendant les longs trajets.<br \/>\n\u2714 <strong>Adaptation universelle<\/strong> - Convient \u00e0 plus de 90% de voitures et de SUV.<\/p>\n<p><strong>Am\u00e9liorez vos voyages avec un confort et une commodit\u00e9 in\u00e9gal\u00e9s. Commandez votre lit gonflable universel de voyage en voiture d\u00e8s aujourd'hui !<\/strong><\/p>","protected":false},"featured_media":3892,"comment_status":"open","ping_status":"closed","template":"","meta":{"_uag_custom_page_level_css":"","site-sidebar-layout":"default","site-content-layout":"","ast-site-content-layout":"default","site-content-style":"default","site-sidebar-style":"default","ast-global-header-display":"","ast-banner-title-visibility":"","ast-main-header-display":"","ast-hfb-above-header-display":"","ast-hfb-below-header-display":"","ast-hfb-mobile-header-display":"","site-post-title":"","ast-breadcrumbs-content":"","ast-featured-img":"","footer-sml-layout":"","ast-disable-related-posts":"","theme-transparent-header-meta":"default","adv-header-id-meta":"","stick-header-meta":"","header-above-stick-meta":"","header-main-stick-meta":"","header-below-stick-meta":"","astra-migrate-meta-layouts":"set","ast-page-background-enabled":"default","ast-page-background-meta":{"desktop":{"background-color":"","background-image":"","background-repeat":"repeat","background-position":"center center","background-size":"auto","background-attachment":"scroll","background-type":"","background-media":"","overlay-type":"","overlay-color":"","overlay-opacity":"","overlay-gradient":""},"tablet":{"background-color":"","background-image":"","background-repeat":"repeat","background-position":"center center","background-size":"auto","background-attachment":"scroll","background-type":"","background-media":"","overlay-type":"","overlay-color":"","overlay-opacity":"","overlay-gradient":""},"mobile":{"background-color":"","background-image":"","background-repeat":"repeat","background-position":"center center","background-size":"auto","background-attachment":"scroll","background-type":"","background-media":"","overlay-type":"","overlay-color":"","overlay-opacity":"","overlay-gradient":""}},"ast-content-background-meta":{"desktop":{"background-color":"var(--ast-global-color-5)","background-image":"","background-repeat":"repeat","background-position":"center center","background-size":"auto","background-attachment":"scroll","background-type":"","background-media":"","overlay-type":"","overlay-color":"","overlay-opacity":"","overlay-gradient":""},"tablet":{"background-color":"var(--ast-global-color-5)","background-image":"","background-repeat":"repeat","background-position":"center center","background-size":"auto","background-attachment":"scroll","background-type":"","background-media":"","overlay-type":"","overlay-color":"","overlay-opacity":"","overlay-gradient":""},"mobile":{"background-color":"var(--ast-global-color-5)","background-image":"","background-repeat":"repeat","background-position":"center center","background-size":"auto","background-attachment":"scroll","background-type":"","background-media":"","overlay-type":"","overlay-color":"","overlay-opacity":"","overlay-gradient":""}}},"product_brand":[],"product_cat":[72],"product_tag":[],"class_list":{"0":"post-3915","1":"product","2":"type-product","3":"status-publish","4":"has-post-thumbnail","6":"product_cat-interior-accessories","7":"desktop-align-left","8":"tablet-align-left","9":"mobile-align-left","10":"ast-product-gallery-layout-horizontal-slider","11":"ast-product-single-variable","12":"ast-product-tabs-layout-horizontal","14":"first","15":"instock","16":"shipping-taxable","17":"purchasable","18":"product-type-variable"},"aioseo_notices":[],"uagb_featured_image_src":{"full":["https:\/\/speedxperts.com\/wp-content\/uploads\/2025\/01\/Se42f7cff8e614fd8bcc1fea401405680O.webp",1000,1000,false],"thumbnail":["https:\/\/speedxperts.com\/wp-content\/uploads\/2025\/01\/Se42f7cff8e614fd8bcc1fea401405680O-150x150.webp",150,150,true],"medium":["https:\/\/speedxperts.com\/wp-content\/uploads\/2025\/01\/Se42f7cff8e614fd8bcc1fea401405680O-300x300.webp",300,300,true],"medium_large":["https:\/\/speedxperts.com\/wp-content\/uploads\/2025\/01\/Se42f7cff8e614fd8bcc1fea401405680O-768x768.webp",768,768,true],"large":["https:\/\/speedxperts.com\/wp-content\/uploads\/2025\/01\/Se42f7cff8e614fd8bcc1fea401405680O.webp",1000,1000,false],"1536x1536":["https:\/\/speedxperts.com\/wp-content\/uploads\/2025\/01\/Se42f7cff8e614fd8bcc1fea401405680O.webp",1000,1000,false],"2048x2048":["https:\/\/speedxperts.com\/wp-content\/uploads\/2025\/01\/Se42f7cff8e614fd8bcc1fea401405680O.webp",1000,1000,false],"trp-custom-language-flag":["https:\/\/speedxperts.com\/wp-content\/uploads\/2025\/01\/Se42f7cff8e614fd8bcc1fea401405680O-12x12.webp",12,12,true],"woocommerce_thumbnail":["https:\/\/speedxperts.com\/wp-content\/uploads\/2025\/01\/Se42f7cff8e614fd8bcc1fea401405680O-300x300.webp",300,300,true],"woocommerce_single":["https:\/\/speedxperts.com\/wp-content\/uploads\/2025\/01\/Se42f7cff8e614fd8bcc1fea401405680O-600x600.webp",600,600,true],"woocommerce_gallery_thumbnail":["https:\/\/speedxperts.com\/wp-content\/uploads\/2025\/01\/Se42f7cff8e614fd8bcc1fea401405680O-100x100.webp",100,100,true]},"uagb_author_info":{"display_name":"Sebastian","author_link":"https:\/\/speedxperts.com\/fr\/author\/"},"uagb_comment_info":0,"uagb_excerpt":"Why Choose This Car Inflatable Bed? \u2714 Portable and Lightweight \u2013 Easy to carry and store. \u2714 Comfort on the Go \u2013 Perfect for road trips, camping, or a quick nap during long drives. \u2714 Universal Fit \u2013 Suitable for more than 90% of cars and SUVs. Upgrade your travels with unmatched comfort and convenience.\u2026","jetpack_sharing_enabled":true,"_links":{"self":[{"href":"https:\/\/speedxperts.com\/fr\/wp-json\/wp\/v2\/product\/3915","targetHints":{"allow":["GET"]}}],"collection":[{"href":"https:\/\/speedxperts.com\/fr\/wp-json\/wp\/v2\/product"}],"about":[{"href":"https:\/\/speedxperts.com\/fr\/wp-json\/wp\/v2\/types\/product"}],"replies":[{"embeddable":true,"href":"https:\/\/speedxperts.com\/fr\/wp-json\/wp\/v2\/comments?post=3915"}],"wp:featuredmedia":[{"embeddable":true,"href":"https:\/\/speedxperts.com\/fr\/wp-json\/wp\/v2\/media\/3892"}],"wp:attachment":[{"href":"https:\/\/speedxperts.com\/fr\/wp-json\/wp\/v2\/media?parent=3915"}],"wp:term":[{"taxonomy":"product_brand","embeddable":true,"href":"https:\/\/speedxperts.com\/fr\/wp-json\/wp\/v2\/product_brand?post=3915"},{"taxonomy":"product_cat","embeddable":true,"href":"https:\/\/speedxperts.com\/fr\/wp-json\/wp\/v2\/product_cat?post=3915"},{"taxonomy":"product_tag","embeddable":true,"href":"https:\/\/speedxperts.com\/fr\/wp-json\/wp\/v2\/product_tag?post=3915"}],"curies":[{"name":"wp","href":"https:\/\/api.w.org\/{rel}","templated":true}]}}