{"id":4133,"date":"2025-02-12T09:07:10","date_gmt":"2025-02-12T08:07:10","guid":{"rendered":"https:\/\/speedxperts.com\/?post_type=product&#038;p=4133"},"modified":"2025-02-18T13:04:25","modified_gmt":"2025-02-18T12:04:25","slug":"kit-doutils-pour-le-demontage-de-lautoradio","status":"publish","type":"product","link":"https:\/\/speedxperts.com\/fr\/produit\/kit-doutils-pour-le-demontage-de-lautoradio\/","title":{"rendered":"Ensemble d'outils pour le d\u00e9montage de l'autoradio"},"content":{"rendered":"<h4><strong>Principales caract\u00e9ristiques et avantages :<\/strong><\/h4>\n<p>\u2714 <strong>Utilisation polyvalente<\/strong> - Id\u00e9al pour enlever la voiture <strong>St\u00e9r\u00e9os, tableaux de bord, rev\u00eatements int\u00e9rieurs, CD audio et fils de raccordement<\/strong>.<br \/>\n\u2714 <strong>Mat\u00e9riaux de premi\u00e8re qualit\u00e9<\/strong> - Construit avec <strong>POM super-dur + nylon, acier au mangan\u00e8se et acier inoxydable<\/strong> pour la durabilit\u00e9.<br \/>\n\u2714 <strong>Enl\u00e8vement sans dommage<\/strong> - Pr\u00e9vient les rayures et les cassures lors du d\u00e9montage des panneaux et du c\u00e2blage.<br \/>\n\u2714 <strong>Conception ergonomique<\/strong> - Poign\u00e9e confortable et outils l\u00e9gers pour une manipulation ais\u00e9e.<br \/>\n\u2714 <strong>Portable et organis\u00e9<\/strong> - Livr\u00e9 dans un <strong>sac en tissu Oxford tr\u00e8s \u00e9lastique et r\u00e9sistant \u00e0 l'usure<\/strong> pour un stockage et un transport s\u00e9curis\u00e9s.<\/p>\n<h4><strong>Qu'est-ce qui est inclus ?<\/strong><\/h4>\n<p>\u2705 <strong>11x Outils pour plaques de serrage<\/strong> - Fabriqu\u00e9 \u00e0 partir de <strong>POM super-dur + nylon<\/strong>L'outil est id\u00e9al pour retirer les panneaux et les garnitures en toute s\u00e9curit\u00e9.<br \/>\n\u2705 <strong>Conducteur + outil d'\u00e9clairage<\/strong> - Fabriqu\u00e9 \u00e0 partir de <strong>acier au mangan\u00e8se<\/strong> pour plus de solidit\u00e9.<br \/>\n\u2705 <strong>Audio Key + Terminal Back Pin Tools<\/strong> - Fabriqu\u00e9 en <strong>acier inoxydable<\/strong>Id\u00e9al pour la d\u00e9pose de la cha\u00eene st\u00e9r\u00e9o et du c\u00e2blage.<br \/>\n\u2705 <strong>Crochet de joint d'huile<\/strong> - Caract\u00e9ristiques <strong>manche en nylon et tige en alliage de zinc<\/strong> pour les travaux de pr\u00e9cision.<br \/>\n\u2705 <strong>Fileur automobile<\/strong> - A <strong>nylon et alliage de zinc<\/strong> pour enfiler les fils dans les espaces restreints.<br \/>\n\u2705 <strong>Outil de c\u00e2blage pour harnais de voiture<\/strong> - Construit avec <strong>fil d'acier<\/strong> pour retirer le harnais en toute s\u00e9curit\u00e9.<br \/>\n\u2705 <strong>1x sac en tissu Oxford<\/strong> - <strong>Durable, r\u00e9sistant \u00e0 l'usure et compact<\/strong> pour faciliter le stockage et le transport.<\/p>\n<h4><strong>Sp\u00e9cifications :<\/strong><\/h4>\n<p>\ud83d\udccf <strong>Taille de l'emballage :<\/strong> 32 \u00d7 23 \u00d7 5 cm<br \/>\n\ud83c\udfa8 <strong>Options de couleur :<\/strong> Rouge \/ Bleu<br \/>\n\ud83d\udce6 <strong>Mat\u00e9riau d'emballage :<\/strong> <strong>Sac en tissu de haute duret\u00e9<\/strong><\/p>\n<p>Am\u00e9liorez votre bo\u00eete \u00e0 outils pour l'entretien de votre voiture avec notre <strong>Ensemble d'outils pour le d\u00e9montage de l'autoradio<\/strong> - con\u00e7u pour l'efficacit\u00e9, la durabilit\u00e9 et la pr\u00e9cision.<\/p>\n<p>\ud83d\uded2 <strong>Commandez maintenant chez SpeedXperts.com et enlevez les panneaux de la voiture comme un pro !<\/strong> \ud83d\ude97\ud83d\udd27<\/p>\n<p>&nbsp;<\/p>","protected":false},"excerpt":{"rendered":"<p>Retirez sans effort votre <strong>autoradio, panneaux du tableau de bord et garnitures int\u00e9rieures<\/strong> avec notre <strong>Ensemble d'outils pour le d\u00e9montage de l'autoradio<\/strong>. Con\u00e7u pour <strong>les professionnels et les bricoleurs<\/strong>Ce kit comprend <strong>des outils durables et de haute qualit\u00e9<\/strong> pour d\u00e9monter en toute s\u00e9curit\u00e9 l'int\u00e9rieur des voitures sans endommager les composants d\u00e9licats. Qu'il s'agisse de remplacer un syst\u00e8me audio, de d\u00e9monter un panneau de commande ou de manipuler les fils des bornes de la voiture, ce jeu d'outils garantit un fonctionnement sans faille. <strong>sans probl\u00e8me<\/strong> et <strong>efficace<\/strong> l'exp\u00e9rience.<\/p>","protected":false},"featured_media":4127,"comment_status":"open","ping_status":"closed","template":"","meta":{"_uag_custom_page_level_css":"","site-sidebar-layout":"default","site-content-layout":"","ast-site-content-layout":"default","site-content-style":"default","site-sidebar-style":"default","ast-global-header-display":"","ast-banner-title-visibility":"","ast-main-header-display":"","ast-hfb-above-header-display":"","ast-hfb-below-header-display":"","ast-hfb-mobile-header-display":"","site-post-title":"","ast-breadcrumbs-content":"","ast-featured-img":"","footer-sml-layout":"","ast-disable-related-posts":"","theme-transparent-header-meta":"default","adv-header-id-meta":"","stick-header-meta":"","header-above-stick-meta":"","header-main-stick-meta":"","header-below-stick-meta":"","astra-migrate-meta-layouts":"set","ast-page-background-enabled":"default","ast-page-background-meta":{"desktop":{"background-color":"","background-image":"","background-repeat":"repeat","background-position":"center center","background-size":"auto","background-attachment":"scroll","background-type":"","background-media":"","overlay-type":"","overlay-color":"","overlay-opacity":"","overlay-gradient":""},"tablet":{"background-color":"","background-image":"","background-repeat":"repeat","background-position":"center center","background-size":"auto","background-attachment":"scroll","background-type":"","background-media":"","overlay-type":"","overlay-color":"","overlay-opacity":"","overlay-gradient":""},"mobile":{"background-color":"","background-image":"","background-repeat":"repeat","background-position":"center center","background-size":"auto","background-attachment":"scroll","background-type":"","background-media":"","overlay-type":"","overlay-color":"","overlay-opacity":"","overlay-gradient":""}},"ast-content-background-meta":{"desktop":{"background-color":"var(--ast-global-color-5)","background-image":"","background-repeat":"repeat","background-position":"center center","background-size":"auto","background-attachment":"scroll","background-type":"","background-media":"","overlay-type":"","overlay-color":"","overlay-opacity":"","overlay-gradient":""},"tablet":{"background-color":"var(--ast-global-color-5)","background-image":"","background-repeat":"repeat","background-position":"center center","background-size":"auto","background-attachment":"scroll","background-type":"","background-media":"","overlay-type":"","overlay-color":"","overlay-opacity":"","overlay-gradient":""},"mobile":{"background-color":"var(--ast-global-color-5)","background-image":"","background-repeat":"repeat","background-position":"center center","background-size":"auto","background-attachment":"scroll","background-type":"","background-media":"","overlay-type":"","overlay-color":"","overlay-opacity":"","overlay-gradient":""}}},"product_brand":[],"product_cat":[73],"product_tag":[],"class_list":{"0":"post-4133","1":"product","2":"type-product","3":"status-publish","4":"has-post-thumbnail","6":"product_cat-accessories","7":"desktop-align-left","8":"tablet-align-left","9":"mobile-align-left","10":"ast-product-gallery-layout-horizontal-slider","11":"ast-product-single-variable","12":"ast-product-tabs-layout-horizontal","14":"first","15":"instock","16":"shipping-taxable","17":"purchasable","18":"product-type-variable"},"aioseo_notices":[],"uagb_featured_image_src":{"full":["https:\/\/speedxperts.com\/wp-content\/uploads\/2025\/02\/S3e5d53f84e2c4f5292f4a56b95389a7a1.webp",800,800,false],"thumbnail":["https:\/\/speedxperts.com\/wp-content\/uploads\/2025\/02\/S3e5d53f84e2c4f5292f4a56b95389a7a1-150x150.webp",150,150,true],"medium":["https:\/\/speedxperts.com\/wp-content\/uploads\/2025\/02\/S3e5d53f84e2c4f5292f4a56b95389a7a1-300x300.webp",300,300,true],"medium_large":["https:\/\/speedxperts.com\/wp-content\/uploads\/2025\/02\/S3e5d53f84e2c4f5292f4a56b95389a7a1-768x768.webp",768,768,true],"large":["https:\/\/speedxperts.com\/wp-content\/uploads\/2025\/02\/S3e5d53f84e2c4f5292f4a56b95389a7a1.webp",800,800,false],"1536x1536":["https:\/\/speedxperts.com\/wp-content\/uploads\/2025\/02\/S3e5d53f84e2c4f5292f4a56b95389a7a1.webp",800,800,false],"2048x2048":["https:\/\/speedxperts.com\/wp-content\/uploads\/2025\/02\/S3e5d53f84e2c4f5292f4a56b95389a7a1.webp",800,800,false],"trp-custom-language-flag":["https:\/\/speedxperts.com\/wp-content\/uploads\/2025\/02\/S3e5d53f84e2c4f5292f4a56b95389a7a1-12x12.webp",12,12,true],"woocommerce_thumbnail":["https:\/\/speedxperts.com\/wp-content\/uploads\/2025\/02\/S3e5d53f84e2c4f5292f4a56b95389a7a1-300x300.webp",300,300,true],"woocommerce_single":["https:\/\/speedxperts.com\/wp-content\/uploads\/2025\/02\/S3e5d53f84e2c4f5292f4a56b95389a7a1-600x600.webp",600,600,true],"woocommerce_gallery_thumbnail":["https:\/\/speedxperts.com\/wp-content\/uploads\/2025\/02\/S3e5d53f84e2c4f5292f4a56b95389a7a1-100x100.webp",100,100,true]},"uagb_author_info":{"display_name":"Sebastian","author_link":"https:\/\/speedxperts.com\/fr\/author\/"},"uagb_comment_info":0,"uagb_excerpt":"Effortlessly remove your car stereo, dashboard panels, and interior trim with our Car Stereo Removal Tool Set. Designed for professionals and DIY enthusiasts, this kit includes high-quality, durable tools to safely disassemble car interiors without damaging delicate components. Whether you\u2019re replacing an audio system, removing a control panel, or handling car terminal wires, this tool\u2026","jetpack_sharing_enabled":true,"_links":{"self":[{"href":"https:\/\/speedxperts.com\/fr\/wp-json\/wp\/v2\/product\/4133","targetHints":{"allow":["GET"]}}],"collection":[{"href":"https:\/\/speedxperts.com\/fr\/wp-json\/wp\/v2\/product"}],"about":[{"href":"https:\/\/speedxperts.com\/fr\/wp-json\/wp\/v2\/types\/product"}],"replies":[{"embeddable":true,"href":"https:\/\/speedxperts.com\/fr\/wp-json\/wp\/v2\/comments?post=4133"}],"wp:featuredmedia":[{"embeddable":true,"href":"https:\/\/speedxperts.com\/fr\/wp-json\/wp\/v2\/media\/4127"}],"wp:attachment":[{"href":"https:\/\/speedxperts.com\/fr\/wp-json\/wp\/v2\/media?parent=4133"}],"wp:term":[{"taxonomy":"product_brand","embeddable":true,"href":"https:\/\/speedxperts.com\/fr\/wp-json\/wp\/v2\/product_brand?post=4133"},{"taxonomy":"product_cat","embeddable":true,"href":"https:\/\/speedxperts.com\/fr\/wp-json\/wp\/v2\/product_cat?post=4133"},{"taxonomy":"product_tag","embeddable":true,"href":"https:\/\/speedxperts.com\/fr\/wp-json\/wp\/v2\/product_tag?post=4133"}],"curies":[{"name":"wp","href":"https:\/\/api.w.org\/{rel}","templated":true}]}}