{"id":4701,"date":"2025-03-31T12:54:28","date_gmt":"2025-03-31T11:54:28","guid":{"rendered":"https:\/\/speedxperts.com\/?post_type=product&#038;p=4701"},"modified":"2026-03-21T14:58:30","modified_gmt":"2026-03-21T13:58:30","slug":"vgate-vlinker-bm-et-bm-pour-bimmercode-et-bimmerlink-elm327-obd-tool","status":"publish","type":"product","link":"https:\/\/speedxperts.com\/fr\/produit\/vgate-vlinker-bm-et-bm-pour-bimmercode-et-bimmerlink-elm327-obd-tool\/","title":{"rendered":"VGate vLinker BM et BM+ pour BimmerCode et BimmerLink ELM327 OBD Tool"},"content":{"rendered":"<h4>Remarque : <strong>La version BM (BT 3.0) est uniquement pour Android ! La version BM+ (BT 4.0) est compatible avec iOS et Android.<\/strong><\/h4>\n<h3><strong>Caract\u00e9ristiques principales :<\/strong><\/h3>\n<p>\u2714 <strong>Enti\u00e8rement compatible avec BimmerCode et BimmerLink<\/strong> - Effectuer des diagnostics, des codages et des r\u00e9glages BMW professionnels.<br \/>\n\u2714 <strong>Compatibilit\u00e9 universelle OBD2<\/strong> - Travaille avec diff\u00e9rents <strong>Applications OBD Android et iOS<\/strong> en utilisant <strong>ELM327<\/strong> technologie.<br \/>\n\u2714 <strong>Options Bluetooth 4.0 et Bluetooth 3.0<\/strong> - Une connexion fiable et rapide pour les deux <strong>iOS et Android<\/strong> utilisateurs.<br \/>\n\u2714 <strong>Prise en charge de plusieurs protocoles pour les v\u00e9hicules<\/strong> - Couvertures <strong>99% de voitures OBD2<\/strong>y compris BMW, MINI et les v\u00e9hicules OBD2 en g\u00e9n\u00e9ral.<br \/>\n\u2714 <strong>Faible consommation d'\u00e9nergie<\/strong> - Entre <strong>mode veille automatique<\/strong> pour \u00e9viter que la batterie ne se d\u00e9charge.<br \/>\n\u2714 <strong>Traitement rapide des donn\u00e9es<\/strong> - La communication \u00e0 grande vitesse garantit <strong>stable<\/strong> et <strong>pr\u00e9cis<\/strong> des diagnostics.<\/p>\n<h3>Le logiciel n'est pas inclus !<\/h3>\n<hr \/>\n<h3><strong>Mod\u00e8les BMW compatibles (S\u00e9rie F et S\u00e9rie G)<\/strong><\/h3>\n<p><strong>Mod\u00e8les de la s\u00e9rie F (2011-2020)<\/strong><\/p>\n<ul>\n<li><strong>1 S\u00e9rie<\/strong> - F20, F21<\/li>\n<li><strong>2 S\u00e9ries<\/strong> - F22, F23, F45 (Active Tourer), F46 (Gran Tourer), F87 (M2)<\/li>\n<li><strong>S\u00e9rie 3<\/strong> - F30, F31, F34, F35, F80 (M3)<\/li>\n<li><strong>4 S\u00e9ries<\/strong> - F32, F33, F36, F82 (M4), F83<\/li>\n<li><strong>5 S\u00e9ries<\/strong> - F07, F10, F11, F18, F90 (M5)<\/li>\n<li><strong>6 S\u00e9ries<\/strong> - F06, F12, F13<\/li>\n<li><strong>S\u00e9rie 7<\/strong> - F01, F02, F03, F04<\/li>\n<li><strong>S\u00e9rie X<\/strong> - X1 (F48), X2 (F39), X3 (F25), X4 (F26), X5 (F15, F85), X6 (F16, F86)<\/li>\n<li><strong>Mod\u00e8les \u00e9lectriques<\/strong> - BMW i3, i8<\/li>\n<li><strong>MINI<\/strong> - F54, F55, F56, F57, F60<\/li>\n<\/ul>\n<p><strong>Mod\u00e8les de la s\u00e9rie G (2016-aujourd'hui)<\/strong><\/p>\n<ul>\n<li><strong>S\u00e9rie 3<\/strong> - G20, G21<\/li>\n<li><strong>5 S\u00e9ries<\/strong> - G30, G31<\/li>\n<li><strong>S\u00e9rie 7<\/strong> - G11<\/li>\n<li><strong>X3\/X4<\/strong> - G01, G02<\/li>\n<\/ul>\n<hr \/>\n<h3><strong>Que peut-on faire avec le Vgate vLinker BM+ ?<\/strong><\/h3>\n<p>\ud83d\udd39 <strong>Lire et effacer les codes de panne (DTC)<\/strong> - Diagnostiquer les probl\u00e8mes et r\u00e9initialiser les voyants d'avertissement.<br \/>\n\ud83d\udd39 <strong>Contr\u00f4ler les donn\u00e9es du moteur en temps r\u00e9el<\/strong> - Visualisez le r\u00e9gime, la temp\u00e9rature, la tension, l'\u00e9conomie de carburant et bien plus encore.<br \/>\n\ud83d\udd39 <strong>Activer les fonctions cach\u00e9es de BMW<\/strong> - Personnalisez les r\u00e9glages de votre voiture gr\u00e2ce \u00e0 BimmerCode.<br \/>\n\ud83d\udd39 <strong>Surveillance et entretien des batteries<\/strong> - V\u00e9rifier l'\u00e9tat de la batterie et pr\u00e9venir les pannes.<br \/>\n\ud83d\udd39 <strong>Compatible avec plusieurs applications OBD2<\/strong> - Fonctionne avec <strong>Torque, Car Scanner, JScan, Dr. Prius, DashCommand<\/strong>et bien d'autres choses encore.<br \/>\n\ud83d\udd39 <strong>Mode veille automatique<\/strong> - Permet d'\u00e9conomiser de l'\u00e9nergie lorsqu'elle n'est pas utilis\u00e9e.<\/p>\n<hr \/>\n<h3><strong>Protocoles OBD2 pris en charge<\/strong><\/h3>\n<p>\u2714 <strong>Protocoles standard OBDII 5 :<\/strong><\/p>\n<ul>\n<li>SAE J1850 VPW<\/li>\n<li>SAE J1850 PWM<\/li>\n<li>ISO 9141-2<\/li>\n<li>ISO 14230-4<\/li>\n<li>ISO 15765-4 CAN<\/li>\n<\/ul>\n<p>\u2714 <strong>Protocoles additionnels :<\/strong><\/p>\n<ul>\n<li>SAE J1939 CAN<\/li>\n<li>ISO 11898 (CAN brut)<\/li>\n<li><strong>15 Protocoles de format ELM<\/strong><\/li>\n<li><strong>23 Protocoles de format STN<\/strong><\/li>\n<li><strong>Jusqu'\u00e0 64 protocoles d\u00e9finis par l'utilisateur<\/strong><\/li>\n<\/ul>\n<hr \/>\n<h3><strong>Le paquet comprend :<\/strong><\/h3>\n<p>\ud83d\udce6 <strong>1 x Vgate vLinker BM ou BM+ Adaptateur OBD2<\/strong><br \/>\n\ud83d\udce6 <strong>1 x Manuel de l'utilisateur<\/strong><\/p>\n<p>\ud83d\udd27 <strong>Compatible avec BimmerCode, BimmerLink, Torque, Car Scanner, JScan, et plus encore !<\/strong><\/p>\n<p>\ud83d\ude97 <strong>Am\u00e9liorez le diagnostic de votre voiture avec le Vgate vLinker BM+ d\u00e8s aujourd'hui !<\/strong> \ud83d\ude97<\/p>\n<p>&nbsp;<\/p>","protected":false},"excerpt":{"rendered":"<p>Les <strong>Vgate vLinker BM &amp; BM+<\/strong> est une solution performante <strong>Adaptateur OBD2<\/strong> con\u00e7u pour <strong>BMW S\u00e9rie F et S\u00e9rie G<\/strong>offrant une compatibilit\u00e9 totale avec <strong>BimmerCode, BimmerLink<\/strong>et de nombreuses autres applications OBD2. Contrairement aux adaptateurs traditionnels, ce dispositif prend en charge <strong>Fonctions de l'ELM327<\/strong>Il est ainsi possible de travailler avec diff\u00e9rents types de <strong>Logiciel OBD pour Android et iOS<\/strong>, y compris <strong>Torque, Car Scanner, JScan, et plus encore<\/strong>.<\/p>","protected":false},"featured_media":4696,"comment_status":"open","ping_status":"closed","template":"","meta":{"_uag_custom_page_level_css":"","site-sidebar-layout":"default","site-content-layout":"","ast-site-content-layout":"default","site-content-style":"default","site-sidebar-style":"default","ast-global-header-display":"","ast-banner-title-visibility":"","ast-main-header-display":"","ast-hfb-above-header-display":"","ast-hfb-below-header-display":"","ast-hfb-mobile-header-display":"","site-post-title":"","ast-breadcrumbs-content":"","ast-featured-img":"","footer-sml-layout":"","theme-transparent-header-meta":"default","adv-header-id-meta":"","stick-header-meta":"","header-above-stick-meta":"","header-main-stick-meta":"","header-below-stick-meta":"","astra-migrate-meta-layouts":"set","ast-page-background-enabled":"default","ast-page-background-meta":{"desktop":{"background-color":"","background-image":"","background-repeat":"repeat","background-position":"center center","background-size":"auto","background-attachment":"scroll","background-type":"","background-media":"","overlay-type":"","overlay-color":"","overlay-opacity":"","overlay-gradient":""},"tablet":{"background-color":"","background-image":"","background-repeat":"repeat","background-position":"center center","background-size":"auto","background-attachment":"scroll","background-type":"","background-media":"","overlay-type":"","overlay-color":"","overlay-opacity":"","overlay-gradient":""},"mobile":{"background-color":"","background-image":"","background-repeat":"repeat","background-position":"center center","background-size":"auto","background-attachment":"scroll","background-type":"","background-media":"","overlay-type":"","overlay-color":"","overlay-opacity":"","overlay-gradient":""}},"ast-content-background-meta":{"desktop":{"background-color":"var(--ast-global-color-5)","background-image":"","background-repeat":"repeat","background-position":"center center","background-size":"auto","background-attachment":"scroll","background-type":"","background-media":"","overlay-type":"","overlay-color":"","overlay-opacity":"","overlay-gradient":""},"tablet":{"background-color":"var(--ast-global-color-5)","background-image":"","background-repeat":"repeat","background-position":"center center","background-size":"auto","background-attachment":"scroll","background-type":"","background-media":"","overlay-type":"","overlay-color":"","overlay-opacity":"","overlay-gradient":""},"mobile":{"background-color":"var(--ast-global-color-5)","background-image":"","background-repeat":"repeat","background-position":"center center","background-size":"auto","background-attachment":"scroll","background-type":"","background-media":"","overlay-type":"","overlay-color":"","overlay-opacity":"","overlay-gradient":""}}},"product_brand":[],"product_cat":[70],"product_tag":[],"class_list":{"0":"post-4701","1":"product","2":"type-product","3":"status-publish","4":"has-post-thumbnail","6":"product_cat-diagnostic-tools","7":"desktop-align-left","8":"tablet-align-left","9":"mobile-align-left","10":"ast-product-gallery-layout-horizontal-slider","11":"ast-product-single-variable","12":"ast-product-tabs-layout-horizontal","14":"first","15":"instock","16":"shipping-taxable","17":"purchasable","18":"product-type-variable"},"aioseo_notices":[],"uagb_featured_image_src":{"full":["https:\/\/speedxperts.com\/wp-content\/uploads\/2025\/03\/H4472293375ea48cfadecbd16e06a7147h.webp",1000,1000,false],"thumbnail":["https:\/\/speedxperts.com\/wp-content\/uploads\/2025\/03\/H4472293375ea48cfadecbd16e06a7147h-150x150.webp",150,150,true],"medium":["https:\/\/speedxperts.com\/wp-content\/uploads\/2025\/03\/H4472293375ea48cfadecbd16e06a7147h-300x300.webp",300,300,true],"medium_large":["https:\/\/speedxperts.com\/wp-content\/uploads\/2025\/03\/H4472293375ea48cfadecbd16e06a7147h-768x768.webp",768,768,true],"large":["https:\/\/speedxperts.com\/wp-content\/uploads\/2025\/03\/H4472293375ea48cfadecbd16e06a7147h.webp",1000,1000,false],"1536x1536":["https:\/\/speedxperts.com\/wp-content\/uploads\/2025\/03\/H4472293375ea48cfadecbd16e06a7147h.webp",1000,1000,false],"2048x2048":["https:\/\/speedxperts.com\/wp-content\/uploads\/2025\/03\/H4472293375ea48cfadecbd16e06a7147h.webp",1000,1000,false],"trp-custom-language-flag":["https:\/\/speedxperts.com\/wp-content\/uploads\/2025\/03\/H4472293375ea48cfadecbd16e06a7147h-12x12.webp",12,12,true],"woocommerce_thumbnail":["https:\/\/speedxperts.com\/wp-content\/uploads\/2025\/03\/H4472293375ea48cfadecbd16e06a7147h-300x300.webp",300,300,true],"woocommerce_single":["https:\/\/speedxperts.com\/wp-content\/uploads\/2025\/03\/H4472293375ea48cfadecbd16e06a7147h-600x600.webp",600,600,true],"woocommerce_gallery_thumbnail":["https:\/\/speedxperts.com\/wp-content\/uploads\/2025\/03\/H4472293375ea48cfadecbd16e06a7147h-100x100.webp",100,100,true]},"uagb_author_info":{"display_name":"Sebastian","author_link":"https:\/\/speedxperts.com\/fr\/author\/"},"uagb_comment_info":0,"uagb_excerpt":"The Vgate vLinker BM &amp; BM+ is a high-performance OBD2 adapter designed for BMW F-Series &amp; G-Series vehicles, offering full compatibility with BimmerCode, BimmerLink, and many other OBD2 apps. Unlike traditional adapters, this device supports ELM327 functions, allowing it to work with various OBD software for Android &amp; iOS, including Torque, Car Scanner, JScan, and\u2026","jetpack_sharing_enabled":true,"_links":{"self":[{"href":"https:\/\/speedxperts.com\/fr\/wp-json\/wp\/v2\/product\/4701","targetHints":{"allow":["GET"]}}],"collection":[{"href":"https:\/\/speedxperts.com\/fr\/wp-json\/wp\/v2\/product"}],"about":[{"href":"https:\/\/speedxperts.com\/fr\/wp-json\/wp\/v2\/types\/product"}],"replies":[{"embeddable":true,"href":"https:\/\/speedxperts.com\/fr\/wp-json\/wp\/v2\/comments?post=4701"}],"wp:featuredmedia":[{"embeddable":true,"href":"https:\/\/speedxperts.com\/fr\/wp-json\/wp\/v2\/media\/4696"}],"wp:attachment":[{"href":"https:\/\/speedxperts.com\/fr\/wp-json\/wp\/v2\/media?parent=4701"}],"wp:term":[{"taxonomy":"product_brand","embeddable":true,"href":"https:\/\/speedxperts.com\/fr\/wp-json\/wp\/v2\/product_brand?post=4701"},{"taxonomy":"product_cat","embeddable":true,"href":"https:\/\/speedxperts.com\/fr\/wp-json\/wp\/v2\/product_cat?post=4701"},{"taxonomy":"product_tag","embeddable":true,"href":"https:\/\/speedxperts.com\/fr\/wp-json\/wp\/v2\/product_tag?post=4701"}],"curies":[{"name":"wp","href":"https:\/\/api.w.org\/{rel}","templated":true}]}}