{"id":4912,"date":"2025-05-13T08:13:11","date_gmt":"2025-05-13T07:13:11","guid":{"rendered":"https:\/\/speedxperts.com\/?post_type=product&#038;p=4912"},"modified":"2025-10-22T13:02:25","modified_gmt":"2025-10-22T12:02:25","slug":"cric-de-voiture-hydraulique-vevor-5-tonnes-avec-pompe-gonflable-integree","status":"publish","type":"product","link":"https:\/\/speedxperts.com\/fr\/produit\/cric-de-voiture-hydraulique-vevor-5-tonnes-avec-pompe-gonflable-integree\/","title":{"rendered":"VEVOR Cric de voiture hydraulique de 5 tonnes, avec pompe gonflable int\u00e9gr\u00e9e"},"content":{"rendered":"<h4>\u2705 Caract\u00e9ristiques et d\u00e9tails<\/h4>\n<p><strong>\ud83d\udd0b Deux options de chargement - Plug &amp; Go :<\/strong><br \/>\nUtilisez votre voiture 12V <strong>prise allume-cigare<\/strong> ou se connecter directement au <strong>batterie de v\u00e9hicule<\/strong>. Livr\u00e9 avec un <strong>C\u00e2ble d'alimentation de 4 m (13 ft)<\/strong>L'acc\u00e8s \u00e0 tous les pneus est ainsi facilit\u00e9.<\/p>\n<p><strong>\ud83d\udee0\ufe0f soul\u00e8ve jusqu'\u00e0 5 tonnes sans effort :<\/strong><\/p>\n<ul>\n<li>Capacit\u00e9 de levage : <strong>5,0 tonnes \/ 11 023 lbs<\/strong><\/li>\n<li>Plage de levage : <strong>155 - 450 mm (6.1\u2033 - 17.7\u2033)<\/strong><\/li>\n<li>Fonction d'arr\u00eat automatique lorsque la hauteur maximale est atteinte pour plus de s\u00e9curit\u00e9<br \/>\nId\u00e9al pour les berlines, les SUV, les camions ou tout autre v\u00e9hicule de cette cat\u00e9gorie de poids.<\/li>\n<\/ul>\n<p><strong>\u23f1\ufe0f Fonctionnement rapide et facile :<\/strong><br \/>\nFini le maniement manuel de la manivelle. Soulevez votre voiture en seulement <strong>2 minutes<\/strong>! Parfait pour les urgences routi\u00e8res ou pour une utilisation dans un garage.<\/p>\n<p><strong>\ud83d\udca8 Gonfleur de pneus int\u00e9gr\u00e9 avec manom\u00e8tre :<\/strong><br \/>\nComprend un <strong>pompe \u00e0 pneu<\/strong> avec affichage de la pression et accessoires stock\u00e9s (tuyau de gonflage + embouts) pour les gonflages d'urgence rapides. Les compartiments lat\u00e9raux cach\u00e9s permettent de tout organiser.<\/p>\n<p><strong>\ud83d\udd12 S\u00fbr et stable :<\/strong><\/p>\n<ul>\n<li>Antid\u00e9rapant <strong>t\u00eate de support \u00e0 rainure transversale<\/strong><\/li>\n<li><strong>Lumi\u00e8re LED<\/strong> pour une utilisation nocturne<\/li>\n<li><strong>Syst\u00e8me d'\u00e9tanch\u00e9it\u00e9 hydraulique<\/strong> pour \u00e9viter les fuites d'huile<\/li>\n<li><strong>Soupape d'abaissement manuel<\/strong> en cas de panne de courant<\/li>\n<li>Comprend <strong>3 fusibles de haute qualit\u00e9<\/strong> (certifi\u00e9 T\u00dcV)<\/li>\n<\/ul>\n<hr \/>\n<h4>\ud83d\udce6 Le paquet comprend :<\/h4>\n<ul>\n<li>1\u00d7 Cric \u00e9lectrique pour voiture de 5 tonnes avec gonfleur de pneus<\/li>\n<li>1\u00d7 C\u00e2ble d'alimentation (13 ft)<\/li>\n<li>1\u00d7 C\u00e2ble de fixation de la batterie<\/li>\n<li>3\u00d7 fusibles de rechange<\/li>\n<li>1\u00d7 Manuel de l'utilisateur<\/li>\n<li>1\u00d7 Accessoires de gonflage (tuyau d'air + buses)<\/li>\n<\/ul>\n<hr \/>\n<h4>\ud83e\uddf0 Comment utiliser :<\/h4>\n<ol>\n<li>Brancher sur <strong>allume-cigare de voiture<\/strong> ou se connecter \u00e0 <strong>batterie de v\u00e9hicule<\/strong>.<\/li>\n<li>Placer le cric sous le v\u00e9hicule sur un <strong>surface plane<\/strong>.<\/li>\n<li>Appuyez sur le bouton de levage et attendez environ <strong>2 minutes<\/strong>.<\/li>\n<li>Pour gonfler un pneu, branchez le tuyau et surveillez la pression de gonflage. <strong>pression en temps r\u00e9el<\/strong> sur l'\u00e9cran.<\/li>\n<\/ol>","protected":false},"excerpt":{"rendered":"<p>Soulevez et r\u00e9parez votre v\u00e9hicule \u00e0 tout moment et en tout lieu gr\u00e2ce \u00e0 ce puissant cric de voiture \u00e9lectrique de 5 tonnes. Avec un gonfleur de pneus int\u00e9gr\u00e9, deux options de chargement et une conception tr\u00e8s r\u00e9sistante, cet outil d'urgence tout-en-un est parfait pour les berlines, les SUV et les camions.<\/p>","protected":false},"featured_media":4905,"comment_status":"open","ping_status":"closed","template":"","meta":{"_uag_custom_page_level_css":"","site-sidebar-layout":"default","site-content-layout":"","ast-site-content-layout":"default","site-content-style":"default","site-sidebar-style":"default","ast-global-header-display":"","ast-banner-title-visibility":"","ast-main-header-display":"","ast-hfb-above-header-display":"","ast-hfb-below-header-display":"","ast-hfb-mobile-header-display":"","site-post-title":"","ast-breadcrumbs-content":"","ast-featured-img":"","footer-sml-layout":"","theme-transparent-header-meta":"default","adv-header-id-meta":"","stick-header-meta":"","header-above-stick-meta":"","header-main-stick-meta":"","header-below-stick-meta":"","astra-migrate-meta-layouts":"set","ast-page-background-enabled":"default","ast-page-background-meta":{"desktop":{"background-color":"","background-image":"","background-repeat":"repeat","background-position":"center center","background-size":"auto","background-attachment":"scroll","background-type":"","background-media":"","overlay-type":"","overlay-color":"","overlay-opacity":"","overlay-gradient":""},"tablet":{"background-color":"","background-image":"","background-repeat":"repeat","background-position":"center center","background-size":"auto","background-attachment":"scroll","background-type":"","background-media":"","overlay-type":"","overlay-color":"","overlay-opacity":"","overlay-gradient":""},"mobile":{"background-color":"","background-image":"","background-repeat":"repeat","background-position":"center center","background-size":"auto","background-attachment":"scroll","background-type":"","background-media":"","overlay-type":"","overlay-color":"","overlay-opacity":"","overlay-gradient":""}},"ast-content-background-meta":{"desktop":{"background-color":"var(--ast-global-color-5)","background-image":"","background-repeat":"repeat","background-position":"center center","background-size":"auto","background-attachment":"scroll","background-type":"","background-media":"","overlay-type":"","overlay-color":"","overlay-opacity":"","overlay-gradient":""},"tablet":{"background-color":"var(--ast-global-color-5)","background-image":"","background-repeat":"repeat","background-position":"center center","background-size":"auto","background-attachment":"scroll","background-type":"","background-media":"","overlay-type":"","overlay-color":"","overlay-opacity":"","overlay-gradient":""},"mobile":{"background-color":"var(--ast-global-color-5)","background-image":"","background-repeat":"repeat","background-position":"center center","background-size":"auto","background-attachment":"scroll","background-type":"","background-media":"","overlay-type":"","overlay-color":"","overlay-opacity":"","overlay-gradient":""}}},"product_brand":[],"product_cat":[226],"product_tag":[],"class_list":{"0":"post-4912","1":"product","2":"type-product","3":"status-publish","4":"has-post-thumbnail","6":"product_cat-electronics","7":"desktop-align-left","8":"tablet-align-left","9":"mobile-align-left","10":"ast-product-gallery-layout-horizontal-slider","11":"ast-product-single-variable","12":"ast-product-tabs-layout-horizontal","14":"first","15":"instock","16":"shipping-taxable","17":"purchasable","18":"product-type-variable"},"aioseo_notices":[],"uagb_featured_image_src":{"full":["https:\/\/speedxperts.com\/wp-content\/uploads\/2025\/05\/S04a5559ad314418590fe0a6d590b2bc4r.webp",1600,1600,false],"thumbnail":["https:\/\/speedxperts.com\/wp-content\/uploads\/2025\/05\/S04a5559ad314418590fe0a6d590b2bc4r-150x150.webp",150,150,true],"medium":["https:\/\/speedxperts.com\/wp-content\/uploads\/2025\/05\/S04a5559ad314418590fe0a6d590b2bc4r-300x300.webp",300,300,true],"medium_large":["https:\/\/speedxperts.com\/wp-content\/uploads\/2025\/05\/S04a5559ad314418590fe0a6d590b2bc4r-768x768.webp",768,768,true],"large":["https:\/\/speedxperts.com\/wp-content\/uploads\/2025\/05\/S04a5559ad314418590fe0a6d590b2bc4r-1024x1024.webp",1024,1024,true],"1536x1536":["https:\/\/speedxperts.com\/wp-content\/uploads\/2025\/05\/S04a5559ad314418590fe0a6d590b2bc4r-1536x1536.webp",1536,1536,true],"2048x2048":["https:\/\/speedxperts.com\/wp-content\/uploads\/2025\/05\/S04a5559ad314418590fe0a6d590b2bc4r.webp",1600,1600,false],"trp-custom-language-flag":["https:\/\/speedxperts.com\/wp-content\/uploads\/2025\/05\/S04a5559ad314418590fe0a6d590b2bc4r-12x12.webp",12,12,true],"woocommerce_thumbnail":["https:\/\/speedxperts.com\/wp-content\/uploads\/2025\/05\/S04a5559ad314418590fe0a6d590b2bc4r-300x300.webp",300,300,true],"woocommerce_single":["https:\/\/speedxperts.com\/wp-content\/uploads\/2025\/05\/S04a5559ad314418590fe0a6d590b2bc4r-600x600.webp",600,600,true],"woocommerce_gallery_thumbnail":["https:\/\/speedxperts.com\/wp-content\/uploads\/2025\/05\/S04a5559ad314418590fe0a6d590b2bc4r-100x100.webp",100,100,true]},"uagb_author_info":{"display_name":"Sebastian","author_link":"https:\/\/speedxperts.com\/fr\/author\/"},"uagb_comment_info":9,"uagb_excerpt":"Lift and repair your vehicle anytime, anywhere with this powerful 5-ton electric car jack. With a built-in tire inflator, dual charging options, and a high-strength design, this all-in-one emergency tool is perfect for sedans, SUVs, and trucks.","jetpack_sharing_enabled":true,"_links":{"self":[{"href":"https:\/\/speedxperts.com\/fr\/wp-json\/wp\/v2\/product\/4912","targetHints":{"allow":["GET"]}}],"collection":[{"href":"https:\/\/speedxperts.com\/fr\/wp-json\/wp\/v2\/product"}],"about":[{"href":"https:\/\/speedxperts.com\/fr\/wp-json\/wp\/v2\/types\/product"}],"replies":[{"embeddable":true,"href":"https:\/\/speedxperts.com\/fr\/wp-json\/wp\/v2\/comments?post=4912"}],"wp:featuredmedia":[{"embeddable":true,"href":"https:\/\/speedxperts.com\/fr\/wp-json\/wp\/v2\/media\/4905"}],"wp:attachment":[{"href":"https:\/\/speedxperts.com\/fr\/wp-json\/wp\/v2\/media?parent=4912"}],"wp:term":[{"taxonomy":"product_brand","embeddable":true,"href":"https:\/\/speedxperts.com\/fr\/wp-json\/wp\/v2\/product_brand?post=4912"},{"taxonomy":"product_cat","embeddable":true,"href":"https:\/\/speedxperts.com\/fr\/wp-json\/wp\/v2\/product_cat?post=4912"},{"taxonomy":"product_tag","embeddable":true,"href":"https:\/\/speedxperts.com\/fr\/wp-json\/wp\/v2\/product_tag?post=4912"}],"curies":[{"name":"wp","href":"https:\/\/api.w.org\/{rel}","templated":true}]}}