{"id":5014,"date":"2025-06-06T11:30:34","date_gmt":"2025-06-06T10:30:34","guid":{"rendered":"https:\/\/speedxperts.com\/?post_type=product&#038;p=5014"},"modified":"2026-04-01T08:44:49","modified_gmt":"2026-04-01T07:44:49","slug":"vgate-icar2-obd2-scanner-check-clear-engine-codes-on-android-pc","status":"publish","type":"product","link":"https:\/\/speedxperts.com\/fr\/produit\/vgate-icar2-obd2-scanner-check-clear-engine-codes-on-android-pc\/","title":{"rendered":"Vgate iCar2 OBD2 Scanner - V\u00e9rifier et effacer les codes moteur sur Android et PC"},"content":{"rendered":"<h3>\u2705 Les meilleures raisons d'acheter Vgate iCar2<\/h3>\n<ul>\n<li><strong>100% Original avec Firmware v2.1<\/strong> - Prend en charge tous les protocoles OBD2 standard.<\/li>\n<li><strong>Version Bluetooth compatible avec Android et PC (pas pour iOS)<\/strong><\/li>\n<li><strong>Couvre la plupart des voitures 12V OBD2 essence et diesel<\/strong><\/li>\n<li><strong>Mode veille automatique<\/strong> - Permet d'\u00e9conomiser de l'\u00e9nergie lorsqu'elle n'est pas utilis\u00e9e.<\/li>\n<li><strong>Conception compacte et durable<\/strong> - Branchez-le et laissez-le en place.<\/li>\n<li><strong>Plus rapide que ELM327 v1.5<\/strong> - Aliment\u00e9 par des puces ARM fiables.<\/li>\n<li><strong>Connexion sans fil stable<\/strong> - BT : 5-10m<\/li>\n<li><strong>Prise en charge multilingue<\/strong> - Pour une utilisation globale.<\/li>\n<\/ul>\n<hr \/>\n<h3>\u2699\ufe0f Caract\u00e9ristiques principales<\/h3>\n<ul>\n<li>Petit, l\u00e9ger et pr\u00eat \u00e0 l'emploi.<\/li>\n<li>Fonctionnement sans fil - Aucun c\u00e2ble ni pile n'est n\u00e9cessaire.<\/li>\n<li>Mise en veille automatique apr\u00e8s inactivit\u00e9 (~30 minutes).<\/li>\n<li>Lit et efface les codes d'erreur du moteur (voyant Check Engine).<\/li>\n<li>Affiche les donn\u00e9es du v\u00e9hicule en temps r\u00e9el.<\/li>\n<li>Prend en charge tous les protocoles OBD-II standard.<\/li>\n<\/ul>\n<hr \/>\n<h3>\ud83d\udcca Affichage des donn\u00e9es en direct<\/h3>\n<ul>\n<li>R\u00e9gime du moteur<\/li>\n<li>Temp\u00e9rature du liquide de refroidissement<\/li>\n<li>\u00c9tat du syst\u00e8me d'alimentation en carburant<\/li>\n<li>Vitesse du v\u00e9hicule<\/li>\n<li>Valeur de la charge<\/li>\n<li>Pression du collecteur d'admission<\/li>\n<li>D\u00e9bit d'air<\/li>\n<li>Position de l'acc\u00e9l\u00e9rateur<\/li>\n<li>Tensions des sondes \u00e0 oxyg\u00e8ne<\/li>\n<li>Pression de carburant<br \/>\n... et bien plus encore !<\/li>\n<\/ul>\n<hr \/>\n<h3>\ud83d\ude98 Compatibilit\u00e9 avec les voitures<\/h3>\n<blockquote><p>Fonctionne avec la plupart des v\u00e9hicules 12V compatibles OBD2 :<\/p><\/blockquote>\n<ul>\n<li><strong>USA Cars :<\/strong> 1996 et plus r\u00e9cents<\/li>\n<li><strong>Voitures de l'UE :<\/strong> 2001 et plus r\u00e9cents<\/li>\n<li><strong>Japon Voitures :<\/strong> 2005 et plus r\u00e9cents<\/li>\n<li><strong>Autres voitures asiatiques :<\/strong> 2009 et plus r\u00e9cents<\/li>\n<\/ul>\n<blockquote><p>(Veuillez vous assurer que votre v\u00e9hicule est compatible OBD2 avant de l'acheter).<\/p><\/blockquote>\n<hr \/>\n<h3>\ud83d\udcbb Logiciel et configuration<\/h3>\n<p><strong>1. T\u00e9l\u00e9chargez un logiciel OBD2 compatible :<\/strong><br \/>\nExemple : <a href=\"https:\/\/play.google.com\/store\/apps\/details?id=com.ovz.carscanner&amp;pcampaignid=web_share\"><strong>Car Scanner ELM OBD2<\/strong><\/a><\/p>\n<p><strong>2. Se connecter via Bluetooth :<\/strong><\/p>\n<ul>\n<li>Code d'appairage Bluetooth : <code>1234<\/code><\/li>\n<\/ul>\n<p><strong>3. Lancer le logiciel et se connecter \u00e0 l'appareil ELM327<\/strong><\/p>\n<hr \/>\n<h3>\ud83d\udce6 Que contient la bo\u00eete ?<\/h3>\n<ul>\n<li>1\u00d7 Vgate iCar2 Scanner OBD2 Bluetooth<\/li>\n<li>1\u00d7 Manuel de d\u00e9marrage rapide<\/li>\n<\/ul>\n<hr \/>\n<h3>\u26a0\ufe0f Notes importantes<\/h3>\n<ul>\n<li><strong>Version Bluetooth<\/strong> ne fonctionne qu'avec <strong>Android<\/strong> (4.3 ou plus r\u00e9cent) et <strong>PC<\/strong>.<\/li>\n<li>Le bouton d'alimentation est utilis\u00e9 <strong>uniquement pour r\u00e9initialiser l'appareil<\/strong>et non de l'allumer ou de l'\u00e9teindre.<\/li>\n<li>Le fonctionnement avec toutes les voitures OBD2 n'est pas garanti - v\u00e9rifier la compatibilit\u00e9.<\/li>\n<\/ul>","protected":false},"excerpt":{"rendered":"<p><strong>Outil compact et puissant pour diagnostiquer votre v\u00e9hicule, compatible avec Android.<\/strong><br \/>\nId\u00e9al pour les propri\u00e9taires de voitures qui souhaitent surveiller et r\u00e9soudre les probl\u00e8mes li\u00e9s au moteur rapidement et \u00e0 un prix abordable.<\/p>","protected":false},"featured_media":5000,"comment_status":"open","ping_status":"closed","template":"","meta":{"_uag_custom_page_level_css":"","site-sidebar-layout":"default","site-content-layout":"","ast-site-content-layout":"default","site-content-style":"default","site-sidebar-style":"default","ast-global-header-display":"","ast-banner-title-visibility":"","ast-main-header-display":"","ast-hfb-above-header-display":"","ast-hfb-below-header-display":"","ast-hfb-mobile-header-display":"","site-post-title":"","ast-breadcrumbs-content":"","ast-featured-img":"","footer-sml-layout":"","ast-disable-related-posts":"","theme-transparent-header-meta":"default","adv-header-id-meta":"","stick-header-meta":"","header-above-stick-meta":"","header-main-stick-meta":"","header-below-stick-meta":"","astra-migrate-meta-layouts":"set","ast-page-background-enabled":"default","ast-page-background-meta":{"desktop":{"background-color":"","background-image":"","background-repeat":"repeat","background-position":"center center","background-size":"auto","background-attachment":"scroll","background-type":"","background-media":"","overlay-type":"","overlay-color":"","overlay-opacity":"","overlay-gradient":""},"tablet":{"background-color":"","background-image":"","background-repeat":"repeat","background-position":"center center","background-size":"auto","background-attachment":"scroll","background-type":"","background-media":"","overlay-type":"","overlay-color":"","overlay-opacity":"","overlay-gradient":""},"mobile":{"background-color":"","background-image":"","background-repeat":"repeat","background-position":"center center","background-size":"auto","background-attachment":"scroll","background-type":"","background-media":"","overlay-type":"","overlay-color":"","overlay-opacity":"","overlay-gradient":""}},"ast-content-background-meta":{"desktop":{"background-color":"var(--ast-global-color-5)","background-image":"","background-repeat":"repeat","background-position":"center center","background-size":"auto","background-attachment":"scroll","background-type":"","background-media":"","overlay-type":"","overlay-color":"","overlay-opacity":"","overlay-gradient":""},"tablet":{"background-color":"var(--ast-global-color-5)","background-image":"","background-repeat":"repeat","background-position":"center center","background-size":"auto","background-attachment":"scroll","background-type":"","background-media":"","overlay-type":"","overlay-color":"","overlay-opacity":"","overlay-gradient":""},"mobile":{"background-color":"var(--ast-global-color-5)","background-image":"","background-repeat":"repeat","background-position":"center center","background-size":"auto","background-attachment":"scroll","background-type":"","background-media":"","overlay-type":"","overlay-color":"","overlay-opacity":"","overlay-gradient":""}}},"product_brand":[],"product_cat":[70],"product_tag":[],"class_list":{"0":"post-5014","1":"product","2":"type-product","3":"status-publish","4":"has-post-thumbnail","6":"product_cat-diagnostic-tools","7":"desktop-align-left","8":"tablet-align-left","9":"mobile-align-left","10":"ast-product-gallery-layout-horizontal-slider","11":"ast-product-single-variable","12":"ast-product-tabs-layout-horizontal","14":"first","15":"instock","16":"shipping-taxable","17":"purchasable","18":"product-type-variable"},"aioseo_notices":[],"uagb_featured_image_src":{"full":["https:\/\/speedxperts.com\/wp-content\/uploads\/2025\/06\/S59c874896b78475f94e05619aa1fc5186.webp",1000,1000,false],"thumbnail":["https:\/\/speedxperts.com\/wp-content\/uploads\/2025\/06\/S59c874896b78475f94e05619aa1fc5186-150x150.webp",150,150,true],"medium":["https:\/\/speedxperts.com\/wp-content\/uploads\/2025\/06\/S59c874896b78475f94e05619aa1fc5186-300x300.webp",300,300,true],"medium_large":["https:\/\/speedxperts.com\/wp-content\/uploads\/2025\/06\/S59c874896b78475f94e05619aa1fc5186-768x768.webp",768,768,true],"large":["https:\/\/speedxperts.com\/wp-content\/uploads\/2025\/06\/S59c874896b78475f94e05619aa1fc5186.webp",1000,1000,false],"1536x1536":["https:\/\/speedxperts.com\/wp-content\/uploads\/2025\/06\/S59c874896b78475f94e05619aa1fc5186.webp",1000,1000,false],"2048x2048":["https:\/\/speedxperts.com\/wp-content\/uploads\/2025\/06\/S59c874896b78475f94e05619aa1fc5186.webp",1000,1000,false],"trp-custom-language-flag":["https:\/\/speedxperts.com\/wp-content\/uploads\/2025\/06\/S59c874896b78475f94e05619aa1fc5186-12x12.webp",12,12,true],"woocommerce_thumbnail":["https:\/\/speedxperts.com\/wp-content\/uploads\/2025\/06\/S59c874896b78475f94e05619aa1fc5186-300x300.webp",300,300,true],"woocommerce_single":["https:\/\/speedxperts.com\/wp-content\/uploads\/2025\/06\/S59c874896b78475f94e05619aa1fc5186-600x600.webp",600,600,true],"woocommerce_gallery_thumbnail":["https:\/\/speedxperts.com\/wp-content\/uploads\/2025\/06\/S59c874896b78475f94e05619aa1fc5186-100x100.webp",100,100,true]},"uagb_author_info":{"display_name":"Sebastian","author_link":"https:\/\/speedxperts.com\/fr\/author\/"},"uagb_comment_info":0,"uagb_excerpt":"Compact and powerful tool to diagnose your vehicle, compatible with Android. Ideal for car owners who want to monitor and fix engine-related issues quickly and affordably.","jetpack_sharing_enabled":true,"_links":{"self":[{"href":"https:\/\/speedxperts.com\/fr\/wp-json\/wp\/v2\/product\/5014","targetHints":{"allow":["GET"]}}],"collection":[{"href":"https:\/\/speedxperts.com\/fr\/wp-json\/wp\/v2\/product"}],"about":[{"href":"https:\/\/speedxperts.com\/fr\/wp-json\/wp\/v2\/types\/product"}],"replies":[{"embeddable":true,"href":"https:\/\/speedxperts.com\/fr\/wp-json\/wp\/v2\/comments?post=5014"}],"wp:featuredmedia":[{"embeddable":true,"href":"https:\/\/speedxperts.com\/fr\/wp-json\/wp\/v2\/media\/5000"}],"wp:attachment":[{"href":"https:\/\/speedxperts.com\/fr\/wp-json\/wp\/v2\/media?parent=5014"}],"wp:term":[{"taxonomy":"product_brand","embeddable":true,"href":"https:\/\/speedxperts.com\/fr\/wp-json\/wp\/v2\/product_brand?post=5014"},{"taxonomy":"product_cat","embeddable":true,"href":"https:\/\/speedxperts.com\/fr\/wp-json\/wp\/v2\/product_cat?post=5014"},{"taxonomy":"product_tag","embeddable":true,"href":"https:\/\/speedxperts.com\/fr\/wp-json\/wp\/v2\/product_tag?post=5014"}],"curies":[{"name":"wp","href":"https:\/\/api.w.org\/{rel}","templated":true}]}}