{"id":5031,"date":"2025-06-06T11:30:50","date_gmt":"2025-06-06T10:30:50","guid":{"rendered":"https:\/\/speedxperts.com\/?post_type=product&#038;p=5031"},"modified":"2025-06-06T11:44:12","modified_gmt":"2025-06-06T10:44:12","slug":"kit-de-ciseaux-electriques-vevor-3-tonnes-levage-puissant-pour-les-urgences-routieres","status":"publish","type":"product","link":"https:\/\/speedxperts.com\/fr\/produit\/kit-de-ciseaux-electriques-vevor-3-tonnes-levage-puissant-pour-les-urgences-routieres\/","title":{"rendered":"VEVOR Kit de ciseaux \u00e9lectriques 3 tonnes - Levage puissant pour les urgences routi\u00e8res"},"content":{"rendered":"<h3>\u2699\ufe0f Caract\u00e9ristiques et d\u00e9tails<\/h3>\n<p>\u2705 <strong>Cric \u00e0 ciseaux \u00e9lectrique (capacit\u00e9 de 3 tonnes \/ 6600 lbs)<\/strong><\/p>\n<ul>\n<li><strong>Plage de levage (t\u00eate courte) :<\/strong> 130-370 mm (5.1\u2033-14.6\u2033)<\/li>\n<li><strong>Plage de levage (t\u00eate longue) :<\/strong> 170-420 mm (6.7\u2033-16.5\u2033)<\/li>\n<li>Parfait pour <strong>berlines, SUV, fourgonnettes<\/strong>et d'autres v\u00e9hicules 12V dans les limites de poids.<\/li>\n<li><strong>Id\u00e9al pour les urgences ou les r\u00e9parations dans le garage<\/strong><\/li>\n<\/ul>\n<p>\u26a1 <strong>Lev\u00e9e en quelques minutes<\/strong><\/p>\n<ul>\n<li>Atteindre la pleine hauteur en seulement <strong>2 minutes<\/strong><\/li>\n<li><strong>Pas de d\u00e9marrage manuel<\/strong> - brancher, appuyer sur le bouton et soulever<\/li>\n<li>Doit \u00eatre utilis\u00e9 sur <strong>surfaces planes et stables<\/strong><\/li>\n<li>Placez le cric <strong>parall\u00e8le<\/strong> au ch\u00e2ssis de votre voiture<\/li>\n<\/ul>\n<p>\ud83d\udd27 <strong>Cl\u00e9 \u00e0 chocs \u00e0 haut rendement en option (non incluse dans ce mod\u00e8le)<\/strong><\/p>\n<blockquote><p><em>NOTE : Cette liste concerne la version <strong>sans<\/strong> une cl\u00e9 \u00e9lectrique.<\/em><\/p><\/blockquote>\n<hr \/>\n<h3>\ud83d\udd0c <strong>Mode d'emploi - 2 m\u00e9thodes de chargement<\/strong><\/h3>\n<ol>\n<li><strong>Prise allume-cigarette 12V pour voiture<\/strong><\/li>\n<li><strong>Connexion directe \u00e0 la batterie avec les clips inclus<\/strong><\/li>\n<\/ol>\n<blockquote><p>Livr\u00e9 avec un <strong>Cordon d'alimentation de 11,5 pieds<\/strong> - atteindre facilement les roues avant ou arri\u00e8re.<\/p><\/blockquote>\n<p>Comprend <strong>3 fusibles de rechange<\/strong> (certifi\u00e9 T\u00dcV) pour une fiabilit\u00e9 accrue.<\/p>\n<hr \/>\n<h3>\ud83c\udf92 <strong>Contenu de la mallette<\/strong><\/h3>\n<p>Le tout est emball\u00e9 dans une bo\u00eete \u00e0 outils robuste et bien organis\u00e9e, qui sert \u00e9galement d'\u00e9tui. <strong>triangle d'avertissement<\/strong> sur le bord de la route.<\/p>\n<ul>\n<li>1\u00d7 cric \u00e0 ciseaux \u00e9lectrique<\/li>\n<li>2\u00d7 Selles (courtes et longues)<\/li>\n<li>3\u00d7 fusibles de rechange<\/li>\n<li>1\u00d7 Paire de gants de travail<\/li>\n<li>1\u00d7 C\u00e2ble de fixation de la batterie<\/li>\n<li>1\u00d7 C\u00e2ble d'alimentation pour allume-cigarette<\/li>\n<li>1\u00d7 \u00c9tui de transport robuste avec triangle r\u00e9fl\u00e9chissant<\/li>\n<\/ul>\n<hr \/>\n<h3>\ud83d\udce6 Ce qui n'est pas inclus :<\/h3>\n<p>Cette version <strong>ne comprend pas la cl\u00e9 \u00e0 chocs \u00e9lectrique.<\/strong><\/p>\n<hr \/>\n<h3>\ud83d\udd10 Pourquoi choisir ce kit de v\u00e9rin \u00e9lectrique ?<\/h3>\n<ul>\n<li>Des changements de pneus s\u00fbrs, rapides et pratiques<\/li>\n<li>Double m\u00e9thode de chargement pour plus de flexibilit\u00e9<\/li>\n<li>Solution d'urgence routi\u00e8re tout-en-un<\/li>\n<li>Cadeau ou outil id\u00e9al pour les propri\u00e9taires de voitures, les amateurs de tout-terrain ou les randonneurs.<\/li>\n<\/ul>\n<p>&nbsp;<\/p>","protected":false},"excerpt":{"rendered":"<p><strong>Changements de pneus rapides, s\u00fbrs et faciles - aucun effort manuel n'est n\u00e9cessaire.<\/strong><br \/>\nSoulevez votre v\u00e9hicule et changez les pneus en quelques minutes, o\u00f9 que vous soyez.<\/p>","protected":false},"featured_media":5021,"comment_status":"open","ping_status":"closed","template":"","meta":{"_uag_custom_page_level_css":"","site-sidebar-layout":"default","site-content-layout":"","ast-site-content-layout":"default","site-content-style":"default","site-sidebar-style":"default","ast-global-header-display":"","ast-banner-title-visibility":"","ast-main-header-display":"","ast-hfb-above-header-display":"","ast-hfb-below-header-display":"","ast-hfb-mobile-header-display":"","site-post-title":"","ast-breadcrumbs-content":"","ast-featured-img":"","footer-sml-layout":"","ast-disable-related-posts":"","theme-transparent-header-meta":"default","adv-header-id-meta":"","stick-header-meta":"","header-above-stick-meta":"","header-main-stick-meta":"","header-below-stick-meta":"","astra-migrate-meta-layouts":"set","ast-page-background-enabled":"default","ast-page-background-meta":{"desktop":{"background-color":"","background-image":"","background-repeat":"repeat","background-position":"center center","background-size":"auto","background-attachment":"scroll","background-type":"","background-media":"","overlay-type":"","overlay-color":"","overlay-opacity":"","overlay-gradient":""},"tablet":{"background-color":"","background-image":"","background-repeat":"repeat","background-position":"center center","background-size":"auto","background-attachment":"scroll","background-type":"","background-media":"","overlay-type":"","overlay-color":"","overlay-opacity":"","overlay-gradient":""},"mobile":{"background-color":"","background-image":"","background-repeat":"repeat","background-position":"center center","background-size":"auto","background-attachment":"scroll","background-type":"","background-media":"","overlay-type":"","overlay-color":"","overlay-opacity":"","overlay-gradient":""}},"ast-content-background-meta":{"desktop":{"background-color":"var(--ast-global-color-5)","background-image":"","background-repeat":"repeat","background-position":"center center","background-size":"auto","background-attachment":"scroll","background-type":"","background-media":"","overlay-type":"","overlay-color":"","overlay-opacity":"","overlay-gradient":""},"tablet":{"background-color":"var(--ast-global-color-5)","background-image":"","background-repeat":"repeat","background-position":"center center","background-size":"auto","background-attachment":"scroll","background-type":"","background-media":"","overlay-type":"","overlay-color":"","overlay-opacity":"","overlay-gradient":""},"mobile":{"background-color":"var(--ast-global-color-5)","background-image":"","background-repeat":"repeat","background-position":"center center","background-size":"auto","background-attachment":"scroll","background-type":"","background-media":"","overlay-type":"","overlay-color":"","overlay-opacity":"","overlay-gradient":""}}},"product_brand":[],"product_cat":[226],"product_tag":[],"class_list":{"0":"post-5031","1":"product","2":"type-product","3":"status-publish","4":"has-post-thumbnail","6":"product_cat-electronics","7":"desktop-align-left","8":"tablet-align-left","9":"mobile-align-left","10":"ast-product-gallery-layout-horizontal-slider","11":"ast-product-tabs-layout-horizontal","13":"first","14":"instock","15":"shipping-taxable","16":"purchasable","17":"product-type-simple"},"aioseo_notices":[],"uagb_featured_image_src":{"full":["https:\/\/speedxperts.com\/wp-content\/uploads\/2025\/06\/Sb5c5850544434c04bb902fd8f7576e57i.webp",1600,1600,false],"thumbnail":["https:\/\/speedxperts.com\/wp-content\/uploads\/2025\/06\/Sb5c5850544434c04bb902fd8f7576e57i-150x150.webp",150,150,true],"medium":["https:\/\/speedxperts.com\/wp-content\/uploads\/2025\/06\/Sb5c5850544434c04bb902fd8f7576e57i-300x300.webp",300,300,true],"medium_large":["https:\/\/speedxperts.com\/wp-content\/uploads\/2025\/06\/Sb5c5850544434c04bb902fd8f7576e57i-768x768.webp",768,768,true],"large":["https:\/\/speedxperts.com\/wp-content\/uploads\/2025\/06\/Sb5c5850544434c04bb902fd8f7576e57i-1024x1024.webp",1024,1024,true],"1536x1536":["https:\/\/speedxperts.com\/wp-content\/uploads\/2025\/06\/Sb5c5850544434c04bb902fd8f7576e57i-1536x1536.webp",1536,1536,true],"2048x2048":["https:\/\/speedxperts.com\/wp-content\/uploads\/2025\/06\/Sb5c5850544434c04bb902fd8f7576e57i.webp",1600,1600,false],"trp-custom-language-flag":["https:\/\/speedxperts.com\/wp-content\/uploads\/2025\/06\/Sb5c5850544434c04bb902fd8f7576e57i-12x12.webp",12,12,true],"woocommerce_thumbnail":["https:\/\/speedxperts.com\/wp-content\/uploads\/2025\/06\/Sb5c5850544434c04bb902fd8f7576e57i-300x300.webp",300,300,true],"woocommerce_single":["https:\/\/speedxperts.com\/wp-content\/uploads\/2025\/06\/Sb5c5850544434c04bb902fd8f7576e57i-600x600.webp",600,600,true],"woocommerce_gallery_thumbnail":["https:\/\/speedxperts.com\/wp-content\/uploads\/2025\/06\/Sb5c5850544434c04bb902fd8f7576e57i-100x100.webp",100,100,true]},"uagb_author_info":{"display_name":"Sebastian","author_link":"https:\/\/speedxperts.com\/fr\/author\/"},"uagb_comment_info":0,"uagb_excerpt":"Fast, safe, and easy tire changes \u2013 no manual effort needed. Lift your vehicle and change tires within minutes, wherever you are.","jetpack_sharing_enabled":true,"_links":{"self":[{"href":"https:\/\/speedxperts.com\/fr\/wp-json\/wp\/v2\/product\/5031","targetHints":{"allow":["GET"]}}],"collection":[{"href":"https:\/\/speedxperts.com\/fr\/wp-json\/wp\/v2\/product"}],"about":[{"href":"https:\/\/speedxperts.com\/fr\/wp-json\/wp\/v2\/types\/product"}],"replies":[{"embeddable":true,"href":"https:\/\/speedxperts.com\/fr\/wp-json\/wp\/v2\/comments?post=5031"}],"wp:featuredmedia":[{"embeddable":true,"href":"https:\/\/speedxperts.com\/fr\/wp-json\/wp\/v2\/media\/5021"}],"wp:attachment":[{"href":"https:\/\/speedxperts.com\/fr\/wp-json\/wp\/v2\/media?parent=5031"}],"wp:term":[{"taxonomy":"product_brand","embeddable":true,"href":"https:\/\/speedxperts.com\/fr\/wp-json\/wp\/v2\/product_brand?post=5031"},{"taxonomy":"product_cat","embeddable":true,"href":"https:\/\/speedxperts.com\/fr\/wp-json\/wp\/v2\/product_cat?post=5031"},{"taxonomy":"product_tag","embeddable":true,"href":"https:\/\/speedxperts.com\/fr\/wp-json\/wp\/v2\/product_tag?post=5031"}],"curies":[{"name":"wp","href":"https:\/\/api.w.org\/{rel}","templated":true}]}}