{"id":5039,"date":"2025-06-06T11:30:57","date_gmt":"2025-06-06T10:30:57","guid":{"rendered":"https:\/\/speedxperts.com\/?post_type=product&#038;p=5039"},"modified":"2025-06-06T12:08:39","modified_gmt":"2025-06-06T11:08:39","slug":"vgate-vlinker-mc-elm327-obd2-bluetooth-scanner","status":"publish","type":"product","link":"https:\/\/speedxperts.com\/fr\/produit\/vgate-vlinker-mc-elm327-obd2-bluetooth-scanner\/","title":{"rendered":"Vgate vLinker MC+ ELM327 Scanner Bluetooth OBD2"},"content":{"rendered":"<h3>\ud83d\ude97 <strong>Des diagnostics de qualit\u00e9 professionnelle dans votre poche<\/strong><\/h3>\n<p>Transformez votre smartphone ou votre PC en un puissant outil de diagnostic ! L'outil <strong>Vgate vLinker MC+<\/strong> est un scanner OBD2 Bluetooth haute performance compatible avec les v\u00e9hicules 99%+ du monde entier. Que vous utilisiez <strong>BimmerCode<\/strong>, <strong>FORScan<\/strong>ou d'autres applications de premier plan, le MC+ vous donne un acc\u00e8s complet aux diagnostics du v\u00e9hicule, au codage et aux donn\u00e9es en temps r\u00e9el.<\/p>\n<hr \/>\n<h3>\u2705 <strong>Caract\u00e9ristiques principales<\/strong><\/h3>\n<ul>\n<li><strong>100% Produit original Vgate<\/strong><\/li>\n<li><strong>Double compatibilit\u00e9 Bluetooth 4.0 \/ 3.0<\/strong> - Fonctionne avec Android et iOS<\/li>\n<li><strong>Prise en charge de HS\/MS-CAN<\/strong> - Parfait pour les v\u00e9hicules Ford, GM et autres<\/li>\n<li><strong>Prise en charge compl\u00e8te du protocole<\/strong> - ELM327, STN et protocoles personnalis\u00e9s<\/li>\n<li><strong>Veille et r\u00e9veil automatiques<\/strong> - R\u00e9duit la consommation d'\u00e9nergie \u00e0 moins de 2 mA en mode veille<\/li>\n<li><strong>Interrupteur int\u00e9gr\u00e9<\/strong> - N\u00e9cessaire pour l'appairage Android<\/li>\n<li><strong>Firmware \u00e9volutif<\/strong> - P\u00e9renniser votre scanner<\/li>\n<li><strong>Jeux de commandes AT &amp; ST \u00e9tendus<\/strong> - Plus de 100 commandes avanc\u00e9es prises en charge<\/li>\n<li><strong>D\u00e9tection automatique du protocole<\/strong> - Simplicit\u00e9 d'utilisation<\/li>\n<li><strong>Vitesse de transmission rapide (230,4 Kbps)<\/strong> et tampon de donn\u00e9es de 2K<\/li>\n<li><strong>Prend en charge jusqu'\u00e0 64 protocoles personnalis\u00e9s<\/strong><\/li>\n<\/ul>\n<hr \/>\n<h3>\ud83d\udd27 <strong>Logiciels pris en charge<\/strong><\/h3>\n<p>Fonctionne parfaitement avec de nombreuses applications de diagnostic populaires :<\/p>\n<ul>\n<li><strong>BimmerCode<\/strong><\/li>\n<li><strong>FORScan<\/strong><\/li>\n<li><strong>Couple<\/strong><\/li>\n<li><strong>OBD Fusion<\/strong><\/li>\n<li><strong>JScan<\/strong><\/li>\n<li><strong>Scanner de voiture<\/strong><\/li>\n<li><strong>OBD Auto Doctor<\/strong><\/li>\n<\/ul>\n<blockquote><p><em>Note : Certaines applications ou fonctionnalit\u00e9s peuvent n\u00e9cessiter un achat s\u00e9par\u00e9 aupr\u00e8s du d\u00e9veloppeur de l'application.<\/em><\/p><\/blockquote>\n<hr \/>\n<h3>\ud83d\udcf6 <strong>Instructions de connexion<\/strong><\/h3>\n<p>\u2705 <strong>Pour Android (version BT3.0)<\/strong><\/p>\n<ol>\n<li>Ins\u00e9rez l'adaptateur dans le port OBD2 de votre voiture.<\/li>\n<li>Mettre le contact (moteur \u00e9teint)<\/li>\n<li>Appuyer sur la touche <strong>bouton noir<\/strong> sur l'adaptateur<\/li>\n<li>Sur votre t\u00e9l\u00e9phone, recherchez <strong>\"vLinker MC\"<\/strong> ou <strong>\"vLinker MC-Android\"<\/strong><\/li>\n<li>Jumeler en utilisant <strong>code : 1234<\/strong><\/li>\n<li>Ouvrez votre application et connectez-vous dans les param\u00e8tres<\/li>\n<\/ol>\n<p>\u2705 <strong>Pour iOS (version BT4.0)<\/strong><\/p>\n<ol>\n<li>Ins\u00e9rer l'adaptateur et mettre le contact<\/li>\n<li>Activer le Bluetooth (pas d'appairage dans les param\u00e8tres du t\u00e9l\u00e9phone)<\/li>\n<li>Ouvrez l'application et connectez-vous dans les param\u00e8tres de l'application<\/li>\n<\/ol>\n<blockquote><p><em>N'essayez pas d'appairer dans les r\u00e9glages Bluetooth d'iOS.<\/em><\/p><\/blockquote>\n<hr \/>\n<h3>\u2699\ufe0f <strong>Protocoles pris en charge<\/strong><\/h3>\n<p><strong>OBDII standard (5 types) :<\/strong><\/p>\n<ul>\n<li>SAE J1850 PWM<\/li>\n<li>SAE J1850 VPW<\/li>\n<li>ISO 9141-2<\/li>\n<li>ISO 14230-4<\/li>\n<li>ISO 15765-4 (CAN)<\/li>\n<\/ul>\n<p><strong>Protocoles additionnels :<\/strong><\/p>\n<ul>\n<li>SAE J1939<\/li>\n<li>ISO 11898 (CAN brut)<\/li>\n<li>GMLAN (pour GM)<\/li>\n<li>Ford MS-CAN \/ HS-CAN<\/li>\n<li>Jusqu'\u00e0 <strong>64 protocoles d\u00e9finis par l'utilisateur<\/strong><\/li>\n<\/ul>\n<hr \/>\n<h3>\ud83e\uddf0 <strong>Utilisations typiques<\/strong><\/h3>\n<ul>\n<li>Diagnostics de v\u00e9hicules en bricolage<\/li>\n<li>Surveillance en direct des capteurs<\/li>\n<li>Codage personnalis\u00e9 du calculateur<\/li>\n<li>Gestion du parc automobile<\/li>\n<li>Enregistrement des donn\u00e9es OBD2<\/li>\n<li>Assurance bas\u00e9e sur l'utilisation (UBI)<\/li>\n<li>Tableaux de bord num\u00e9riques<\/li>\n<\/ul>\n<hr \/>\n<h3>\ud83d\udce6 <strong>Ce qu'il y a dans la bo\u00eete<\/strong><\/h3>\n<ul>\n<li>1\u00d7 Vgate vLinker MC+ Scanner Bluetooth (BT3.0 ou BT4.0)<\/li>\n<li>1\u00d7 Manuel de l'utilisateur<\/li>\n<\/ul>\n<hr \/>\n<p>\ud83d\uded2 <strong>Compatible avec les v\u00e9hicules 99%+ compatibles OBD2 dans le monde entier<\/strong><br \/>\n\ud83d\udcf1 <strong>Prise en charge Android, iOS et Windows<\/strong><br \/>\n\ud83d\udd0c <strong>Fonctionne avec les v\u00e9hicules 12V essence et diesel (moins de 6,5T)<\/strong><\/p>","protected":false},"excerpt":{"rendered":"<p><strong>Pour BimmerCode, FORScan, Torque, JScan, OBD Fusion (Android \/ iOS \/ Windows)<\/strong><br \/>\n<strong>Prise en charge des protocoles HS\/MS-CAN, OBD2 et \u00e9tendus<\/strong><\/p>","protected":false},"featured_media":5032,"comment_status":"open","ping_status":"closed","template":"","meta":{"_uag_custom_page_level_css":"","site-sidebar-layout":"default","site-content-layout":"","ast-site-content-layout":"default","site-content-style":"default","site-sidebar-style":"default","ast-global-header-display":"","ast-banner-title-visibility":"","ast-main-header-display":"","ast-hfb-above-header-display":"","ast-hfb-below-header-display":"","ast-hfb-mobile-header-display":"","site-post-title":"","ast-breadcrumbs-content":"","ast-featured-img":"","footer-sml-layout":"","ast-disable-related-posts":"","theme-transparent-header-meta":"default","adv-header-id-meta":"","stick-header-meta":"","header-above-stick-meta":"","header-main-stick-meta":"","header-below-stick-meta":"","astra-migrate-meta-layouts":"set","ast-page-background-enabled":"default","ast-page-background-meta":{"desktop":{"background-color":"","background-image":"","background-repeat":"repeat","background-position":"center center","background-size":"auto","background-attachment":"scroll","background-type":"","background-media":"","overlay-type":"","overlay-color":"","overlay-opacity":"","overlay-gradient":""},"tablet":{"background-color":"","background-image":"","background-repeat":"repeat","background-position":"center center","background-size":"auto","background-attachment":"scroll","background-type":"","background-media":"","overlay-type":"","overlay-color":"","overlay-opacity":"","overlay-gradient":""},"mobile":{"background-color":"","background-image":"","background-repeat":"repeat","background-position":"center center","background-size":"auto","background-attachment":"scroll","background-type":"","background-media":"","overlay-type":"","overlay-color":"","overlay-opacity":"","overlay-gradient":""}},"ast-content-background-meta":{"desktop":{"background-color":"var(--ast-global-color-5)","background-image":"","background-repeat":"repeat","background-position":"center center","background-size":"auto","background-attachment":"scroll","background-type":"","background-media":"","overlay-type":"","overlay-color":"","overlay-opacity":"","overlay-gradient":""},"tablet":{"background-color":"var(--ast-global-color-5)","background-image":"","background-repeat":"repeat","background-position":"center center","background-size":"auto","background-attachment":"scroll","background-type":"","background-media":"","overlay-type":"","overlay-color":"","overlay-opacity":"","overlay-gradient":""},"mobile":{"background-color":"var(--ast-global-color-5)","background-image":"","background-repeat":"repeat","background-position":"center center","background-size":"auto","background-attachment":"scroll","background-type":"","background-media":"","overlay-type":"","overlay-color":"","overlay-opacity":"","overlay-gradient":""}}},"product_brand":[],"product_cat":[70],"product_tag":[],"class_list":{"0":"post-5039","1":"product","2":"type-product","3":"status-publish","4":"has-post-thumbnail","6":"product_cat-diagnostic-tools","7":"desktop-align-left","8":"tablet-align-left","9":"mobile-align-left","10":"ast-product-gallery-layout-horizontal-slider","11":"ast-product-single-variable","12":"ast-product-tabs-layout-horizontal","14":"first","15":"instock","16":"shipping-taxable","17":"purchasable","18":"product-type-variable"},"aioseo_notices":[],"uagb_featured_image_src":{"full":["https:\/\/speedxperts.com\/wp-content\/uploads\/2025\/06\/8d68f3b8-ba2a-41f5-9735-dc7b8833a239365819.png",1000,1000,false],"thumbnail":["https:\/\/speedxperts.com\/wp-content\/uploads\/2025\/06\/8d68f3b8-ba2a-41f5-9735-dc7b8833a239365819-150x150.png",150,150,true],"medium":["https:\/\/speedxperts.com\/wp-content\/uploads\/2025\/06\/8d68f3b8-ba2a-41f5-9735-dc7b8833a239365819-300x300.png",300,300,true],"medium_large":["https:\/\/speedxperts.com\/wp-content\/uploads\/2025\/06\/8d68f3b8-ba2a-41f5-9735-dc7b8833a239365819-768x768.png",768,768,true],"large":["https:\/\/speedxperts.com\/wp-content\/uploads\/2025\/06\/8d68f3b8-ba2a-41f5-9735-dc7b8833a239365819.png",1000,1000,false],"1536x1536":["https:\/\/speedxperts.com\/wp-content\/uploads\/2025\/06\/8d68f3b8-ba2a-41f5-9735-dc7b8833a239365819.png",1000,1000,false],"2048x2048":["https:\/\/speedxperts.com\/wp-content\/uploads\/2025\/06\/8d68f3b8-ba2a-41f5-9735-dc7b8833a239365819.png",1000,1000,false],"trp-custom-language-flag":["https:\/\/speedxperts.com\/wp-content\/uploads\/2025\/06\/8d68f3b8-ba2a-41f5-9735-dc7b8833a239365819-12x12.png",12,12,true],"woocommerce_thumbnail":["https:\/\/speedxperts.com\/wp-content\/uploads\/2025\/06\/8d68f3b8-ba2a-41f5-9735-dc7b8833a239365819-300x300.png",300,300,true],"woocommerce_single":["https:\/\/speedxperts.com\/wp-content\/uploads\/2025\/06\/8d68f3b8-ba2a-41f5-9735-dc7b8833a239365819-600x600.png",600,600,true],"woocommerce_gallery_thumbnail":["https:\/\/speedxperts.com\/wp-content\/uploads\/2025\/06\/8d68f3b8-ba2a-41f5-9735-dc7b8833a239365819-100x100.png",100,100,true]},"uagb_author_info":{"display_name":"Sebastian","author_link":"https:\/\/speedxperts.com\/fr\/author\/"},"uagb_comment_info":0,"uagb_excerpt":"For BimmerCode, FORScan, Torque, JScan, OBD Fusion (Android \/ iOS \/ Windows) Supports HS\/MS-CAN, OBD2 &amp; Extended Protocols","jetpack_sharing_enabled":true,"_links":{"self":[{"href":"https:\/\/speedxperts.com\/fr\/wp-json\/wp\/v2\/product\/5039","targetHints":{"allow":["GET"]}}],"collection":[{"href":"https:\/\/speedxperts.com\/fr\/wp-json\/wp\/v2\/product"}],"about":[{"href":"https:\/\/speedxperts.com\/fr\/wp-json\/wp\/v2\/types\/product"}],"replies":[{"embeddable":true,"href":"https:\/\/speedxperts.com\/fr\/wp-json\/wp\/v2\/comments?post=5039"}],"wp:featuredmedia":[{"embeddable":true,"href":"https:\/\/speedxperts.com\/fr\/wp-json\/wp\/v2\/media\/5032"}],"wp:attachment":[{"href":"https:\/\/speedxperts.com\/fr\/wp-json\/wp\/v2\/media?parent=5039"}],"wp:term":[{"taxonomy":"product_brand","embeddable":true,"href":"https:\/\/speedxperts.com\/fr\/wp-json\/wp\/v2\/product_brand?post=5039"},{"taxonomy":"product_cat","embeddable":true,"href":"https:\/\/speedxperts.com\/fr\/wp-json\/wp\/v2\/product_cat?post=5039"},{"taxonomy":"product_tag","embeddable":true,"href":"https:\/\/speedxperts.com\/fr\/wp-json\/wp\/v2\/product_tag?post=5039"}],"curies":[{"name":"wp","href":"https:\/\/api.w.org\/{rel}","templated":true}]}}