{"id":5048,"date":"2025-06-06T11:31:04","date_gmt":"2025-06-06T10:31:04","guid":{"rendered":"https:\/\/speedxperts.com\/?post_type=product&#038;p=5048"},"modified":"2025-10-17T11:43:02","modified_gmt":"2025-10-17T10:43:02","slug":"vgate-icar-pro-elm327-v2-3-obd2-scanner-bluetooth-4-0-wifi-bt3-0-pour-ios-et-android","status":"publish","type":"product","link":"https:\/\/speedxperts.com\/fr\/produit\/vgate-icar-pro-elm327-v2-3-obd2-scanner-bluetooth-4-0-wifi-bt3-0-pour-ios-et-android\/","title":{"rendered":"Vgate iCar Pro ELM327 V2.3 Scanner OBD2 - Bluetooth 4.0 \/ WiFi \/ BT3.0 | Pour iOS &amp; Android"},"content":{"rendered":"<h3>\u2705 Caract\u00e9ristiques principales<\/h3>\n<p><strong>\ud83d\udcf2 Prise en charge multiplateforme (iOS et Android) :<\/strong><br \/>\nChoisissez la m\u00e9thode de connexion qui vous convient :<\/p>\n<ul>\n<li><strong>Bluetooth 4.0<\/strong> pour <strong>iOS\/Android<\/strong><\/li>\n<li><strong>WiFi<\/strong> pour <strong>iOS\/Android<\/strong><\/li>\n<\/ul>\n<blockquote><p>\u26a0\ufe0f <em>Utilisateurs iOS : N'appairez pas le scanner via les param\u00e8tres Bluetooth. Il suffit d'activer le Bluetooth et de se connecter via l'application.<\/em><\/p><\/blockquote>\n<p><strong>\ud83d\udd0d Fonctions de diagnostic puissantes :<\/strong><\/p>\n<ul>\n<li>Lire et effacer les codes d'erreur du moteur (DTC)<\/li>\n<li>\u00c9teindre le voyant \"Check Engine<\/li>\n<li>Affichage des donn\u00e9es du moteur en temps r\u00e9el : RPM, vitesse, acc\u00e9l\u00e9rateur, r\u00e9glage du carburant, pression d'admission, etc.<\/li>\n<li>Prise en charge de plus de 3000 d\u00e9finitions de codes<\/li>\n<li>Lecture en temps r\u00e9el des capteurs, y compris :\n<ul>\n<li>\u00c9tat du syst\u00e8me d'alimentation en carburant<\/li>\n<li>Tensions des sondes \u00e0 oxyg\u00e8ne<\/li>\n<li>D\u00e9bit d'air<\/li>\n<li>Temp\u00e9rature du liquide de refroidissement<\/li>\n<li>Avance de la synchronisation et autres<\/li>\n<\/ul>\n<\/li>\n<\/ul>\n<p><strong>\ud83c\udf19 Fonction Auto Start\/Sleep :<\/strong><\/p>\n<ul>\n<li><strong>R\u00e9veil automatique<\/strong> lorsque la voiture d\u00e9marre<\/li>\n<li><strong>L'automobile dort<\/strong> 30 minutes apr\u00e8s l'arr\u00eat du moteur<br \/>\n<em>(Remarque : la fonction veille\/d\u00e9marrage automatique n'est pas prise en charge par les v\u00e9hicules \u00e9lectriques).<\/em><\/li>\n<\/ul>\n<p><strong>\ud83d\udd27 Compatible avec tous les protocoles OBD2 :<\/strong><br \/>\nPrend en charge les voitures de 1996 et plus r\u00e9centes avec des protocoles tels que :<\/p>\n<ul>\n<li>CAN (11\/29 bits, 250\/500 Kbaud)<\/li>\n<li>ISO9141, ISO14230-4 KWP<\/li>\n<li>SAE J1850 PWM &amp; VPW<\/li>\n<li>SAE J1939 CAN<\/li>\n<li>Et plus encore...<\/li>\n<\/ul>\n<p><strong>\ud83d\udcca Fonctionne avec les applications OBD les plus courantes (l'application n'est pas incluse) :<\/strong><br \/>\nCompatible avec des applications tierces telles que :<\/p>\n<ul>\n<li>Couple<\/li>\n<li>OBD Fusion<\/li>\n<li>Scanner de voiture<\/li>\n<li>Dr. Prius<\/li>\n<li>OBD JScan<\/li>\n<li>M\u00e9decin de l'automobile<\/li>\n<\/ul>\n<hr \/>\n<h3>\u2699\ufe0f Sp\u00e9cifications :<\/h3>\n<ul>\n<li><strong>Version du mat\u00e9riel :<\/strong> V2.3<\/li>\n<li><strong>Tension d'alimentation :<\/strong> 11,5V - 15V<\/li>\n<li><strong>Courant de veille :<\/strong> &lt;30mA<\/li>\n<li><strong>Temp\u00e9rature de fonctionnement :<\/strong> -40\u00b0C ~ +85\u00b0C<\/li>\n<li><strong>Tol\u00e9rance \u00e0 l'humidit\u00e9 :<\/strong> 5% - 95% RH (sans condensation)<\/li>\n<li><strong>Options de connexion :<\/strong> BT 3.0, BT 4.0, WiFi<\/li>\n<li><strong>Dimensions :<\/strong> Conception compacte \u00e0 profil bas pour une utilisation facile \u00e0 brancher et \u00e0 oublier<\/li>\n<\/ul>\n<hr \/>\n<h3>\ud83d\udce6 Le paquet comprend :<\/h3>\n<ul>\n<li>1 \u00d7 Adaptateur OBD2 Vgate iCar Pro<\/li>\n<li>1 \u00d7 Manuel de l'utilisateur<\/li>\n<\/ul>\n<hr \/>\n<h3>\ud83d\udd0d Mots-cl\u00e9s :<\/h3>\n<p><em>Vgate iCar Pro V2.3<\/em>, <em>Scanner OBD2 Bluetooth 4.0<\/em>, <em>Adaptateur WiFi OBD2 ELM327<\/em>, <em>Outil de diagnostic OBD2 pour iOS Android<\/em>, <em>Outil de balayage iCar Pro Bluetooth<\/em>, <em>lecteur de code moteur Bluetooth iPhone Android<\/em>, <em>Vgate ELM 327 v2.3 OBDII<\/em><\/p>\n<p>&nbsp;<\/p>","protected":false},"excerpt":{"rendered":"<p>Diagnostiquez facilement les probl\u00e8mes de moteur et surveillez les donn\u00e9es en temps r\u00e9el gr\u00e2ce \u00e0 l'interface utilisateur. <strong>Vgate iCar Pro ELM327 V2.3<\/strong> - un produit de haute qualit\u00e9, compact et puissant <strong>Scanner OBD2<\/strong> qui fonctionne via <strong>Bluetooth 4.0, BT3.0 ou WiFi<\/strong>. Compatible avec <strong>iOS et Android<\/strong>Il prend en charge des applications populaires telles que Torque, OBD Fusion, Dr. Prius, Car Scanner, et bien d'autres.<\/p>","protected":false},"featured_media":5041,"comment_status":"open","ping_status":"closed","template":"","meta":{"_uag_custom_page_level_css":"","site-sidebar-layout":"default","site-content-layout":"","ast-site-content-layout":"default","site-content-style":"default","site-sidebar-style":"default","ast-global-header-display":"","ast-banner-title-visibility":"","ast-main-header-display":"","ast-hfb-above-header-display":"","ast-hfb-below-header-display":"","ast-hfb-mobile-header-display":"","site-post-title":"","ast-breadcrumbs-content":"","ast-featured-img":"","footer-sml-layout":"","ast-disable-related-posts":"","theme-transparent-header-meta":"default","adv-header-id-meta":"","stick-header-meta":"","header-above-stick-meta":"","header-main-stick-meta":"","header-below-stick-meta":"","astra-migrate-meta-layouts":"set","ast-page-background-enabled":"default","ast-page-background-meta":{"desktop":{"background-color":"","background-image":"","background-repeat":"repeat","background-position":"center center","background-size":"auto","background-attachment":"scroll","background-type":"","background-media":"","overlay-type":"","overlay-color":"","overlay-opacity":"","overlay-gradient":""},"tablet":{"background-color":"","background-image":"","background-repeat":"repeat","background-position":"center center","background-size":"auto","background-attachment":"scroll","background-type":"","background-media":"","overlay-type":"","overlay-color":"","overlay-opacity":"","overlay-gradient":""},"mobile":{"background-color":"","background-image":"","background-repeat":"repeat","background-position":"center center","background-size":"auto","background-attachment":"scroll","background-type":"","background-media":"","overlay-type":"","overlay-color":"","overlay-opacity":"","overlay-gradient":""}},"ast-content-background-meta":{"desktop":{"background-color":"var(--ast-global-color-5)","background-image":"","background-repeat":"repeat","background-position":"center center","background-size":"auto","background-attachment":"scroll","background-type":"","background-media":"","overlay-type":"","overlay-color":"","overlay-opacity":"","overlay-gradient":""},"tablet":{"background-color":"var(--ast-global-color-5)","background-image":"","background-repeat":"repeat","background-position":"center center","background-size":"auto","background-attachment":"scroll","background-type":"","background-media":"","overlay-type":"","overlay-color":"","overlay-opacity":"","overlay-gradient":""},"mobile":{"background-color":"var(--ast-global-color-5)","background-image":"","background-repeat":"repeat","background-position":"center center","background-size":"auto","background-attachment":"scroll","background-type":"","background-media":"","overlay-type":"","overlay-color":"","overlay-opacity":"","overlay-gradient":""}}},"product_brand":[],"product_cat":[70],"product_tag":[],"class_list":{"0":"post-5048","1":"product","2":"type-product","3":"status-publish","4":"has-post-thumbnail","6":"product_cat-diagnostic-tools","7":"desktop-align-left","8":"tablet-align-left","9":"mobile-align-left","10":"ast-product-gallery-layout-horizontal-slider","11":"ast-product-single-variable","12":"ast-product-tabs-layout-horizontal","14":"first","15":"instock","16":"shipping-taxable","17":"purchasable","18":"product-type-variable"},"aioseo_notices":[],"uagb_featured_image_src":{"full":["https:\/\/speedxperts.com\/wp-content\/uploads\/2025\/06\/S877e47b72bff461c86813de68a594c75b.webp",1000,1000,false],"thumbnail":["https:\/\/speedxperts.com\/wp-content\/uploads\/2025\/06\/S877e47b72bff461c86813de68a594c75b-150x150.webp",150,150,true],"medium":["https:\/\/speedxperts.com\/wp-content\/uploads\/2025\/06\/S877e47b72bff461c86813de68a594c75b-300x300.webp",300,300,true],"medium_large":["https:\/\/speedxperts.com\/wp-content\/uploads\/2025\/06\/S877e47b72bff461c86813de68a594c75b-768x768.webp",768,768,true],"large":["https:\/\/speedxperts.com\/wp-content\/uploads\/2025\/06\/S877e47b72bff461c86813de68a594c75b.webp",1000,1000,false],"1536x1536":["https:\/\/speedxperts.com\/wp-content\/uploads\/2025\/06\/S877e47b72bff461c86813de68a594c75b.webp",1000,1000,false],"2048x2048":["https:\/\/speedxperts.com\/wp-content\/uploads\/2025\/06\/S877e47b72bff461c86813de68a594c75b.webp",1000,1000,false],"trp-custom-language-flag":["https:\/\/speedxperts.com\/wp-content\/uploads\/2025\/06\/S877e47b72bff461c86813de68a594c75b-12x12.webp",12,12,true],"woocommerce_thumbnail":["https:\/\/speedxperts.com\/wp-content\/uploads\/2025\/06\/S877e47b72bff461c86813de68a594c75b-300x300.webp",300,300,true],"woocommerce_single":["https:\/\/speedxperts.com\/wp-content\/uploads\/2025\/06\/S877e47b72bff461c86813de68a594c75b-600x600.webp",600,600,true],"woocommerce_gallery_thumbnail":["https:\/\/speedxperts.com\/wp-content\/uploads\/2025\/06\/S877e47b72bff461c86813de68a594c75b-100x100.webp",100,100,true]},"uagb_author_info":{"display_name":"Sebastian","author_link":"https:\/\/speedxperts.com\/fr\/author\/"},"uagb_comment_info":0,"uagb_excerpt":"Easily diagnose engine problems and monitor real-time data with the Vgate iCar Pro ELM327 V2.3 \u2013 a high-quality, compact, and powerful OBD2 scanner that works via Bluetooth 4.0, BT3.0, or WiFi. Compatible with iOS &amp; Android, it supports popular apps like Torque, OBD Fusion, Dr. Prius, Car Scanner, and more.","jetpack_sharing_enabled":true,"_links":{"self":[{"href":"https:\/\/speedxperts.com\/fr\/wp-json\/wp\/v2\/product\/5048","targetHints":{"allow":["GET"]}}],"collection":[{"href":"https:\/\/speedxperts.com\/fr\/wp-json\/wp\/v2\/product"}],"about":[{"href":"https:\/\/speedxperts.com\/fr\/wp-json\/wp\/v2\/types\/product"}],"replies":[{"embeddable":true,"href":"https:\/\/speedxperts.com\/fr\/wp-json\/wp\/v2\/comments?post=5048"}],"wp:featuredmedia":[{"embeddable":true,"href":"https:\/\/speedxperts.com\/fr\/wp-json\/wp\/v2\/media\/5041"}],"wp:attachment":[{"href":"https:\/\/speedxperts.com\/fr\/wp-json\/wp\/v2\/media?parent=5048"}],"wp:term":[{"taxonomy":"product_brand","embeddable":true,"href":"https:\/\/speedxperts.com\/fr\/wp-json\/wp\/v2\/product_brand?post=5048"},{"taxonomy":"product_cat","embeddable":true,"href":"https:\/\/speedxperts.com\/fr\/wp-json\/wp\/v2\/product_cat?post=5048"},{"taxonomy":"product_tag","embeddable":true,"href":"https:\/\/speedxperts.com\/fr\/wp-json\/wp\/v2\/product_tag?post=5048"}],"curies":[{"name":"wp","href":"https:\/\/api.w.org\/{rel}","templated":true}]}}