{"id":5057,"date":"2025-06-06T11:31:15","date_gmt":"2025-06-06T10:31:15","guid":{"rendered":"https:\/\/speedxperts.com\/?post_type=product&#038;p=5057"},"modified":"2026-03-23T14:40:43","modified_gmt":"2026-03-23T13:40:43","slug":"vgate-icar-pro-2s-elm327-bluetooth-5-3-obd2-outil-de-diagnostic-pour-android-ios-pc-supporte-les-evs-hybrides","status":"publish","type":"product","link":"https:\/\/speedxperts.com\/fr\/produit\/vgate-icar-pro-2s-elm327-bluetooth-5-3-obd2-outil-de-diagnostic-pour-android-ios-pc-supporte-les-evs-hybrides\/","title":{"rendered":"Vgate iCar Pro 2S ELM327 Bluetooth 5.3 - Outil de diagnostic OBD2 pour Android, iOS et PC - Compatible avec les v\u00e9hicules \u00e9lectriques et hybrides"},"content":{"rendered":"<h3>\u2705 Caract\u00e9ristiques principales<\/h3>\n<p><strong>\ud83c\udd95 Mise \u00e0 jour de iCar Pro :<\/strong><\/p>\n<ul>\n<li>Nouveau <strong>Bluetooth 5.3<\/strong> version - <strong>appairage plus rapide et connexion stable<\/strong><\/li>\n<li>Soutien <strong>Android, iOS et Windows PC<\/strong><\/li>\n<li>Maintenant prend en charge <strong>v\u00e9hicules hybrides et \u00e9lectriques (VE)<\/strong><\/li>\n<li>Nouvel anneau lumineux LED bleu pour un look moderne<\/li>\n<\/ul>\n<p><strong>\ud83d\udd27 Diagnostics de qualit\u00e9 professionnelle :<\/strong><\/p>\n<ul>\n<li>Lecture et effacement des codes d'erreur g\u00e9n\u00e9riques et sp\u00e9cifiques au constructeur (DTC)<\/li>\n<li>Acc\u00e9dez aux donn\u00e9es des capteurs de l'ECU en direct : R\u00e9gime, pression du carburant, temp\u00e9rature du liquide de refroidissement, capteurs O2, etc.<\/li>\n<li>Plus de 200 param\u00e8tres consultables via des applications tierces<\/li>\n<li>Filtres int\u00e9gr\u00e9s pour le contr\u00f4le des passages, des blocages et des flux (jusqu'\u00e0 208 groupes)<\/li>\n<\/ul>\n<p><strong>\u26a1\ufe0f Mode basse consommation + veille\/r\u00e9veil automatique :<\/strong><\/p>\n<ul>\n<li>Fonctionne \u00e0 seulement 34 mA<\/li>\n<li>Mise en veille automatique \u00e0 3 mA pour prot\u00e9ger votre batterie<\/li>\n<li>Comprend d\u00e9sormais <strong>r\u00e9veil automatique pour les VE et les hybrides<\/strong><\/li>\n<\/ul>\n<p><strong>\ud83d\udee1\ufe0f S\u00e9curit\u00e9 et compatibilit\u00e9 intelligentes :<\/strong><\/p>\n<ul>\n<li>Protection contre les surtensions, les surintensit\u00e9s et les surchauffes<\/li>\n<li>Prise en charge compl\u00e8te de tous les protocoles 12V OBD2\/EOBD<\/li>\n<li>Compatible avec les v\u00e9hicules \u00e0 essence (2001+ EU), diesel (2003\/2004+ EU), et les mod\u00e8les US\/Canada (1996+)<\/li>\n<\/ul>\n<p><strong>\ud83d\udcf1 Fonctionne avec les applications OBD les plus courantes :<\/strong><\/p>\n<ul>\n<li>Couple<\/li>\n<li>Scanner de voiture<\/li>\n<li>OBD Fusion<\/li>\n<li>Dr. Prius<\/li>\n<li>M\u00e9decin de l'automobile<\/li>\n<li>Et bien d'autres encore !<\/li>\n<\/ul>\n<hr \/>\n<h3>\ud83d\udd17 Guide de connectivit\u00e9 facile :<\/h3>\n<p><strong>Pour Android :<\/strong><\/p>\n<ol>\n<li>Activer le Bluetooth<\/li>\n<li>Rechercher <strong>Android-Vlink<\/strong><\/li>\n<li>Saisir le code d'appariement : <strong>1234<\/strong><\/li>\n<li>Ouvrir l'application et se connecter<\/li>\n<\/ol>\n<p><strong>Pour iOS :<\/strong><\/p>\n<ul>\n<li>Il suffit d'activer le Bluetooth et de se connecter via l'application (aucun couplage manuel n'est n\u00e9cessaire).<\/li>\n<\/ul>\n<p><strong>Pour Windows PC :<\/strong><\/p>\n<ul>\n<li>Identique \u00e0 Android : recherche <strong>Android-Vlink<\/strong>, en paire avec le code <strong>1234<\/strong>puis se connecter dans l'application<\/li>\n<\/ul>\n<hr \/>\n<h3>\u2699\ufe0f Sp\u00e9cifications :<\/h3>\n<ul>\n<li><strong>Version Bluetooth :<\/strong> 5.3<\/li>\n<li><strong>Alimentation \u00e9lectrique :<\/strong> V\u00e9hicules 12V (essence\/diesel\/hybride\/\u00e9lectrique)<\/li>\n<li><strong>Courant de fonctionnement :<\/strong> 34 mA (actif), 3 mA (inactif)<\/li>\n<li><strong>Protocoles pris en charge :<\/strong> Toutes les normes OBD2 et EOBD<\/li>\n<li><strong>Syst\u00e8mes d'exploitation :<\/strong> Android \/ iOS \/ Windows<\/li>\n<li><strong>Temp. de fonctionnement<\/strong> -40\u00b0C \u00e0 +85\u00b0C<\/li>\n<li><strong>Anneau ext\u00e9rieur Couleur de la lumi\u00e8re :<\/strong> Bleu<\/li>\n<\/ul>\n<hr \/>\n<h3>\ud83d\udce6 Contenu de la bo\u00eete :<\/h3>\n<ul>\n<li>1 \u00d7 Adaptateur OBDII Vgate iCar Pro 2S<\/li>\n<li>1 \u00d7 Manuel de l'utilisateur<\/li>\n<\/ul>\n<hr \/>\n<h3>\ud83d\udd0d Mots-cl\u00e9s SEO :<\/h3>\n<p><em>Vgate iCar Pro 2S<\/em>, <em>ELM327 Scanner OBD2 Bluetooth 5.3<\/em>, <em>outil de diagnostic automobile pour EV hybride iOS Android PC<\/em>, <em>Adaptateur OBDII Bluetooth Vgate<\/em>, <em>Scanner automobile iCar Pro 2S<\/em>, <em>Cl\u00e9 Bluetooth 5.3 OBDII pour Android iPhone<\/em><\/p>","protected":false},"excerpt":{"rendered":"<p>Mettez \u00e0 jour vos diagnostics avec le logiciel <strong>Vgate iCar Pro 2S<\/strong> - une nouvelle g\u00e9n\u00e9ration <strong>Scanner OBD2 Bluetooth 5.3<\/strong> con\u00e7u pour <strong>Android, iOS et Windows PC<\/strong>. Cet outil performant offre <strong>connexion plus rapide<\/strong>, <strong>faible consommation d'\u00e9nergie<\/strong>et prend m\u00eame en charge <strong>v\u00e9hicules hybrides et \u00e9lectriques<\/strong>. Que vous soyez un passionn\u00e9 d'automobile ou un m\u00e9canicien professionnel, ce scanner compact mais puissant vous donne des informations fiables en temps r\u00e9el sur l'\u00e9tat de votre v\u00e9hicule.<\/p>","protected":false},"featured_media":5052,"comment_status":"open","ping_status":"closed","template":"","meta":{"_uag_custom_page_level_css":"","site-sidebar-layout":"default","site-content-layout":"","ast-site-content-layout":"default","site-content-style":"default","site-sidebar-style":"default","ast-global-header-display":"","ast-banner-title-visibility":"","ast-main-header-display":"","ast-hfb-above-header-display":"","ast-hfb-below-header-display":"","ast-hfb-mobile-header-display":"","site-post-title":"","ast-breadcrumbs-content":"","ast-featured-img":"","footer-sml-layout":"","ast-disable-related-posts":"","theme-transparent-header-meta":"default","adv-header-id-meta":"","stick-header-meta":"","header-above-stick-meta":"","header-main-stick-meta":"","header-below-stick-meta":"","astra-migrate-meta-layouts":"set","ast-page-background-enabled":"default","ast-page-background-meta":{"desktop":{"background-color":"","background-image":"","background-repeat":"repeat","background-position":"center center","background-size":"auto","background-attachment":"scroll","background-type":"","background-media":"","overlay-type":"","overlay-color":"","overlay-opacity":"","overlay-gradient":""},"tablet":{"background-color":"","background-image":"","background-repeat":"repeat","background-position":"center center","background-size":"auto","background-attachment":"scroll","background-type":"","background-media":"","overlay-type":"","overlay-color":"","overlay-opacity":"","overlay-gradient":""},"mobile":{"background-color":"","background-image":"","background-repeat":"repeat","background-position":"center center","background-size":"auto","background-attachment":"scroll","background-type":"","background-media":"","overlay-type":"","overlay-color":"","overlay-opacity":"","overlay-gradient":""}},"ast-content-background-meta":{"desktop":{"background-color":"var(--ast-global-color-5)","background-image":"","background-repeat":"repeat","background-position":"center center","background-size":"auto","background-attachment":"scroll","background-type":"","background-media":"","overlay-type":"","overlay-color":"","overlay-opacity":"","overlay-gradient":""},"tablet":{"background-color":"var(--ast-global-color-5)","background-image":"","background-repeat":"repeat","background-position":"center center","background-size":"auto","background-attachment":"scroll","background-type":"","background-media":"","overlay-type":"","overlay-color":"","overlay-opacity":"","overlay-gradient":""},"mobile":{"background-color":"var(--ast-global-color-5)","background-image":"","background-repeat":"repeat","background-position":"center center","background-size":"auto","background-attachment":"scroll","background-type":"","background-media":"","overlay-type":"","overlay-color":"","overlay-opacity":"","overlay-gradient":""}}},"product_brand":[],"product_cat":[70],"product_tag":[],"class_list":{"0":"post-5057","1":"product","2":"type-product","3":"status-publish","4":"has-post-thumbnail","6":"product_cat-diagnostic-tools","7":"desktop-align-left","8":"tablet-align-left","9":"mobile-align-left","10":"ast-product-gallery-layout-horizontal-slider","11":"ast-product-tabs-layout-horizontal","13":"first","14":"instock","15":"shipping-taxable","16":"purchasable","17":"product-type-simple"},"aioseo_notices":[],"uagb_featured_image_src":{"full":["https:\/\/speedxperts.com\/wp-content\/uploads\/2025\/06\/Se1f61ba09f4d4279a10ea4d689f1623f8.webp",1000,1000,false],"thumbnail":["https:\/\/speedxperts.com\/wp-content\/uploads\/2025\/06\/Se1f61ba09f4d4279a10ea4d689f1623f8-150x150.webp",150,150,true],"medium":["https:\/\/speedxperts.com\/wp-content\/uploads\/2025\/06\/Se1f61ba09f4d4279a10ea4d689f1623f8-300x300.webp",300,300,true],"medium_large":["https:\/\/speedxperts.com\/wp-content\/uploads\/2025\/06\/Se1f61ba09f4d4279a10ea4d689f1623f8-768x768.webp",768,768,true],"large":["https:\/\/speedxperts.com\/wp-content\/uploads\/2025\/06\/Se1f61ba09f4d4279a10ea4d689f1623f8.webp",1000,1000,false],"1536x1536":["https:\/\/speedxperts.com\/wp-content\/uploads\/2025\/06\/Se1f61ba09f4d4279a10ea4d689f1623f8.webp",1000,1000,false],"2048x2048":["https:\/\/speedxperts.com\/wp-content\/uploads\/2025\/06\/Se1f61ba09f4d4279a10ea4d689f1623f8.webp",1000,1000,false],"trp-custom-language-flag":["https:\/\/speedxperts.com\/wp-content\/uploads\/2025\/06\/Se1f61ba09f4d4279a10ea4d689f1623f8-12x12.webp",12,12,true],"woocommerce_thumbnail":["https:\/\/speedxperts.com\/wp-content\/uploads\/2025\/06\/Se1f61ba09f4d4279a10ea4d689f1623f8-300x300.webp",300,300,true],"woocommerce_single":["https:\/\/speedxperts.com\/wp-content\/uploads\/2025\/06\/Se1f61ba09f4d4279a10ea4d689f1623f8-600x600.webp",600,600,true],"woocommerce_gallery_thumbnail":["https:\/\/speedxperts.com\/wp-content\/uploads\/2025\/06\/Se1f61ba09f4d4279a10ea4d689f1623f8-100x100.webp",100,100,true]},"uagb_author_info":{"display_name":"Sebastian","author_link":"https:\/\/speedxperts.com\/fr\/author\/"},"uagb_comment_info":1,"uagb_excerpt":"Upgrade your diagnostics with the Vgate iCar Pro 2S \u2013 a next-gen Bluetooth 5.3 OBD2 scanner designed for Android, iOS, and Windows PC. This high-performance tool offers faster connection, low power consumption, and even supports hybrid and electric vehicles. Whether you\u2019re a car enthusiast or a professional mechanic, this compact yet powerful scanner gives you\u2026","jetpack_sharing_enabled":true,"_links":{"self":[{"href":"https:\/\/speedxperts.com\/fr\/wp-json\/wp\/v2\/product\/5057","targetHints":{"allow":["GET"]}}],"collection":[{"href":"https:\/\/speedxperts.com\/fr\/wp-json\/wp\/v2\/product"}],"about":[{"href":"https:\/\/speedxperts.com\/fr\/wp-json\/wp\/v2\/types\/product"}],"replies":[{"embeddable":true,"href":"https:\/\/speedxperts.com\/fr\/wp-json\/wp\/v2\/comments?post=5057"}],"wp:featuredmedia":[{"embeddable":true,"href":"https:\/\/speedxperts.com\/fr\/wp-json\/wp\/v2\/media\/5052"}],"wp:attachment":[{"href":"https:\/\/speedxperts.com\/fr\/wp-json\/wp\/v2\/media?parent=5057"}],"wp:term":[{"taxonomy":"product_brand","embeddable":true,"href":"https:\/\/speedxperts.com\/fr\/wp-json\/wp\/v2\/product_brand?post=5057"},{"taxonomy":"product_cat","embeddable":true,"href":"https:\/\/speedxperts.com\/fr\/wp-json\/wp\/v2\/product_cat?post=5057"},{"taxonomy":"product_tag","embeddable":true,"href":"https:\/\/speedxperts.com\/fr\/wp-json\/wp\/v2\/product_tag?post=5057"}],"curies":[{"name":"wp","href":"https:\/\/api.w.org\/{rel}","templated":true}]}}