{"id":5259,"date":"2025-07-15T12:46:59","date_gmt":"2025-07-15T11:46:59","guid":{"rendered":"https:\/\/speedxperts.com\/?post_type=product&#038;p=5259"},"modified":"2025-07-15T13:01:23","modified_gmt":"2025-07-15T12:01:23","slug":"ancel-bd310-obd2-scanner","status":"publish","type":"product","link":"https:\/\/speedxperts.com\/fr\/produit\/ancel-bd310-obd2-scanner\/","title":{"rendered":"ANCEL BD310 Scanner OBD2"},"content":{"rendered":"<p><strong>D\u00e9verrouillez la puissance de votre v\u00e9hicule avec le scanner OBD2 portable et Bluetooth ANCEL BD310<\/strong><\/p>\n<p>L'ANCEL BD310 n'est pas un scanner OBD2 ordinaire, c'est un outil de diagnostic complet con\u00e7u pour les passionn\u00e9s d'automobile et les conducteurs de tous les jours. Gr\u00e2ce \u00e0 la technologie Bluetooth 3.0+EDR et BLE 5.0 int\u00e9gr\u00e9e, vous pouvez basculer sans effort entre le mode portable et le mode sans fil, ce qui vous permet de diagnostiquer votre v\u00e9hicule o\u00f9 que vous soyez.<\/p>\n<p><strong>Caract\u00e9ristiques principales :<\/strong><\/p>\n<ul>\n<li><strong>Application exclusive<\/strong>: Contrairement \u00e0 d'autres dispositifs de surveillance de v\u00e9hicules sans fil qui d\u00e9pendent d'applications tierces, le BD310 est livr\u00e9 avec une application propri\u00e9taire d\u00e9velopp\u00e9e en interne. Cette application permet de d\u00e9bloquer toutes les fonctions avanc\u00e9es sans frais cach\u00e9s, garantissant des mises \u00e0 jour gratuites \u00e0 vie et une fonctionnalit\u00e9 sans faille.<\/li>\n<li><strong>Fonctions OBD2 compl\u00e8tes<\/strong>: Le BD310 prend en charge toutes les fonctions OBD2 essentielles, y compris la lecture et l'effacement des codes d'erreur, la recherche des codes DTC, les tests des sondes O2, les v\u00e9rifications de l'\u00e9tat de pr\u00e9paration I\/M et la g\u00e9n\u00e9ration de rapports de diagnostic d\u00e9taill\u00e9s. Il s'agit d'une solution tout-en-un pour le diagnostic des v\u00e9hicules.<\/li>\n<li><strong>Test de performance et analyse des d\u00e9placements<\/strong>: Surveillez les performances de votre v\u00e9hicule en temps r\u00e9el gr\u00e2ce \u00e0 des fonctions telles que la transmission de donn\u00e9es en direct, l'enregistrement de l'\u00e9tat du trajet et les alertes vocales pour les param\u00e8tres critiques tels que la vitesse et la temp\u00e9rature. Cela vous permet d'identifier et de corriger les mauvaises habitudes de conduite.<\/li>\n<li><strong>Prise en charge multilingue<\/strong>: Le BD310 prend en charge huit langues, dont l'anglais, le fran\u00e7ais, l'allemand, l'espagnol, l'italien, le finnois et le n\u00e9erlandais, ce qui le rend accessible \u00e0 un public international.<\/li>\n<li><strong>Mises \u00e0 jour gratuites \u00e0 vie<\/strong>: Profitez des mises \u00e0 jour gratuites \u00e0 vie sur votre PC Windows (Windows 7\/8\/10 uniquement). Veuillez noter que les mises \u00e0 jour ne sont pas prises en charge sur MAC ou Windows XP.<\/li>\n<li><strong>Conception conviviale<\/strong>: Le BD310 est dot\u00e9 d'un support de voiture magn\u00e9tique pour un montage facile, d'un c\u00e2ble de 56 pouces pour une port\u00e9e \u00e9tendue et d'un tableau de bord modifiable qui vous permet de personnaliser votre \u00e9cran selon vos pr\u00e9f\u00e9rences.<\/li>\n<\/ul>\n<p><strong>Pourquoi choisir l'ANCEL BD310 ?<\/strong><\/p>\n<ol>\n<li><strong>Une solution rentable<\/strong>: Obtenez un scanner portable, un outil de balayage Bluetooth, un testeur de batterie et une jauge d'affichage HUD en un seul appareil, ce qui vous permet d'\u00e9conomiser de l'argent et de l'espace.<\/li>\n<li><strong>Contr\u00f4le en temps r\u00e9el<\/strong>: Suivez les param\u00e8tres vitaux du moteur tels que la temp\u00e9rature du liquide de refroidissement, le r\u00e9gime et la consommation de carburant, afin de garantir le bon fonctionnement de votre v\u00e9hicule.<\/li>\n<li><strong>Fonctionnalit\u00e9 de capture d'\u00e9cran automatique<\/strong>: Capturez automatiquement les donn\u00e9es critiques lorsque certains seuils sont d\u00e9pass\u00e9s, ce qui permet d'effectuer des diagnostics et des analyses en temps utile.<\/li>\n<li><strong>Affichage HUD pratique<\/strong>: Utilisez votre smartphone comme un affichage t\u00eate haute pour visualiser des donn\u00e9es essentielles pendant la conduite, am\u00e9liorant ainsi la s\u00e9curit\u00e9 et la commodit\u00e9.<\/li>\n<li><strong>Facile \u00e0 utiliser<\/strong>: Sans frais d'abonnement mensuel ni co\u00fbts cach\u00e9s, le BD310 est con\u00e7u pour fonctionner sans probl\u00e8me, ce qui le rend parfait pour les d\u00e9butants comme pour les utilisateurs exp\u00e9riment\u00e9s.<\/li>\n<\/ol>\n<p><strong>Prise en charge de diff\u00e9rents types de v\u00e9hicules<\/strong>: L'ANCEL BD310 est compatible avec une large gamme de v\u00e9hicules, ce qui en fait un outil essentiel pour tout propri\u00e9taire de voiture.<\/p>\n<p>&nbsp;<\/p>","protected":false},"excerpt":{"rendered":"<p>D\u00e9couvrez le scanner ANCEL BD310 Handheld &amp; Bluetooth OBD2 Scanner, un outil de diagnostic polyvalent qui combine la commodit\u00e9 d'un ordinateur de poche et la connectivit\u00e9 Bluetooth. Dot\u00e9 d'une application exclusive pour la surveillance en temps r\u00e9el, le test de la batterie et l'analyse des performances, cet outil de balayage multifonction est compatible avec l'iPhone, l'iPad et les appareils Android. Am\u00e9liorez le diagnostic de votre v\u00e9hicule d\u00e8s aujourd'hui !<\/p>","protected":false},"featured_media":5252,"comment_status":"open","ping_status":"closed","template":"","meta":{"_uag_custom_page_level_css":"","site-sidebar-layout":"default","site-content-layout":"","ast-site-content-layout":"default","site-content-style":"default","site-sidebar-style":"default","ast-global-header-display":"","ast-banner-title-visibility":"","ast-main-header-display":"","ast-hfb-above-header-display":"","ast-hfb-below-header-display":"","ast-hfb-mobile-header-display":"","site-post-title":"","ast-breadcrumbs-content":"","ast-featured-img":"","footer-sml-layout":"","theme-transparent-header-meta":"default","adv-header-id-meta":"","stick-header-meta":"","header-above-stick-meta":"","header-main-stick-meta":"","header-below-stick-meta":"","astra-migrate-meta-layouts":"set","ast-page-background-enabled":"default","ast-page-background-meta":{"desktop":{"background-color":"","background-image":"","background-repeat":"repeat","background-position":"center center","background-size":"auto","background-attachment":"scroll","background-type":"","background-media":"","overlay-type":"","overlay-color":"","overlay-opacity":"","overlay-gradient":""},"tablet":{"background-color":"","background-image":"","background-repeat":"repeat","background-position":"center center","background-size":"auto","background-attachment":"scroll","background-type":"","background-media":"","overlay-type":"","overlay-color":"","overlay-opacity":"","overlay-gradient":""},"mobile":{"background-color":"","background-image":"","background-repeat":"repeat","background-position":"center center","background-size":"auto","background-attachment":"scroll","background-type":"","background-media":"","overlay-type":"","overlay-color":"","overlay-opacity":"","overlay-gradient":""}},"ast-content-background-meta":{"desktop":{"background-color":"var(--ast-global-color-5)","background-image":"","background-repeat":"repeat","background-position":"center center","background-size":"auto","background-attachment":"scroll","background-type":"","background-media":"","overlay-type":"","overlay-color":"","overlay-opacity":"","overlay-gradient":""},"tablet":{"background-color":"var(--ast-global-color-5)","background-image":"","background-repeat":"repeat","background-position":"center center","background-size":"auto","background-attachment":"scroll","background-type":"","background-media":"","overlay-type":"","overlay-color":"","overlay-opacity":"","overlay-gradient":""},"mobile":{"background-color":"var(--ast-global-color-5)","background-image":"","background-repeat":"repeat","background-position":"center center","background-size":"auto","background-attachment":"scroll","background-type":"","background-media":"","overlay-type":"","overlay-color":"","overlay-opacity":"","overlay-gradient":""}}},"product_brand":[],"product_cat":[70],"product_tag":[],"class_list":{"0":"post-5259","1":"product","2":"type-product","3":"status-publish","4":"has-post-thumbnail","6":"product_cat-diagnostic-tools","7":"desktop-align-left","8":"tablet-align-left","9":"mobile-align-left","10":"ast-product-gallery-layout-horizontal-slider","11":"ast-product-tabs-layout-horizontal","13":"first","14":"instock","15":"shipping-taxable","16":"purchasable","17":"product-type-simple"},"aioseo_notices":[],"uagb_featured_image_src":{"full":["https:\/\/speedxperts.com\/wp-content\/uploads\/2025\/07\/a1590003-f0ea-45cb-a25f-6b1c16859666730096.png",1000,1000,false],"thumbnail":["https:\/\/speedxperts.com\/wp-content\/uploads\/2025\/07\/a1590003-f0ea-45cb-a25f-6b1c16859666730096-150x150.png",150,150,true],"medium":["https:\/\/speedxperts.com\/wp-content\/uploads\/2025\/07\/a1590003-f0ea-45cb-a25f-6b1c16859666730096-300x300.png",300,300,true],"medium_large":["https:\/\/speedxperts.com\/wp-content\/uploads\/2025\/07\/a1590003-f0ea-45cb-a25f-6b1c16859666730096-768x768.png",768,768,true],"large":["https:\/\/speedxperts.com\/wp-content\/uploads\/2025\/07\/a1590003-f0ea-45cb-a25f-6b1c16859666730096.png",1000,1000,false],"1536x1536":["https:\/\/speedxperts.com\/wp-content\/uploads\/2025\/07\/a1590003-f0ea-45cb-a25f-6b1c16859666730096.png",1000,1000,false],"2048x2048":["https:\/\/speedxperts.com\/wp-content\/uploads\/2025\/07\/a1590003-f0ea-45cb-a25f-6b1c16859666730096.png",1000,1000,false],"trp-custom-language-flag":["https:\/\/speedxperts.com\/wp-content\/uploads\/2025\/07\/a1590003-f0ea-45cb-a25f-6b1c16859666730096-12x12.png",12,12,true],"woocommerce_thumbnail":["https:\/\/speedxperts.com\/wp-content\/uploads\/2025\/07\/a1590003-f0ea-45cb-a25f-6b1c16859666730096-300x300.png",300,300,true],"woocommerce_single":["https:\/\/speedxperts.com\/wp-content\/uploads\/2025\/07\/a1590003-f0ea-45cb-a25f-6b1c16859666730096-600x600.png",600,600,true],"woocommerce_gallery_thumbnail":["https:\/\/speedxperts.com\/wp-content\/uploads\/2025\/07\/a1590003-f0ea-45cb-a25f-6b1c16859666730096-100x100.png",100,100,true]},"uagb_author_info":{"display_name":"Sebastian","author_link":"https:\/\/speedxperts.com\/fr\/author\/"},"uagb_comment_info":0,"uagb_excerpt":"Discover the ANCEL BD310 Handheld &amp; Bluetooth OBD2 Scanner, a versatile diagnostic tool that combines handheld convenience with Bluetooth connectivity. Featuring an exclusive app for real-time monitoring, battery testing, and performance analysis, this multi-function scan tool is compatible with iPhone, iPad, and Android devices. Upgrade your vehicle diagnostics today!","jetpack_sharing_enabled":true,"_links":{"self":[{"href":"https:\/\/speedxperts.com\/fr\/wp-json\/wp\/v2\/product\/5259","targetHints":{"allow":["GET"]}}],"collection":[{"href":"https:\/\/speedxperts.com\/fr\/wp-json\/wp\/v2\/product"}],"about":[{"href":"https:\/\/speedxperts.com\/fr\/wp-json\/wp\/v2\/types\/product"}],"replies":[{"embeddable":true,"href":"https:\/\/speedxperts.com\/fr\/wp-json\/wp\/v2\/comments?post=5259"}],"wp:featuredmedia":[{"embeddable":true,"href":"https:\/\/speedxperts.com\/fr\/wp-json\/wp\/v2\/media\/5252"}],"wp:attachment":[{"href":"https:\/\/speedxperts.com\/fr\/wp-json\/wp\/v2\/media?parent=5259"}],"wp:term":[{"taxonomy":"product_brand","embeddable":true,"href":"https:\/\/speedxperts.com\/fr\/wp-json\/wp\/v2\/product_brand?post=5259"},{"taxonomy":"product_cat","embeddable":true,"href":"https:\/\/speedxperts.com\/fr\/wp-json\/wp\/v2\/product_cat?post=5259"},{"taxonomy":"product_tag","embeddable":true,"href":"https:\/\/speedxperts.com\/fr\/wp-json\/wp\/v2\/product_tag?post=5259"}],"curies":[{"name":"wp","href":"https:\/\/api.w.org\/{rel}","templated":true}]}}