{"id":5430,"date":"2025-07-15T13:00:45","date_gmt":"2025-07-15T12:00:45","guid":{"rendered":"https:\/\/speedxperts.com\/?post_type=product&#038;p=5430"},"modified":"2025-07-15T13:14:02","modified_gmt":"2025-07-15T12:14:02","slug":"scanner-moto-jdiag-m100-pro-pour-ktm-honda-yamaha-kawasaki-suzuki-bmw-d87-88","status":"publish","type":"product","link":"https:\/\/speedxperts.com\/fr\/produit\/scanner-moto-jdiag-m100-pro-pour-ktm-honda-yamaha-kawasaki-suzuki-bmw-d87-88\/","title":{"rendered":"Scanner moto JDiag M100 Pro pour KTM, Honda, Yamaha, Kawasaki, Suzuki, BMW D87\/88"},"content":{"rendered":"<p><strong>JDiag M100 Pro Motorcycle Diagnostic Scanner : Votre outil ultime pour le diagnostic des motos<\/strong><\/p>\n<p>Le JDiag M100 Pro est un scanner de diagnostic moto de pointe con\u00e7u pour fournir des capacit\u00e9s de diagnostic compl\u00e8tes pour une large gamme de marques de motos. Que vous soyez un m\u00e9canicien professionnel ou un bricoleur passionn\u00e9, cet outil est essentiel pour diagnostiquer et r\u00e9soudre efficacement les probl\u00e8mes li\u00e9s aux motos.<\/p>\n<p><strong>Caract\u00e9ristiques principales :<\/strong><\/p>\n<ul>\n<li><strong>Large compatibilit\u00e9<\/strong>: Le JDiag M100 Pro prend en charge un grand nombre de marques de motos, notamment KTM, Honda, Yamaha, Kawasaki, Suzuki, BMW et bien d'autres. Veuillez noter qu'il ne prend pas en charge les mod\u00e8les Harley et Ducati.<\/li>\n<li><strong>Fonctions de diagnostic compl\u00e8tes<\/strong>: Ce scanner vous permet de lire les informations du syst\u00e8me, d'extraire les codes d'erreur, d'effectuer des recherches de codes DTC et de r\u00e9aliser des tests d'actionneurs. Il offre \u00e9galement des conseils de d\u00e9pannage, un flux de donn\u00e9es en direct et la possibilit\u00e9 d'effacer les codes d'erreur.<\/li>\n<li><strong>Conception conviviale<\/strong>: L'appareil portable est pratique et souple d'utilisation. L'\u00e9cran couleur de 3,2 pouces affiche clairement les donn\u00e9es dynamiques, y compris les formats num\u00e9riques et de forme d'onde.<\/li>\n<li><strong>Prise en charge multilingue<\/strong>: Le JDiag M100 Pro prend en charge plusieurs langues, notamment l'anglais, le chinois traditionnel, le vietnamien, l'indon\u00e9sien, le tha\u00ef, l'espagnol, le turc, le portugais, le fran\u00e7ais, le khmer, le japonais, le cor\u00e9en et l'allemand, ce qui le rend accessible \u00e0 un public international.<\/li>\n<li><strong>Fonctions avanc\u00e9es<\/strong>: Outre les diagnostics standard, l'outil offre des fonctions telles que le r\u00e9glage du ralenti du moteur, le test du syst\u00e8me ABS, la d\u00e9tection de l'autonomie de la batterie et l'affichage de la forme d'onde, ce qui renforce son utilit\u00e9 pour l'entretien des motocyclettes.<\/li>\n<\/ul>\n<p><strong>Sp\u00e9cifications<\/strong>:<\/p>\n<ul>\n<li><strong>Alimentation \u00e9lectrique<\/strong>: DC 10-15V<\/li>\n<li><strong>Courant d'exploitation<\/strong>: 250mA<\/li>\n<li><strong>Temp\u00e9rature de stockage<\/strong>Temp\u00e9rature de fonctionnement : -10\u00b0C \u00e0 85\u00b0C<\/li>\n<li><strong>Temp\u00e9rature de fonctionnement<\/strong>: 0\u00b0C \u00e0 70\u00b0C<\/li>\n<li><strong>Humidit\u00e9<\/strong>: &lt;90%<\/li>\n<li><strong>Ports de mise \u00e0 niveau<\/strong>: Port USB<\/li>\n<li><strong>Ports de communication<\/strong>: Port COM<\/li>\n<\/ul>\n<p><strong>Le paquet comprend<\/strong>:<\/p>\n<ul>\n<li>JDiag M100 Pro Scanner de diagnostic moto<\/li>\n<li>Manuel de l'utilisateur<\/li>\n<li>C\u00e2ble USB pour les mises \u00e0 jour<\/li>\n<\/ul>\n<hr \/>\n<p><strong>Am\u00e9liorez le diagnostic de votre moto avec le JDiag M100 Pro d\u00e8s aujourd'hui ! D\u00e9couvrez la commodit\u00e9 des fonctions de diagnostic avanc\u00e9es et assurez-vous que votre moto fonctionne au mieux.<\/strong><\/p>","protected":false},"excerpt":{"rendered":"<p>Voici le scanner de diagnostic moto JDiag M100 Pro, un lecteur de codes polyvalent con\u00e7u pour les principales marques de motos, notamment KTM, Honda, Yamaha, Kawasaki, Suzuki et BMW. Cet outil portable offre des fonctions de diagnostic compl\u00e8tes, y compris la lecture des codes d'erreur, le test des actionneurs et le flux de donn\u00e9es en direct, ce qui le rend essentiel pour tout technicien moto.<\/p>","protected":false},"featured_media":5406,"comment_status":"open","ping_status":"closed","template":"","meta":{"_uag_custom_page_level_css":"","site-sidebar-layout":"default","site-content-layout":"","ast-site-content-layout":"default","site-content-style":"default","site-sidebar-style":"default","ast-global-header-display":"","ast-banner-title-visibility":"","ast-main-header-display":"","ast-hfb-above-header-display":"","ast-hfb-below-header-display":"","ast-hfb-mobile-header-display":"","site-post-title":"","ast-breadcrumbs-content":"","ast-featured-img":"","footer-sml-layout":"","ast-disable-related-posts":"","theme-transparent-header-meta":"default","adv-header-id-meta":"","stick-header-meta":"","header-above-stick-meta":"","header-main-stick-meta":"","header-below-stick-meta":"","astra-migrate-meta-layouts":"set","ast-page-background-enabled":"default","ast-page-background-meta":{"desktop":{"background-color":"","background-image":"","background-repeat":"repeat","background-position":"center center","background-size":"auto","background-attachment":"scroll","background-type":"","background-media":"","overlay-type":"","overlay-color":"","overlay-opacity":"","overlay-gradient":""},"tablet":{"background-color":"","background-image":"","background-repeat":"repeat","background-position":"center center","background-size":"auto","background-attachment":"scroll","background-type":"","background-media":"","overlay-type":"","overlay-color":"","overlay-opacity":"","overlay-gradient":""},"mobile":{"background-color":"","background-image":"","background-repeat":"repeat","background-position":"center center","background-size":"auto","background-attachment":"scroll","background-type":"","background-media":"","overlay-type":"","overlay-color":"","overlay-opacity":"","overlay-gradient":""}},"ast-content-background-meta":{"desktop":{"background-color":"var(--ast-global-color-5)","background-image":"","background-repeat":"repeat","background-position":"center center","background-size":"auto","background-attachment":"scroll","background-type":"","background-media":"","overlay-type":"","overlay-color":"","overlay-opacity":"","overlay-gradient":""},"tablet":{"background-color":"var(--ast-global-color-5)","background-image":"","background-repeat":"repeat","background-position":"center center","background-size":"auto","background-attachment":"scroll","background-type":"","background-media":"","overlay-type":"","overlay-color":"","overlay-opacity":"","overlay-gradient":""},"mobile":{"background-color":"var(--ast-global-color-5)","background-image":"","background-repeat":"repeat","background-position":"center center","background-size":"auto","background-attachment":"scroll","background-type":"","background-media":"","overlay-type":"","overlay-color":"","overlay-opacity":"","overlay-gradient":""}}},"product_brand":[],"product_cat":[70],"product_tag":[],"class_list":{"0":"post-5430","1":"product","2":"type-product","3":"status-publish","4":"has-post-thumbnail","6":"product_cat-diagnostic-tools","7":"desktop-align-left","8":"tablet-align-left","9":"mobile-align-left","10":"ast-product-gallery-layout-horizontal-slider","11":"ast-product-single-variable","12":"ast-product-tabs-layout-horizontal","14":"first","15":"instock","16":"shipping-taxable","17":"purchasable","18":"product-type-variable","19":"has-default-attributes"},"aioseo_notices":[],"uagb_featured_image_src":{"full":["https:\/\/speedxperts.com\/wp-content\/uploads\/2025\/07\/Sa8f6d2927286468fa40d825a9ffe3259j.webp",1000,1000,false],"thumbnail":["https:\/\/speedxperts.com\/wp-content\/uploads\/2025\/07\/Sa8f6d2927286468fa40d825a9ffe3259j-150x150.webp",150,150,true],"medium":["https:\/\/speedxperts.com\/wp-content\/uploads\/2025\/07\/Sa8f6d2927286468fa40d825a9ffe3259j-300x300.webp",300,300,true],"medium_large":["https:\/\/speedxperts.com\/wp-content\/uploads\/2025\/07\/Sa8f6d2927286468fa40d825a9ffe3259j-768x768.webp",768,768,true],"large":["https:\/\/speedxperts.com\/wp-content\/uploads\/2025\/07\/Sa8f6d2927286468fa40d825a9ffe3259j.webp",1000,1000,false],"1536x1536":["https:\/\/speedxperts.com\/wp-content\/uploads\/2025\/07\/Sa8f6d2927286468fa40d825a9ffe3259j.webp",1000,1000,false],"2048x2048":["https:\/\/speedxperts.com\/wp-content\/uploads\/2025\/07\/Sa8f6d2927286468fa40d825a9ffe3259j.webp",1000,1000,false],"trp-custom-language-flag":["https:\/\/speedxperts.com\/wp-content\/uploads\/2025\/07\/Sa8f6d2927286468fa40d825a9ffe3259j-12x12.webp",12,12,true],"woocommerce_thumbnail":["https:\/\/speedxperts.com\/wp-content\/uploads\/2025\/07\/Sa8f6d2927286468fa40d825a9ffe3259j-300x300.webp",300,300,true],"woocommerce_single":["https:\/\/speedxperts.com\/wp-content\/uploads\/2025\/07\/Sa8f6d2927286468fa40d825a9ffe3259j-600x600.webp",600,600,true],"woocommerce_gallery_thumbnail":["https:\/\/speedxperts.com\/wp-content\/uploads\/2025\/07\/Sa8f6d2927286468fa40d825a9ffe3259j-100x100.webp",100,100,true]},"uagb_author_info":{"display_name":"Sebastian","author_link":"https:\/\/speedxperts.com\/fr\/author\/"},"uagb_comment_info":0,"uagb_excerpt":"Introducing the JDiag M100 Pro Motorcycle Diagnostic Scanner, a versatile code reader designed for major motorcycle brands including KTM, Honda, Yamaha, Kawasaki, Suzuki, and BMW. This handheld tool offers comprehensive diagnostic functions, including fault code reading, actuator testing, and live data streaming, making it essential for any motorcycle technician.","jetpack_sharing_enabled":true,"_links":{"self":[{"href":"https:\/\/speedxperts.com\/fr\/wp-json\/wp\/v2\/product\/5430","targetHints":{"allow":["GET"]}}],"collection":[{"href":"https:\/\/speedxperts.com\/fr\/wp-json\/wp\/v2\/product"}],"about":[{"href":"https:\/\/speedxperts.com\/fr\/wp-json\/wp\/v2\/types\/product"}],"replies":[{"embeddable":true,"href":"https:\/\/speedxperts.com\/fr\/wp-json\/wp\/v2\/comments?post=5430"}],"wp:featuredmedia":[{"embeddable":true,"href":"https:\/\/speedxperts.com\/fr\/wp-json\/wp\/v2\/media\/5406"}],"wp:attachment":[{"href":"https:\/\/speedxperts.com\/fr\/wp-json\/wp\/v2\/media?parent=5430"}],"wp:term":[{"taxonomy":"product_brand","embeddable":true,"href":"https:\/\/speedxperts.com\/fr\/wp-json\/wp\/v2\/product_brand?post=5430"},{"taxonomy":"product_cat","embeddable":true,"href":"https:\/\/speedxperts.com\/fr\/wp-json\/wp\/v2\/product_cat?post=5430"},{"taxonomy":"product_tag","embeddable":true,"href":"https:\/\/speedxperts.com\/fr\/wp-json\/wp\/v2\/product_tag?post=5430"}],"curies":[{"name":"wp","href":"https:\/\/api.w.org\/{rel}","templated":true}]}}