{"id":6673,"date":"2025-11-26T08:47:44","date_gmt":"2025-11-26T07:47:44","guid":{"rendered":"https:\/\/speedxperts.com\/product\/heated-car-seat-cover-with-graphene-grey\/"},"modified":"2025-11-26T09:10:46","modified_gmt":"2025-11-26T08:10:46","slug":"housse-de-siege-de-voiture-chauffante-avec-gris-graphene","status":"publish","type":"product","link":"https:\/\/speedxperts.com\/fr\/produit\/housse-de-siege-de-voiture-chauffante-avec-gris-graphene\/","title":{"rendered":"Housse de si\u00e8ge de voiture chauffante avec graph\u00e8ne - Gris"},"content":{"rendered":"<p>Profitez d'une chaleur instantan\u00e9e et d'un confort moelleux tout au long de l'hiver gr\u00e2ce \u00e0 cette <strong>Housse de si\u00e8ge de voiture chauffante en graph\u00e8ne<\/strong>. Fabriqu\u00e9 en polaire chaude et pelucheuse et dot\u00e9 de couches chauffantes avanc\u00e9es en graph\u00e8ne, il offre une chaleur rapide et homog\u00e8ne tout en prot\u00e9geant votre si\u00e8ge. Compatible avec les <strong>12V et 24V<\/strong> il est id\u00e9al pour les voitures, les SUV, les camionnettes et les camions.<\/p>\n<p>Caract\u00e9ristiques principales<\/p>\n<ul>\n<li>\n<p><strong>Chauffage rapide en 30 secondes<\/strong><br \/>\n\tS'allume en <strong>mode \u00e9lev\u00e9 par d\u00e9faut<\/strong>, La chaleur est donc ressentie dans environ <strong>30 secondes<\/strong>-Parfait pour les d\u00e9marrages \u00e0 froid et les longs trajets.<\/p>\n<\/li>\n<li>\n<p><strong>Contr\u00f4le intelligent de la temp\u00e9rature<\/strong><\/p>\n<ul>\n<li>Commence le <strong>\u00c9lev\u00e9 (\u224825 W)<\/strong>, puis passe automatiquement \u00e0 l'option <strong>Moyen (\u224820 W)<\/strong> apr\u00e8s environ <strong>10 minutes<\/strong> pour le confort.<\/li>\n<li>Trois niveaux : <strong>\u00c9lev\u00e9 \/ Moyen \/ Faible (\u224813 W)<\/strong> avec un contr\u00f4leur num\u00e9rique intelligent.<\/li>\n<li>Int\u00e9gr\u00e9 <strong>Minuterie de 50 minutes<\/strong> par s\u00e9curit\u00e9 si vous oubliez de l'\u00e9teindre.<\/li>\n<\/ul>\n<\/li>\n<li>\n<p><strong>Technologie de la couche chauffante en graph\u00e8ne<\/strong><\/p>\n<ul>\n<li>Deux couches chauffantes en graph\u00e8ne pour <strong>chauffage rapide et uniforme<\/strong>.<\/li>\n<li>Efficace sur le plan \u00e9nerg\u00e9tique, flexible et r\u00e9sistant aux temp\u00e9ratures \u00e9lev\u00e9es et aux pliages r\u00e9p\u00e9t\u00e9s.<\/li>\n<\/ul>\n<\/li>\n<li>\n<p><strong>Surface polaire douce et chaude<\/strong><\/p>\n<ul>\n<li>Le velours granuleux et pelucheux offre un toucher douillet et doux m\u00eame lorsque le chauffage est \u00e9teint.<\/li>\n<li>Confortable pour la conduite quotidienne en automne et en hiver.<\/li>\n<\/ul>\n<\/li>\n<li>\n<p><strong>S\u00fbr et facile \u00e0 utiliser<\/strong><\/p>\n<ul>\n<li><strong>Ignifug\u00e9<\/strong> Prise allume-cigare 12V\/24V.<\/li>\n<li>Protection contre les courts-circuits et connexion \u00e9lectrique s\u00e9curis\u00e9e.<\/li>\n<li>Les sangles \u00e0 boucle r\u00e9glable permettent au coussin de s'adapter \u00e0 la plupart des si\u00e8ges et de rester en place.<\/li>\n<\/ul>\n<\/li>\n<li>\n<p><strong>Compatibilit\u00e9 universelle 12V \/ 24V<\/strong><\/p>\n<ul>\n<li>Convient \u00e0 la plupart des voitures particuli\u00e8res, des v\u00e9hicules utilitaires sport et de nombreux camions dot\u00e9s d'un moteur \u00e0 combustion interne. <strong>Prises 12V ou 24V<\/strong>.<\/li>\n<\/ul>\n<\/li>\n<\/ul>\n<p>Sp\u00e9cifications<\/p>\n<ul>\n<li>Produit : Housse de si\u00e8ge de voiture chauffante \/ Tapis de si\u00e8ge chauffant<\/li>\n<li>Mati\u00e8re : Polaire chaude<\/li>\n<li>Couleurs : <strong>Noir, Gris, Orange<\/strong><\/li>\n<li>Taille : env. <strong>104 \u00d7 52 cm<\/strong><\/li>\n<li>Tension d'entr\u00e9e : <strong>12\/24 V<\/strong><\/li>\n<li>Niveaux de puissance :\n<ul>\n<li>Haut : <strong>25 W<\/strong><\/li>\n<li>Moyen : <strong>20 W<\/strong><\/li>\n<li>Faible : <strong>13 W<\/strong><\/li>\n<\/ul>\n<\/li>\n<\/ul>\n<p>Am\u00e9liorez votre conduite hivernale avec un <strong>coussin de si\u00e8ge chauffant en peluche aliment\u00e9 au graph\u00e8ne<\/strong> qui combine un chauffage rapide, un contr\u00f4le intelligent et un confort doux dans une couverture universelle.<\/p>\n<p>&nbsp;<\/p>","protected":false},"excerpt":{"rendered":"<p>Enjoy instant warmth and soft comfort all winter with this Graphene Heated Car Seat Cover. Made from plush, warm fleece and powered by advanced graphene heating layers, it delivers fast, even heat while protecting your seat. Compatible with both 12V and 24V vehicles, it&rsquo;s ideal for cars, SUVs, vans, and trucks. Key Features 30\u2011Second Fast [&hellip;]<\/p>","protected":false},"featured_media":6667,"comment_status":"open","ping_status":"closed","template":"","meta":{"_uag_custom_page_level_css":"","site-sidebar-layout":"default","site-content-layout":"","ast-site-content-layout":"default","site-content-style":"default","site-sidebar-style":"default","ast-global-header-display":"","ast-banner-title-visibility":"","ast-main-header-display":"","ast-hfb-above-header-display":"","ast-hfb-below-header-display":"","ast-hfb-mobile-header-display":"","site-post-title":"","ast-breadcrumbs-content":"","ast-featured-img":"","footer-sml-layout":"","theme-transparent-header-meta":"","adv-header-id-meta":"","stick-header-meta":"","header-above-stick-meta":"","header-main-stick-meta":"","header-below-stick-meta":"","astra-migrate-meta-layouts":"default","ast-page-background-enabled":"default","ast-page-background-meta":{"desktop":{"background-color":"","background-image":"","background-repeat":"repeat","background-position":"center center","background-size":"auto","background-attachment":"scroll","background-type":"","background-media":"","overlay-type":"","overlay-color":"","overlay-opacity":"","overlay-gradient":""},"tablet":{"background-color":"","background-image":"","background-repeat":"repeat","background-position":"center center","background-size":"auto","background-attachment":"scroll","background-type":"","background-media":"","overlay-type":"","overlay-color":"","overlay-opacity":"","overlay-gradient":""},"mobile":{"background-color":"","background-image":"","background-repeat":"repeat","background-position":"center center","background-size":"auto","background-attachment":"scroll","background-type":"","background-media":"","overlay-type":"","overlay-color":"","overlay-opacity":"","overlay-gradient":""}},"ast-content-background-meta":{"desktop":{"background-color":"var(--ast-global-color-5)","background-image":"","background-repeat":"repeat","background-position":"center center","background-size":"auto","background-attachment":"scroll","background-type":"","background-media":"","overlay-type":"","overlay-color":"","overlay-opacity":"","overlay-gradient":""},"tablet":{"background-color":"var(--ast-global-color-5)","background-image":"","background-repeat":"repeat","background-position":"center center","background-size":"auto","background-attachment":"scroll","background-type":"","background-media":"","overlay-type":"","overlay-color":"","overlay-opacity":"","overlay-gradient":""},"mobile":{"background-color":"var(--ast-global-color-5)","background-image":"","background-repeat":"repeat","background-position":"center center","background-size":"auto","background-attachment":"scroll","background-type":"","background-media":"","overlay-type":"","overlay-color":"","overlay-opacity":"","overlay-gradient":""}}},"product_brand":[],"product_cat":[1074,72,227],"product_tag":[],"class_list":{"0":"post-6673","1":"product","2":"type-product","3":"status-publish","4":"has-post-thumbnail","6":"product_cat-heated-seat-covers","7":"product_cat-interior-accessories","8":"product_cat-winter-accessories","9":"desktop-align-left","10":"tablet-align-left","11":"mobile-align-left","12":"ast-product-gallery-layout-horizontal-slider","13":"ast-product-single-variable","14":"ast-product-tabs-layout-horizontal","16":"first","17":"instock","18":"shipping-taxable","19":"purchasable","20":"product-type-variable"},"aioseo_notices":[],"uagb_featured_image_src":{"full":["https:\/\/speedxperts.com\/wp-content\/uploads\/2025\/11\/Sedd78e2693984b42afe7bfcc849630666.webp",800,800,false],"thumbnail":["https:\/\/speedxperts.com\/wp-content\/uploads\/2025\/11\/Sedd78e2693984b42afe7bfcc849630666-150x150.webp",150,150,true],"medium":["https:\/\/speedxperts.com\/wp-content\/uploads\/2025\/11\/Sedd78e2693984b42afe7bfcc849630666-300x300.webp",300,300,true],"medium_large":["https:\/\/speedxperts.com\/wp-content\/uploads\/2025\/11\/Sedd78e2693984b42afe7bfcc849630666-768x768.webp",768,768,true],"large":["https:\/\/speedxperts.com\/wp-content\/uploads\/2025\/11\/Sedd78e2693984b42afe7bfcc849630666.webp",800,800,false],"1536x1536":["https:\/\/speedxperts.com\/wp-content\/uploads\/2025\/11\/Sedd78e2693984b42afe7bfcc849630666.webp",800,800,false],"2048x2048":["https:\/\/speedxperts.com\/wp-content\/uploads\/2025\/11\/Sedd78e2693984b42afe7bfcc849630666.webp",800,800,false],"trp-custom-language-flag":["https:\/\/speedxperts.com\/wp-content\/uploads\/2025\/11\/Sedd78e2693984b42afe7bfcc849630666-12x12.webp",12,12,true],"woocommerce_thumbnail":["https:\/\/speedxperts.com\/wp-content\/uploads\/2025\/11\/Sedd78e2693984b42afe7bfcc849630666-300x300.webp",300,300,true],"woocommerce_single":["https:\/\/speedxperts.com\/wp-content\/uploads\/2025\/11\/Sedd78e2693984b42afe7bfcc849630666-600x600.webp",600,600,true],"woocommerce_gallery_thumbnail":["https:\/\/speedxperts.com\/wp-content\/uploads\/2025\/11\/Sedd78e2693984b42afe7bfcc849630666-100x100.webp",100,100,true]},"uagb_author_info":{"display_name":"Sebastian","author_link":"https:\/\/speedxperts.com\/fr\/author\/"},"uagb_comment_info":0,"uagb_excerpt":"Enjoy instant warmth and soft comfort all winter with this Graphene Heated Car Seat Cover. Made from plush, warm fleece and powered by advanced graphene heating layers, it delivers fast, even heat while protecting your seat. Compatible with both 12V and 24V vehicles, it&rsquo;s ideal for cars, SUVs, vans, and trucks. Key Features 30\u2011Second Fast\u2026","jetpack_sharing_enabled":true,"_links":{"self":[{"href":"https:\/\/speedxperts.com\/fr\/wp-json\/wp\/v2\/product\/6673","targetHints":{"allow":["GET"]}}],"collection":[{"href":"https:\/\/speedxperts.com\/fr\/wp-json\/wp\/v2\/product"}],"about":[{"href":"https:\/\/speedxperts.com\/fr\/wp-json\/wp\/v2\/types\/product"}],"replies":[{"embeddable":true,"href":"https:\/\/speedxperts.com\/fr\/wp-json\/wp\/v2\/comments?post=6673"}],"wp:featuredmedia":[{"embeddable":true,"href":"https:\/\/speedxperts.com\/fr\/wp-json\/wp\/v2\/media\/6667"}],"wp:attachment":[{"href":"https:\/\/speedxperts.com\/fr\/wp-json\/wp\/v2\/media?parent=6673"}],"wp:term":[{"taxonomy":"product_brand","embeddable":true,"href":"https:\/\/speedxperts.com\/fr\/wp-json\/wp\/v2\/product_brand?post=6673"},{"taxonomy":"product_cat","embeddable":true,"href":"https:\/\/speedxperts.com\/fr\/wp-json\/wp\/v2\/product_cat?post=6673"},{"taxonomy":"product_tag","embeddable":true,"href":"https:\/\/speedxperts.com\/fr\/wp-json\/wp\/v2\/product_tag?post=6673"}],"curies":[{"name":"wp","href":"https:\/\/api.w.org\/{rel}","templated":true}]}}