{"id":3071,"date":"2024-10-10T06:57:36","date_gmt":"2024-10-10T06:57:36","guid":{"rendered":"https:\/\/speedxperts.com\/product\/delphi-ds150e-multi-brand-diagnostic-tool-2\/"},"modified":"2026-04-27T13:15:39","modified_gmt":"2026-04-27T12:15:39","slug":"strumento-diagnostico-multimarca-delphi-ds150e-2","status":"publish","type":"product","link":"https:\/\/speedxperts.com\/it\/prodotto\/strumento-diagnostico-multimarca-delphi-ds150e-2\/","title":{"rendered":"Delfi DS150e 2PCB | Strumento diagnostico multimarca"},"content":{"rendered":"<p><strong>Include il software Auto e camion 2021<\/strong>: Il software \u00e8 incluso e fornisce funzionalit\u00e0 diagnostiche complete per auto e camion. La guida all'installazione e le istruzioni per l'uso sono disponibili. <strong>link per il download <\/strong>in file PDF dopo l'acquisto.<\/p>\n<hr \/>\n<h4>Caratteristiche principali:<\/h4>\n<ul>\n<li><strong>Alternativa di alta qualit\u00e0<\/strong>: Si tratta di un'alternativa di alta qualit\u00e0 allo scanner DS150, che offre le stesse funzionalit\u00e0 diagnostiche avanzate a un prezzo pi\u00f9 accessibile.<\/li>\n<li><strong>Versione a doppio circuito stampato: <\/strong>Strumento diagnostico costruito con due schede di circuiti di alta qualit\u00e0 per una maggiore stabilit\u00e0, una migliore dissipazione del calore e una comunicazione pi\u00f9 affidabile con il veicolo.<\/li>\n<li><strong>Versione Bluetooth:<\/strong> Utilizzate lo strumento senza alcun cavo di collegamento al computer.<\/li>\n<li><strong>Supporto multimarca<\/strong>: Supporta un'ampia gamma di marche di auto e camion e rappresenta una soluzione completa per uso personale e professionale.<\/li>\n<li><strong>2021 Auto e camion Software incluso<\/strong>: Viene fornito con la versione 2021 del software Cars &amp; Trucks, che copre la maggior parte delle marche e dei modelli di veicoli.<\/li>\n<li><strong>Diagnostica completa<\/strong>: Legge e cancella i codici diagnostici di guasto, esegue controlli dei sensori e offre funzionalit\u00e0 avanzate come l'attivazione dei componenti, la programmazione della centralina e altro ancora.<\/li>\n<li><strong>Supporto OBD2<\/strong>: Compatibile con OBD2 per auto e camion, garantisce un'ampia copertura per i veicoli moderni.<\/li>\n<li><strong>Guida dettagliata all'installazione<\/strong>: Viene fornita una guida all'installazione del software passo dopo passo, che ne facilita la configurazione e l'utilizzo.<\/li>\n<\/ul>\n<hr \/>\n<h4>Veicoli supportati:<\/h4>\n<ul>\n<li><strong>Auto<\/strong>: Supporta la maggior parte dei veicoli europei, americani e asiatici dal 1996 in poi.<\/li>\n<li><strong>Camion<\/strong>: Supporta anche la diagnostica per la maggior parte degli autocarri, compresi i veicoli pesanti.<\/li>\n<\/ul>\n<p><strong>Nota: alcune auto e camion potrebbero non essere supportati da questo strumento. In particolare le auto fino al 2002 MY e le BMW serie E, F e G. Per la massima compatibilit\u00e0, acquistare <a href=\"https:\/\/speedxperts.com\/it\/prodotto\/wurth-wow-snooper-premium-tool-1pcb-versione-multimarca-strumento-di-diagnostica\/\">1PCB Strumento Premium<\/a>.<\/strong><\/p>\n<hr \/>\n<h4>La confezione include:<\/h4>\n<ul>\n<li>1 x <strong>Scanner multimarca Delfi DS150 Bluetooth (clone di alta qualit\u00e0)<\/strong><\/li>\n<li>1 x <strong>Cavo USB<\/strong><\/li>\n<li>1 x <strong>Link per il download del software Cars and Trucks 2021<\/strong><\/li>\n<li>1 x <strong>Guida dettagliata all'installazione<\/strong><\/li>\n<\/ul>\n<p><strong>8 Cavi auto combinati:\u00a0<\/strong><\/p>\n<ul>\n<li data-start=\"67\" data-end=\"175\"><strong data-start=\"70\" data-end=\"90\">Cavo PSA a 30 pin<\/strong> \u2192 Per <strong data-start=\"97\" data-end=\"108\">Peugeot<\/strong> e <strong data-start=\"113\" data-end=\"124\" data-is-only-node=\"\">Citro\u00ebn<\/strong> veicoli con un <strong data-start=\"141\" data-end=\"151\">30 pin<\/strong> connettore diagnostico.<\/li>\n<li data-start=\"176\" data-end=\"286\"><strong data-start=\"179\" data-end=\"198\">Cavo PSA a 2 pin<\/strong> \u2192 Per <strong data-start=\"205\" data-end=\"216\">Peugeot<\/strong> e <strong data-start=\"221\" data-end=\"232\" data-is-only-node=\"\">Citro\u00ebn<\/strong> modelli pi\u00f9 vecchi con un <strong data-start=\"253\" data-end=\"262\">A 2 pin<\/strong> connettore diagnostico.<\/li>\n<li data-start=\"287\" data-end=\"390\"><strong data-start=\"290\" data-end=\"318\">Cavo Audi 2-PIN + 2-PIN<\/strong> \u2192 Per <strong data-start=\"325\" data-end=\"339\">Audi pi\u00f9 vecchia<\/strong> veicoli che utilizzano un <strong data-start=\"357\" data-end=\"371\" data-is-only-node=\"\">doppio a 2 pin<\/strong> impostazione del connettore.<\/li>\n<li data-start=\"391\" data-end=\"503\"><strong data-start=\"394\" data-end=\"424\">Cavo Mercedes-Benz a 38 pin<\/strong> \u2192 Per <strong data-start=\"431\" data-end=\"448\">Mercedes-Benz<\/strong> modelli con un <strong data-start=\"463\" data-end=\"479\" data-is-only-node=\"\">Rotondo a 38 pin<\/strong> connettore diagnostico.<\/li>\n<li data-start=\"504\" data-end=\"620\"><strong data-start=\"507\" data-end=\"527\">Cavo BMW a 20 pin<\/strong> \u2192 Per <strong data-start=\"534\" data-end=\"541\">BMW<\/strong> veicoli con un <strong data-start=\"558\" data-end=\"574\" data-is-only-node=\"\">Rotondo a 20 pin<\/strong> porta diagnostica, in genere per i modelli precedenti al 2001.<\/li>\n<li data-start=\"621\" data-end=\"711\"><strong data-start=\"624\" data-end=\"645\">Cavo Opel a 10 pin<\/strong> \u2192 Per <strong data-start=\"652\" data-end=\"660\">Opel<\/strong> veicoli con un <strong data-start=\"677\" data-end=\"687\" data-is-only-node=\"\">A 10 pin<\/strong> connettore diagnostico.<\/li>\n<li data-start=\"712\" data-end=\"827\"><strong data-start=\"715\" data-end=\"735\">Cavo Fiat a 3 pin<\/strong> \u2192 Per <strong data-start=\"742\" data-end=\"750\">Fiat<\/strong> veicoli con un <strong data-start=\"767\" data-end=\"776\" data-is-only-node=\"\">A 3 pin<\/strong> porta diagnostica, comunemente presente nei modelli pi\u00f9 vecchi<\/li>\n<li data-start=\"712\" data-end=\"827\"><strong>Cavo di alimentazione<\/strong><\/li>\n<\/ul>\n<p><strong>8 Cavi per camion combinati:<\/strong><\/p>\n<ul>\n<li data-start=\"56\" data-end=\"139\"><strong data-start=\"59\" data-end=\"94\">Cavo per rimorchio Knorr-Wabco a 7 pin<\/strong> \u2192 Per <strong data-start=\"101\" data-end=\"116\">Knorr-Wabco<\/strong> diagnostica del rimorchio.<\/li>\n<li data-start=\"140\" data-end=\"226\"><strong data-start=\"143\" data-end=\"163\">Cavo MAN a 12 pin<\/strong> \u2192 Per <strong data-start=\"170\" data-end=\"177\">UOMO<\/strong> autocarri con un <strong data-start=\"192\" data-end=\"202\" data-is-only-node=\"\">A 12 pin<\/strong> connettore diagnostico.<\/li>\n<li data-start=\"227\" data-end=\"313\"><strong data-start=\"230\" data-end=\"250\">Cavo MAN a 37 pin<\/strong> \u2192 Per <strong data-start=\"257\" data-end=\"264\">UOMO<\/strong> autocarri con un <strong data-start=\"279\" data-end=\"289\" data-is-only-node=\"\">37 pin<\/strong> connettore diagnostico.<\/li>\n<li data-start=\"314\" data-end=\"406\"><strong data-start=\"317\" data-end=\"339\">Cavo IVECO a 30 pin<\/strong> \u2192 Per <strong data-start=\"346\" data-end=\"355\">IVECO<\/strong> veicoli con un <strong data-start=\"372\" data-end=\"382\" data-is-only-node=\"\">30 pin<\/strong> connettore diagnostico.<\/li>\n<li data-start=\"407\" data-end=\"499\"><strong data-start=\"410\" data-end=\"433\">Cavo Scania a 16 pin<\/strong> \u2192 Per <strong data-start=\"440\" data-end=\"450\">Scania<\/strong> autocarri con un <strong data-start=\"465\" data-end=\"475\" data-is-only-node=\"\">16 pin<\/strong> connettore diagnostico.<\/li>\n<li data-start=\"500\" data-end=\"606\"><strong data-start=\"503\" data-end=\"533\">Cavo Mercedes-Benz a 14 pin<\/strong> \u2192 Per <strong data-start=\"540\" data-end=\"557\">Mercedes-Benz<\/strong> autocarri con un <strong data-start=\"572\" data-end=\"582\" data-is-only-node=\"\">A 14 pin<\/strong> connettore diagnostico.<\/li>\n<li data-start=\"607\" data-end=\"701\"><strong data-start=\"610\" data-end=\"634\">Cavo Renault a 12 pin<\/strong> \u2192 Per <strong data-start=\"641\" data-end=\"652\">Renault<\/strong> autocarri con un <strong data-start=\"667\" data-end=\"677\" data-is-only-node=\"\">A 12 pin<\/strong> connettore diagnostico.<\/li>\n<li data-start=\"702\" data-end=\"791\"><strong data-start=\"705\" data-end=\"726\">Cavo Volvo a 8 pin<\/strong> \u2192 Per <strong data-start=\"733\" data-end=\"742\">Volvo<\/strong> autocarri con un <strong data-start=\"758\" data-end=\"767\" data-is-only-node=\"\">A 8 pin<\/strong> connettore diagnostico.<\/li>\n<\/ul>\n<h4>Guida all'installazione video inclusa!<\/h4>","protected":false},"excerpt":{"rendered":"<div class=\"flex-shrink-0 flex flex-col relative items-end\">\n<div>\n<div class=\"pt-0\">\n<div class=\"gizmo-bot-avatar flex h-8 w-8 items-center justify-center overflow-hidden rounded-full\"><span style=\"font-size: 16px;\">Questo strumento consente di leggere e cancellare i codici di errore sia generali che specifici del produttore, fornendo una diagnostica accurata. Visualizza i dati dei sensori in tempo reale e supporta la programmazione della centralina per alcuni modelli. \u00c8 possibile eseguire ripristini di servizio per l'olio, i freni e altro ancora, nonch\u00e9 attivare componenti come iniettori del carburante, pompe e ventole per il test.<\/span><\/div>\n<\/div>\n<\/div>\n<\/div>","protected":false},"featured_media":6914,"comment_status":"open","ping_status":"closed","template":"","meta":{"_uag_custom_page_level_css":"","site-sidebar-layout":"default","site-content-layout":"","ast-site-content-layout":"default","site-content-style":"default","site-sidebar-style":"default","ast-global-header-display":"","ast-banner-title-visibility":"","ast-main-header-display":"","ast-hfb-above-header-display":"","ast-hfb-below-header-display":"","ast-hfb-mobile-header-display":"","site-post-title":"","ast-breadcrumbs-content":"","ast-featured-img":"","footer-sml-layout":"","theme-transparent-header-meta":"default","adv-header-id-meta":"","stick-header-meta":"","header-above-stick-meta":"","header-main-stick-meta":"","header-below-stick-meta":"","astra-migrate-meta-layouts":"set","ast-page-background-enabled":"default","ast-page-background-meta":{"desktop":{"background-color":"","background-image":"","background-repeat":"repeat","background-position":"center center","background-size":"auto","background-attachment":"scroll","background-type":"","background-media":"","overlay-type":"","overlay-color":"","overlay-opacity":"","overlay-gradient":""},"tablet":{"background-color":"","background-image":"","background-repeat":"repeat","background-position":"center center","background-size":"auto","background-attachment":"scroll","background-type":"","background-media":"","overlay-type":"","overlay-color":"","overlay-opacity":"","overlay-gradient":""},"mobile":{"background-color":"","background-image":"","background-repeat":"repeat","background-position":"center center","background-size":"auto","background-attachment":"scroll","background-type":"","background-media":"","overlay-type":"","overlay-color":"","overlay-opacity":"","overlay-gradient":""}},"ast-content-background-meta":{"desktop":{"background-color":"var(--ast-global-color-5)","background-image":"","background-repeat":"repeat","background-position":"center center","background-size":"auto","background-attachment":"scroll","background-type":"","background-media":"","overlay-type":"","overlay-color":"","overlay-opacity":"","overlay-gradient":""},"tablet":{"background-color":"var(--ast-global-color-5)","background-image":"","background-repeat":"repeat","background-position":"center center","background-size":"auto","background-attachment":"scroll","background-type":"","background-media":"","overlay-type":"","overlay-color":"","overlay-opacity":"","overlay-gradient":""},"mobile":{"background-color":"var(--ast-global-color-5)","background-image":"","background-repeat":"repeat","background-position":"center center","background-size":"auto","background-attachment":"scroll","background-type":"","background-media":"","overlay-type":"","overlay-color":"","overlay-opacity":"","overlay-gradient":""}}},"product_brand":[],"product_cat":[70],"product_tag":[],"class_list":{"0":"post-3071","1":"product","2":"type-product","3":"status-publish","4":"has-post-thumbnail","6":"product_cat-diagnostic-tools","7":"desktop-align-left","8":"tablet-align-left","9":"mobile-align-left","10":"ast-product-gallery-layout-horizontal-slider","11":"ast-product-single-variable","12":"ast-product-tabs-layout-horizontal","14":"first","15":"instock","16":"sale","17":"shipping-taxable","18":"purchasable","19":"product-type-variable","20":"has-default-attributes"},"aioseo_notices":[],"uagb_featured_image_src":{"full":["https:\/\/speedxperts.com\/wp-content\/uploads\/2025\/08\/Diag-Main-Photo-1.png",1080,1080,false],"thumbnail":["https:\/\/speedxperts.com\/wp-content\/uploads\/2025\/08\/Diag-Main-Photo-1-150x150.png",150,150,true],"medium":["https:\/\/speedxperts.com\/wp-content\/uploads\/2025\/08\/Diag-Main-Photo-1-300x300.png",300,300,true],"medium_large":["https:\/\/speedxperts.com\/wp-content\/uploads\/2025\/08\/Diag-Main-Photo-1-768x768.png",768,768,true],"large":["https:\/\/speedxperts.com\/wp-content\/uploads\/2025\/08\/Diag-Main-Photo-1-1024x1024.png",1024,1024,true],"1536x1536":["https:\/\/speedxperts.com\/wp-content\/uploads\/2025\/08\/Diag-Main-Photo-1.png",1080,1080,false],"2048x2048":["https:\/\/speedxperts.com\/wp-content\/uploads\/2025\/08\/Diag-Main-Photo-1.png",1080,1080,false],"trp-custom-language-flag":["https:\/\/speedxperts.com\/wp-content\/uploads\/2025\/08\/Diag-Main-Photo-1-12x12.png",12,12,true],"woocommerce_thumbnail":["https:\/\/speedxperts.com\/wp-content\/uploads\/2025\/08\/Diag-Main-Photo-1-300x300.png",300,300,true],"woocommerce_single":["https:\/\/speedxperts.com\/wp-content\/uploads\/2025\/08\/Diag-Main-Photo-1-600x600.png",600,600,true],"woocommerce_gallery_thumbnail":["https:\/\/speedxperts.com\/wp-content\/uploads\/2025\/08\/Diag-Main-Photo-1-100x100.png",100,100,true]},"uagb_author_info":{"display_name":"Sebastian","author_link":"https:\/\/speedxperts.com\/it\/author\/"},"uagb_comment_info":14,"uagb_excerpt":"This tool allows you to read and clear both general and manufacturer-specific fault codes, providing accurate diagnostics. It displays real-time sensor data and supports ECU programming for select models. You can perform service resets for oil, brakes, and more, and also activate components like fuel injectors, pumps, and fans for testing.","jetpack_sharing_enabled":true,"_links":{"self":[{"href":"https:\/\/speedxperts.com\/it\/wp-json\/wp\/v2\/product\/3071","targetHints":{"allow":["GET"]}}],"collection":[{"href":"https:\/\/speedxperts.com\/it\/wp-json\/wp\/v2\/product"}],"about":[{"href":"https:\/\/speedxperts.com\/it\/wp-json\/wp\/v2\/types\/product"}],"replies":[{"embeddable":true,"href":"https:\/\/speedxperts.com\/it\/wp-json\/wp\/v2\/comments?post=3071"}],"wp:featuredmedia":[{"embeddable":true,"href":"https:\/\/speedxperts.com\/it\/wp-json\/wp\/v2\/media\/6914"}],"wp:attachment":[{"href":"https:\/\/speedxperts.com\/it\/wp-json\/wp\/v2\/media?parent=3071"}],"wp:term":[{"taxonomy":"product_brand","embeddable":true,"href":"https:\/\/speedxperts.com\/it\/wp-json\/wp\/v2\/product_brand?post=3071"},{"taxonomy":"product_cat","embeddable":true,"href":"https:\/\/speedxperts.com\/it\/wp-json\/wp\/v2\/product_cat?post=3071"},{"taxonomy":"product_tag","embeddable":true,"href":"https:\/\/speedxperts.com\/it\/wp-json\/wp\/v2\/product_tag?post=3071"}],"curies":[{"name":"wp","href":"https:\/\/api.w.org\/{rel}","templated":true}]}}