{"id":3071,"date":"2024-10-10T06:57:36","date_gmt":"2024-10-10T06:57:36","guid":{"rendered":"https:\/\/speedxperts.com\/product\/delphi-ds150e-multi-brand-diagnostic-tool-2\/"},"modified":"2026-05-07T07:26:43","modified_gmt":"2026-05-07T06:26:43","slug":"delphi-ds150e-diagnoseverktoy-for-flere-merker-2","status":"publish","type":"product","link":"https:\/\/speedxperts.com\/nb\/product\/delphi-ds150e-diagnoseverktoy-for-flere-merker-2\/","title":{"rendered":"Delfi DS150e 2PCB | Diagnoseverkt\u00f8y for flere merker"},"content":{"rendered":"<p><strong>Inkluderer programvare for biler og lastebiler 2021<\/strong>: Programvaren er inkludert, og gir fullstendige diagnosemuligheter for biler og lastebiler. Du f\u00e5r en installasjonsveiledning og <strong>nedlastingslenke <\/strong>i PDF-fil etter kj\u00f8p.<\/p>\n<hr \/>\n<h4>N\u00f8kkelfunksjoner:<\/h4>\n<ul>\n<li><strong>Alternativ av h\u00f8y kvalitet<\/strong>: Dette er et h\u00f8ykvalitetsalternativ til DS150-skanneren, med samme avanserte diagnostiske funksjonalitet til en rimeligere pris.<\/li>\n<li><strong>Dobbel PCB-versjon: <\/strong>Diagnoseverkt\u00f8yet er bygget med to kretskort av h\u00f8y kvalitet for bedre stabilitet, bedre varmespredning og mer p\u00e5litelig kj\u00f8ret\u00f8ykommunikasjon.<\/li>\n<li><strong>Bluetooth-versjon:<\/strong> Bruk verkt\u00f8yet uten kabler til datamaskinen.<\/li>\n<li><strong>St\u00f8tte for flere merkevarer<\/strong>: St\u00f8tter et bredt spekter av bil- og lastebilmerker, noe som gj\u00f8r den til en alt-i-ett-l\u00f8sning for b\u00e5de privat og profesjonell bruk.<\/li>\n<li><strong>2021 Programvare for biler og lastebiler inkludert<\/strong>: Leveres med 2021-versjonen av Cars &amp; Trucks-programvaren, som dekker de fleste bilmerker og -modeller.<\/li>\n<li><strong>Omfattende diagnostikk<\/strong>: Leser og sletter diagnostiske feilkoder, utf\u00f8rer sensorkontroller og tilbyr avanserte funksjoner som komponentaktivering, ECU-programmering og mer.<\/li>\n<li><strong>OBD2-st\u00f8tte<\/strong>: Kompatibel med OBD2 for biler og lastebiler, noe som sikrer bred dekning for moderne kj\u00f8ret\u00f8y.<\/li>\n<li><strong>Detaljert installasjonsveiledning<\/strong>: En trinnvis installasjonsveiledning gj\u00f8r det enkelt \u00e5 installere og bruke programvaren.<\/li>\n<\/ul>\n<hr \/>\n<h4>Kj\u00f8ret\u00f8y som st\u00f8ttes:<\/h4>\n<ul>\n<li><strong>Biler<\/strong>: St\u00f8tter de fleste europeiske, amerikanske og asiatiske biler fra 1996 og fremover.<\/li>\n<li><strong>Lastebiler<\/strong>: St\u00f8tter ogs\u00e5 diagnostikk for de fleste lastebiler, inkludert tunge kj\u00f8ret\u00f8y.<\/li>\n<\/ul>\n<p><strong>Merk: Noen biler og lastebiler st\u00f8ttes kanskje ikke med dette verkt\u00f8yet. Spesielt biler opp til 2002 MY og BMW E-, F- og G-seriene. For maksimal kompatibilitet, kj\u00f8p <a href=\"https:\/\/speedxperts.com\/nb\/product\/wurth-wow-snooper-premium-verktoy-1pcb-versjon-diagnoseverktoy-for-flere-merker\/\">1PCB Premium-verkt\u00f8y<\/a>.<\/strong><\/p>\n<hr \/>\n<h4>Pakken inkluderer:<\/h4>\n<ul>\n<li>1 x <strong>Delfi DS150 Bluetooth Multibrand-skanner (kloning av h\u00f8y kvalitet)<\/strong><\/li>\n<li>1 x <strong>USB-kabel<\/strong><\/li>\n<li>1 x <strong>Nedlastingslenke for programvare for biler og lastebiler 2021<\/strong><\/li>\n<li>1 x <strong>Detaljert installasjonsveiledning<\/strong><\/li>\n<\/ul>\n<p><strong>8 bilkabler Combo:\u00a0<\/strong><\/p>\n<ul>\n<li data-start=\"67\" data-end=\"175\"><strong data-start=\"70\" data-end=\"90\">PSA 30-PIN-kabel<\/strong> \u2192 For <strong data-start=\"97\" data-end=\"108\">Peugeot<\/strong> og <strong data-start=\"113\" data-end=\"124\" data-is-only-node=\"\">Citro\u00ebn<\/strong> kj\u00f8ret\u00f8y med en <strong data-start=\"141\" data-end=\"151\">30-pinners<\/strong> diagnostisk kontakt.<\/li>\n<li data-start=\"176\" data-end=\"286\"><strong data-start=\"179\" data-end=\"198\">PSA 2-PIN-kabel<\/strong> \u2192 For <strong data-start=\"205\" data-end=\"216\">Peugeot<\/strong> og <strong data-start=\"221\" data-end=\"232\" data-is-only-node=\"\">Citro\u00ebn<\/strong> eldre modeller med en <strong data-start=\"253\" data-end=\"262\">2-pinners<\/strong> diagnostisk kontakt.<\/li>\n<li data-start=\"287\" data-end=\"390\"><strong data-start=\"290\" data-end=\"318\">Audi 2-PIN + 2-PIN-kabel<\/strong> \u2192 For <strong data-start=\"325\" data-end=\"339\">eldre Audi<\/strong> kj\u00f8ret\u00f8y som bruker en <strong data-start=\"357\" data-end=\"371\" data-is-only-node=\"\">dobbel 2-pinners<\/strong> kontaktoppsett.<\/li>\n<li data-start=\"391\" data-end=\"503\"><strong data-start=\"394\" data-end=\"424\">Mercedes-Benz 38-pinners kabel<\/strong> \u2192 For <strong data-start=\"431\" data-end=\"448\">Mercedes-Benz<\/strong> modeller med en <strong data-start=\"463\" data-end=\"479\" data-is-only-node=\"\">38-pinners rund<\/strong> diagnostisk kontakt.<\/li>\n<li data-start=\"504\" data-end=\"620\"><strong data-start=\"507\" data-end=\"527\">BMW 20-pinners kabel<\/strong> \u2192 For <strong data-start=\"534\" data-end=\"541\">BMW<\/strong> kj\u00f8ret\u00f8y med en <strong data-start=\"558\" data-end=\"574\" data-is-only-node=\"\">20-pinners rund<\/strong> diagnostisk port, vanligvis modeller fra f\u00f8r 2001.<\/li>\n<li data-start=\"621\" data-end=\"711\"><strong data-start=\"624\" data-end=\"645\">Opel 10-PIN-kabel<\/strong> \u2192 For <strong data-start=\"652\" data-end=\"660\">Opel<\/strong> kj\u00f8ret\u00f8y med en <strong data-start=\"677\" data-end=\"687\" data-is-only-node=\"\">10-pinners<\/strong> diagnostisk kontakt.<\/li>\n<li data-start=\"712\" data-end=\"827\"><strong data-start=\"715\" data-end=\"735\">Fiat 3-PIN-kabel<\/strong> \u2192 For <strong data-start=\"742\" data-end=\"750\">Fiat<\/strong> kj\u00f8ret\u00f8y med en <strong data-start=\"767\" data-end=\"776\" data-is-only-node=\"\">3-pinners<\/strong> diagnostisk port, som ofte finnes i eldre modeller<\/li>\n<li data-start=\"712\" data-end=\"827\"><strong>Str\u00f8mkabel<\/strong><\/li>\n<\/ul>\n<p><strong>8 lastebilkabler Combo:<\/strong><\/p>\n<ul>\n<li data-start=\"56\" data-end=\"139\"><strong data-start=\"59\" data-end=\"94\">Knorr-Wabco 7-PIN tilhengerkabel<\/strong> \u2192 For <strong data-start=\"101\" data-end=\"116\">Knorr-Wabco<\/strong> tilhengerdiagnostikk.<\/li>\n<li data-start=\"140\" data-end=\"226\"><strong data-start=\"143\" data-end=\"163\">MAN 12-PIN-kabel<\/strong> \u2192 For <strong data-start=\"170\" data-end=\"177\">MAN<\/strong> lastebiler med en <strong data-start=\"192\" data-end=\"202\" data-is-only-node=\"\">12-pinners<\/strong> diagnostisk kontakt.<\/li>\n<li data-start=\"227\" data-end=\"313\"><strong data-start=\"230\" data-end=\"250\">MAN 37-pinners kabel<\/strong> \u2192 For <strong data-start=\"257\" data-end=\"264\">MAN<\/strong> lastebiler med en <strong data-start=\"279\" data-end=\"289\" data-is-only-node=\"\">37-pinners<\/strong> diagnostisk kontakt.<\/li>\n<li data-start=\"314\" data-end=\"406\"><strong data-start=\"317\" data-end=\"339\">IVECO 30-PIN-kabel<\/strong> \u2192 For <strong data-start=\"346\" data-end=\"355\">IVECO<\/strong> kj\u00f8ret\u00f8y med en <strong data-start=\"372\" data-end=\"382\" data-is-only-node=\"\">30-pinners<\/strong> diagnostisk kontakt.<\/li>\n<li data-start=\"407\" data-end=\"499\"><strong data-start=\"410\" data-end=\"433\">Scania 16-pinners kabel<\/strong> \u2192 For <strong data-start=\"440\" data-end=\"450\">Sk\u00e5ne<\/strong> lastebiler med en <strong data-start=\"465\" data-end=\"475\" data-is-only-node=\"\">16-pinners<\/strong> diagnostisk kontakt.<\/li>\n<li data-start=\"500\" data-end=\"606\"><strong data-start=\"503\" data-end=\"533\">Mercedes-Benz 14-pinners kabel<\/strong> \u2192 For <strong data-start=\"540\" data-end=\"557\">Mercedes-Benz<\/strong> lastebiler med en <strong data-start=\"572\" data-end=\"582\" data-is-only-node=\"\">14-pinners<\/strong> diagnostisk kontakt.<\/li>\n<li data-start=\"607\" data-end=\"701\"><strong data-start=\"610\" data-end=\"634\">Renault 12-pinners kabel<\/strong> \u2192 For <strong data-start=\"641\" data-end=\"652\">Renault<\/strong> lastebiler med en <strong data-start=\"667\" data-end=\"677\" data-is-only-node=\"\">12-pinners<\/strong> diagnostisk kontakt.<\/li>\n<li data-start=\"702\" data-end=\"791\"><strong data-start=\"705\" data-end=\"726\">Volvo 8-PIN-kabel<\/strong> \u2192 For <strong data-start=\"733\" data-end=\"742\">Volvo<\/strong> lastebiler med en <strong data-start=\"758\" data-end=\"767\" data-is-only-node=\"\">8-pinners<\/strong> diagnostisk kontakt.<\/li>\n<\/ul>\n<h4>Videoinstallasjonsveiledning inkludert!<\/h4>","protected":false},"excerpt":{"rendered":"<div class=\"flex-shrink-0 flex flex-col relative items-end\">\n<div>\n<div class=\"pt-0\">\n<div class=\"gizmo-bot-avatar flex h-8 w-8 items-center justify-center overflow-hidden rounded-full\"><span style=\"font-size: 16px;\">Med dette verkt\u00f8yet kan du lese og slette b\u00e5de generelle og produsentspesifikke feilkoder, noe som gir deg n\u00f8yaktig diagnostikk. Det viser sensordata i sanntid og st\u00f8tter ECU-programmering for utvalgte modeller. Du kan tilbakestille olje, bremser med mer, og du kan ogs\u00e5 aktivere komponenter som drivstoffinjektorer, pumper og vifter for testing.<\/span><\/div>\n<\/div>\n<\/div>\n<\/div>","protected":false},"featured_media":6914,"comment_status":"open","ping_status":"closed","template":"","meta":{"_uag_custom_page_level_css":"","site-sidebar-layout":"default","site-content-layout":"","ast-site-content-layout":"default","site-content-style":"default","site-sidebar-style":"default","ast-global-header-display":"","ast-banner-title-visibility":"","ast-main-header-display":"","ast-hfb-above-header-display":"","ast-hfb-below-header-display":"","ast-hfb-mobile-header-display":"","site-post-title":"","ast-breadcrumbs-content":"","ast-featured-img":"","footer-sml-layout":"","ast-disable-related-posts":"","theme-transparent-header-meta":"default","adv-header-id-meta":"","stick-header-meta":"","header-above-stick-meta":"","header-main-stick-meta":"","header-below-stick-meta":"","astra-migrate-meta-layouts":"set","ast-page-background-enabled":"default","ast-page-background-meta":{"desktop":{"background-color":"","background-image":"","background-repeat":"repeat","background-position":"center center","background-size":"auto","background-attachment":"scroll","background-type":"","background-media":"","overlay-type":"","overlay-color":"","overlay-opacity":"","overlay-gradient":""},"tablet":{"background-color":"","background-image":"","background-repeat":"repeat","background-position":"center center","background-size":"auto","background-attachment":"scroll","background-type":"","background-media":"","overlay-type":"","overlay-color":"","overlay-opacity":"","overlay-gradient":""},"mobile":{"background-color":"","background-image":"","background-repeat":"repeat","background-position":"center center","background-size":"auto","background-attachment":"scroll","background-type":"","background-media":"","overlay-type":"","overlay-color":"","overlay-opacity":"","overlay-gradient":""}},"ast-content-background-meta":{"desktop":{"background-color":"var(--ast-global-color-5)","background-image":"","background-repeat":"repeat","background-position":"center center","background-size":"auto","background-attachment":"scroll","background-type":"","background-media":"","overlay-type":"","overlay-color":"","overlay-opacity":"","overlay-gradient":""},"tablet":{"background-color":"var(--ast-global-color-5)","background-image":"","background-repeat":"repeat","background-position":"center center","background-size":"auto","background-attachment":"scroll","background-type":"","background-media":"","overlay-type":"","overlay-color":"","overlay-opacity":"","overlay-gradient":""},"mobile":{"background-color":"var(--ast-global-color-5)","background-image":"","background-repeat":"repeat","background-position":"center center","background-size":"auto","background-attachment":"scroll","background-type":"","background-media":"","overlay-type":"","overlay-color":"","overlay-opacity":"","overlay-gradient":""}}},"product_brand":[],"product_cat":[70],"product_tag":[],"class_list":{"0":"post-3071","1":"product","2":"type-product","3":"status-publish","4":"has-post-thumbnail","6":"product_cat-diagnostic-tools","7":"desktop-align-left","8":"tablet-align-left","9":"mobile-align-left","10":"ast-product-gallery-layout-horizontal-slider","11":"ast-product-single-variable","12":"ast-product-tabs-layout-horizontal","14":"first","15":"instock","16":"sale","17":"shipping-taxable","18":"purchasable","19":"product-type-variable","20":"has-default-attributes"},"aioseo_notices":[],"uagb_featured_image_src":{"full":["https:\/\/speedxperts.com\/wp-content\/uploads\/2025\/08\/Diag-Main-Photo-1.png",1080,1080,false],"thumbnail":["https:\/\/speedxperts.com\/wp-content\/uploads\/2025\/08\/Diag-Main-Photo-1-150x150.png",150,150,true],"medium":["https:\/\/speedxperts.com\/wp-content\/uploads\/2025\/08\/Diag-Main-Photo-1-300x300.png",300,300,true],"medium_large":["https:\/\/speedxperts.com\/wp-content\/uploads\/2025\/08\/Diag-Main-Photo-1-768x768.png",768,768,true],"large":["https:\/\/speedxperts.com\/wp-content\/uploads\/2025\/08\/Diag-Main-Photo-1-1024x1024.png",1024,1024,true],"1536x1536":["https:\/\/speedxperts.com\/wp-content\/uploads\/2025\/08\/Diag-Main-Photo-1.png",1080,1080,false],"2048x2048":["https:\/\/speedxperts.com\/wp-content\/uploads\/2025\/08\/Diag-Main-Photo-1.png",1080,1080,false],"trp-custom-language-flag":["https:\/\/speedxperts.com\/wp-content\/uploads\/2025\/08\/Diag-Main-Photo-1-12x12.png",12,12,true],"woocommerce_thumbnail":["https:\/\/speedxperts.com\/wp-content\/uploads\/2025\/08\/Diag-Main-Photo-1-300x300.png",300,300,true],"woocommerce_single":["https:\/\/speedxperts.com\/wp-content\/uploads\/2025\/08\/Diag-Main-Photo-1-600x600.png",600,600,true],"woocommerce_gallery_thumbnail":["https:\/\/speedxperts.com\/wp-content\/uploads\/2025\/08\/Diag-Main-Photo-1-100x100.png",100,100,true]},"uagb_author_info":{"display_name":"Sebastian","author_link":"https:\/\/speedxperts.com\/nb\/author\/"},"uagb_comment_info":14,"uagb_excerpt":"This tool allows you to read and clear both general and manufacturer-specific fault codes, providing accurate diagnostics. It displays real-time sensor data and supports ECU programming for select models. You can perform service resets for oil, brakes, and more, and also activate components like fuel injectors, pumps, and fans for testing.","jetpack_sharing_enabled":true,"_links":{"self":[{"href":"https:\/\/speedxperts.com\/nb\/wp-json\/wp\/v2\/product\/3071","targetHints":{"allow":["GET"]}}],"collection":[{"href":"https:\/\/speedxperts.com\/nb\/wp-json\/wp\/v2\/product"}],"about":[{"href":"https:\/\/speedxperts.com\/nb\/wp-json\/wp\/v2\/types\/product"}],"replies":[{"embeddable":true,"href":"https:\/\/speedxperts.com\/nb\/wp-json\/wp\/v2\/comments?post=3071"}],"wp:featuredmedia":[{"embeddable":true,"href":"https:\/\/speedxperts.com\/nb\/wp-json\/wp\/v2\/media\/6914"}],"wp:attachment":[{"href":"https:\/\/speedxperts.com\/nb\/wp-json\/wp\/v2\/media?parent=3071"}],"wp:term":[{"taxonomy":"product_brand","embeddable":true,"href":"https:\/\/speedxperts.com\/nb\/wp-json\/wp\/v2\/product_brand?post=3071"},{"taxonomy":"product_cat","embeddable":true,"href":"https:\/\/speedxperts.com\/nb\/wp-json\/wp\/v2\/product_cat?post=3071"},{"taxonomy":"product_tag","embeddable":true,"href":"https:\/\/speedxperts.com\/nb\/wp-json\/wp\/v2\/product_tag?post=3071"}],"curies":[{"name":"wp","href":"https:\/\/api.w.org\/{rel}","templated":true}]}}