{"id":3250,"date":"2024-10-23T11:33:33","date_gmt":"2024-10-23T11:33:33","guid":{"rendered":"https:\/\/speedxperts.com\/product\/heated-car-seat-cover-premium-black-flannel\/"},"modified":"2025-01-31T11:28:20","modified_gmt":"2025-01-31T10:28:20","slug":"oppvarmet-bilsetetrekk-premium-svart-flanell","status":"publish","type":"product","link":"https:\/\/speedxperts.com\/nb\/product\/oppvarmet-bilsetetrekk-premium-svart-flanell\/","title":{"rendered":"Oppvarmet bilsetetrekk Premium Black Flannel"},"content":{"rendered":"<p><strong>Spesifikasjoner:<\/strong><\/p>\n<ul>\n<li><strong>Farger:<\/strong> Svart<\/li>\n<li><strong>Materiale:<\/strong> Flanell<\/li>\n<li><strong>Input:<\/strong> 12-24V<\/li>\n<li><strong>Str\u00f8minnstillinger:<\/strong> 25 W (h\u00f8y), 20 W (middels), 13 W (lav)<\/li>\n<\/ul>\n<p><strong>N\u00f8kkelfunksjoner:<\/strong><\/p>\n<ol>\n<li><strong>30 sekunders oppvarming:<\/strong> Nyt varmen raskt med \"\u2162\"-modus, som varmer opp i l\u00f8pet av 30 sekunder.<\/li>\n<li><strong>Intelligent temperaturkontroll:<\/strong> Bytter automatisk til mellommodus etter 10 minutter for komfort og sikkerhet. Inkluderer en 50-minutters automatisk av-timer.<\/li>\n<li><strong>Varmetr\u00e5d av nikkelbasert legering:<\/strong> Rask, jevn oppvarming med slitesterk motstand mot h\u00f8ye temperaturer.<\/li>\n<li><strong>Spenningsbeskyttelsesenhet:<\/strong> Stopper driften n\u00e5r spenningen er for lav for \u00e5 ivareta sikkerheten.<\/li>\n<li><strong>Beskyttelse mot kortslutning:<\/strong> Inkluderer en flammehemmende sigarettenner for ekstra sikkerhet.<\/li>\n<li><strong>Myke og slitesterke materialer:<\/strong> Laget av flanell eller bomull som gir varme og komfort og er lett \u00e5 rengj\u00f8re.<\/li>\n<\/ol>\n<p>Dette oppvarmede bilsetetrekket er perfekt for kj\u00f8ring i kaldt v\u00e6r, og gir varme og bekvemmelighet samtidig som det s\u00f8rger for sikkerhet med innebygd beskyttelse.<\/p>","protected":false},"excerpt":{"rendered":"<p>Hold deg varm om vinteren med dette 12-24 V oppvarmede bilsetetrekket, som er designet for \u00e5 varme seg raskt opp og gi optimal komfort. Setetrekket er laget av myk flanell eller t\u00f8y og har tre justerbare varmeinnstillinger, intelligent temperaturkontroll og innebygde sikkerhetsfunksjoner.<\/p>","protected":false},"featured_media":3230,"comment_status":"open","ping_status":"closed","template":"","meta":{"_uag_custom_page_level_css":"","site-sidebar-layout":"default","site-content-layout":"","ast-site-content-layout":"default","site-content-style":"default","site-sidebar-style":"default","ast-global-header-display":"","ast-banner-title-visibility":"","ast-main-header-display":"","ast-hfb-above-header-display":"","ast-hfb-below-header-display":"","ast-hfb-mobile-header-display":"","site-post-title":"","ast-breadcrumbs-content":"","ast-featured-img":"","footer-sml-layout":"","theme-transparent-header-meta":"default","adv-header-id-meta":"","stick-header-meta":"","header-above-stick-meta":"","header-main-stick-meta":"","header-below-stick-meta":"","astra-migrate-meta-layouts":"set","ast-page-background-enabled":"default","ast-page-background-meta":{"desktop":{"background-color":"","background-image":"","background-repeat":"repeat","background-position":"center center","background-size":"auto","background-attachment":"scroll","background-type":"","background-media":"","overlay-type":"","overlay-color":"","overlay-opacity":"","overlay-gradient":""},"tablet":{"background-color":"","background-image":"","background-repeat":"repeat","background-position":"center center","background-size":"auto","background-attachment":"scroll","background-type":"","background-media":"","overlay-type":"","overlay-color":"","overlay-opacity":"","overlay-gradient":""},"mobile":{"background-color":"","background-image":"","background-repeat":"repeat","background-position":"center center","background-size":"auto","background-attachment":"scroll","background-type":"","background-media":"","overlay-type":"","overlay-color":"","overlay-opacity":"","overlay-gradient":""}},"ast-content-background-meta":{"desktop":{"background-color":"var(--ast-global-color-5)","background-image":"","background-repeat":"repeat","background-position":"center center","background-size":"auto","background-attachment":"scroll","background-type":"","background-media":"","overlay-type":"","overlay-color":"","overlay-opacity":"","overlay-gradient":""},"tablet":{"background-color":"var(--ast-global-color-5)","background-image":"","background-repeat":"repeat","background-position":"center center","background-size":"auto","background-attachment":"scroll","background-type":"","background-media":"","overlay-type":"","overlay-color":"","overlay-opacity":"","overlay-gradient":""},"mobile":{"background-color":"var(--ast-global-color-5)","background-image":"","background-repeat":"repeat","background-position":"center center","background-size":"auto","background-attachment":"scroll","background-type":"","background-media":"","overlay-type":"","overlay-color":"","overlay-opacity":"","overlay-gradient":""}}},"product_brand":[],"product_cat":[73],"product_tag":[],"class_list":{"0":"post-3250","1":"product","2":"type-product","3":"status-publish","4":"has-post-thumbnail","6":"product_cat-accessories","7":"desktop-align-left","8":"tablet-align-left","9":"mobile-align-left","10":"ast-product-gallery-layout-horizontal-slider","11":"ast-product-single-variable","12":"ast-product-tabs-layout-horizontal","14":"first","15":"instock","16":"sale","17":"shipping-taxable","18":"purchasable","19":"product-type-variable"},"aioseo_notices":[],"uagb_featured_image_src":{"full":["https:\/\/speedxperts.com\/wp-content\/uploads\/2024\/10\/H5fb7a0324f5b4b1a9bf30f50ab795fdab.webp",800,940,false],"thumbnail":["https:\/\/speedxperts.com\/wp-content\/uploads\/2024\/10\/H5fb7a0324f5b4b1a9bf30f50ab795fdab-150x150.webp",150,150,true],"medium":["https:\/\/speedxperts.com\/wp-content\/uploads\/2024\/10\/H5fb7a0324f5b4b1a9bf30f50ab795fdab-255x300.webp",255,300,true],"medium_large":["https:\/\/speedxperts.com\/wp-content\/uploads\/2024\/10\/H5fb7a0324f5b4b1a9bf30f50ab795fdab-768x902.webp",768,902,true],"large":["https:\/\/speedxperts.com\/wp-content\/uploads\/2024\/10\/H5fb7a0324f5b4b1a9bf30f50ab795fdab.webp",800,940,false],"1536x1536":["https:\/\/speedxperts.com\/wp-content\/uploads\/2024\/10\/H5fb7a0324f5b4b1a9bf30f50ab795fdab.webp",800,940,false],"2048x2048":["https:\/\/speedxperts.com\/wp-content\/uploads\/2024\/10\/H5fb7a0324f5b4b1a9bf30f50ab795fdab.webp",800,940,false],"trp-custom-language-flag":["https:\/\/speedxperts.com\/wp-content\/uploads\/2024\/10\/H5fb7a0324f5b4b1a9bf30f50ab795fdab-10x12.webp",10,12,true],"woocommerce_thumbnail":["https:\/\/speedxperts.com\/wp-content\/uploads\/2024\/10\/H5fb7a0324f5b4b1a9bf30f50ab795fdab-300x300.webp",300,300,true],"woocommerce_single":["https:\/\/speedxperts.com\/wp-content\/uploads\/2024\/10\/H5fb7a0324f5b4b1a9bf30f50ab795fdab-600x705.webp",600,705,true],"woocommerce_gallery_thumbnail":["https:\/\/speedxperts.com\/wp-content\/uploads\/2024\/10\/H5fb7a0324f5b4b1a9bf30f50ab795fdab-100x100.webp",100,100,true]},"uagb_author_info":{"display_name":"Sebastian","author_link":"https:\/\/speedxperts.com\/nb\/author\/"},"uagb_comment_info":0,"uagb_excerpt":"Stay warm during the winter with this 12-24V heated car seat cover, designed to heat up quickly and provide ultimate comfort. Made from soft flannel or cloth, this seat cover offers three adjustable heat settings, intelligent temperature control, and built-in safety features.","jetpack_sharing_enabled":true,"_links":{"self":[{"href":"https:\/\/speedxperts.com\/nb\/wp-json\/wp\/v2\/product\/3250","targetHints":{"allow":["GET"]}}],"collection":[{"href":"https:\/\/speedxperts.com\/nb\/wp-json\/wp\/v2\/product"}],"about":[{"href":"https:\/\/speedxperts.com\/nb\/wp-json\/wp\/v2\/types\/product"}],"replies":[{"embeddable":true,"href":"https:\/\/speedxperts.com\/nb\/wp-json\/wp\/v2\/comments?post=3250"}],"wp:featuredmedia":[{"embeddable":true,"href":"https:\/\/speedxperts.com\/nb\/wp-json\/wp\/v2\/media\/3230"}],"wp:attachment":[{"href":"https:\/\/speedxperts.com\/nb\/wp-json\/wp\/v2\/media?parent=3250"}],"wp:term":[{"taxonomy":"product_brand","embeddable":true,"href":"https:\/\/speedxperts.com\/nb\/wp-json\/wp\/v2\/product_brand?post=3250"},{"taxonomy":"product_cat","embeddable":true,"href":"https:\/\/speedxperts.com\/nb\/wp-json\/wp\/v2\/product_cat?post=3250"},{"taxonomy":"product_tag","embeddable":true,"href":"https:\/\/speedxperts.com\/nb\/wp-json\/wp\/v2\/product_tag?post=3250"}],"curies":[{"name":"wp","href":"https:\/\/api.w.org\/{rel}","templated":true}]}}