{"id":3521,"date":"2024-11-13T11:10:10","date_gmt":"2024-11-13T10:10:10","guid":{"rendered":"https:\/\/speedxperts.com\/product\/winter-car-shovel-and-ice-scraper-tool\/"},"modified":"2025-01-31T11:28:38","modified_gmt":"2025-01-31T10:28:38","slug":"vinterspade-og-isskrapeverktoy-for-bil","status":"publish","type":"product","link":"https:\/\/speedxperts.com\/nb\/product\/vinterspade-og-isskrapeverktoy-for-bil\/","title":{"rendered":"Vinterspade og isskrapeverkt\u00f8y for bil"},"content":{"rendered":"<h3>N\u00f8kkelfunksjoner:<\/h3>\n<p><strong>1. H\u00f8yeffektiv b\u00f8rsting<\/strong><\/p>\n<ul>\n<li>Utstyrt med 4 rader med tette, kr\u00f8llete PP-b\u00f8rsteh\u00e5r, spesialpolert for grundig sn\u00f8rydding med minimal innsats. Rengj\u00f8r bilen mer effektivt og spar tid p\u00e5 de kalde morgenene.<\/li>\n<\/ul>\n<p><strong>2. Allsidig og avtakbar design<\/strong><\/p>\n<ul>\n<li>Spaden har en separat design for optimal brukervennlighet. Bruk b\u00f8rsten og isskrapen i kombinasjon, eller l\u00f8sne dem for fleksibel og m\u00e5lrettet bruk.<\/li>\n<\/ul>\n<p><strong>3. Ergonomisk EVA-skumh\u00e5ndtak<\/strong><\/p>\n<ul>\n<li>Skumh\u00e5ndtaket er ergonomisk utformet og gir et komfortabelt og sklisikkert grep. Sikrer maksimal kontroll og brukervennlighet, selv med hansker p\u00e5.<\/li>\n<\/ul>\n<p><strong>4. Bygget for holdbarhet<\/strong><\/p>\n<ul>\n<li>Denne sn\u00f8skuffen er konstruert av robuste ABS- og slitesterke EVA-materialer og er bygget for \u00e5 vare. Sn\u00f8styringsrennet \u00f8ker effektiviteten og gj\u00f8r prosessen mer arbeidsbesparende.<\/li>\n<\/ul>\n<h3>Spesifikasjoner:<\/h3>\n<ul>\n<li><strong>Fargevalg<\/strong>: R\u00f8d, Gul<\/li>\n<li><strong>Materiale<\/strong>: ABS + slitesterk EVA + PP-bust<\/li>\n<li><strong>Dimensjoner<\/strong>: 660<em>105 mm (25,98<\/em>4,13 tommer)<\/li>\n<li><strong>Bruksomr\u00e5der<\/strong>: Avising, sn\u00f8m\u00e5king, sn\u00f8m\u00e5king, feiing, frostskraping<\/li>\n<\/ul>\n<h3>Hvorfor velge denne sn\u00f8skuffen?<\/h3>\n<p>Gj\u00f8r vinterstellet av bilen raskt og enkelt med dette alt-i-ett-verkt\u00f8yet. Enten du trenger \u00e5 rydde sn\u00f8, skrape frost eller fjerne is fra frontruten, er denne uttrekkbare og avtakbare sn\u00f8skuffen den perfekte l\u00f8sningen. Ideell for alle som er ute etter et slitesterkt, effektivt og brukervennlig vintertilbeh\u00f8r til bilen.<\/p>\n<p><strong>Merknad<\/strong>: P\u00e5 grunn av variasjoner i skjermer og belysning kan den faktiske fargen p\u00e5 varen avvike noe fra bildene som vises. Vennligst tillat 1-3 cm avvik for manuelle m\u00e5linger.<\/p>\n<p>&nbsp;<\/p>","protected":false},"excerpt":{"rendered":"<p>V\u00e6r forberedt denne vinteren med v\u00e5r allsidige, <strong>Avtakbar sn\u00f8feieskovl for bil med EVA-skumh\u00e5ndtak<\/strong> - det uunnv\u00e6rlige biltilbeh\u00f8ret for \u00e5 fjerne sn\u00f8, frost og is p\u00e5 bilen. Dette uttrekkbare sn\u00f8- og isfjerningsverkt\u00f8yet er utviklet for \u00e5 gj\u00f8re vintermorgenene problemfrie.<\/p>","protected":false},"featured_media":3503,"comment_status":"open","ping_status":"closed","template":"","meta":{"_uag_custom_page_level_css":"","site-sidebar-layout":"default","site-content-layout":"","ast-site-content-layout":"default","site-content-style":"default","site-sidebar-style":"default","ast-global-header-display":"","ast-banner-title-visibility":"","ast-main-header-display":"","ast-hfb-above-header-display":"","ast-hfb-below-header-display":"","ast-hfb-mobile-header-display":"","site-post-title":"","ast-breadcrumbs-content":"","ast-featured-img":"","footer-sml-layout":"","ast-disable-related-posts":"","theme-transparent-header-meta":"default","adv-header-id-meta":"","stick-header-meta":"","header-above-stick-meta":"","header-main-stick-meta":"","header-below-stick-meta":"","astra-migrate-meta-layouts":"set","ast-page-background-enabled":"default","ast-page-background-meta":{"desktop":{"background-color":"","background-image":"","background-repeat":"repeat","background-position":"center center","background-size":"auto","background-attachment":"scroll","background-type":"","background-media":"","overlay-type":"","overlay-color":"","overlay-opacity":"","overlay-gradient":""},"tablet":{"background-color":"","background-image":"","background-repeat":"repeat","background-position":"center center","background-size":"auto","background-attachment":"scroll","background-type":"","background-media":"","overlay-type":"","overlay-color":"","overlay-opacity":"","overlay-gradient":""},"mobile":{"background-color":"","background-image":"","background-repeat":"repeat","background-position":"center center","background-size":"auto","background-attachment":"scroll","background-type":"","background-media":"","overlay-type":"","overlay-color":"","overlay-opacity":"","overlay-gradient":""}},"ast-content-background-meta":{"desktop":{"background-color":"var(--ast-global-color-5)","background-image":"","background-repeat":"repeat","background-position":"center center","background-size":"auto","background-attachment":"scroll","background-type":"","background-media":"","overlay-type":"","overlay-color":"","overlay-opacity":"","overlay-gradient":""},"tablet":{"background-color":"var(--ast-global-color-5)","background-image":"","background-repeat":"repeat","background-position":"center center","background-size":"auto","background-attachment":"scroll","background-type":"","background-media":"","overlay-type":"","overlay-color":"","overlay-opacity":"","overlay-gradient":""},"mobile":{"background-color":"var(--ast-global-color-5)","background-image":"","background-repeat":"repeat","background-position":"center center","background-size":"auto","background-attachment":"scroll","background-type":"","background-media":"","overlay-type":"","overlay-color":"","overlay-opacity":"","overlay-gradient":""}}},"product_brand":[],"product_cat":[227],"product_tag":[],"class_list":{"0":"post-3521","1":"product","2":"type-product","3":"status-publish","4":"has-post-thumbnail","6":"product_cat-winter-accessories","7":"desktop-align-left","8":"tablet-align-left","9":"mobile-align-left","10":"ast-product-gallery-layout-horizontal-slider","11":"ast-product-single-variable","12":"ast-product-tabs-layout-horizontal","14":"first","15":"instock","16":"sale","17":"shipping-taxable","18":"purchasable","19":"product-type-variable","20":"has-default-attributes"},"aioseo_notices":[],"uagb_featured_image_src":{"full":["https:\/\/speedxperts.com\/wp-content\/uploads\/2024\/11\/S20044379ec1947159aeefe24b4f46d521.webp",800,800,false],"thumbnail":["https:\/\/speedxperts.com\/wp-content\/uploads\/2024\/11\/S20044379ec1947159aeefe24b4f46d521-150x150.webp",150,150,true],"medium":["https:\/\/speedxperts.com\/wp-content\/uploads\/2024\/11\/S20044379ec1947159aeefe24b4f46d521-300x300.webp",300,300,true],"medium_large":["https:\/\/speedxperts.com\/wp-content\/uploads\/2024\/11\/S20044379ec1947159aeefe24b4f46d521-768x768.webp",768,768,true],"large":["https:\/\/speedxperts.com\/wp-content\/uploads\/2024\/11\/S20044379ec1947159aeefe24b4f46d521.webp",800,800,false],"1536x1536":["https:\/\/speedxperts.com\/wp-content\/uploads\/2024\/11\/S20044379ec1947159aeefe24b4f46d521.webp",800,800,false],"2048x2048":["https:\/\/speedxperts.com\/wp-content\/uploads\/2024\/11\/S20044379ec1947159aeefe24b4f46d521.webp",800,800,false],"trp-custom-language-flag":["https:\/\/speedxperts.com\/wp-content\/uploads\/2024\/11\/S20044379ec1947159aeefe24b4f46d521-12x12.webp",12,12,true],"woocommerce_thumbnail":["https:\/\/speedxperts.com\/wp-content\/uploads\/2024\/11\/S20044379ec1947159aeefe24b4f46d521-300x300.webp",300,300,true],"woocommerce_single":["https:\/\/speedxperts.com\/wp-content\/uploads\/2024\/11\/S20044379ec1947159aeefe24b4f46d521-600x600.webp",600,600,true],"woocommerce_gallery_thumbnail":["https:\/\/speedxperts.com\/wp-content\/uploads\/2024\/11\/S20044379ec1947159aeefe24b4f46d521-100x100.webp",100,100,true]},"uagb_author_info":{"display_name":"Sebastian","author_link":"https:\/\/speedxperts.com\/nb\/author\/"},"uagb_comment_info":0,"uagb_excerpt":"Stay prepared this winter with our versatile, Winter Detachable Car Snow Sweeping Shovel with EVA Foam Handle \u2013 the essential car accessory for tackling snow, frost, and ice on your vehicle. This extendable snow and ice removal tool is designed to make your winter mornings hassle-free.","jetpack_sharing_enabled":true,"_links":{"self":[{"href":"https:\/\/speedxperts.com\/nb\/wp-json\/wp\/v2\/product\/3521","targetHints":{"allow":["GET"]}}],"collection":[{"href":"https:\/\/speedxperts.com\/nb\/wp-json\/wp\/v2\/product"}],"about":[{"href":"https:\/\/speedxperts.com\/nb\/wp-json\/wp\/v2\/types\/product"}],"replies":[{"embeddable":true,"href":"https:\/\/speedxperts.com\/nb\/wp-json\/wp\/v2\/comments?post=3521"}],"wp:featuredmedia":[{"embeddable":true,"href":"https:\/\/speedxperts.com\/nb\/wp-json\/wp\/v2\/media\/3503"}],"wp:attachment":[{"href":"https:\/\/speedxperts.com\/nb\/wp-json\/wp\/v2\/media?parent=3521"}],"wp:term":[{"taxonomy":"product_brand","embeddable":true,"href":"https:\/\/speedxperts.com\/nb\/wp-json\/wp\/v2\/product_brand?post=3521"},{"taxonomy":"product_cat","embeddable":true,"href":"https:\/\/speedxperts.com\/nb\/wp-json\/wp\/v2\/product_cat?post=3521"},{"taxonomy":"product_tag","embeddable":true,"href":"https:\/\/speedxperts.com\/nb\/wp-json\/wp\/v2\/product_tag?post=3521"}],"curies":[{"name":"wp","href":"https:\/\/api.w.org\/{rel}","templated":true}]}}