{"id":3910,"date":"2025-01-04T18:11:27","date_gmt":"2025-01-04T17:11:27","guid":{"rendered":"https:\/\/speedxperts.com\/?post_type=product&#038;p=3910"},"modified":"2025-02-04T15:23:25","modified_gmt":"2025-02-04T14:23:25","slug":"universal-oppblasbar-seng-for-bil-175x130cm","status":"publish","type":"product","link":"https:\/\/speedxperts.com\/nb\/product\/universal-oppblasbar-seng-for-bil-175x130cm\/","title":{"rendered":"Universell oppbl\u00e5sbar seng for bilreiser - 175x130 cm"},"content":{"rendered":"<p>Oppgrader reiseopplevelsen din med <strong>Universell oppbl\u00e5sbar seng for bilreiser<\/strong>Luftmadrassen er designet for optimal komfort og bekvemmelighet. Denne allsidige luftmadrassen passer til de fleste biler, SUV-er og bobiler, noe som gj\u00f8r den ideell for bilturer, familieutflukter, camping og overnattinger.<\/p>\n<h3><strong>N\u00f8kkelfunksjoner:<\/strong><\/h3>\n<p>\u2705 <strong>Premium st\u00f8rrelse og komfort<\/strong>:<\/p>\n<ul>\n<li>Dimensjoner: <strong>175x130 cm (68,9\u00d751,2 tommer)<\/strong><\/li>\n<li>Romslig og st\u00f8ttende design som sikrer en avslappende s\u00f8vn for to voksne.<\/li>\n<\/ul>\n<p>\u2705 <strong>Seks uavhengige luftkamre<\/strong>:<\/p>\n<ul>\n<li>St\u00f8tter separat oppbl\u00e5sing for \u00e5 tilpasse fasthet og passform til bilens baksete eller bagasjerom.<\/li>\n<li>Sammenleggbar i uoppbl\u00e5st tilstand for enkel oppbevaring.<\/li>\n<\/ul>\n<p>\u2705 <strong>Materiale av h\u00f8y kvalitet<\/strong>:<\/p>\n<ul>\n<li>Laget av <strong>flokket PVC<\/strong> for holdbarhet, glatthet og komfort.<\/li>\n<li>Honeycombed-design sikrer bedre trykkfordeling for ekstra st\u00f8tte.<\/li>\n<\/ul>\n<p>\u2705 <strong>Lekkasjesikkert design<\/strong>:<\/p>\n<ul>\n<li>Dobbeltradet s\u00f8mkantteknologi og <strong>3-lags lekkasjesikre ventiler<\/strong> forhindre luftlekkasje.<\/li>\n<\/ul>\n<p>\u2705 <strong>Rask og enkel installasjon<\/strong>:<\/p>\n<ul>\n<li>Leveres med en <strong>12 V luftpumpe<\/strong> for rask oppbl\u00e5sing p\u00e5 f\u00e5 minutter (<em>Pumpen er IKKE kompatibel med dekk, yogaballer eller sv\u00f8mmeringer.<\/em>)<\/li>\n<\/ul>\n<p>\u2705 <strong>Praktisk og b\u00e6rbar<\/strong>:<\/p>\n<ul>\n<li>Inkluderer en <strong>oppbevaringspose<\/strong> for kompakt b\u00e6rbarhet og en baksetest\u00f8tte til bilen for \u00e5 holde sengen stabil under bruk.<\/li>\n<\/ul>\n<p>\u2705 <strong>Flerfunksjonell bruk<\/strong>:<\/p>\n<ul>\n<li>Perfekt for <strong>camping, bilturer, piknik, pauser p\u00e5 kontoret og gjestesenger<\/strong> hjemme.<\/li>\n<li>Kompatibel med <strong>SUV-er, bobiler, minibusser og sedaner<\/strong>.<\/li>\n<\/ul>\n<hr \/>\n<h3><strong>Pakken inkluderer<\/strong>:<\/h3>\n<ul>\n<li>1 x oppbl\u00e5sbar bilmadrass<\/li>\n<li>1 x pute<\/li>\n<li>1 x luftpumpe (12 V bilkompatibel)<\/li>\n<li>1 x oppbevaringspose<\/li>\n<li>1 x sengest\u00f8tte for baksete i bil<\/li>\n<\/ul>\n<hr \/>\n<h3><strong>Spesifikasjoner<\/strong>:<\/h3>\n<ul>\n<li><strong>Materiale<\/strong>: PVC + flockingstoff av h\u00f8y kvalitet<\/li>\n<li><strong>Oppbl\u00e5st st\u00f8rrelse<\/strong>: 175x130cm \/ 68,9\u00d751,2 tommer<\/li>\n<li><strong>Vekt<\/strong>: Ca. 2,5 kg<\/li>\n<li><strong>Luftpumpe<\/strong>: 12V bilkompatibel<\/li>\n<\/ul>\n<p><strong>Merknad<\/strong>: Bruk alltid den medf\u00f8lgende pumpen for sikker og effektiv oppbl\u00e5sing.<\/p>\n<p>&nbsp;<\/p>","protected":false},"excerpt":{"rendered":"<p><strong>Hvorfor velge denne oppbl\u00e5sbare sengen for bil?<\/strong><br \/>\n\u2714 <strong>B\u00e6rbar og lett<\/strong> - Lett \u00e5 b\u00e6re og oppbevare.<br \/>\n\u2714 <strong>Komfort p\u00e5 farten<\/strong> - Perfekt for bilturer, camping eller en rask lur under lange kj\u00f8returer.<br \/>\n\u2714 <strong>Universell passform<\/strong> - Passer for mer enn 90% biler og SUV-er.<\/p>\n<p><strong>Oppgrader reisene dine med uovertruffen komfort og bekvemmelighet. Bestill din oppbl\u00e5sbare Universal-seng for bilreiser i dag!<\/strong><\/p>","protected":false},"featured_media":3885,"comment_status":"open","ping_status":"closed","template":"","meta":{"_uag_custom_page_level_css":"","site-sidebar-layout":"default","site-content-layout":"","ast-site-content-layout":"default","site-content-style":"default","site-sidebar-style":"default","ast-global-header-display":"","ast-banner-title-visibility":"","ast-main-header-display":"","ast-hfb-above-header-display":"","ast-hfb-below-header-display":"","ast-hfb-mobile-header-display":"","site-post-title":"","ast-breadcrumbs-content":"","ast-featured-img":"","footer-sml-layout":"","ast-disable-related-posts":"","theme-transparent-header-meta":"default","adv-header-id-meta":"","stick-header-meta":"","header-above-stick-meta":"","header-main-stick-meta":"","header-below-stick-meta":"","astra-migrate-meta-layouts":"set","ast-page-background-enabled":"default","ast-page-background-meta":{"desktop":{"background-color":"","background-image":"","background-repeat":"repeat","background-position":"center center","background-size":"auto","background-attachment":"scroll","background-type":"","background-media":"","overlay-type":"","overlay-color":"","overlay-opacity":"","overlay-gradient":""},"tablet":{"background-color":"","background-image":"","background-repeat":"repeat","background-position":"center center","background-size":"auto","background-attachment":"scroll","background-type":"","background-media":"","overlay-type":"","overlay-color":"","overlay-opacity":"","overlay-gradient":""},"mobile":{"background-color":"","background-image":"","background-repeat":"repeat","background-position":"center center","background-size":"auto","background-attachment":"scroll","background-type":"","background-media":"","overlay-type":"","overlay-color":"","overlay-opacity":"","overlay-gradient":""}},"ast-content-background-meta":{"desktop":{"background-color":"var(--ast-global-color-5)","background-image":"","background-repeat":"repeat","background-position":"center center","background-size":"auto","background-attachment":"scroll","background-type":"","background-media":"","overlay-type":"","overlay-color":"","overlay-opacity":"","overlay-gradient":""},"tablet":{"background-color":"var(--ast-global-color-5)","background-image":"","background-repeat":"repeat","background-position":"center center","background-size":"auto","background-attachment":"scroll","background-type":"","background-media":"","overlay-type":"","overlay-color":"","overlay-opacity":"","overlay-gradient":""},"mobile":{"background-color":"var(--ast-global-color-5)","background-image":"","background-repeat":"repeat","background-position":"center center","background-size":"auto","background-attachment":"scroll","background-type":"","background-media":"","overlay-type":"","overlay-color":"","overlay-opacity":"","overlay-gradient":""}}},"product_brand":[],"product_cat":[72],"product_tag":[],"class_list":{"0":"post-3910","1":"product","2":"type-product","3":"status-publish","4":"has-post-thumbnail","6":"product_cat-interior-accessories","7":"desktop-align-left","8":"tablet-align-left","9":"mobile-align-left","10":"ast-product-gallery-layout-horizontal-slider","11":"ast-product-single-variable","12":"ast-product-tabs-layout-horizontal","14":"first","15":"instock","16":"shipping-taxable","17":"purchasable","18":"product-type-variable"},"aioseo_notices":[],"uagb_featured_image_src":{"full":["https:\/\/speedxperts.com\/wp-content\/uploads\/2025\/01\/S9437f98f663b4d7db4b40ac2774de330K.webp",1000,1000,false],"thumbnail":["https:\/\/speedxperts.com\/wp-content\/uploads\/2025\/01\/S9437f98f663b4d7db4b40ac2774de330K-150x150.webp",150,150,true],"medium":["https:\/\/speedxperts.com\/wp-content\/uploads\/2025\/01\/S9437f98f663b4d7db4b40ac2774de330K-300x300.webp",300,300,true],"medium_large":["https:\/\/speedxperts.com\/wp-content\/uploads\/2025\/01\/S9437f98f663b4d7db4b40ac2774de330K-768x768.webp",768,768,true],"large":["https:\/\/speedxperts.com\/wp-content\/uploads\/2025\/01\/S9437f98f663b4d7db4b40ac2774de330K.webp",1000,1000,false],"1536x1536":["https:\/\/speedxperts.com\/wp-content\/uploads\/2025\/01\/S9437f98f663b4d7db4b40ac2774de330K.webp",1000,1000,false],"2048x2048":["https:\/\/speedxperts.com\/wp-content\/uploads\/2025\/01\/S9437f98f663b4d7db4b40ac2774de330K.webp",1000,1000,false],"trp-custom-language-flag":["https:\/\/speedxperts.com\/wp-content\/uploads\/2025\/01\/S9437f98f663b4d7db4b40ac2774de330K-12x12.webp",12,12,true],"woocommerce_thumbnail":["https:\/\/speedxperts.com\/wp-content\/uploads\/2025\/01\/S9437f98f663b4d7db4b40ac2774de330K-300x300.webp",300,300,true],"woocommerce_single":["https:\/\/speedxperts.com\/wp-content\/uploads\/2025\/01\/S9437f98f663b4d7db4b40ac2774de330K-600x600.webp",600,600,true],"woocommerce_gallery_thumbnail":["https:\/\/speedxperts.com\/wp-content\/uploads\/2025\/01\/S9437f98f663b4d7db4b40ac2774de330K-100x100.webp",100,100,true]},"uagb_author_info":{"display_name":"Sebastian","author_link":"https:\/\/speedxperts.com\/nb\/author\/"},"uagb_comment_info":0,"uagb_excerpt":"Why Choose This Car Inflatable Bed? \u2714 Portable and Lightweight \u2013 Easy to carry and store. \u2714 Comfort on the Go \u2013 Perfect for road trips, camping, or a quick nap during long drives. \u2714 Universal Fit \u2013 Suitable for more than 90% of cars and SUVs. Upgrade your travels with unmatched comfort and convenience.&hellip;","jetpack_sharing_enabled":true,"_links":{"self":[{"href":"https:\/\/speedxperts.com\/nb\/wp-json\/wp\/v2\/product\/3910","targetHints":{"allow":["GET"]}}],"collection":[{"href":"https:\/\/speedxperts.com\/nb\/wp-json\/wp\/v2\/product"}],"about":[{"href":"https:\/\/speedxperts.com\/nb\/wp-json\/wp\/v2\/types\/product"}],"replies":[{"embeddable":true,"href":"https:\/\/speedxperts.com\/nb\/wp-json\/wp\/v2\/comments?post=3910"}],"wp:featuredmedia":[{"embeddable":true,"href":"https:\/\/speedxperts.com\/nb\/wp-json\/wp\/v2\/media\/3885"}],"wp:attachment":[{"href":"https:\/\/speedxperts.com\/nb\/wp-json\/wp\/v2\/media?parent=3910"}],"wp:term":[{"taxonomy":"product_brand","embeddable":true,"href":"https:\/\/speedxperts.com\/nb\/wp-json\/wp\/v2\/product_brand?post=3910"},{"taxonomy":"product_cat","embeddable":true,"href":"https:\/\/speedxperts.com\/nb\/wp-json\/wp\/v2\/product_cat?post=3910"},{"taxonomy":"product_tag","embeddable":true,"href":"https:\/\/speedxperts.com\/nb\/wp-json\/wp\/v2\/product_tag?post=3910"}],"curies":[{"name":"wp","href":"https:\/\/api.w.org\/{rel}","templated":true}]}}