{"id":3915,"date":"2025-01-04T18:11:34","date_gmt":"2025-01-04T17:11:34","guid":{"rendered":"https:\/\/speedxperts.com\/?post_type=product&#038;p=3915"},"modified":"2025-02-04T15:23:18","modified_gmt":"2025-02-04T14:23:18","slug":"universell-oppblasbar-seng-for-baksetet-i-bil-80x130-cm","status":"publish","type":"product","link":"https:\/\/speedxperts.com\/nb\/product\/universell-oppblasbar-seng-for-baksetet-i-bil-80x130-cm\/","title":{"rendered":"Universell oppbl\u00e5sbar seng for baksetet i bil 80x130 cm"},"content":{"rendered":"<p>Gj\u00f8r hver reise mer komfortabel med <strong>Universell oppbl\u00e5sbar seng for bilreiser<\/strong>Den oppbl\u00e5sbare sengen er designet for allsidighet og bekvemmelighet. Enten du er p\u00e5 campingtur, bilferie eller har gjester hjemme, s\u00f8rger denne oppbl\u00e5sbare sengen for en avslappende s\u00f8vn uansett hvor du er.<\/p>\n<p>N\u00f8kkelfunksjoner:<\/p>\n<ul>\n<li><strong>B\u00e6rbar og lett<\/strong>:<br \/>\nLeveres med en oppbevaringspose i t\u00f8y for enkel transport og kompakt oppbevaring. Perfekt for reiser og familieutflukter.<\/li>\n<li><strong>Rask automatisk oppbl\u00e5sing<\/strong>:<br \/>\nBl\u00e5ses enkelt opp med den innebygde luftdysen. Madrassen bl\u00e5ses opp automatisk, mens putene og sidevingene krever minimal manuell oppbl\u00e5sing.<\/li>\n<li><strong>Premium komfort<\/strong>:<br \/>\nMadrassen er laget av milj\u00f8vennlig polyestersvamp og er glatt, slitesterk, vanntett og pustende. Den elastiske bomullskjernen av h\u00f8y kvalitet og den tette svampen gir utmerket st\u00f8tte og komfort.<\/li>\n<li><strong>Holdbar og p\u00e5litelig<\/strong>:<br \/>\nLaget av mykt, men robust PVC-materiale med tette s\u00f8mmer for holdbarhet og en lufttett forsegling, noe som sikrer langvarig bruk.<\/li>\n<li><strong>Allsidige bruksomr\u00e5der<\/strong>:<br \/>\nEgnet for ulike milj\u00f8er:<\/p>\n<ul>\n<li><strong>Bil<\/strong>: Passer til de fleste SUV-er, bobiler og minibusser for komfort n\u00e5r du er p\u00e5 farten.<\/li>\n<li><strong>Camping<\/strong>: Ideell for utend\u00f8rsopplevelser.<\/li>\n<li><strong>Hjem<\/strong>: N\u00f8dgjestemadrass eller en pauseseng p\u00e5 kontoret.<\/li>\n<li><strong>Piknik og reise<\/strong>: S\u00f8rger for komfort uansett hvor du g\u00e5r.<\/li>\n<\/ul>\n<\/li>\n<\/ul>\n<p>Spesifikasjoner:<\/p>\n<ul>\n<li><strong>Materiale<\/strong>: Slitesterkt PVC- og polyesterpongee-stoff<\/li>\n<li><strong>Dimensjoner<\/strong>: 80x130cm<\/li>\n<li><strong>Funksjoner<\/strong>: Vanntett, slitesterk og pustende<\/li>\n<li><strong>Inflasjonstid<\/strong>: Bl\u00e5ses opp p\u00e5 f\u00e5 minutter med justerbar fasthet<\/li>\n<\/ul>\n<p>Pakken inkluderer:<\/p>\n<ul>\n<li><strong>1 x oppbl\u00e5sbar madrass<\/strong><\/li>\n<li><strong>1 x pute<\/strong><\/li>\n<li><strong>1 x luftpumpe<\/strong> (Merk: Pumpen er ikke kompatibel med oppbl\u00e5sing av dekk, sv\u00f8mmeringer, yogaballer osv.)<\/li>\n<li><strong>1 x oppbevaringspose<\/strong><\/li>\n<\/ul>\n<p>Hvorfor velge den oppbl\u00e5sbare Universal-sengen for bilreiser?<\/p>\n<p>Denne madrassen tilbyr den perfekte blandingen av bekvemmelighet, holdbarhet og komfort, noe som gj\u00f8r den til et utmerket valg for alle som setter pris p\u00e5 avslappende s\u00f8vn n\u00e5r de er p\u00e5 farten. Den kompakte designen og de mange bruksomr\u00e5dene sikrer at du alltid er forberedt p\u00e5 alle behov p\u00e5 reise eller overnatting.<\/p>\n<p>Oppgrader din reise- og campingopplevelse med <strong>Universell oppbl\u00e5sbar seng for bilreiser<\/strong> - din ultimate b\u00e6rbare komfortl\u00f8sning!<\/p>\n<p>&nbsp;<\/p>","protected":false},"excerpt":{"rendered":"<p><strong>Hvorfor velge denne oppbl\u00e5sbare sengen for bil?<\/strong><br \/>\n\u2714 <strong>B\u00e6rbar og lett<\/strong> - Lett \u00e5 b\u00e6re og oppbevare.<br \/>\n\u2714 <strong>Komfort p\u00e5 farten<\/strong> - Perfekt for bilturer, camping eller en rask lur under lange kj\u00f8returer.<br \/>\n\u2714 <strong>Universell passform<\/strong> - Passer for mer enn 90% biler og SUV-er.<\/p>\n<p><strong>Oppgrader reisene dine med uovertruffen komfort og bekvemmelighet. Bestill din oppbl\u00e5sbare Universal-seng for bilreiser i dag!<\/strong><\/p>","protected":false},"featured_media":3892,"comment_status":"open","ping_status":"closed","template":"","meta":{"_uag_custom_page_level_css":"","site-sidebar-layout":"default","site-content-layout":"","ast-site-content-layout":"default","site-content-style":"default","site-sidebar-style":"default","ast-global-header-display":"","ast-banner-title-visibility":"","ast-main-header-display":"","ast-hfb-above-header-display":"","ast-hfb-below-header-display":"","ast-hfb-mobile-header-display":"","site-post-title":"","ast-breadcrumbs-content":"","ast-featured-img":"","footer-sml-layout":"","ast-disable-related-posts":"","theme-transparent-header-meta":"default","adv-header-id-meta":"","stick-header-meta":"","header-above-stick-meta":"","header-main-stick-meta":"","header-below-stick-meta":"","astra-migrate-meta-layouts":"set","ast-page-background-enabled":"default","ast-page-background-meta":{"desktop":{"background-color":"","background-image":"","background-repeat":"repeat","background-position":"center center","background-size":"auto","background-attachment":"scroll","background-type":"","background-media":"","overlay-type":"","overlay-color":"","overlay-opacity":"","overlay-gradient":""},"tablet":{"background-color":"","background-image":"","background-repeat":"repeat","background-position":"center center","background-size":"auto","background-attachment":"scroll","background-type":"","background-media":"","overlay-type":"","overlay-color":"","overlay-opacity":"","overlay-gradient":""},"mobile":{"background-color":"","background-image":"","background-repeat":"repeat","background-position":"center center","background-size":"auto","background-attachment":"scroll","background-type":"","background-media":"","overlay-type":"","overlay-color":"","overlay-opacity":"","overlay-gradient":""}},"ast-content-background-meta":{"desktop":{"background-color":"var(--ast-global-color-5)","background-image":"","background-repeat":"repeat","background-position":"center center","background-size":"auto","background-attachment":"scroll","background-type":"","background-media":"","overlay-type":"","overlay-color":"","overlay-opacity":"","overlay-gradient":""},"tablet":{"background-color":"var(--ast-global-color-5)","background-image":"","background-repeat":"repeat","background-position":"center center","background-size":"auto","background-attachment":"scroll","background-type":"","background-media":"","overlay-type":"","overlay-color":"","overlay-opacity":"","overlay-gradient":""},"mobile":{"background-color":"var(--ast-global-color-5)","background-image":"","background-repeat":"repeat","background-position":"center center","background-size":"auto","background-attachment":"scroll","background-type":"","background-media":"","overlay-type":"","overlay-color":"","overlay-opacity":"","overlay-gradient":""}}},"product_brand":[],"product_cat":[72],"product_tag":[],"class_list":{"0":"post-3915","1":"product","2":"type-product","3":"status-publish","4":"has-post-thumbnail","6":"product_cat-interior-accessories","7":"desktop-align-left","8":"tablet-align-left","9":"mobile-align-left","10":"ast-product-gallery-layout-horizontal-slider","11":"ast-product-single-variable","12":"ast-product-tabs-layout-horizontal","14":"first","15":"instock","16":"shipping-taxable","17":"purchasable","18":"product-type-variable"},"aioseo_notices":[],"uagb_featured_image_src":{"full":["https:\/\/speedxperts.com\/wp-content\/uploads\/2025\/01\/Se42f7cff8e614fd8bcc1fea401405680O.webp",1000,1000,false],"thumbnail":["https:\/\/speedxperts.com\/wp-content\/uploads\/2025\/01\/Se42f7cff8e614fd8bcc1fea401405680O-150x150.webp",150,150,true],"medium":["https:\/\/speedxperts.com\/wp-content\/uploads\/2025\/01\/Se42f7cff8e614fd8bcc1fea401405680O-300x300.webp",300,300,true],"medium_large":["https:\/\/speedxperts.com\/wp-content\/uploads\/2025\/01\/Se42f7cff8e614fd8bcc1fea401405680O-768x768.webp",768,768,true],"large":["https:\/\/speedxperts.com\/wp-content\/uploads\/2025\/01\/Se42f7cff8e614fd8bcc1fea401405680O.webp",1000,1000,false],"1536x1536":["https:\/\/speedxperts.com\/wp-content\/uploads\/2025\/01\/Se42f7cff8e614fd8bcc1fea401405680O.webp",1000,1000,false],"2048x2048":["https:\/\/speedxperts.com\/wp-content\/uploads\/2025\/01\/Se42f7cff8e614fd8bcc1fea401405680O.webp",1000,1000,false],"trp-custom-language-flag":["https:\/\/speedxperts.com\/wp-content\/uploads\/2025\/01\/Se42f7cff8e614fd8bcc1fea401405680O-12x12.webp",12,12,true],"woocommerce_thumbnail":["https:\/\/speedxperts.com\/wp-content\/uploads\/2025\/01\/Se42f7cff8e614fd8bcc1fea401405680O-300x300.webp",300,300,true],"woocommerce_single":["https:\/\/speedxperts.com\/wp-content\/uploads\/2025\/01\/Se42f7cff8e614fd8bcc1fea401405680O-600x600.webp",600,600,true],"woocommerce_gallery_thumbnail":["https:\/\/speedxperts.com\/wp-content\/uploads\/2025\/01\/Se42f7cff8e614fd8bcc1fea401405680O-100x100.webp",100,100,true]},"uagb_author_info":{"display_name":"Sebastian","author_link":"https:\/\/speedxperts.com\/nb\/author\/"},"uagb_comment_info":0,"uagb_excerpt":"Why Choose This Car Inflatable Bed? \u2714 Portable and Lightweight \u2013 Easy to carry and store. \u2714 Comfort on the Go \u2013 Perfect for road trips, camping, or a quick nap during long drives. \u2714 Universal Fit \u2013 Suitable for more than 90% of cars and SUVs. Upgrade your travels with unmatched comfort and convenience.&hellip;","jetpack_sharing_enabled":true,"_links":{"self":[{"href":"https:\/\/speedxperts.com\/nb\/wp-json\/wp\/v2\/product\/3915","targetHints":{"allow":["GET"]}}],"collection":[{"href":"https:\/\/speedxperts.com\/nb\/wp-json\/wp\/v2\/product"}],"about":[{"href":"https:\/\/speedxperts.com\/nb\/wp-json\/wp\/v2\/types\/product"}],"replies":[{"embeddable":true,"href":"https:\/\/speedxperts.com\/nb\/wp-json\/wp\/v2\/comments?post=3915"}],"wp:featuredmedia":[{"embeddable":true,"href":"https:\/\/speedxperts.com\/nb\/wp-json\/wp\/v2\/media\/3892"}],"wp:attachment":[{"href":"https:\/\/speedxperts.com\/nb\/wp-json\/wp\/v2\/media?parent=3915"}],"wp:term":[{"taxonomy":"product_brand","embeddable":true,"href":"https:\/\/speedxperts.com\/nb\/wp-json\/wp\/v2\/product_brand?post=3915"},{"taxonomy":"product_cat","embeddable":true,"href":"https:\/\/speedxperts.com\/nb\/wp-json\/wp\/v2\/product_cat?post=3915"},{"taxonomy":"product_tag","embeddable":true,"href":"https:\/\/speedxperts.com\/nb\/wp-json\/wp\/v2\/product_tag?post=3915"}],"curies":[{"name":"wp","href":"https:\/\/api.w.org\/{rel}","templated":true}]}}