{"id":4133,"date":"2025-02-12T09:07:10","date_gmt":"2025-02-12T08:07:10","guid":{"rendered":"https:\/\/speedxperts.com\/?post_type=product&#038;p=4133"},"modified":"2025-02-18T13:04:25","modified_gmt":"2025-02-18T12:04:25","slug":"sett-med-verktoy-for-fjerning-av-bilstereo","status":"publish","type":"product","link":"https:\/\/speedxperts.com\/nb\/product\/sett-med-verktoy-for-fjerning-av-bilstereo\/","title":{"rendered":"Sett med verkt\u00f8y for fjerning av bilstereo"},"content":{"rendered":"<h4><strong>Viktige funksjoner og fordeler:<\/strong><\/h4>\n<p>\u2714 <strong>Allsidig bruk<\/strong> - Ideell for fjerning av bil <strong>stereoanlegg, dashbord, innerliner, lyd-CD-er og terminalkabler<\/strong>.<br \/>\n\u2714 <strong>Materialer av f\u00f8rsteklasses kvalitet<\/strong> - Bygget med <strong>superhard POM + nylon, manganst\u00e5l og rustfritt st\u00e5l<\/strong> for holdbarhet.<br \/>\n\u2714 <strong>Skadefri fjerning<\/strong> - Forhindrer riper og brudd under demontering av paneler og ledninger.<br \/>\n\u2714 <strong>Ergonomisk design<\/strong> - Komfortabelt grep og lett verkt\u00f8y for enkel h\u00e5ndtering.<br \/>\n\u2714 <strong>B\u00e6rbar og organisert<\/strong> - Leveres i en <strong>h\u00f8yelastisk, slitesterk Oxford-stoffpose<\/strong> for sikker oppbevaring og transport.<\/p>\n<h4><strong>Hva er inkludert?<\/strong><\/h4>\n<p>\u2705 <strong>11x bryteplateverkt\u00f8y<\/strong> - Laget av <strong>superhard POM + nylon<\/strong>perfekt for sikker fjerning av paneler og lister.<br \/>\n\u2705 <strong>Driver + lysverkt\u00f8y<\/strong> - Konstruert av <strong>manganst\u00e5l<\/strong> for ekstra styrke.<br \/>\n\u2705 <strong>Audio Key + Terminal Back Pin-verkt\u00f8y<\/strong> - Laget av <strong>rustfritt st\u00e5l<\/strong>, ideelt for fjerning av stereoanlegg og ledninger.<br \/>\n\u2705 <strong>Krok for oljetetning<\/strong> - Har en <strong>h\u00e5ndtak i nylon og stang i sinklegering<\/strong> for presisjonsarbeid.<br \/>\n\u2705 <strong>Gjengetrekker for biler<\/strong> - A <strong>nylon og sinklegering<\/strong> verkt\u00f8y for \u00e5 tre ledninger p\u00e5 trange steder.<br \/>\n\u2705 <strong>Verkt\u00f8y for ledningsnett i bil<\/strong> - Bygget med <strong>st\u00e5ltr\u00e5d<\/strong> for sikker fjerning av selet\u00f8yet.<br \/>\n\u2705 <strong>1x Oxford t\u00f8yveske<\/strong> - <strong>Slitesterk, slitesterk og kompakt<\/strong> for enkel oppbevaring og transport.<\/p>\n<h4><strong>Spesifikasjoner:<\/strong><\/h4>\n<p>\ud83d\udccf <strong>Emballasjest\u00f8rrelse:<\/strong> 32 \u00d7 23 \u00d7 5 cm<br \/>\n\ud83c\udfa8 <strong>Fargealternativer:<\/strong> R\u00f8d \/ Bl\u00e5<br \/>\n\ud83d\udce6 <strong>Emballasjemateriale:<\/strong> <strong>T\u00f8ypose med h\u00f8y hardhet<\/strong><\/p>\n<p>Oppgrader verkt\u00f8ykassen din for bilvedlikehold med v\u00e5r <strong>Sett med verkt\u00f8y for fjerning av bilstereo<\/strong> - designet for effektivitet, holdbarhet og presisjon.<\/p>\n<p>\ud83d\uded2 <strong>Bestill n\u00e5 p\u00e5 SpeedXperts.com og fjern bilpaneler som en proff!<\/strong> \ud83d\ude97\ud83d\udd27<\/p>\n<p>&nbsp;<\/p>","protected":false},"excerpt":{"rendered":"<p>Fjern enkelt og uanstrengt din <strong>bilstereo, dashbordpaneler og interi\u00f8rlister<\/strong> med v\u00e5r <strong>Sett med verkt\u00f8y for fjerning av bilstereo<\/strong>. Designet for <strong>profesjonelle og gj\u00f8r-det-selv-entusiaster<\/strong>Dette settet inneholder <strong>holdbare verkt\u00f8y av h\u00f8y kvalitet<\/strong> for sikker demontering av bilinteri\u00f8r uten \u00e5 skade \u00f8mfintlige komponenter. Enten du skal bytte ut et lydsystem, fjerne et kontrollpanel eller h\u00e5ndtere bilens terminalkabler, sikrer dette verkt\u00f8ysettet en <strong>problemfri<\/strong> og <strong>effektiv<\/strong> erfaring.<\/p>","protected":false},"featured_media":4127,"comment_status":"open","ping_status":"closed","template":"","meta":{"_uag_custom_page_level_css":"","site-sidebar-layout":"default","site-content-layout":"","ast-site-content-layout":"default","site-content-style":"default","site-sidebar-style":"default","ast-global-header-display":"","ast-banner-title-visibility":"","ast-main-header-display":"","ast-hfb-above-header-display":"","ast-hfb-below-header-display":"","ast-hfb-mobile-header-display":"","site-post-title":"","ast-breadcrumbs-content":"","ast-featured-img":"","footer-sml-layout":"","ast-disable-related-posts":"","theme-transparent-header-meta":"default","adv-header-id-meta":"","stick-header-meta":"","header-above-stick-meta":"","header-main-stick-meta":"","header-below-stick-meta":"","astra-migrate-meta-layouts":"set","ast-page-background-enabled":"default","ast-page-background-meta":{"desktop":{"background-color":"","background-image":"","background-repeat":"repeat","background-position":"center center","background-size":"auto","background-attachment":"scroll","background-type":"","background-media":"","overlay-type":"","overlay-color":"","overlay-opacity":"","overlay-gradient":""},"tablet":{"background-color":"","background-image":"","background-repeat":"repeat","background-position":"center center","background-size":"auto","background-attachment":"scroll","background-type":"","background-media":"","overlay-type":"","overlay-color":"","overlay-opacity":"","overlay-gradient":""},"mobile":{"background-color":"","background-image":"","background-repeat":"repeat","background-position":"center center","background-size":"auto","background-attachment":"scroll","background-type":"","background-media":"","overlay-type":"","overlay-color":"","overlay-opacity":"","overlay-gradient":""}},"ast-content-background-meta":{"desktop":{"background-color":"var(--ast-global-color-5)","background-image":"","background-repeat":"repeat","background-position":"center center","background-size":"auto","background-attachment":"scroll","background-type":"","background-media":"","overlay-type":"","overlay-color":"","overlay-opacity":"","overlay-gradient":""},"tablet":{"background-color":"var(--ast-global-color-5)","background-image":"","background-repeat":"repeat","background-position":"center center","background-size":"auto","background-attachment":"scroll","background-type":"","background-media":"","overlay-type":"","overlay-color":"","overlay-opacity":"","overlay-gradient":""},"mobile":{"background-color":"var(--ast-global-color-5)","background-image":"","background-repeat":"repeat","background-position":"center center","background-size":"auto","background-attachment":"scroll","background-type":"","background-media":"","overlay-type":"","overlay-color":"","overlay-opacity":"","overlay-gradient":""}}},"product_brand":[],"product_cat":[73],"product_tag":[],"class_list":{"0":"post-4133","1":"product","2":"type-product","3":"status-publish","4":"has-post-thumbnail","6":"product_cat-accessories","7":"desktop-align-left","8":"tablet-align-left","9":"mobile-align-left","10":"ast-product-gallery-layout-horizontal-slider","11":"ast-product-single-variable","12":"ast-product-tabs-layout-horizontal","14":"first","15":"instock","16":"shipping-taxable","17":"purchasable","18":"product-type-variable"},"aioseo_notices":[],"uagb_featured_image_src":{"full":["https:\/\/speedxperts.com\/wp-content\/uploads\/2025\/02\/S3e5d53f84e2c4f5292f4a56b95389a7a1.webp",800,800,false],"thumbnail":["https:\/\/speedxperts.com\/wp-content\/uploads\/2025\/02\/S3e5d53f84e2c4f5292f4a56b95389a7a1-150x150.webp",150,150,true],"medium":["https:\/\/speedxperts.com\/wp-content\/uploads\/2025\/02\/S3e5d53f84e2c4f5292f4a56b95389a7a1-300x300.webp",300,300,true],"medium_large":["https:\/\/speedxperts.com\/wp-content\/uploads\/2025\/02\/S3e5d53f84e2c4f5292f4a56b95389a7a1-768x768.webp",768,768,true],"large":["https:\/\/speedxperts.com\/wp-content\/uploads\/2025\/02\/S3e5d53f84e2c4f5292f4a56b95389a7a1.webp",800,800,false],"1536x1536":["https:\/\/speedxperts.com\/wp-content\/uploads\/2025\/02\/S3e5d53f84e2c4f5292f4a56b95389a7a1.webp",800,800,false],"2048x2048":["https:\/\/speedxperts.com\/wp-content\/uploads\/2025\/02\/S3e5d53f84e2c4f5292f4a56b95389a7a1.webp",800,800,false],"trp-custom-language-flag":["https:\/\/speedxperts.com\/wp-content\/uploads\/2025\/02\/S3e5d53f84e2c4f5292f4a56b95389a7a1-12x12.webp",12,12,true],"woocommerce_thumbnail":["https:\/\/speedxperts.com\/wp-content\/uploads\/2025\/02\/S3e5d53f84e2c4f5292f4a56b95389a7a1-300x300.webp",300,300,true],"woocommerce_single":["https:\/\/speedxperts.com\/wp-content\/uploads\/2025\/02\/S3e5d53f84e2c4f5292f4a56b95389a7a1-600x600.webp",600,600,true],"woocommerce_gallery_thumbnail":["https:\/\/speedxperts.com\/wp-content\/uploads\/2025\/02\/S3e5d53f84e2c4f5292f4a56b95389a7a1-100x100.webp",100,100,true]},"uagb_author_info":{"display_name":"Sebastian","author_link":"https:\/\/speedxperts.com\/nb\/author\/"},"uagb_comment_info":0,"uagb_excerpt":"Effortlessly remove your car stereo, dashboard panels, and interior trim with our Car Stereo Removal Tool Set. Designed for professionals and DIY enthusiasts, this kit includes high-quality, durable tools to safely disassemble car interiors without damaging delicate components. Whether you\u2019re replacing an audio system, removing a control panel, or handling car terminal wires, this tool&hellip;","jetpack_sharing_enabled":true,"_links":{"self":[{"href":"https:\/\/speedxperts.com\/nb\/wp-json\/wp\/v2\/product\/4133","targetHints":{"allow":["GET"]}}],"collection":[{"href":"https:\/\/speedxperts.com\/nb\/wp-json\/wp\/v2\/product"}],"about":[{"href":"https:\/\/speedxperts.com\/nb\/wp-json\/wp\/v2\/types\/product"}],"replies":[{"embeddable":true,"href":"https:\/\/speedxperts.com\/nb\/wp-json\/wp\/v2\/comments?post=4133"}],"wp:featuredmedia":[{"embeddable":true,"href":"https:\/\/speedxperts.com\/nb\/wp-json\/wp\/v2\/media\/4127"}],"wp:attachment":[{"href":"https:\/\/speedxperts.com\/nb\/wp-json\/wp\/v2\/media?parent=4133"}],"wp:term":[{"taxonomy":"product_brand","embeddable":true,"href":"https:\/\/speedxperts.com\/nb\/wp-json\/wp\/v2\/product_brand?post=4133"},{"taxonomy":"product_cat","embeddable":true,"href":"https:\/\/speedxperts.com\/nb\/wp-json\/wp\/v2\/product_cat?post=4133"},{"taxonomy":"product_tag","embeddable":true,"href":"https:\/\/speedxperts.com\/nb\/wp-json\/wp\/v2\/product_tag?post=4133"}],"curies":[{"name":"wp","href":"https:\/\/api.w.org\/{rel}","templated":true}]}}