{"id":5031,"date":"2025-06-06T11:30:50","date_gmt":"2025-06-06T10:30:50","guid":{"rendered":"https:\/\/speedxperts.com\/?post_type=product&#038;p=5031"},"modified":"2025-06-06T11:44:12","modified_gmt":"2025-06-06T10:44:12","slug":"vevor-3-tonns-elektrisk-saksejekksett-kraftig-loft-for-nodsituasjoner-langs-veien","status":"publish","type":"product","link":"https:\/\/speedxperts.com\/nb\/product\/vevor-3-tonns-elektrisk-saksejekksett-kraftig-loft-for-nodsituasjoner-langs-veien\/","title":{"rendered":"VEVOR 3-tonns elektrisk saksejekk - kraftfulle l\u00f8ft for n\u00f8dsituasjoner langs veien"},"content":{"rendered":"<h3>\u2699\ufe0f Funksjoner og detaljer<\/h3>\n<p>\u2705 <strong>Elektrisk saksejekk (3 tonn \/ 6600 lbs kapasitet)<\/strong><\/p>\n<ul>\n<li><strong>L\u00f8fteomr\u00e5de (kort hode):<\/strong> 130-370 mm (5,1\u2033-14,6\u2033)<\/li>\n<li><strong>L\u00f8fteomr\u00e5de (langt hode):<\/strong> 170-420 mm (6,7\u2033-16,5\u2033)<\/li>\n<li>Perfekt for <strong>Sedaner, SUV-er, varebiler<\/strong>, og andre 12 V-kj\u00f8ret\u00f8y innenfor vektgrensene.<\/li>\n<li><strong>Ideell for n\u00f8dstilfeller eller garasjereparasjoner<\/strong><\/li>\n<\/ul>\n<p>\u26a1 <strong>L\u00f8ftet p\u00e5 f\u00e5 minutter<\/strong><\/p>\n<ul>\n<li>N\u00e5 full h\u00f8yde p\u00e5 bare <strong>2 minutter<\/strong><\/li>\n<li><strong>Ingen manuell sveiv<\/strong> - plugger inn, trykker p\u00e5 knappen og l\u00f8fter<\/li>\n<li>M\u00e5 brukes p\u00e5 <strong>flate, stabile overflater<\/strong><\/li>\n<li>Plasser jekken <strong>parallell<\/strong> til bilrammen din<\/li>\n<\/ul>\n<p>\ud83d\udd27 <strong>H\u00f8yeffektiv slagtrekker (tilleggsutstyr) (ikke inkludert i denne modellen)<\/strong><\/p>\n<blockquote><p><em>MERK: Denne oppf\u00f8ringen gjelder versjonen <strong>uten<\/strong> en elektrisk skiften\u00f8kkel.<\/em><\/p><\/blockquote>\n<hr \/>\n<h3>\ud83d\udd0c <strong>Slik bruker du - 2 lademetoder<\/strong><\/h3>\n<ol>\n<li><strong>12V sigarettenneruttak for bil<\/strong><\/li>\n<li><strong>Direkte batteritilkobling med medf\u00f8lgende klips<\/strong><\/li>\n<\/ol>\n<blockquote><p>Leveres med en <strong>11,5 fot str\u00f8mledning<\/strong> - enkelt n\u00e5 for- eller bakhjulene.<\/p><\/blockquote>\n<p>Inkluderer <strong>3 ekstra sikringer<\/strong> (T\u00dcV-sertifisert) for ekstra p\u00e5litelighet.<\/p>\n<hr \/>\n<h3>\ud83c\udf92 <strong>Hva er det i b\u00e6revesken?<\/strong><\/h3>\n<p>Alt er pakket i en robust, organisert verkt\u00f8ykasse som ogs\u00e5 fungerer som en <strong>advarselstrekant<\/strong> i veikanten.<\/p>\n<ul>\n<li>1\u00d7 elektrisk saksejekk<\/li>\n<li>2\u00d7 saler (korte og lange)<\/li>\n<li>3\u00d7 Reservesikringer<\/li>\n<li>1\u00d7 Par arbeidshansker<\/li>\n<li>1 \u00d7 batteriklemmekabel<\/li>\n<li>1 \u00d7 str\u00f8mkabel for sigarettenner<\/li>\n<li>1 \u00d7 kraftig b\u00e6reveske med reflekterende trekant<\/li>\n<\/ul>\n<hr \/>\n<h3>\ud83d\udce6 Hva er IKKE inkludert:<\/h3>\n<p>Denne versjonen <strong>inkluderer IKKE den elektriske slagtrekkeren.<\/strong><\/p>\n<hr \/>\n<h3>\ud83d\udd10 Hvorfor velge dette elektriske jekkesettet?<\/h3>\n<ul>\n<li>Trygge, raske og praktiske dekkskift<\/li>\n<li>Dobbel lademetode for fleksibilitet<\/li>\n<li>Alt-i-ett-l\u00f8sning for n\u00f8dstilfeller langs veien<\/li>\n<li>Perfekt gave eller verkt\u00f8y til bileiere, offroadere eller bilturister<\/li>\n<\/ul>\n<p>&nbsp;<\/p>","protected":false},"excerpt":{"rendered":"<p><strong>Raske, sikre og enkle dekkskift - ingen manuell innsats er n\u00f8dvendig.<\/strong><br \/>\nL\u00f8ft bilen og skift dekk p\u00e5 f\u00e5 minutter, uansett hvor du befinner deg.<\/p>","protected":false},"featured_media":5021,"comment_status":"open","ping_status":"closed","template":"","meta":{"_uag_custom_page_level_css":"","site-sidebar-layout":"default","site-content-layout":"","ast-site-content-layout":"default","site-content-style":"default","site-sidebar-style":"default","ast-global-header-display":"","ast-banner-title-visibility":"","ast-main-header-display":"","ast-hfb-above-header-display":"","ast-hfb-below-header-display":"","ast-hfb-mobile-header-display":"","site-post-title":"","ast-breadcrumbs-content":"","ast-featured-img":"","footer-sml-layout":"","ast-disable-related-posts":"","theme-transparent-header-meta":"default","adv-header-id-meta":"","stick-header-meta":"","header-above-stick-meta":"","header-main-stick-meta":"","header-below-stick-meta":"","astra-migrate-meta-layouts":"set","ast-page-background-enabled":"default","ast-page-background-meta":{"desktop":{"background-color":"","background-image":"","background-repeat":"repeat","background-position":"center center","background-size":"auto","background-attachment":"scroll","background-type":"","background-media":"","overlay-type":"","overlay-color":"","overlay-opacity":"","overlay-gradient":""},"tablet":{"background-color":"","background-image":"","background-repeat":"repeat","background-position":"center center","background-size":"auto","background-attachment":"scroll","background-type":"","background-media":"","overlay-type":"","overlay-color":"","overlay-opacity":"","overlay-gradient":""},"mobile":{"background-color":"","background-image":"","background-repeat":"repeat","background-position":"center center","background-size":"auto","background-attachment":"scroll","background-type":"","background-media":"","overlay-type":"","overlay-color":"","overlay-opacity":"","overlay-gradient":""}},"ast-content-background-meta":{"desktop":{"background-color":"var(--ast-global-color-5)","background-image":"","background-repeat":"repeat","background-position":"center center","background-size":"auto","background-attachment":"scroll","background-type":"","background-media":"","overlay-type":"","overlay-color":"","overlay-opacity":"","overlay-gradient":""},"tablet":{"background-color":"var(--ast-global-color-5)","background-image":"","background-repeat":"repeat","background-position":"center center","background-size":"auto","background-attachment":"scroll","background-type":"","background-media":"","overlay-type":"","overlay-color":"","overlay-opacity":"","overlay-gradient":""},"mobile":{"background-color":"var(--ast-global-color-5)","background-image":"","background-repeat":"repeat","background-position":"center center","background-size":"auto","background-attachment":"scroll","background-type":"","background-media":"","overlay-type":"","overlay-color":"","overlay-opacity":"","overlay-gradient":""}}},"product_brand":[],"product_cat":[226],"product_tag":[],"class_list":{"0":"post-5031","1":"product","2":"type-product","3":"status-publish","4":"has-post-thumbnail","6":"product_cat-electronics","7":"desktop-align-left","8":"tablet-align-left","9":"mobile-align-left","10":"ast-product-gallery-layout-horizontal-slider","11":"ast-product-tabs-layout-horizontal","13":"first","14":"instock","15":"shipping-taxable","16":"purchasable","17":"product-type-simple"},"aioseo_notices":[],"uagb_featured_image_src":{"full":["https:\/\/speedxperts.com\/wp-content\/uploads\/2025\/06\/Sb5c5850544434c04bb902fd8f7576e57i.webp",1600,1600,false],"thumbnail":["https:\/\/speedxperts.com\/wp-content\/uploads\/2025\/06\/Sb5c5850544434c04bb902fd8f7576e57i-150x150.webp",150,150,true],"medium":["https:\/\/speedxperts.com\/wp-content\/uploads\/2025\/06\/Sb5c5850544434c04bb902fd8f7576e57i-300x300.webp",300,300,true],"medium_large":["https:\/\/speedxperts.com\/wp-content\/uploads\/2025\/06\/Sb5c5850544434c04bb902fd8f7576e57i-768x768.webp",768,768,true],"large":["https:\/\/speedxperts.com\/wp-content\/uploads\/2025\/06\/Sb5c5850544434c04bb902fd8f7576e57i-1024x1024.webp",1024,1024,true],"1536x1536":["https:\/\/speedxperts.com\/wp-content\/uploads\/2025\/06\/Sb5c5850544434c04bb902fd8f7576e57i-1536x1536.webp",1536,1536,true],"2048x2048":["https:\/\/speedxperts.com\/wp-content\/uploads\/2025\/06\/Sb5c5850544434c04bb902fd8f7576e57i.webp",1600,1600,false],"trp-custom-language-flag":["https:\/\/speedxperts.com\/wp-content\/uploads\/2025\/06\/Sb5c5850544434c04bb902fd8f7576e57i-12x12.webp",12,12,true],"woocommerce_thumbnail":["https:\/\/speedxperts.com\/wp-content\/uploads\/2025\/06\/Sb5c5850544434c04bb902fd8f7576e57i-300x300.webp",300,300,true],"woocommerce_single":["https:\/\/speedxperts.com\/wp-content\/uploads\/2025\/06\/Sb5c5850544434c04bb902fd8f7576e57i-600x600.webp",600,600,true],"woocommerce_gallery_thumbnail":["https:\/\/speedxperts.com\/wp-content\/uploads\/2025\/06\/Sb5c5850544434c04bb902fd8f7576e57i-100x100.webp",100,100,true]},"uagb_author_info":{"display_name":"Sebastian","author_link":"https:\/\/speedxperts.com\/nb\/author\/"},"uagb_comment_info":0,"uagb_excerpt":"Fast, safe, and easy tire changes \u2013 no manual effort needed. Lift your vehicle and change tires within minutes, wherever you are.","jetpack_sharing_enabled":true,"_links":{"self":[{"href":"https:\/\/speedxperts.com\/nb\/wp-json\/wp\/v2\/product\/5031","targetHints":{"allow":["GET"]}}],"collection":[{"href":"https:\/\/speedxperts.com\/nb\/wp-json\/wp\/v2\/product"}],"about":[{"href":"https:\/\/speedxperts.com\/nb\/wp-json\/wp\/v2\/types\/product"}],"replies":[{"embeddable":true,"href":"https:\/\/speedxperts.com\/nb\/wp-json\/wp\/v2\/comments?post=5031"}],"wp:featuredmedia":[{"embeddable":true,"href":"https:\/\/speedxperts.com\/nb\/wp-json\/wp\/v2\/media\/5021"}],"wp:attachment":[{"href":"https:\/\/speedxperts.com\/nb\/wp-json\/wp\/v2\/media?parent=5031"}],"wp:term":[{"taxonomy":"product_brand","embeddable":true,"href":"https:\/\/speedxperts.com\/nb\/wp-json\/wp\/v2\/product_brand?post=5031"},{"taxonomy":"product_cat","embeddable":true,"href":"https:\/\/speedxperts.com\/nb\/wp-json\/wp\/v2\/product_cat?post=5031"},{"taxonomy":"product_tag","embeddable":true,"href":"https:\/\/speedxperts.com\/nb\/wp-json\/wp\/v2\/product_tag?post=5031"}],"curies":[{"name":"wp","href":"https:\/\/api.w.org\/{rel}","templated":true}]}}