{"id":6748,"date":"2025-11-26T09:01:07","date_gmt":"2025-11-26T08:01:07","guid":{"rendered":"https:\/\/speedxperts.com\/product\/automatic-heated-car-seat-cushion-12v-black-2\/"},"modified":"2026-01-06T13:37:17","modified_gmt":"2026-01-06T12:37:17","slug":"automatisk-oppvarmet-bilsetepute-12v-svart-2","status":"publish","type":"product","link":"https:\/\/speedxperts.com\/nb\/product\/automatisk-oppvarmet-bilsetepute-12v-svart-2\/","title":{"rendered":"Automatisk oppvarmet bilsetepute 12V - Svart"},"content":{"rendered":"<p>Gj\u00f8r kaldstart til en behagelig kj\u00f8retur med denne <strong>12V automatisk oppvarmet bilsetetrekk<\/strong>, Den er designet for \u00e5 passe til de fleste standard bilseter. Med rask, jevn oppvarming og tre justerbare temperaturniv\u00e5er holder den ryggen og hoftene varme p\u00e5 bare noen f\u00e5 sekunder - ideelt for h\u00f8st- og vinterpendling.<\/p>\n<p>Viktige funksjoner<\/p>\n<ul>\n<li><strong>Rask automatisk oppvarming<\/strong><br \/>\nVarmes opp p\u00e5 sekunder og fordeler varmen over et stort omr\u00e5de av setet og ryggst\u00f8tten for komfort for hele kroppen.<\/li>\n<li><strong>Temperaturkontroll p\u00e5 3 niv\u00e5er<\/strong><br \/>\nBrukervennlig kontroller med:<\/p>\n<ul>\n<li>Niv\u00e5 I: ca. <strong>45\u00b0C<\/strong><\/li>\n<li>Niv\u00e5 II: ca. <strong>55\u00b0C<\/strong><\/li>\n<li>Niv\u00e5 III: ca. <strong>65\u00b0C<\/strong> (kroppstemperatur rundt 45-48 \u00b0C)<br \/>\nVelg den varmen du foretrekker med den enkle temperaturjusteringsknappen og de tydelige indikatorlampene.<\/li>\n<\/ul>\n<\/li>\n<li><strong>Automatisk avstengningssikkerhet<\/strong><br \/>\nPuten sl\u00e5r seg automatisk av etter ca. <strong>50 minutter<\/strong> av oppvarming. Hvis du trenger mer varme, trykker du bare p\u00e5 str\u00f8mbryteren igjen.<\/li>\n<li><strong>Universell 12V-24V-kompatibilitet<\/strong><br \/>\nKobles til kj\u00f8ret\u00f8yets <strong>12 V sigarettenneruttak<\/strong> (ogs\u00e5 merket 12V-24V p\u00e5 kontrolleren), noe som gj\u00f8r den egnet for de fleste biler.<\/li>\n<li><strong>Sikker og sklisikker installasjon<\/strong>\n<ul>\n<li>Spenne stroppen rundt <strong>nakkest\u00f8tte<\/strong><\/li>\n<li>De midterste stroppene festes til <strong>seterygg<\/strong><\/li>\n<li>Feste for bunnkroker <strong>under setet<\/strong><\/li>\n<li>Sklisikker bakside bidrar til \u00e5 forhindre skliing<br \/>\nF\u00f8lg den enkle installasjonsmetoden for \u00e5 f\u00e5 en tett og sikker montering p\u00e5 f\u00e5 minutter.<\/li>\n<\/ul>\n<\/li>\n<li><strong>Sikker og komfortabel design<\/strong>\n<ul>\n<li>Jevn varmefordeling for \u00e5 unng\u00e5 varmepunkter<\/li>\n<li>Beskyttelse mot overoppheting og sikkerhetsbryter<\/li>\n<li>Gj\u00f8r <strong>ikke forstyrrer utl\u00f8sningen av kollisjonsputene<\/strong><\/li>\n<li>Myk og behagelig overflate for daglig bruk<\/li>\n<\/ul>\n<\/li>\n<\/ul>\n<p>&nbsp;<\/p>","protected":false},"excerpt":{"rendered":"<p>Turn cold starts into comfortable drives with this 12V automatic heated car seat cover, designed to fit most standard car seats. With fast, even heating and three adjustable temperature levels, it keeps your back and hips warm in just a few seconds\u2014ideal for autumn and winter commuting. Key Features Fast Automatic Heating Heats up in [&hellip;]<\/p>","protected":false},"featured_media":6746,"comment_status":"open","ping_status":"closed","template":"","meta":{"_uag_custom_page_level_css":"","site-sidebar-layout":"default","site-content-layout":"","ast-site-content-layout":"default","site-content-style":"default","site-sidebar-style":"default","ast-global-header-display":"","ast-banner-title-visibility":"","ast-main-header-display":"","ast-hfb-above-header-display":"","ast-hfb-below-header-display":"","ast-hfb-mobile-header-display":"","site-post-title":"","ast-breadcrumbs-content":"","ast-featured-img":"","footer-sml-layout":"","theme-transparent-header-meta":"default","adv-header-id-meta":"","stick-header-meta":"","header-above-stick-meta":"","header-main-stick-meta":"","header-below-stick-meta":"","astra-migrate-meta-layouts":"set","ast-page-background-enabled":"default","ast-page-background-meta":{"desktop":{"background-color":"","background-image":"","background-repeat":"repeat","background-position":"center center","background-size":"auto","background-attachment":"scroll","background-type":"","background-media":"","overlay-type":"","overlay-color":"","overlay-opacity":"","overlay-gradient":""},"tablet":{"background-color":"","background-image":"","background-repeat":"repeat","background-position":"center center","background-size":"auto","background-attachment":"scroll","background-type":"","background-media":"","overlay-type":"","overlay-color":"","overlay-opacity":"","overlay-gradient":""},"mobile":{"background-color":"","background-image":"","background-repeat":"repeat","background-position":"center center","background-size":"auto","background-attachment":"scroll","background-type":"","background-media":"","overlay-type":"","overlay-color":"","overlay-opacity":"","overlay-gradient":""}},"ast-content-background-meta":{"desktop":{"background-color":"var(--ast-global-color-5)","background-image":"","background-repeat":"repeat","background-position":"center center","background-size":"auto","background-attachment":"scroll","background-type":"","background-media":"","overlay-type":"","overlay-color":"","overlay-opacity":"","overlay-gradient":""},"tablet":{"background-color":"var(--ast-global-color-5)","background-image":"","background-repeat":"repeat","background-position":"center center","background-size":"auto","background-attachment":"scroll","background-type":"","background-media":"","overlay-type":"","overlay-color":"","overlay-opacity":"","overlay-gradient":""},"mobile":{"background-color":"var(--ast-global-color-5)","background-image":"","background-repeat":"repeat","background-position":"center center","background-size":"auto","background-attachment":"scroll","background-type":"","background-media":"","overlay-type":"","overlay-color":"","overlay-opacity":"","overlay-gradient":""}}},"product_brand":[],"product_cat":[1074,72,227],"product_tag":[],"class_list":{"0":"post-6748","1":"product","2":"type-product","3":"status-publish","4":"has-post-thumbnail","6":"product_cat-heated-seat-covers","7":"product_cat-interior-accessories","8":"product_cat-winter-accessories","9":"desktop-align-left","10":"tablet-align-left","11":"mobile-align-left","12":"ast-product-gallery-layout-horizontal-slider","13":"ast-product-single-variable","14":"ast-product-tabs-layout-horizontal","16":"first","17":"instock","18":"shipping-taxable","19":"purchasable","20":"product-type-variable"},"aioseo_notices":[],"uagb_featured_image_src":{"full":["https:\/\/speedxperts.com\/wp-content\/uploads\/2025\/11\/S32c254c7ed6d45faa00ae8a2264623f3F-2.webp",1600,1600,false],"thumbnail":["https:\/\/speedxperts.com\/wp-content\/uploads\/2025\/11\/S32c254c7ed6d45faa00ae8a2264623f3F-2-150x150.webp",150,150,true],"medium":["https:\/\/speedxperts.com\/wp-content\/uploads\/2025\/11\/S32c254c7ed6d45faa00ae8a2264623f3F-2-300x300.webp",300,300,true],"medium_large":["https:\/\/speedxperts.com\/wp-content\/uploads\/2025\/11\/S32c254c7ed6d45faa00ae8a2264623f3F-2-768x768.webp",768,768,true],"large":["https:\/\/speedxperts.com\/wp-content\/uploads\/2025\/11\/S32c254c7ed6d45faa00ae8a2264623f3F-2-1024x1024.webp",1024,1024,true],"1536x1536":["https:\/\/speedxperts.com\/wp-content\/uploads\/2025\/11\/S32c254c7ed6d45faa00ae8a2264623f3F-2-1536x1536.webp",1536,1536,true],"2048x2048":["https:\/\/speedxperts.com\/wp-content\/uploads\/2025\/11\/S32c254c7ed6d45faa00ae8a2264623f3F-2.webp",1600,1600,false],"trp-custom-language-flag":["https:\/\/speedxperts.com\/wp-content\/uploads\/2025\/11\/S32c254c7ed6d45faa00ae8a2264623f3F-2-12x12.webp",12,12,true],"woocommerce_thumbnail":["https:\/\/speedxperts.com\/wp-content\/uploads\/2025\/11\/S32c254c7ed6d45faa00ae8a2264623f3F-2-300x300.webp",300,300,true],"woocommerce_single":["https:\/\/speedxperts.com\/wp-content\/uploads\/2025\/11\/S32c254c7ed6d45faa00ae8a2264623f3F-2-600x600.webp",600,600,true],"woocommerce_gallery_thumbnail":["https:\/\/speedxperts.com\/wp-content\/uploads\/2025\/11\/S32c254c7ed6d45faa00ae8a2264623f3F-2-100x100.webp",100,100,true]},"uagb_author_info":{"display_name":"Sebastian","author_link":"https:\/\/speedxperts.com\/nb\/author\/"},"uagb_comment_info":0,"uagb_excerpt":"Turn cold starts into comfortable drives with this 12V automatic heated car seat cover, designed to fit most standard car seats. With fast, even heating and three adjustable temperature levels, it keeps your back and hips warm in just a few seconds\u2014ideal for autumn and winter commuting. Key Features Fast Automatic Heating Heats up in&hellip;","jetpack_sharing_enabled":true,"_links":{"self":[{"href":"https:\/\/speedxperts.com\/nb\/wp-json\/wp\/v2\/product\/6748","targetHints":{"allow":["GET"]}}],"collection":[{"href":"https:\/\/speedxperts.com\/nb\/wp-json\/wp\/v2\/product"}],"about":[{"href":"https:\/\/speedxperts.com\/nb\/wp-json\/wp\/v2\/types\/product"}],"replies":[{"embeddable":true,"href":"https:\/\/speedxperts.com\/nb\/wp-json\/wp\/v2\/comments?post=6748"}],"wp:featuredmedia":[{"embeddable":true,"href":"https:\/\/speedxperts.com\/nb\/wp-json\/wp\/v2\/media\/6746"}],"wp:attachment":[{"href":"https:\/\/speedxperts.com\/nb\/wp-json\/wp\/v2\/media?parent=6748"}],"wp:term":[{"taxonomy":"product_brand","embeddable":true,"href":"https:\/\/speedxperts.com\/nb\/wp-json\/wp\/v2\/product_brand?post=6748"},{"taxonomy":"product_cat","embeddable":true,"href":"https:\/\/speedxperts.com\/nb\/wp-json\/wp\/v2\/product_cat?post=6748"},{"taxonomy":"product_tag","embeddable":true,"href":"https:\/\/speedxperts.com\/nb\/wp-json\/wp\/v2\/product_tag?post=6748"}],"curies":[{"name":"wp","href":"https:\/\/api.w.org\/{rel}","templated":true}]}}