{"id":4839,"date":"2025-05-07T13:44:22","date_gmt":"2025-05-07T12:44:22","guid":{"rendered":"https:\/\/speedxperts.com\/?post_type=product&#038;p=4839"},"modified":"2025-05-07T13:59:38","modified_gmt":"2025-05-07T12:59:38","slug":"auto-voorruit-zonnescherm-paraplu","status":"publish","type":"product","link":"https:\/\/speedxperts.com\/nl\/product\/auto-voorruit-zonnescherm-paraplu\/","title":{"rendered":"Auto voorruit zonnescherm paraplu"},"content":{"rendered":"<h4><strong>Belangrijkste kenmerken:<\/strong><\/h4>\n<p>\ud83d\udd04 <strong>360\u00b0 draaibare handgreep<\/strong><br \/>\nInnovatief buigbaar ontwerp zorgt ervoor dat het handvat geen krassen maakt op het dashboard of interieur. Pas eenvoudig de hoek aan voor een perfecte plaatsing.<\/p>\n<p>\ud83d\udee1\ufe0f <strong>UV-bescherming bestaande uit vijf lagen<\/strong><br \/>\nPolyester met titaniumzilvercoating houdt intens zonlicht en schadelijke UV-stralen tegen, waardoor barsten en vervaging van je dashboard en bekleding worden voorkomen.<\/p>\n<p>\ud83d\udd28 <strong>Noodraamschakelaar<\/strong><br \/>\nIngebouwd veiligheidsgereedschap met een afgedekte hamer waarmee je het raam in geval van nood meteen kunt breken.<\/p>\n<p>\ud83e\ude9f <strong>Opening achteruitkijkspiegel<\/strong><br \/>\nHet speciale ontwerp van de uitsparing voorkomt interferentie met achteruitkijkspiegels en past precies achter de voorruit.<\/p>\n<p>\ud83e\uddf5 <strong>Versterkt bouwen<\/strong><br \/>\nSterker frame met 10 duurzame paraplubaleinen gemaakt van hoogwaardige vezels voor langdurig gebruik.<\/p>\n<p>\ud83d\udc5c <strong>Compact en opvouwbaar<\/strong><br \/>\nOpvouwbaar als een gewone paraplu - snel op te zetten en gemakkelijk op te bergen als je hem niet gebruikt.<\/p>\n<hr \/>\n<h4><strong>Specificaties:<\/strong><\/h4>\n<ul>\n<li><strong>Productnaam:<\/strong> Auto Zonnescherm Paraplu<\/li>\n<li><strong>Parapluribben:<\/strong> 10 zeer sterke vezelribben<\/li>\n<li><strong>Materiaal:<\/strong> Polyester met titaniumzilvercoating<\/li>\n<li><strong>Handvat:<\/strong> 360\u00b0 draaibaar, buigbaar, interieurveilig<\/li>\n<li><strong>Extra's:<\/strong> Noodraamhamer (met beschermkap)<\/li>\n<li><strong>Functionaliteit:<\/strong> UV-bescherming, warmte-isolatie, veiligheidsfunctie, compact ontwerp<\/li>\n<\/ul>\n<hr \/>\n<h4><strong>Waarom dit zonnescherm kiezen?<\/strong><\/h4>\n<p>Houdt UV en hitte effectief tegen<br \/>\n\u2714 Verhoogt de veiligheid in de cabine met een hulpmiddel voor noodgevallen<br \/>\n\u2714 Snelle installatie en verwijdering<br \/>\nDuurzame materialen<br \/>\n\u2714 Past op de meeste autoruiten<\/p>\n<p>&nbsp;<\/p>","protected":false},"excerpt":{"rendered":"<p>Bescherm je auto tegen verzengende hitte en schadelijke UV-stralen met deze alles-in-\u00e9\u00e9n ge\u00fcpgradede autozonneschermparaplu. Deze parasol is ontworpen met het oog op gemak, veiligheid en duurzaamheid en combineert warmte-isolatie met noodfunctionaliteit - waardoor het een essentieel autoaccessoire voor de zomer is.<\/p>","protected":false},"featured_media":4825,"comment_status":"open","ping_status":"closed","template":"","meta":{"_uag_custom_page_level_css":"","site-sidebar-layout":"default","site-content-layout":"","ast-site-content-layout":"default","site-content-style":"default","site-sidebar-style":"default","ast-global-header-display":"","ast-banner-title-visibility":"","ast-main-header-display":"","ast-hfb-above-header-display":"","ast-hfb-below-header-display":"","ast-hfb-mobile-header-display":"","site-post-title":"","ast-breadcrumbs-content":"","ast-featured-img":"","footer-sml-layout":"","theme-transparent-header-meta":"default","adv-header-id-meta":"","stick-header-meta":"","header-above-stick-meta":"","header-main-stick-meta":"","header-below-stick-meta":"","astra-migrate-meta-layouts":"set","ast-page-background-enabled":"default","ast-page-background-meta":{"desktop":{"background-color":"","background-image":"","background-repeat":"repeat","background-position":"center center","background-size":"auto","background-attachment":"scroll","background-type":"","background-media":"","overlay-type":"","overlay-color":"","overlay-opacity":"","overlay-gradient":""},"tablet":{"background-color":"","background-image":"","background-repeat":"repeat","background-position":"center center","background-size":"auto","background-attachment":"scroll","background-type":"","background-media":"","overlay-type":"","overlay-color":"","overlay-opacity":"","overlay-gradient":""},"mobile":{"background-color":"","background-image":"","background-repeat":"repeat","background-position":"center center","background-size":"auto","background-attachment":"scroll","background-type":"","background-media":"","overlay-type":"","overlay-color":"","overlay-opacity":"","overlay-gradient":""}},"ast-content-background-meta":{"desktop":{"background-color":"var(--ast-global-color-5)","background-image":"","background-repeat":"repeat","background-position":"center center","background-size":"auto","background-attachment":"scroll","background-type":"","background-media":"","overlay-type":"","overlay-color":"","overlay-opacity":"","overlay-gradient":""},"tablet":{"background-color":"var(--ast-global-color-5)","background-image":"","background-repeat":"repeat","background-position":"center center","background-size":"auto","background-attachment":"scroll","background-type":"","background-media":"","overlay-type":"","overlay-color":"","overlay-opacity":"","overlay-gradient":""},"mobile":{"background-color":"var(--ast-global-color-5)","background-image":"","background-repeat":"repeat","background-position":"center center","background-size":"auto","background-attachment":"scroll","background-type":"","background-media":"","overlay-type":"","overlay-color":"","overlay-opacity":"","overlay-gradient":""}}},"product_brand":[],"product_cat":[73],"product_tag":[],"class_list":{"0":"post-4839","1":"product","2":"type-product","3":"status-publish","4":"has-post-thumbnail","6":"product_cat-accessories","7":"desktop-align-left","8":"tablet-align-left","9":"mobile-align-left","10":"ast-product-gallery-layout-horizontal-slider","11":"ast-product-single-variable","12":"ast-product-tabs-layout-horizontal","14":"first","15":"instock","16":"shipping-taxable","17":"purchasable","18":"product-type-variable"},"aioseo_notices":[],"uagb_featured_image_src":{"full":["https:\/\/speedxperts.com\/wp-content\/uploads\/2025\/05\/S961b0094e2f24a5d8744b22365f7977ez.webp",1001,1001,false],"thumbnail":["https:\/\/speedxperts.com\/wp-content\/uploads\/2025\/05\/S961b0094e2f24a5d8744b22365f7977ez-150x150.webp",150,150,true],"medium":["https:\/\/speedxperts.com\/wp-content\/uploads\/2025\/05\/S961b0094e2f24a5d8744b22365f7977ez-300x300.webp",300,300,true],"medium_large":["https:\/\/speedxperts.com\/wp-content\/uploads\/2025\/05\/S961b0094e2f24a5d8744b22365f7977ez-768x768.webp",768,768,true],"large":["https:\/\/speedxperts.com\/wp-content\/uploads\/2025\/05\/S961b0094e2f24a5d8744b22365f7977ez.webp",1001,1001,false],"1536x1536":["https:\/\/speedxperts.com\/wp-content\/uploads\/2025\/05\/S961b0094e2f24a5d8744b22365f7977ez.webp",1001,1001,false],"2048x2048":["https:\/\/speedxperts.com\/wp-content\/uploads\/2025\/05\/S961b0094e2f24a5d8744b22365f7977ez.webp",1001,1001,false],"trp-custom-language-flag":["https:\/\/speedxperts.com\/wp-content\/uploads\/2025\/05\/S961b0094e2f24a5d8744b22365f7977ez-12x12.webp",12,12,true],"woocommerce_thumbnail":["https:\/\/speedxperts.com\/wp-content\/uploads\/2025\/05\/S961b0094e2f24a5d8744b22365f7977ez-300x300.webp",300,300,true],"woocommerce_single":["https:\/\/speedxperts.com\/wp-content\/uploads\/2025\/05\/S961b0094e2f24a5d8744b22365f7977ez-600x600.webp",600,600,true],"woocommerce_gallery_thumbnail":["https:\/\/speedxperts.com\/wp-content\/uploads\/2025\/05\/S961b0094e2f24a5d8744b22365f7977ez-100x100.webp",100,100,true]},"uagb_author_info":{"display_name":"Sebastian","author_link":"https:\/\/speedxperts.com\/nl\/author\/"},"uagb_comment_info":0,"uagb_excerpt":"Protect your vehicle from scorching heat and harmful UV rays with this all-in-one upgraded car sunshade umbrella. Designed for convenience, safety, and durability, this sunshade combines heat insulation with emergency functionality \u2014 making it an essential summer car accessory.","jetpack_sharing_enabled":true,"_links":{"self":[{"href":"https:\/\/speedxperts.com\/nl\/wp-json\/wp\/v2\/product\/4839","targetHints":{"allow":["GET"]}}],"collection":[{"href":"https:\/\/speedxperts.com\/nl\/wp-json\/wp\/v2\/product"}],"about":[{"href":"https:\/\/speedxperts.com\/nl\/wp-json\/wp\/v2\/types\/product"}],"replies":[{"embeddable":true,"href":"https:\/\/speedxperts.com\/nl\/wp-json\/wp\/v2\/comments?post=4839"}],"wp:featuredmedia":[{"embeddable":true,"href":"https:\/\/speedxperts.com\/nl\/wp-json\/wp\/v2\/media\/4825"}],"wp:attachment":[{"href":"https:\/\/speedxperts.com\/nl\/wp-json\/wp\/v2\/media?parent=4839"}],"wp:term":[{"taxonomy":"product_brand","embeddable":true,"href":"https:\/\/speedxperts.com\/nl\/wp-json\/wp\/v2\/product_brand?post=4839"},{"taxonomy":"product_cat","embeddable":true,"href":"https:\/\/speedxperts.com\/nl\/wp-json\/wp\/v2\/product_cat?post=4839"},{"taxonomy":"product_tag","embeddable":true,"href":"https:\/\/speedxperts.com\/nl\/wp-json\/wp\/v2\/product_tag?post=4839"}],"curies":[{"name":"wp","href":"https:\/\/api.w.org\/{rel}","templated":true}]}}