{"id":3039,"date":"2024-10-10T06:56:42","date_gmt":"2024-10-10T06:56:42","guid":{"rendered":"https:\/\/speedxperts.com\/product\/mongoose-j2534-pro-tool-for-volvo-toyota-lexus-jlr\/"},"modified":"2026-04-28T07:26:31","modified_gmt":"2026-04-28T06:26:31","slug":"mongoose-j2534-proffsverktyg-for-volvo-toyota-lexus-jlr","status":"publish","type":"product","link":"https:\/\/speedxperts.com\/sv\/product\/mongoose-j2534-proffsverktyg-for-volvo-toyota-lexus-jlr\/","title":{"rendered":"Mongose J2534 Pro Tool for Volvo, Toyota, Lexus, JLR"},"content":{"rendered":"<p>You will get the installation guide and download link\u00a0after purchase.<\/p>\n<p><strong>Don&#8217;t know which Diagnostic tool to choose for Volvo cars?<\/strong> <a href=\"https:\/\/speedxperts.com\/sv\/hur-man-valjer-ratt-diagnosverktyg-for-volvo\/\">Se v\u00e5r detaljerade j\u00e4mf\u00f6relse!<\/a><\/p>\n<p><strong>\u2705 Omfattande fordonskompatibilitet:<\/strong><\/p>\n<ul>\n<li><strong>Jaguar:<\/strong> 2005-2016<\/li>\n<li><strong>Land Rover:<\/strong> 2005-2016<\/li>\n<li><strong>Toyota:<\/strong> 1996-2022<\/li>\n<li><strong>Lexus:<\/strong> 1996-2022<\/li>\n<li><strong>Volvo:<\/strong> 1999-2014 (VIDA)<\/li>\n<li><strong>Volvo:<\/strong> 1998-2024 (VDASH D5T5)<\/li>\n<\/ul>\n<p><strong>\u2705 Programvaruversioner:<\/strong><\/p>\n<ul>\n<li><strong>JLR SDD:<\/strong> V164 - ing\u00e5r ej<\/li>\n<li><strong>Volvo Vida:<\/strong> 2014D - VirtualBox (Windows och MacOS)<\/li>\n<li><strong>Volvo Vida:<\/strong> 2014D - f\u00f6r Windows 7, 10, 11<\/li>\n<li><strong>Toyota TIS Techstream:<\/strong> 17 (<em>St\u00f6djer Windows 10, 64-bitars<\/em>)<\/li>\n<\/ul>\n<p><strong>\u2705 Viktig anm\u00e4rkning:<\/strong> Det \u00e4r en h\u00f6gkvalitativ klon av det ursprungliga Mongoose-verktyget. Dessa program kan inte installeras p\u00e5 samma dator. Se till att du har minst tv\u00e5 separata datorer f\u00f6r installationen.<\/p>\n<h3>JLR Cable 3-i-1-skanner Funktioner:<\/h3>\n<ol>\n<li>St\u00f6der diagnostik f\u00f6r <strong>OBD II<\/strong> fordon fr\u00e5n 1996 och fram\u00e5t.<\/li>\n<li>Handtag <strong>diagnostik och omprogrammering av flash<\/strong> f\u00f6r CAN-, J1850VPW- och ISO9141\/KWP2000-protokoll.<\/li>\n<li>USB-driven, med kompatibilitet f\u00f6r olika Windows-operativsystem (Windows 2000 till Windows 7).<\/li>\n<\/ol>\n<p><strong>Protokoll som st\u00f6ds:<\/strong><\/p>\n<ul>\n<li>J1850PWM \/ SCP<\/li>\n<li>ISO9141 \/ KWP2000<\/li>\n<li>CAN-buss (ISO 15765, GMLAN, ISO14229)<\/li>\n<\/ul>\n<h3>Toyota &amp; Lexus TIS Techstream Funktioner:<\/h3>\n<ol>\n<li><strong>Anpassningsbar diagnostik<\/strong> f\u00f6r fordon fr\u00e5n 1996 till idag.<\/li>\n<li>St\u00f6d f\u00f6r <strong>omprogrammering av flash<\/strong> och h\u00e4lsokontroller av fordon.<\/li>\n<li>Kompatibel med olika protokoll, bland annat <strong>K-Line ISO 9141<\/strong> och <strong>SAE J1850 PWM<\/strong>.<\/li>\n<\/ol>\n<h3>Volvo Vida Funktioner:<\/h3>\n<ol>\n<li>Omfattande diagnosfunktioner som t\u00e4cker allt fr\u00e5n motorsystem till bromsar och fj\u00e4dring.<\/li>\n<li>Tillhandah\u00e5ller <strong>information om reparation och reservdelar<\/strong> f\u00f6r korrekt fels\u00f6kning.<\/li>\n<li>St\u00f6der ocks\u00e5 VDASH-programmet fr\u00e5n D5T5.<\/li>\n<\/ol>\n<p>&nbsp;<\/p>","protected":false},"excerpt":{"rendered":"<p>Den <strong>Mongoose J2534<\/strong> \u00e4r ett m\u00e5ngsidigt diagnostik- och omprogrammeringsverktyg som \u00e4r perfekt f\u00f6r bilm\u00e4rken som Toyota, Lexus, Jaguar, Land Rover och Volvo. Den st\u00f6der <strong>J2534 ECU omprogrammering<\/strong> och erbjuder kompatibilitet med professionell programvara som <strong>Toyota Techstream<\/strong>, <strong>JLR SDD<\/strong>, och <strong>Volvo VIDA<\/strong>. Den \u00e4r idealisk f\u00f6r b\u00e5de proffs och hemmafixare och ger tillf\u00f6rlitlig diagnostik och omprogrammering f\u00f6r ett stort antal fordon.<\/p>","protected":false},"featured_media":3023,"comment_status":"open","ping_status":"closed","template":"","meta":{"_uag_custom_page_level_css":"","site-sidebar-layout":"default","site-content-layout":"","ast-site-content-layout":"default","site-content-style":"default","site-sidebar-style":"default","ast-global-header-display":"","ast-banner-title-visibility":"","ast-main-header-display":"","ast-hfb-above-header-display":"","ast-hfb-below-header-display":"","ast-hfb-mobile-header-display":"","site-post-title":"","ast-breadcrumbs-content":"","ast-featured-img":"","footer-sml-layout":"","theme-transparent-header-meta":"default","adv-header-id-meta":"","stick-header-meta":"","header-above-stick-meta":"","header-main-stick-meta":"","header-below-stick-meta":"","astra-migrate-meta-layouts":"set","ast-page-background-enabled":"default","ast-page-background-meta":{"desktop":{"background-color":"","background-image":"","background-repeat":"repeat","background-position":"center center","background-size":"auto","background-attachment":"scroll","background-type":"","background-media":"","overlay-type":"","overlay-color":"","overlay-opacity":"","overlay-gradient":""},"tablet":{"background-color":"","background-image":"","background-repeat":"repeat","background-position":"center center","background-size":"auto","background-attachment":"scroll","background-type":"","background-media":"","overlay-type":"","overlay-color":"","overlay-opacity":"","overlay-gradient":""},"mobile":{"background-color":"","background-image":"","background-repeat":"repeat","background-position":"center center","background-size":"auto","background-attachment":"scroll","background-type":"","background-media":"","overlay-type":"","overlay-color":"","overlay-opacity":"","overlay-gradient":""}},"ast-content-background-meta":{"desktop":{"background-color":"var(--ast-global-color-5)","background-image":"","background-repeat":"repeat","background-position":"center center","background-size":"auto","background-attachment":"scroll","background-type":"","background-media":"","overlay-type":"","overlay-color":"","overlay-opacity":"","overlay-gradient":""},"tablet":{"background-color":"var(--ast-global-color-5)","background-image":"","background-repeat":"repeat","background-position":"center center","background-size":"auto","background-attachment":"scroll","background-type":"","background-media":"","overlay-type":"","overlay-color":"","overlay-opacity":"","overlay-gradient":""},"mobile":{"background-color":"var(--ast-global-color-5)","background-image":"","background-repeat":"repeat","background-position":"center center","background-size":"auto","background-attachment":"scroll","background-type":"","background-media":"","overlay-type":"","overlay-color":"","overlay-opacity":"","overlay-gradient":""}}},"product_brand":[],"product_cat":[70],"product_tag":[82,81,79],"class_list":{"0":"post-3039","1":"product","2":"type-product","3":"status-publish","4":"has-post-thumbnail","6":"product_cat-diagnostic-tools","7":"product_tag-lexus","8":"product_tag-toyota","9":"product_tag-volvo","10":"desktop-align-left","11":"tablet-align-left","12":"mobile-align-left","13":"ast-product-gallery-layout-horizontal-slider","14":"ast-product-tabs-layout-horizontal","16":"first","17":"instock","18":"shipping-taxable","19":"purchasable","20":"product-type-simple"},"aioseo_notices":[],"uagb_featured_image_src":{"full":["https:\/\/speedxperts.com\/wp-content\/uploads\/2024\/10\/S76d5a03be2a14275bd85be59336dad48d.webp",1000,1000,false],"thumbnail":["https:\/\/speedxperts.com\/wp-content\/uploads\/2024\/10\/S76d5a03be2a14275bd85be59336dad48d-150x150.webp",150,150,true],"medium":["https:\/\/speedxperts.com\/wp-content\/uploads\/2024\/10\/S76d5a03be2a14275bd85be59336dad48d-300x300.webp",300,300,true],"medium_large":["https:\/\/speedxperts.com\/wp-content\/uploads\/2024\/10\/S76d5a03be2a14275bd85be59336dad48d-768x768.webp",768,768,true],"large":["https:\/\/speedxperts.com\/wp-content\/uploads\/2024\/10\/S76d5a03be2a14275bd85be59336dad48d.webp",1000,1000,false],"1536x1536":["https:\/\/speedxperts.com\/wp-content\/uploads\/2024\/10\/S76d5a03be2a14275bd85be59336dad48d.webp",1000,1000,false],"2048x2048":["https:\/\/speedxperts.com\/wp-content\/uploads\/2024\/10\/S76d5a03be2a14275bd85be59336dad48d.webp",1000,1000,false],"trp-custom-language-flag":["https:\/\/speedxperts.com\/wp-content\/uploads\/2024\/10\/S76d5a03be2a14275bd85be59336dad48d.webp",12,12,false],"woocommerce_thumbnail":["https:\/\/speedxperts.com\/wp-content\/uploads\/2024\/10\/S76d5a03be2a14275bd85be59336dad48d-300x300.webp",300,300,true],"woocommerce_single":["https:\/\/speedxperts.com\/wp-content\/uploads\/2024\/10\/S76d5a03be2a14275bd85be59336dad48d-600x600.webp",600,600,true],"woocommerce_gallery_thumbnail":["https:\/\/speedxperts.com\/wp-content\/uploads\/2024\/10\/S76d5a03be2a14275bd85be59336dad48d-100x100.webp",100,100,true]},"uagb_author_info":{"display_name":"Sebastian","author_link":"https:\/\/speedxperts.com\/sv\/author\/"},"uagb_comment_info":8,"uagb_excerpt":"The Mongoose J2534 is a versatile diagnostic and reprogramming tool, perfect for vehicle brands like Toyota, Lexus, Jaguar, Land Rover, and Volvo. It supports J2534 ECU reprogramming and offers compatibility with professional software like Toyota Techstream, JLR SDD, and Volvo VIDA. Ideal for both professionals and DIYers, it provides reliable diagnostics and reprogramming for a&hellip;","jetpack_sharing_enabled":true,"_links":{"self":[{"href":"https:\/\/speedxperts.com\/sv\/wp-json\/wp\/v2\/product\/3039","targetHints":{"allow":["GET"]}}],"collection":[{"href":"https:\/\/speedxperts.com\/sv\/wp-json\/wp\/v2\/product"}],"about":[{"href":"https:\/\/speedxperts.com\/sv\/wp-json\/wp\/v2\/types\/product"}],"replies":[{"embeddable":true,"href":"https:\/\/speedxperts.com\/sv\/wp-json\/wp\/v2\/comments?post=3039"}],"wp:featuredmedia":[{"embeddable":true,"href":"https:\/\/speedxperts.com\/sv\/wp-json\/wp\/v2\/media\/3023"}],"wp:attachment":[{"href":"https:\/\/speedxperts.com\/sv\/wp-json\/wp\/v2\/media?parent=3039"}],"wp:term":[{"taxonomy":"product_brand","embeddable":true,"href":"https:\/\/speedxperts.com\/sv\/wp-json\/wp\/v2\/product_brand?post=3039"},{"taxonomy":"product_cat","embeddable":true,"href":"https:\/\/speedxperts.com\/sv\/wp-json\/wp\/v2\/product_cat?post=3039"},{"taxonomy":"product_tag","embeddable":true,"href":"https:\/\/speedxperts.com\/sv\/wp-json\/wp\/v2\/product_tag?post=3039"}],"curies":[{"name":"wp","href":"https:\/\/api.w.org\/{rel}","templated":true}]}}