{"id":3297,"date":"2024-10-23T11:34:16","date_gmt":"2024-10-23T11:34:16","guid":{"rendered":"https:\/\/speedxperts.com\/product\/heated-car-seat-cover-black\/"},"modified":"2025-11-26T09:12:01","modified_gmt":"2025-11-26T08:12:01","slug":"uppvarmt-bilstolsoverdrag-svart","status":"publish","type":"product","link":"https:\/\/speedxperts.com\/sv\/product\/uppvarmt-bilstolsoverdrag-svart\/","title":{"rendered":"Uppv\u00e4rmt bilstols\u00f6verdrag Svart"},"content":{"rendered":"<p><strong>Specifikationer:<\/strong><\/p>\n<ul>\n<li><strong>F\u00e4rger:<\/strong> Svart<\/li>\n<li><strong>Material:<\/strong> Imiterad kashmir + v\u00e4rmetr\u00e5d<\/li>\n<li><strong>Storlek:<\/strong> 105 x 50 cm (41,33 x 1,96 tum)<\/li>\n<li><strong>Sp\u00e4nning:<\/strong> 12V<\/li>\n<li><strong>Kraft:<\/strong> 26W<\/li>\n<li><strong>Temperaturomr\u00e5de:<\/strong> 45\u00b0C - 65\u00b0C<\/li>\n<li><strong>Str\u00f6mk\u00e4lla:<\/strong> Gr\u00e4nssnitt f\u00f6r cigarett\u00e4ndare<\/li>\n<\/ul>\n<p><strong>Viktiga egenskaper:<\/strong><\/p>\n<ul>\n<li>Snabb uppv\u00e4rmning f\u00f6r omedelbar v\u00e4rme.<\/li>\n<li>S\u00e4ker passform med elastiska remmar.<\/li>\n<li>Bekv\u00e4mt och mjukt material f\u00f6r en avkopplande k\u00f6rning.<\/li>\n<\/ul>\n<p>Den h\u00e4r uppv\u00e4rmda bilstolsdynan \u00e4r perfekt f\u00f6r att h\u00e5lla v\u00e4rmen i kallt v\u00e4der och erbjuder enkel installation och p\u00e5litlig komfort.<\/p>\n<p>&nbsp;<\/p>","protected":false},"excerpt":{"rendered":"<p>H\u00e5ll dig varm under kalla bilf\u00e4rder med denna 12V uppv\u00e4rmda sittdyna, designad med mjuk kashmirimitation och v\u00e4rmetr\u00e5d f\u00f6r snabb och bekv\u00e4m v\u00e4rme. Den har elastiska remmar f\u00f6r s\u00e4ker fasts\u00e4ttning och v\u00e4rmer effektivt upp rygg och h\u00f6fter.<\/p>","protected":false},"featured_media":3293,"comment_status":"open","ping_status":"closed","template":"","meta":{"_uag_custom_page_level_css":"","site-sidebar-layout":"default","site-content-layout":"","ast-site-content-layout":"default","site-content-style":"default","site-sidebar-style":"default","ast-global-header-display":"","ast-banner-title-visibility":"","ast-main-header-display":"","ast-hfb-above-header-display":"","ast-hfb-below-header-display":"","ast-hfb-mobile-header-display":"","site-post-title":"","ast-breadcrumbs-content":"","ast-featured-img":"","footer-sml-layout":"","theme-transparent-header-meta":"default","adv-header-id-meta":"","stick-header-meta":"","header-above-stick-meta":"","header-main-stick-meta":"","header-below-stick-meta":"","astra-migrate-meta-layouts":"set","ast-page-background-enabled":"default","ast-page-background-meta":{"desktop":{"background-color":"","background-image":"","background-repeat":"repeat","background-position":"center center","background-size":"auto","background-attachment":"scroll","background-type":"","background-media":"","overlay-type":"","overlay-color":"","overlay-opacity":"","overlay-gradient":""},"tablet":{"background-color":"","background-image":"","background-repeat":"repeat","background-position":"center center","background-size":"auto","background-attachment":"scroll","background-type":"","background-media":"","overlay-type":"","overlay-color":"","overlay-opacity":"","overlay-gradient":""},"mobile":{"background-color":"","background-image":"","background-repeat":"repeat","background-position":"center center","background-size":"auto","background-attachment":"scroll","background-type":"","background-media":"","overlay-type":"","overlay-color":"","overlay-opacity":"","overlay-gradient":""}},"ast-content-background-meta":{"desktop":{"background-color":"var(--ast-global-color-5)","background-image":"","background-repeat":"repeat","background-position":"center center","background-size":"auto","background-attachment":"scroll","background-type":"","background-media":"","overlay-type":"","overlay-color":"","overlay-opacity":"","overlay-gradient":""},"tablet":{"background-color":"var(--ast-global-color-5)","background-image":"","background-repeat":"repeat","background-position":"center center","background-size":"auto","background-attachment":"scroll","background-type":"","background-media":"","overlay-type":"","overlay-color":"","overlay-opacity":"","overlay-gradient":""},"mobile":{"background-color":"var(--ast-global-color-5)","background-image":"","background-repeat":"repeat","background-position":"center center","background-size":"auto","background-attachment":"scroll","background-type":"","background-media":"","overlay-type":"","overlay-color":"","overlay-opacity":"","overlay-gradient":""}}},"product_brand":[],"product_cat":[1074,72,227],"product_tag":[],"class_list":{"0":"post-3297","1":"product","2":"type-product","3":"status-publish","4":"has-post-thumbnail","6":"product_cat-heated-seat-covers","7":"product_cat-interior-accessories","8":"product_cat-winter-accessories","9":"desktop-align-left","10":"tablet-align-left","11":"mobile-align-left","12":"ast-product-gallery-layout-horizontal-slider","13":"ast-product-tabs-layout-horizontal","15":"first","16":"instock","17":"sale","18":"shipping-taxable","19":"purchasable","20":"product-type-simple"},"aioseo_notices":[],"uagb_featured_image_src":{"full":["https:\/\/speedxperts.com\/wp-content\/uploads\/2024\/10\/Sc488d6bb316d44629c53710eae64c953O.webp",800,800,false],"thumbnail":["https:\/\/speedxperts.com\/wp-content\/uploads\/2024\/10\/Sc488d6bb316d44629c53710eae64c953O-150x150.webp",150,150,true],"medium":["https:\/\/speedxperts.com\/wp-content\/uploads\/2024\/10\/Sc488d6bb316d44629c53710eae64c953O-300x300.webp",300,300,true],"medium_large":["https:\/\/speedxperts.com\/wp-content\/uploads\/2024\/10\/Sc488d6bb316d44629c53710eae64c953O-768x768.webp",768,768,true],"large":["https:\/\/speedxperts.com\/wp-content\/uploads\/2024\/10\/Sc488d6bb316d44629c53710eae64c953O.webp",800,800,false],"1536x1536":["https:\/\/speedxperts.com\/wp-content\/uploads\/2024\/10\/Sc488d6bb316d44629c53710eae64c953O.webp",800,800,false],"2048x2048":["https:\/\/speedxperts.com\/wp-content\/uploads\/2024\/10\/Sc488d6bb316d44629c53710eae64c953O.webp",800,800,false],"trp-custom-language-flag":["https:\/\/speedxperts.com\/wp-content\/uploads\/2024\/10\/Sc488d6bb316d44629c53710eae64c953O-12x12.webp",12,12,true],"woocommerce_thumbnail":["https:\/\/speedxperts.com\/wp-content\/uploads\/2024\/10\/Sc488d6bb316d44629c53710eae64c953O-300x300.webp",300,300,true],"woocommerce_single":["https:\/\/speedxperts.com\/wp-content\/uploads\/2024\/10\/Sc488d6bb316d44629c53710eae64c953O-600x600.webp",600,600,true],"woocommerce_gallery_thumbnail":["https:\/\/speedxperts.com\/wp-content\/uploads\/2024\/10\/Sc488d6bb316d44629c53710eae64c953O-100x100.webp",100,100,true]},"uagb_author_info":{"display_name":"Sebastian","author_link":"https:\/\/speedxperts.com\/sv\/author\/"},"uagb_comment_info":0,"uagb_excerpt":"Stay cozy during cold drives with this 12V heated seat cushion, designed with soft imitation cashmere and heating wire for fast, comfortable warmth. It includes elastic straps for secure attachment and heats your back and hips efficiently.","jetpack_sharing_enabled":true,"_links":{"self":[{"href":"https:\/\/speedxperts.com\/sv\/wp-json\/wp\/v2\/product\/3297","targetHints":{"allow":["GET"]}}],"collection":[{"href":"https:\/\/speedxperts.com\/sv\/wp-json\/wp\/v2\/product"}],"about":[{"href":"https:\/\/speedxperts.com\/sv\/wp-json\/wp\/v2\/types\/product"}],"replies":[{"embeddable":true,"href":"https:\/\/speedxperts.com\/sv\/wp-json\/wp\/v2\/comments?post=3297"}],"wp:featuredmedia":[{"embeddable":true,"href":"https:\/\/speedxperts.com\/sv\/wp-json\/wp\/v2\/media\/3293"}],"wp:attachment":[{"href":"https:\/\/speedxperts.com\/sv\/wp-json\/wp\/v2\/media?parent=3297"}],"wp:term":[{"taxonomy":"product_brand","embeddable":true,"href":"https:\/\/speedxperts.com\/sv\/wp-json\/wp\/v2\/product_brand?post=3297"},{"taxonomy":"product_cat","embeddable":true,"href":"https:\/\/speedxperts.com\/sv\/wp-json\/wp\/v2\/product_cat?post=3297"},{"taxonomy":"product_tag","embeddable":true,"href":"https:\/\/speedxperts.com\/sv\/wp-json\/wp\/v2\/product_tag?post=3297"}],"curies":[{"name":"wp","href":"https:\/\/api.w.org\/{rel}","templated":true}]}}