{"id":3329,"date":"2024-10-23T11:34:49","date_gmt":"2024-10-23T11:34:49","guid":{"rendered":"https:\/\/speedxperts.com\/product\/heated-car-seat-cover-premium-orange-cotton\/"},"modified":"2025-11-26T09:11:59","modified_gmt":"2025-11-26T08:11:59","slug":"uppvarmt-bilstolsoverdrag-premium-orange-bomull","status":"publish","type":"product","link":"https:\/\/speedxperts.com\/sv\/product\/uppvarmt-bilstolsoverdrag-premium-orange-bomull\/","title":{"rendered":"Uppv\u00e4rmt bilstols\u00f6verdrag Premium Orange Bomull"},"content":{"rendered":"<p><strong>Specifikationer:<\/strong><\/p>\n<ul>\n<li><strong>F\u00e4rg:<\/strong> Orange<\/li>\n<li><strong>Material:<\/strong> Bomull<\/li>\n<li><strong>Ing\u00e5ng:<\/strong> 12-24V<\/li>\n<li><strong>Inst\u00e4llningar f\u00f6r str\u00f6mf\u00f6rs\u00f6rjning:<\/strong> 25W (h\u00f6g), 20W (medel), 13W (l\u00e5g)<\/li>\n<\/ul>\n<p><strong>Viktiga egenskaper:<\/strong><\/p>\n<ol>\n<li><strong>30 sekunders uppv\u00e4rmning:<\/strong> Njut av v\u00e4rmen snabbt med l\u00e4get \"\u2162\", som v\u00e4rms upp inom 30 sekunder.<\/li>\n<li><strong>Intelligent temperaturkontroll:<\/strong> V\u00e4xlar automatiskt till mellanl\u00e4ge efter 10 minuter f\u00f6r komfort och s\u00e4kerhet. Inkluderar en 50-minuters automatisk avst\u00e4ngningstimer.<\/li>\n<li><strong>V\u00e4rmetr\u00e5d av nickelbaserad legering:<\/strong> Snabb och j\u00e4mn uppv\u00e4rmning med t\u00e5lig h\u00f6gtemperaturbest\u00e4ndighet.<\/li>\n<li><strong>Sp\u00e4nningsskyddsanordning:<\/strong> Stoppar driften n\u00e4r sp\u00e4nningen \u00e4r f\u00f6r l\u00e5g f\u00f6r att garantera s\u00e4kerheten.<\/li>\n<li><strong>Skydd mot kortslutning:<\/strong> Inkluderar en flamskyddad cigarett\u00e4ndare f\u00f6r \u00f6kad s\u00e4kerhet.<\/li>\n<li><strong>Mjuka och slitstarka material:<\/strong> Tillverkad av flanell eller bomull som ger v\u00e4rme och komfort och \u00e4r l\u00e4tt att reng\u00f6ra.<\/li>\n<\/ol>\n<p>Detta uppv\u00e4rmda bilstols\u00f6verdrag \u00e4r perfekt f\u00f6r k\u00f6rning i kallt v\u00e4der och erbjuder v\u00e4rme och bekv\u00e4mlighet samtidigt som det garanterar s\u00e4kerheten med inbyggda skydd.<\/p>","protected":false},"excerpt":{"rendered":"<p>H\u00e5ll dig varm under vintern med detta 12-24 V uppv\u00e4rmda bilstols\u00f6verdrag, som \u00e4r utformat f\u00f6r att v\u00e4rmas upp snabbt och ge ultimat komfort. Stols\u00f6verdraget \u00e4r tillverkat av mjuk flanell eller tyg och har tre justerbara v\u00e4rmeinst\u00e4llningar, intelligent temperaturreglering och inbyggda s\u00e4kerhetsfunktioner.<\/p>","protected":false},"featured_media":3304,"comment_status":"open","ping_status":"closed","template":"","meta":{"_uag_custom_page_level_css":"","site-sidebar-layout":"default","site-content-layout":"","ast-site-content-layout":"default","site-content-style":"default","site-sidebar-style":"default","ast-global-header-display":"","ast-banner-title-visibility":"","ast-main-header-display":"","ast-hfb-above-header-display":"","ast-hfb-below-header-display":"","ast-hfb-mobile-header-display":"","site-post-title":"","ast-breadcrumbs-content":"","ast-featured-img":"","footer-sml-layout":"","ast-disable-related-posts":"","theme-transparent-header-meta":"default","adv-header-id-meta":"","stick-header-meta":"","header-above-stick-meta":"","header-main-stick-meta":"","header-below-stick-meta":"","astra-migrate-meta-layouts":"set","ast-page-background-enabled":"default","ast-page-background-meta":{"desktop":{"background-color":"","background-image":"","background-repeat":"repeat","background-position":"center center","background-size":"auto","background-attachment":"scroll","background-type":"","background-media":"","overlay-type":"","overlay-color":"","overlay-opacity":"","overlay-gradient":""},"tablet":{"background-color":"","background-image":"","background-repeat":"repeat","background-position":"center center","background-size":"auto","background-attachment":"scroll","background-type":"","background-media":"","overlay-type":"","overlay-color":"","overlay-opacity":"","overlay-gradient":""},"mobile":{"background-color":"","background-image":"","background-repeat":"repeat","background-position":"center center","background-size":"auto","background-attachment":"scroll","background-type":"","background-media":"","overlay-type":"","overlay-color":"","overlay-opacity":"","overlay-gradient":""}},"ast-content-background-meta":{"desktop":{"background-color":"var(--ast-global-color-5)","background-image":"","background-repeat":"repeat","background-position":"center center","background-size":"auto","background-attachment":"scroll","background-type":"","background-media":"","overlay-type":"","overlay-color":"","overlay-opacity":"","overlay-gradient":""},"tablet":{"background-color":"var(--ast-global-color-5)","background-image":"","background-repeat":"repeat","background-position":"center center","background-size":"auto","background-attachment":"scroll","background-type":"","background-media":"","overlay-type":"","overlay-color":"","overlay-opacity":"","overlay-gradient":""},"mobile":{"background-color":"var(--ast-global-color-5)","background-image":"","background-repeat":"repeat","background-position":"center center","background-size":"auto","background-attachment":"scroll","background-type":"","background-media":"","overlay-type":"","overlay-color":"","overlay-opacity":"","overlay-gradient":""}}},"product_brand":[],"product_cat":[1074,72,227],"product_tag":[],"class_list":{"0":"post-3329","1":"product","2":"type-product","3":"status-publish","4":"has-post-thumbnail","6":"product_cat-heated-seat-covers","7":"product_cat-interior-accessories","8":"product_cat-winter-accessories","9":"desktop-align-left","10":"tablet-align-left","11":"mobile-align-left","12":"ast-product-gallery-layout-horizontal-slider","13":"ast-product-single-variable","14":"ast-product-tabs-layout-horizontal","16":"first","17":"instock","18":"sale","19":"shipping-taxable","20":"purchasable","21":"product-type-variable"},"aioseo_notices":[],"uagb_featured_image_src":{"full":["https:\/\/speedxperts.com\/wp-content\/uploads\/2024\/10\/H436fe92e4bc14e2daea24f8aed99b16bb.webp",800,940,false],"thumbnail":["https:\/\/speedxperts.com\/wp-content\/uploads\/2024\/10\/H436fe92e4bc14e2daea24f8aed99b16bb-150x150.webp",150,150,true],"medium":["https:\/\/speedxperts.com\/wp-content\/uploads\/2024\/10\/H436fe92e4bc14e2daea24f8aed99b16bb-255x300.webp",255,300,true],"medium_large":["https:\/\/speedxperts.com\/wp-content\/uploads\/2024\/10\/H436fe92e4bc14e2daea24f8aed99b16bb-768x902.webp",768,902,true],"large":["https:\/\/speedxperts.com\/wp-content\/uploads\/2024\/10\/H436fe92e4bc14e2daea24f8aed99b16bb.webp",800,940,false],"1536x1536":["https:\/\/speedxperts.com\/wp-content\/uploads\/2024\/10\/H436fe92e4bc14e2daea24f8aed99b16bb.webp",800,940,false],"2048x2048":["https:\/\/speedxperts.com\/wp-content\/uploads\/2024\/10\/H436fe92e4bc14e2daea24f8aed99b16bb.webp",800,940,false],"trp-custom-language-flag":["https:\/\/speedxperts.com\/wp-content\/uploads\/2024\/10\/H436fe92e4bc14e2daea24f8aed99b16bb-10x12.webp",10,12,true],"woocommerce_thumbnail":["https:\/\/speedxperts.com\/wp-content\/uploads\/2024\/10\/H436fe92e4bc14e2daea24f8aed99b16bb-300x300.webp",300,300,true],"woocommerce_single":["https:\/\/speedxperts.com\/wp-content\/uploads\/2024\/10\/H436fe92e4bc14e2daea24f8aed99b16bb-600x705.webp",600,705,true],"woocommerce_gallery_thumbnail":["https:\/\/speedxperts.com\/wp-content\/uploads\/2024\/10\/H436fe92e4bc14e2daea24f8aed99b16bb-100x100.webp",100,100,true]},"uagb_author_info":{"display_name":"Sebastian","author_link":"https:\/\/speedxperts.com\/sv\/author\/"},"uagb_comment_info":0,"uagb_excerpt":"Stay warm during the winter with this 12-24V heated car seat cover, designed to heat up quickly and provide ultimate comfort. Made from soft flannel or cloth, this seat cover offers three adjustable heat settings, intelligent temperature control, and built-in safety features.","jetpack_sharing_enabled":true,"_links":{"self":[{"href":"https:\/\/speedxperts.com\/sv\/wp-json\/wp\/v2\/product\/3329","targetHints":{"allow":["GET"]}}],"collection":[{"href":"https:\/\/speedxperts.com\/sv\/wp-json\/wp\/v2\/product"}],"about":[{"href":"https:\/\/speedxperts.com\/sv\/wp-json\/wp\/v2\/types\/product"}],"replies":[{"embeddable":true,"href":"https:\/\/speedxperts.com\/sv\/wp-json\/wp\/v2\/comments?post=3329"}],"wp:featuredmedia":[{"embeddable":true,"href":"https:\/\/speedxperts.com\/sv\/wp-json\/wp\/v2\/media\/3304"}],"wp:attachment":[{"href":"https:\/\/speedxperts.com\/sv\/wp-json\/wp\/v2\/media?parent=3329"}],"wp:term":[{"taxonomy":"product_brand","embeddable":true,"href":"https:\/\/speedxperts.com\/sv\/wp-json\/wp\/v2\/product_brand?post=3329"},{"taxonomy":"product_cat","embeddable":true,"href":"https:\/\/speedxperts.com\/sv\/wp-json\/wp\/v2\/product_cat?post=3329"},{"taxonomy":"product_tag","embeddable":true,"href":"https:\/\/speedxperts.com\/sv\/wp-json\/wp\/v2\/product_tag?post=3329"}],"curies":[{"name":"wp","href":"https:\/\/api.w.org\/{rel}","templated":true}]}}