{"id":3332,"date":"2024-10-23T11:34:51","date_gmt":"2024-10-23T11:34:51","guid":{"rendered":"https:\/\/speedxperts.com\/product\/car-valve-cap-with-tire-pressure-indicator\/"},"modified":"2025-01-31T11:40:40","modified_gmt":"2025-01-31T10:40:40","slug":"ventilhatt-for-bil-med-dacktrycksindikator","status":"publish","type":"product","link":"https:\/\/speedxperts.com\/sv\/product\/ventilhatt-for-bil-med-dacktrycksindikator\/","title":{"rendered":"Ventilhatt f\u00f6r bil med d\u00e4cktrycksindikator"},"content":{"rendered":"<p><strong>Viktiga egenskaper:<\/strong><\/p>\n<ul>\n<li><strong>\u00d6vervakning i realtid:<\/strong> Tydligt f\u00f6nster som omedelbart visar avvikelser i d\u00e4cktrycket.<\/li>\n<li><strong>Slitstark design:<\/strong> Tillverkad f\u00f6r att t\u00e5la daglig anv\u00e4ndning, byggd f\u00f6r l\u00e5ngvarig prestanda.<\/li>\n<li><strong>L\u00e4tt och b\u00e4rbar:<\/strong> Kompakt och l\u00e4tt att b\u00e4ra med sig eller f\u00f6rvara.<\/li>\n<li><strong>F\u00f6rb\u00e4ttrad s\u00e4kerhet:<\/strong> Hj\u00e4lper till att h\u00e5lla r\u00e4tt d\u00e4cktryck, vilket minskar slitaget och f\u00f6rl\u00e4nger d\u00e4ckens livsl\u00e4ngd.<\/li>\n<\/ul>\n<p><strong>Specifikationer:<\/strong><\/p>\n<ul>\n<li><strong>Vikt:<\/strong> 35 g per upps\u00e4ttning med 4 ventilhattar<\/li>\n<li><strong>F\u00e4rg:<\/strong> Som framg\u00e5r av bilderna<\/li>\n<li><strong>Kompatibilitet:<\/strong> L\u00e4mplig f\u00f6r bilar och motorcyklar<\/li>\n<\/ul>\n<p><strong>Paketet inneh\u00e5ller:<\/strong><\/p>\n<ul>\n<li>2 eller 4 ventilk\u00e5por (beroende p\u00e5 val)<\/li>\n<\/ul>\n<p>&nbsp;<\/p>","protected":false},"excerpt":{"rendered":"<p>H\u00e5ll dina d\u00e4ck s\u00e4kra och f\u00f6rl\u00e4ng deras livsl\u00e4ngd med detta ventillock med d\u00e4cktrycksindikator f\u00f6r bilar. Detta praktiska tillbeh\u00f6r \u00e4r utformat f\u00f6r att vara l\u00e4tt, h\u00e5llbart och mycket praktiskt och ger \u00f6vervakning av d\u00e4cktrycket i realtid genom ett klart transparent f\u00f6nster. Det g\u00f6r att du enkelt kan uppt\u00e4cka onormalt tryck, vilket s\u00e4kerst\u00e4ller optimal d\u00e4ckprestanda och minskar slitaget.<\/p>","protected":false},"featured_media":3317,"comment_status":"open","ping_status":"closed","template":"","meta":{"_uag_custom_page_level_css":"","site-sidebar-layout":"default","site-content-layout":"","ast-site-content-layout":"default","site-content-style":"default","site-sidebar-style":"default","ast-global-header-display":"","ast-banner-title-visibility":"","ast-main-header-display":"","ast-hfb-above-header-display":"","ast-hfb-below-header-display":"","ast-hfb-mobile-header-display":"","site-post-title":"","ast-breadcrumbs-content":"","ast-featured-img":"","footer-sml-layout":"","theme-transparent-header-meta":"default","adv-header-id-meta":"","stick-header-meta":"","header-above-stick-meta":"","header-main-stick-meta":"","header-below-stick-meta":"","astra-migrate-meta-layouts":"set","ast-page-background-enabled":"default","ast-page-background-meta":{"desktop":{"background-color":"","background-image":"","background-repeat":"repeat","background-position":"center center","background-size":"auto","background-attachment":"scroll","background-type":"","background-media":"","overlay-type":"","overlay-color":"","overlay-opacity":"","overlay-gradient":""},"tablet":{"background-color":"","background-image":"","background-repeat":"repeat","background-position":"center center","background-size":"auto","background-attachment":"scroll","background-type":"","background-media":"","overlay-type":"","overlay-color":"","overlay-opacity":"","overlay-gradient":""},"mobile":{"background-color":"","background-image":"","background-repeat":"repeat","background-position":"center center","background-size":"auto","background-attachment":"scroll","background-type":"","background-media":"","overlay-type":"","overlay-color":"","overlay-opacity":"","overlay-gradient":""}},"ast-content-background-meta":{"desktop":{"background-color":"var(--ast-global-color-5)","background-image":"","background-repeat":"repeat","background-position":"center center","background-size":"auto","background-attachment":"scroll","background-type":"","background-media":"","overlay-type":"","overlay-color":"","overlay-opacity":"","overlay-gradient":""},"tablet":{"background-color":"var(--ast-global-color-5)","background-image":"","background-repeat":"repeat","background-position":"center center","background-size":"auto","background-attachment":"scroll","background-type":"","background-media":"","overlay-type":"","overlay-color":"","overlay-opacity":"","overlay-gradient":""},"mobile":{"background-color":"var(--ast-global-color-5)","background-image":"","background-repeat":"repeat","background-position":"center center","background-size":"auto","background-attachment":"scroll","background-type":"","background-media":"","overlay-type":"","overlay-color":"","overlay-opacity":"","overlay-gradient":""}}},"product_brand":[],"product_cat":[73],"product_tag":[],"class_list":{"0":"post-3332","1":"product","2":"type-product","3":"status-publish","4":"has-post-thumbnail","6":"product_cat-accessories","7":"desktop-align-left","8":"tablet-align-left","9":"mobile-align-left","10":"ast-product-gallery-layout-horizontal-slider","11":"ast-product-single-variable","12":"ast-product-tabs-layout-horizontal","14":"first","15":"instock","16":"shipping-taxable","17":"purchasable","18":"product-type-variable"},"aioseo_notices":[],"uagb_featured_image_src":{"full":["https:\/\/speedxperts.com\/wp-content\/uploads\/2024\/10\/Sea809f372a4042c3b04416840548676aa.webp",800,800,false],"thumbnail":["https:\/\/speedxperts.com\/wp-content\/uploads\/2024\/10\/Sea809f372a4042c3b04416840548676aa-150x150.webp",150,150,true],"medium":["https:\/\/speedxperts.com\/wp-content\/uploads\/2024\/10\/Sea809f372a4042c3b04416840548676aa-300x300.webp",300,300,true],"medium_large":["https:\/\/speedxperts.com\/wp-content\/uploads\/2024\/10\/Sea809f372a4042c3b04416840548676aa-768x768.webp",768,768,true],"large":["https:\/\/speedxperts.com\/wp-content\/uploads\/2024\/10\/Sea809f372a4042c3b04416840548676aa.webp",800,800,false],"1536x1536":["https:\/\/speedxperts.com\/wp-content\/uploads\/2024\/10\/Sea809f372a4042c3b04416840548676aa.webp",800,800,false],"2048x2048":["https:\/\/speedxperts.com\/wp-content\/uploads\/2024\/10\/Sea809f372a4042c3b04416840548676aa.webp",800,800,false],"trp-custom-language-flag":["https:\/\/speedxperts.com\/wp-content\/uploads\/2024\/10\/Sea809f372a4042c3b04416840548676aa-12x12.webp",12,12,true],"woocommerce_thumbnail":["https:\/\/speedxperts.com\/wp-content\/uploads\/2024\/10\/Sea809f372a4042c3b04416840548676aa-300x300.webp",300,300,true],"woocommerce_single":["https:\/\/speedxperts.com\/wp-content\/uploads\/2024\/10\/Sea809f372a4042c3b04416840548676aa-600x600.webp",600,600,true],"woocommerce_gallery_thumbnail":["https:\/\/speedxperts.com\/wp-content\/uploads\/2024\/10\/Sea809f372a4042c3b04416840548676aa-100x100.webp",100,100,true]},"uagb_author_info":{"display_name":"Sebastian","author_link":"https:\/\/speedxperts.com\/sv\/author\/"},"uagb_comment_info":0,"uagb_excerpt":"Keep your tires safe and prolong their life with this Car Valve Cap with Tire Pressure Indicator. Designed to be lightweight, durable, and highly practical, this handy accessory provides real-time tire pressure monitoring through a clear transparent window. It allows you to easily spot any abnormal pressure, ensuring optimal tire performance and reducing wear.","jetpack_sharing_enabled":true,"_links":{"self":[{"href":"https:\/\/speedxperts.com\/sv\/wp-json\/wp\/v2\/product\/3332","targetHints":{"allow":["GET"]}}],"collection":[{"href":"https:\/\/speedxperts.com\/sv\/wp-json\/wp\/v2\/product"}],"about":[{"href":"https:\/\/speedxperts.com\/sv\/wp-json\/wp\/v2\/types\/product"}],"replies":[{"embeddable":true,"href":"https:\/\/speedxperts.com\/sv\/wp-json\/wp\/v2\/comments?post=3332"}],"wp:featuredmedia":[{"embeddable":true,"href":"https:\/\/speedxperts.com\/sv\/wp-json\/wp\/v2\/media\/3317"}],"wp:attachment":[{"href":"https:\/\/speedxperts.com\/sv\/wp-json\/wp\/v2\/media?parent=3332"}],"wp:term":[{"taxonomy":"product_brand","embeddable":true,"href":"https:\/\/speedxperts.com\/sv\/wp-json\/wp\/v2\/product_brand?post=3332"},{"taxonomy":"product_cat","embeddable":true,"href":"https:\/\/speedxperts.com\/sv\/wp-json\/wp\/v2\/product_cat?post=3332"},{"taxonomy":"product_tag","embeddable":true,"href":"https:\/\/speedxperts.com\/sv\/wp-json\/wp\/v2\/product_tag?post=3332"}],"curies":[{"name":"wp","href":"https:\/\/api.w.org\/{rel}","templated":true}]}}