{"id":3521,"date":"2024-11-13T11:10:10","date_gmt":"2024-11-13T10:10:10","guid":{"rendered":"https:\/\/speedxperts.com\/product\/winter-car-shovel-and-ice-scraper-tool\/"},"modified":"2025-01-31T11:28:38","modified_gmt":"2025-01-31T10:28:38","slug":"vinterverktyg-for-bilspade-och-isskrapa","status":"publish","type":"product","link":"https:\/\/speedxperts.com\/sv\/product\/vinterverktyg-for-bilspade-och-isskrapa\/","title":{"rendered":"Vinterspade och isskrapa f\u00f6r bil"},"content":{"rendered":"<h3>Viktiga egenskaper:<\/h3>\n<p><strong>1. H\u00f6geffektiv borstning<\/strong><\/p>\n<ul>\n<li>Utrustad med 4 rader t\u00e4ta PP-rullborsth\u00e5r, speciellt polerade f\u00f6r noggrann sn\u00f6r\u00f6jning med minimal anstr\u00e4ngning. Reng\u00f6r din bil mer effektivt och spara tid under de frostiga morgnarna.<\/li>\n<\/ul>\n<p><strong>2. M\u00e5ngsidig och avtagbar design<\/strong><\/p>\n<ul>\n<li>Spaden har en separat design f\u00f6r ultimat bekv\u00e4mlighet. Anv\u00e4nd borsten och isskrapan i kombination eller ta loss dem f\u00f6r flexibel, m\u00e5linriktad anv\u00e4ndning.<\/li>\n<\/ul>\n<p><strong>3. Ergonomiskt handtag av EVA-skum<\/strong><\/p>\n<ul>\n<li>Njut av ett bekv\u00e4mt, halkfritt grepp med handtaget i skumplast, utformat med ergonomi i \u00e5tanke. S\u00e4kerst\u00e4ll maximal kontroll och anv\u00e4ndarv\u00e4nlighet, \u00e4ven med handskar p\u00e5.<\/li>\n<\/ul>\n<p><strong>4. Byggd f\u00f6r h\u00e5llbarhet<\/strong><\/p>\n<ul>\n<li>Den h\u00e4r sn\u00f6skyffeln \u00e4r tillverkad av robust ABS och slitstarka EVA-material och \u00e4r byggd f\u00f6r att h\u00e5lla l\u00e4nge. Sn\u00f6ledartr\u00e5get \u00f6kar effektiviteten och g\u00f6r processen mer arbetsbesparande.<\/li>\n<\/ul>\n<h3>Specifikationer:<\/h3>\n<ul>\n<li><strong>F\u00e4rgalternativ<\/strong>: R\u00f6d, gul<\/li>\n<li><strong>Material<\/strong>: ABS + slitt\u00e5lig EVA + PP-borst<\/li>\n<li><strong>M\u00e5tt och dimensioner<\/strong>: 660<em>105 mm (25,98<\/em>4,13 tum)<\/li>\n<li><strong>Anv\u00e4ndningsomr\u00e5den<\/strong>: Avisning, sn\u00f6skottning, sn\u00f6sopning, frostskrapning<\/li>\n<\/ul>\n<h3>Varf\u00f6r v\u00e4lja den h\u00e4r sn\u00f6skyffeln?<\/h3>\n<p>G\u00f6r vinterns bilv\u00e5rd snabb och enkel med detta allt-i-ett-verktyg. Oavsett om du beh\u00f6ver r\u00f6ja sn\u00f6, skrapa frost eller ta bort is fr\u00e5n vindrutan \u00e4r den h\u00e4r f\u00f6rl\u00e4ngningsbara och l\u00f6stagbara sn\u00f6skyffeln den perfekta l\u00f6sningen. Perfekt f\u00f6r alla som letar efter ett h\u00e5llbart, effektivt och l\u00e4ttanv\u00e4nt vintertillbeh\u00f6r f\u00f6r bilen.<\/p>\n<p><strong>Notera<\/strong>: P\u00e5 grund av variationer i bildsk\u00e4rmar och belysning kan den faktiska f\u00e4rgen p\u00e5 varan skilja sig n\u00e5got fr\u00e5n de bilder som visas. V\u00e4nligen till\u00e5t 1-3 cm avvikelse f\u00f6r manuella m\u00e4tningar.<\/p>\n<p>&nbsp;<\/p>","protected":false},"excerpt":{"rendered":"<p>H\u00e5ll dig f\u00f6rberedd i vinter med v\u00e5ra m\u00e5ngsidiga, <strong>Vinter Avtagbar sn\u00f6sopningsspade f\u00f6r bil med EVA-skumhandtag<\/strong> - det viktigaste biltillbeh\u00f6ret f\u00f6r att ta itu med sn\u00f6, frost och is p\u00e5 ditt fordon. Detta f\u00f6rl\u00e4ngningsbara sn\u00f6- och isborttagningsverktyg \u00e4r utformat f\u00f6r att g\u00f6ra dina vintermorgnar problemfria.<\/p>","protected":false},"featured_media":3503,"comment_status":"open","ping_status":"closed","template":"","meta":{"_uag_custom_page_level_css":"","site-sidebar-layout":"default","site-content-layout":"","ast-site-content-layout":"default","site-content-style":"default","site-sidebar-style":"default","ast-global-header-display":"","ast-banner-title-visibility":"","ast-main-header-display":"","ast-hfb-above-header-display":"","ast-hfb-below-header-display":"","ast-hfb-mobile-header-display":"","site-post-title":"","ast-breadcrumbs-content":"","ast-featured-img":"","footer-sml-layout":"","ast-disable-related-posts":"","theme-transparent-header-meta":"default","adv-header-id-meta":"","stick-header-meta":"","header-above-stick-meta":"","header-main-stick-meta":"","header-below-stick-meta":"","astra-migrate-meta-layouts":"set","ast-page-background-enabled":"default","ast-page-background-meta":{"desktop":{"background-color":"","background-image":"","background-repeat":"repeat","background-position":"center center","background-size":"auto","background-attachment":"scroll","background-type":"","background-media":"","overlay-type":"","overlay-color":"","overlay-opacity":"","overlay-gradient":""},"tablet":{"background-color":"","background-image":"","background-repeat":"repeat","background-position":"center center","background-size":"auto","background-attachment":"scroll","background-type":"","background-media":"","overlay-type":"","overlay-color":"","overlay-opacity":"","overlay-gradient":""},"mobile":{"background-color":"","background-image":"","background-repeat":"repeat","background-position":"center center","background-size":"auto","background-attachment":"scroll","background-type":"","background-media":"","overlay-type":"","overlay-color":"","overlay-opacity":"","overlay-gradient":""}},"ast-content-background-meta":{"desktop":{"background-color":"var(--ast-global-color-5)","background-image":"","background-repeat":"repeat","background-position":"center center","background-size":"auto","background-attachment":"scroll","background-type":"","background-media":"","overlay-type":"","overlay-color":"","overlay-opacity":"","overlay-gradient":""},"tablet":{"background-color":"var(--ast-global-color-5)","background-image":"","background-repeat":"repeat","background-position":"center center","background-size":"auto","background-attachment":"scroll","background-type":"","background-media":"","overlay-type":"","overlay-color":"","overlay-opacity":"","overlay-gradient":""},"mobile":{"background-color":"var(--ast-global-color-5)","background-image":"","background-repeat":"repeat","background-position":"center center","background-size":"auto","background-attachment":"scroll","background-type":"","background-media":"","overlay-type":"","overlay-color":"","overlay-opacity":"","overlay-gradient":""}}},"product_brand":[],"product_cat":[227],"product_tag":[],"class_list":{"0":"post-3521","1":"product","2":"type-product","3":"status-publish","4":"has-post-thumbnail","6":"product_cat-winter-accessories","7":"desktop-align-left","8":"tablet-align-left","9":"mobile-align-left","10":"ast-product-gallery-layout-horizontal-slider","11":"ast-product-single-variable","12":"ast-product-tabs-layout-horizontal","14":"first","15":"instock","16":"sale","17":"shipping-taxable","18":"purchasable","19":"product-type-variable","20":"has-default-attributes"},"aioseo_notices":[],"uagb_featured_image_src":{"full":["https:\/\/speedxperts.com\/wp-content\/uploads\/2024\/11\/S20044379ec1947159aeefe24b4f46d521.webp",800,800,false],"thumbnail":["https:\/\/speedxperts.com\/wp-content\/uploads\/2024\/11\/S20044379ec1947159aeefe24b4f46d521-150x150.webp",150,150,true],"medium":["https:\/\/speedxperts.com\/wp-content\/uploads\/2024\/11\/S20044379ec1947159aeefe24b4f46d521-300x300.webp",300,300,true],"medium_large":["https:\/\/speedxperts.com\/wp-content\/uploads\/2024\/11\/S20044379ec1947159aeefe24b4f46d521-768x768.webp",768,768,true],"large":["https:\/\/speedxperts.com\/wp-content\/uploads\/2024\/11\/S20044379ec1947159aeefe24b4f46d521.webp",800,800,false],"1536x1536":["https:\/\/speedxperts.com\/wp-content\/uploads\/2024\/11\/S20044379ec1947159aeefe24b4f46d521.webp",800,800,false],"2048x2048":["https:\/\/speedxperts.com\/wp-content\/uploads\/2024\/11\/S20044379ec1947159aeefe24b4f46d521.webp",800,800,false],"trp-custom-language-flag":["https:\/\/speedxperts.com\/wp-content\/uploads\/2024\/11\/S20044379ec1947159aeefe24b4f46d521-12x12.webp",12,12,true],"woocommerce_thumbnail":["https:\/\/speedxperts.com\/wp-content\/uploads\/2024\/11\/S20044379ec1947159aeefe24b4f46d521-300x300.webp",300,300,true],"woocommerce_single":["https:\/\/speedxperts.com\/wp-content\/uploads\/2024\/11\/S20044379ec1947159aeefe24b4f46d521-600x600.webp",600,600,true],"woocommerce_gallery_thumbnail":["https:\/\/speedxperts.com\/wp-content\/uploads\/2024\/11\/S20044379ec1947159aeefe24b4f46d521-100x100.webp",100,100,true]},"uagb_author_info":{"display_name":"Sebastian","author_link":"https:\/\/speedxperts.com\/sv\/author\/"},"uagb_comment_info":0,"uagb_excerpt":"Stay prepared this winter with our versatile, Winter Detachable Car Snow Sweeping Shovel with EVA Foam Handle \u2013 the essential car accessory for tackling snow, frost, and ice on your vehicle. This extendable snow and ice removal tool is designed to make your winter mornings hassle-free.","jetpack_sharing_enabled":true,"_links":{"self":[{"href":"https:\/\/speedxperts.com\/sv\/wp-json\/wp\/v2\/product\/3521","targetHints":{"allow":["GET"]}}],"collection":[{"href":"https:\/\/speedxperts.com\/sv\/wp-json\/wp\/v2\/product"}],"about":[{"href":"https:\/\/speedxperts.com\/sv\/wp-json\/wp\/v2\/types\/product"}],"replies":[{"embeddable":true,"href":"https:\/\/speedxperts.com\/sv\/wp-json\/wp\/v2\/comments?post=3521"}],"wp:featuredmedia":[{"embeddable":true,"href":"https:\/\/speedxperts.com\/sv\/wp-json\/wp\/v2\/media\/3503"}],"wp:attachment":[{"href":"https:\/\/speedxperts.com\/sv\/wp-json\/wp\/v2\/media?parent=3521"}],"wp:term":[{"taxonomy":"product_brand","embeddable":true,"href":"https:\/\/speedxperts.com\/sv\/wp-json\/wp\/v2\/product_brand?post=3521"},{"taxonomy":"product_cat","embeddable":true,"href":"https:\/\/speedxperts.com\/sv\/wp-json\/wp\/v2\/product_cat?post=3521"},{"taxonomy":"product_tag","embeddable":true,"href":"https:\/\/speedxperts.com\/sv\/wp-json\/wp\/v2\/product_tag?post=3521"}],"curies":[{"name":"wp","href":"https:\/\/api.w.org\/{rel}","templated":true}]}}