{"id":3539,"date":"2024-11-13T11:26:53","date_gmt":"2024-11-13T10:26:53","guid":{"rendered":"https:\/\/speedxperts.com\/product\/car-windshield-snow-cover-2\/"},"modified":"2025-01-31T11:40:47","modified_gmt":"2025-01-31T10:40:47","slug":"snoskydd-for-bilens-vindruta-2","status":"publish","type":"product","link":"https:\/\/speedxperts.com\/sv\/product\/snoskydd-for-bilens-vindruta-2\/","title":{"rendered":"Sn\u00f6skydd f\u00f6r bilvindruta"},"content":{"rendered":"<p><strong>Specifikationer:<\/strong><\/p>\n<ul>\n<li><strong>Typ:<\/strong> Solskydd och sn\u00f6skydd<\/li>\n<li><strong>Material:<\/strong> Vattent\u00e4tt tyg<\/li>\n<li><strong>Magnetisk design:<\/strong> S\u00e4kerst\u00e4ller en fast f\u00f6rankring<\/li>\n<li><strong>Passar:<\/strong> Passar de flesta bilvindrutor<\/li>\n<li><strong>Funktion:<\/strong> Skyddar mot sn\u00f6, frost, is och skadliga UV-str\u00e5lar<\/li>\n<\/ul>\n<p><strong>Viktiga egenskaper:<\/strong><\/p>\n<ul>\n<li><strong>Vattent\u00e4t och h\u00e5llbar:<\/strong> Motst\u00e5r vatten-, sn\u00f6- och solskador.<\/li>\n<li><strong>Magnetiska kanter:<\/strong> F\u00e4sts enkelt p\u00e5 bilen utan verktyg.<\/li>\n<li><strong>Anv\u00e4ndning under alla \u00e5rstider:<\/strong> H\u00e5ller din bil sval p\u00e5 sommaren och skyddar mot sn\u00f6 p\u00e5 vintern.<\/li>\n<li><strong>Universell passform:<\/strong> Kompatibel med de flesta bilmodeller.<\/li>\n<\/ul>\n<p>Se till att din bil \u00e4r skyddad under alla \u00e5rstider med detta l\u00e4ttanv\u00e4nda, slitstarka vindruteskydd!<\/p>\n<p>&nbsp;<\/p>","protected":false},"excerpt":{"rendered":"<p>Skydda din bil fr\u00e5n v\u00e4der och vind med detta multifunktionella solskydd och sn\u00f6skydd. Det \u00e4r utformat f\u00f6r att skydda vindrutan fr\u00e5n sn\u00f6, is och UV-str\u00e5lar och erbjuder skydd \u00e5ret runt med enkel montering med magnetiska kanter f\u00f6r en s\u00e4ker passform.<\/p>","protected":false},"featured_media":3532,"comment_status":"open","ping_status":"closed","template":"","meta":{"_uag_custom_page_level_css":"","site-sidebar-layout":"default","site-content-layout":"","ast-site-content-layout":"default","site-content-style":"default","site-sidebar-style":"default","ast-global-header-display":"","ast-banner-title-visibility":"","ast-main-header-display":"","ast-hfb-above-header-display":"","ast-hfb-below-header-display":"","ast-hfb-mobile-header-display":"","site-post-title":"","ast-breadcrumbs-content":"","ast-featured-img":"","footer-sml-layout":"","theme-transparent-header-meta":"default","adv-header-id-meta":"","stick-header-meta":"","header-above-stick-meta":"","header-main-stick-meta":"","header-below-stick-meta":"","astra-migrate-meta-layouts":"set","ast-page-background-enabled":"default","ast-page-background-meta":{"desktop":{"background-color":"","background-image":"","background-repeat":"repeat","background-position":"center center","background-size":"auto","background-attachment":"scroll","background-type":"","background-media":"","overlay-type":"","overlay-color":"","overlay-opacity":"","overlay-gradient":""},"tablet":{"background-color":"","background-image":"","background-repeat":"repeat","background-position":"center center","background-size":"auto","background-attachment":"scroll","background-type":"","background-media":"","overlay-type":"","overlay-color":"","overlay-opacity":"","overlay-gradient":""},"mobile":{"background-color":"","background-image":"","background-repeat":"repeat","background-position":"center center","background-size":"auto","background-attachment":"scroll","background-type":"","background-media":"","overlay-type":"","overlay-color":"","overlay-opacity":"","overlay-gradient":""}},"ast-content-background-meta":{"desktop":{"background-color":"var(--ast-global-color-5)","background-image":"","background-repeat":"repeat","background-position":"center center","background-size":"auto","background-attachment":"scroll","background-type":"","background-media":"","overlay-type":"","overlay-color":"","overlay-opacity":"","overlay-gradient":""},"tablet":{"background-color":"var(--ast-global-color-5)","background-image":"","background-repeat":"repeat","background-position":"center center","background-size":"auto","background-attachment":"scroll","background-type":"","background-media":"","overlay-type":"","overlay-color":"","overlay-opacity":"","overlay-gradient":""},"mobile":{"background-color":"var(--ast-global-color-5)","background-image":"","background-repeat":"repeat","background-position":"center center","background-size":"auto","background-attachment":"scroll","background-type":"","background-media":"","overlay-type":"","overlay-color":"","overlay-opacity":"","overlay-gradient":""}}},"product_brand":[],"product_cat":[227],"product_tag":[],"class_list":{"0":"post-3539","1":"product","2":"type-product","3":"status-publish","4":"has-post-thumbnail","6":"product_cat-winter-accessories","7":"desktop-align-left","8":"tablet-align-left","9":"mobile-align-left","10":"ast-product-gallery-layout-horizontal-slider","11":"ast-product-tabs-layout-horizontal","13":"first","14":"instock","15":"shipping-taxable","16":"purchasable","17":"product-type-simple"},"aioseo_notices":[],"uagb_featured_image_src":{"full":["https:\/\/speedxperts.com\/wp-content\/uploads\/2024\/11\/S82620d9576b54b22b3e7d9197c657bbbS.webp",800,800,false],"thumbnail":["https:\/\/speedxperts.com\/wp-content\/uploads\/2024\/11\/S82620d9576b54b22b3e7d9197c657bbbS-150x150.webp",150,150,true],"medium":["https:\/\/speedxperts.com\/wp-content\/uploads\/2024\/11\/S82620d9576b54b22b3e7d9197c657bbbS-300x300.webp",300,300,true],"medium_large":["https:\/\/speedxperts.com\/wp-content\/uploads\/2024\/11\/S82620d9576b54b22b3e7d9197c657bbbS-768x768.webp",768,768,true],"large":["https:\/\/speedxperts.com\/wp-content\/uploads\/2024\/11\/S82620d9576b54b22b3e7d9197c657bbbS.webp",800,800,false],"1536x1536":["https:\/\/speedxperts.com\/wp-content\/uploads\/2024\/11\/S82620d9576b54b22b3e7d9197c657bbbS.webp",800,800,false],"2048x2048":["https:\/\/speedxperts.com\/wp-content\/uploads\/2024\/11\/S82620d9576b54b22b3e7d9197c657bbbS.webp",800,800,false],"trp-custom-language-flag":["https:\/\/speedxperts.com\/wp-content\/uploads\/2024\/11\/S82620d9576b54b22b3e7d9197c657bbbS-12x12.webp",12,12,true],"woocommerce_thumbnail":["https:\/\/speedxperts.com\/wp-content\/uploads\/2024\/11\/S82620d9576b54b22b3e7d9197c657bbbS-300x300.webp",300,300,true],"woocommerce_single":["https:\/\/speedxperts.com\/wp-content\/uploads\/2024\/11\/S82620d9576b54b22b3e7d9197c657bbbS-600x600.webp",600,600,true],"woocommerce_gallery_thumbnail":["https:\/\/speedxperts.com\/wp-content\/uploads\/2024\/11\/S82620d9576b54b22b3e7d9197c657bbbS-100x100.webp",100,100,true]},"uagb_author_info":{"display_name":"Sebastian","author_link":"https:\/\/speedxperts.com\/sv\/author\/"},"uagb_comment_info":0,"uagb_excerpt":"Protect your car from the elements with this multifunctional sunshade and snow cover. Designed to shield your windshield from snow, ice, and UV rays, it offers year-round protection with ease of installation using magnetic edges for a secure fit.","jetpack_sharing_enabled":true,"_links":{"self":[{"href":"https:\/\/speedxperts.com\/sv\/wp-json\/wp\/v2\/product\/3539","targetHints":{"allow":["GET"]}}],"collection":[{"href":"https:\/\/speedxperts.com\/sv\/wp-json\/wp\/v2\/product"}],"about":[{"href":"https:\/\/speedxperts.com\/sv\/wp-json\/wp\/v2\/types\/product"}],"replies":[{"embeddable":true,"href":"https:\/\/speedxperts.com\/sv\/wp-json\/wp\/v2\/comments?post=3539"}],"wp:featuredmedia":[{"embeddable":true,"href":"https:\/\/speedxperts.com\/sv\/wp-json\/wp\/v2\/media\/3532"}],"wp:attachment":[{"href":"https:\/\/speedxperts.com\/sv\/wp-json\/wp\/v2\/media?parent=3539"}],"wp:term":[{"taxonomy":"product_brand","embeddable":true,"href":"https:\/\/speedxperts.com\/sv\/wp-json\/wp\/v2\/product_brand?post=3539"},{"taxonomy":"product_cat","embeddable":true,"href":"https:\/\/speedxperts.com\/sv\/wp-json\/wp\/v2\/product_cat?post=3539"},{"taxonomy":"product_tag","embeddable":true,"href":"https:\/\/speedxperts.com\/sv\/wp-json\/wp\/v2\/product_tag?post=3539"}],"curies":[{"name":"wp","href":"https:\/\/api.w.org\/{rel}","templated":true}]}}