{"id":3662,"date":"2024-12-10T10:50:57","date_gmt":"2024-12-10T09:50:57","guid":{"rendered":"https:\/\/speedxperts.com\/product\/multidiag-pro-v3-0-multi-brand-diagnostic-tool\/"},"modified":"2026-04-24T11:31:28","modified_gmt":"2026-04-24T10:31:28","slug":"multidiag-pro-v3-0-diagnosverktyg-for-flera-marken","status":"publish","type":"product","link":"https:\/\/speedxperts.com\/sv\/product\/multidiag-pro-v3-0-diagnosverktyg-for-flera-marken\/","title":{"rendered":"Multidiag Pro V3.0 Diagnosverktyg f\u00f6r flera m\u00e4rken"},"content":{"rendered":"<p><strong>Inkluderar programvara f\u00f6r bilar och lastbilar 2021<\/strong>: Programvaran ing\u00e5r och ger fullst\u00e4ndiga diagnosfunktioner f\u00f6r bilar och lastbilar. Du f\u00e5r installationsguiden och <strong>L\u00e4nk f\u00f6r nedladdning <\/strong>i PDF-fil efter k\u00f6pet.<\/p>\n<p>Viktiga egenskaper:<\/p>\n<ul>\n<li><strong>Klon av h\u00f6g kvalitet<\/strong>: Ger samma avancerade diagnosfunktioner som Delfi DS150 till ett mer budgetv\u00e4nligt pris.<\/li>\n<li><strong>Version med dubbla kretskort: <\/strong>Diagnosverktyg byggt med tv\u00e5 h\u00f6gkvalitativa kretskort f\u00f6r f\u00f6rb\u00e4ttrad stabilitet, b\u00e4ttre v\u00e4rmeavledning och mer tillf\u00f6rlitlig fordonskommunikation.<\/li>\n<li><strong>Kompatibilitet med flera varum\u00e4rken<\/strong>: Fungerar med ett stort antal olika fordonsm\u00e4rken och modeller, b\u00e5de personbilar och lastbilar.<\/li>\n<li><strong>Cars &amp; Trucks 2021 Programvara ing\u00e5r<\/strong>: F\u00e5 tillg\u00e5ng till de senaste funktionerna och uppdateringarna f\u00f6r omfattande diagnostik av de flesta fordonsm\u00e4rken.<\/li>\n<li><strong>Omfattande funktionalitet<\/strong>:\n<ul>\n<li>L\u00e4sa och rensa diagnostiska felkoder (DTC).<\/li>\n<li>Utf\u00f6r sensorkontroller, ECU-programmering och komponentaktivering.<\/li>\n<li>F\u00e5 tillg\u00e5ng till servicefunktioner som \u00e5terst\u00e4llning av serviceintervall, kalibreringar med mera.<\/li>\n<\/ul>\n<\/li>\n<li><strong>OBD2-st\u00f6d<\/strong>: Fullst\u00e4ndigt kompatibel med OBD2-protokoll f\u00f6r moderna fordon.<\/li>\n<li><strong>Enkel installation<\/strong>: Levereras med en detaljerad steg-f\u00f6r-steg-guide f\u00f6r enkel installation.<\/li>\n<\/ul>\n<p>Fordon som st\u00f6ds:<\/p>\n<ul>\n<li><strong>Bilar<\/strong>: T\u00e4cker de flesta europeiska, amerikanska och asiatiska m\u00e4rken fr\u00e5n 1996 och fram\u00e5t.<\/li>\n<li><strong>Lastbilar<\/strong>: St\u00f6der diagnostik f\u00f6r de flesta lastbilar, inklusive tunga modeller.<\/li>\n<\/ul>\n<p><strong>Obs: Vissa bilar och lastbilar kanske inte st\u00f6ds av det h\u00e4r verktyget. Speciellt bilar upp till 2002 MY och BMW E, F och G-serier. F\u00f6r maximal kompatibilitet, k\u00f6p <a href=\"https:\/\/speedxperts.com\/sv\/product\/wurth-wow-snooper-premiumverktyg-1pcb-version-diagnosverktyg-for-flera-marken\/\">1PCB Premiumverktyg<\/a>.<\/strong><\/p>\n<p>Paketet inneh\u00e5ller:<\/p>\n<ul>\n<li><strong>1 x Multidiag Pro v3.0 diagnostisk scanner<\/strong> (V\u00e4lj mellan Multidiag Pro eller klassiskt skal).<\/li>\n<li><strong>1 x USB-kabel<\/strong>: F\u00f6r stabila anslutningar under diagnostik.<\/li>\n<li><strong>1 x programvara f\u00f6r Cars &amp; Trucks 2021<\/strong>: Programvara ing\u00e5r via nedladdningsl\u00e4nk.<\/li>\n<li><strong>1 x Installationshandbok<\/strong>: Enkla instruktioner som hj\u00e4lper dig att komma ig\u00e5ng.<\/li>\n<\/ul>\n<p><strong>K\u00f6pebrev:<\/strong><\/p>\n<p>B\u00e5da skalkonstruktionerna \u00e4r funktionellt identiska. V\u00e4lj den som passar dig b\u00e4st och du vet att du f\u00e5r samma kraftfulla diagnosverktyg.<\/p>\n<p>Varf\u00f6r v\u00e4lja Multidiag Pro v3.0?<\/p>\n<p>Den <strong>Multidiag Pro v3.0<\/strong> kombinerar prisv\u00e4rdhet med prestanda av professionell kvalitet, vilket g\u00f6r den till det ultimata diagnosverktyget f\u00f6r olika fordon. Oavsett om du \u00e4r en g\u00f6r-det-sj\u00e4lv-entusiast eller ett verkstadsproffs ger den h\u00e4r skannern tillf\u00f6rlitliga resultat varje g\u00e5ng.<\/p>\n<p>Uppgradera din diagnostiska kapacitet idag med Multidiag Pro v3.0!<\/p>\n<h4>Videoinstallationsguide ing\u00e5r!<\/h4>","protected":false},"excerpt":{"rendered":"<p>Den <strong>Multidiag Pro v3.0<\/strong> \u00e4r ett m\u00e5ngsidigt och prisv\u00e4rt diagnosverktyg som \u00e4r utformat f\u00f6r b\u00e5de proffs och bilentusiaster. Denna h\u00f6gkvalitativa klon \u00e4r funktionellt identisk med den v\u00e4lk\u00e4nda Delfi DS150 och erbjuder omfattande diagnostik f\u00f6r bilar och lastbilar med den senaste Cars &amp; Trucks 2021-programvaran inkluderad. V\u00e4lj mellan tv\u00e5 skaldesigner - den moderna Multidiag Pro eller den klassiska stilen - utan n\u00e5gon skillnad i prestanda.<\/p>","protected":false},"featured_media":3633,"comment_status":"open","ping_status":"closed","template":"","meta":{"_uag_custom_page_level_css":"","site-sidebar-layout":"default","site-content-layout":"","ast-site-content-layout":"default","site-content-style":"default","site-sidebar-style":"default","ast-global-header-display":"","ast-banner-title-visibility":"","ast-main-header-display":"","ast-hfb-above-header-display":"","ast-hfb-below-header-display":"","ast-hfb-mobile-header-display":"","site-post-title":"","ast-breadcrumbs-content":"","ast-featured-img":"","footer-sml-layout":"","theme-transparent-header-meta":"default","adv-header-id-meta":"","stick-header-meta":"","header-above-stick-meta":"","header-main-stick-meta":"","header-below-stick-meta":"","astra-migrate-meta-layouts":"set","ast-page-background-enabled":"default","ast-page-background-meta":{"desktop":{"background-color":"","background-image":"","background-repeat":"repeat","background-position":"center center","background-size":"auto","background-attachment":"scroll","background-type":"","background-media":"","overlay-type":"","overlay-color":"","overlay-opacity":"","overlay-gradient":""},"tablet":{"background-color":"","background-image":"","background-repeat":"repeat","background-position":"center center","background-size":"auto","background-attachment":"scroll","background-type":"","background-media":"","overlay-type":"","overlay-color":"","overlay-opacity":"","overlay-gradient":""},"mobile":{"background-color":"","background-image":"","background-repeat":"repeat","background-position":"center center","background-size":"auto","background-attachment":"scroll","background-type":"","background-media":"","overlay-type":"","overlay-color":"","overlay-opacity":"","overlay-gradient":""}},"ast-content-background-meta":{"desktop":{"background-color":"var(--ast-global-color-5)","background-image":"","background-repeat":"repeat","background-position":"center center","background-size":"auto","background-attachment":"scroll","background-type":"","background-media":"","overlay-type":"","overlay-color":"","overlay-opacity":"","overlay-gradient":""},"tablet":{"background-color":"var(--ast-global-color-5)","background-image":"","background-repeat":"repeat","background-position":"center center","background-size":"auto","background-attachment":"scroll","background-type":"","background-media":"","overlay-type":"","overlay-color":"","overlay-opacity":"","overlay-gradient":""},"mobile":{"background-color":"var(--ast-global-color-5)","background-image":"","background-repeat":"repeat","background-position":"center center","background-size":"auto","background-attachment":"scroll","background-type":"","background-media":"","overlay-type":"","overlay-color":"","overlay-opacity":"","overlay-gradient":""}}},"product_brand":[],"product_cat":[70],"product_tag":[],"class_list":{"0":"post-3662","1":"product","2":"type-product","3":"status-publish","4":"has-post-thumbnail","6":"product_cat-diagnostic-tools","7":"desktop-align-left","8":"tablet-align-left","9":"mobile-align-left","10":"ast-product-gallery-layout-horizontal-slider","11":"ast-product-tabs-layout-horizontal","13":"first","14":"instock","15":"shipping-taxable","16":"purchasable","17":"product-type-simple"},"aioseo_notices":[],"uagb_featured_image_src":{"full":["https:\/\/speedxperts.com\/wp-content\/uploads\/2024\/12\/Sca1069f2beb249908f774294b27b4809k.webp",2000,2000,false],"thumbnail":["https:\/\/speedxperts.com\/wp-content\/uploads\/2024\/12\/Sca1069f2beb249908f774294b27b4809k-150x150.webp",150,150,true],"medium":["https:\/\/speedxperts.com\/wp-content\/uploads\/2024\/12\/Sca1069f2beb249908f774294b27b4809k-300x300.webp",300,300,true],"medium_large":["https:\/\/speedxperts.com\/wp-content\/uploads\/2024\/12\/Sca1069f2beb249908f774294b27b4809k-768x768.webp",768,768,true],"large":["https:\/\/speedxperts.com\/wp-content\/uploads\/2024\/12\/Sca1069f2beb249908f774294b27b4809k-1024x1024.webp",1024,1024,true],"1536x1536":["https:\/\/speedxperts.com\/wp-content\/uploads\/2024\/12\/Sca1069f2beb249908f774294b27b4809k-1536x1536.webp",1536,1536,true],"2048x2048":["https:\/\/speedxperts.com\/wp-content\/uploads\/2024\/12\/Sca1069f2beb249908f774294b27b4809k.webp",2000,2000,false],"trp-custom-language-flag":["https:\/\/speedxperts.com\/wp-content\/uploads\/2024\/12\/Sca1069f2beb249908f774294b27b4809k-12x12.webp",12,12,true],"woocommerce_thumbnail":["https:\/\/speedxperts.com\/wp-content\/uploads\/2024\/12\/Sca1069f2beb249908f774294b27b4809k-300x300.webp",300,300,true],"woocommerce_single":["https:\/\/speedxperts.com\/wp-content\/uploads\/2024\/12\/Sca1069f2beb249908f774294b27b4809k-600x600.webp",600,600,true],"woocommerce_gallery_thumbnail":["https:\/\/speedxperts.com\/wp-content\/uploads\/2024\/12\/Sca1069f2beb249908f774294b27b4809k-100x100.webp",100,100,true]},"uagb_author_info":{"display_name":"Sebastian","author_link":"https:\/\/speedxperts.com\/sv\/author\/"},"uagb_comment_info":0,"uagb_excerpt":"The Multidiag Pro v3.0 is a versatile and affordable diagnostic tool designed for professionals and car enthusiasts alike. Functionally identical to the renowned Delfi DS150, this high-quality clone offers comprehensive diagnostics for cars and trucks with the latest Cars &amp; Trucks 2021 software included. Choose between two shell designs \u2013 the modern Multidiag Pro or&hellip;","jetpack_sharing_enabled":true,"_links":{"self":[{"href":"https:\/\/speedxperts.com\/sv\/wp-json\/wp\/v2\/product\/3662","targetHints":{"allow":["GET"]}}],"collection":[{"href":"https:\/\/speedxperts.com\/sv\/wp-json\/wp\/v2\/product"}],"about":[{"href":"https:\/\/speedxperts.com\/sv\/wp-json\/wp\/v2\/types\/product"}],"replies":[{"embeddable":true,"href":"https:\/\/speedxperts.com\/sv\/wp-json\/wp\/v2\/comments?post=3662"}],"wp:featuredmedia":[{"embeddable":true,"href":"https:\/\/speedxperts.com\/sv\/wp-json\/wp\/v2\/media\/3633"}],"wp:attachment":[{"href":"https:\/\/speedxperts.com\/sv\/wp-json\/wp\/v2\/media?parent=3662"}],"wp:term":[{"taxonomy":"product_brand","embeddable":true,"href":"https:\/\/speedxperts.com\/sv\/wp-json\/wp\/v2\/product_brand?post=3662"},{"taxonomy":"product_cat","embeddable":true,"href":"https:\/\/speedxperts.com\/sv\/wp-json\/wp\/v2\/product_cat?post=3662"},{"taxonomy":"product_tag","embeddable":true,"href":"https:\/\/speedxperts.com\/sv\/wp-json\/wp\/v2\/product_tag?post=3662"}],"curies":[{"name":"wp","href":"https:\/\/api.w.org\/{rel}","templated":true}]}}