{"id":3910,"date":"2025-01-04T18:11:27","date_gmt":"2025-01-04T17:11:27","guid":{"rendered":"https:\/\/speedxperts.com\/?post_type=product&#038;p=3910"},"modified":"2025-02-04T15:23:25","modified_gmt":"2025-02-04T14:23:25","slug":"universal-uppblasbar-sang-for-bilresor-175x130cm","status":"publish","type":"product","link":"https:\/\/speedxperts.com\/sv\/product\/universal-uppblasbar-sang-for-bilresor-175x130cm\/","title":{"rendered":"Universal uppbl\u00e5sbar s\u00e4ng f\u00f6r bilresor - 175x130cm"},"content":{"rendered":"<p>F\u00f6rb\u00e4ttra din reseupplevelse med <strong>Universal uppbl\u00e5sbar s\u00e4ng f\u00f6r bilresor<\/strong>Den \u00e4r utformad f\u00f6r ultimat komfort och bekv\u00e4mlighet. Den h\u00e4r m\u00e5ngsidiga luftmadrassen passar de flesta bilar, SUV:ar och husvagnar, vilket g\u00f6r den idealisk f\u00f6r bilresor, familjeutflykter, camping och \u00f6vernattningar.<\/p>\n<h3><strong>Viktiga egenskaper:<\/strong><\/h3>\n<p>\u2705 <strong>Premiumstorlek och komfort<\/strong>:<\/p>\n<ul>\n<li>M\u00e5tt: <strong>175x130cm (68,9\u00d751,2 tum)<\/strong><\/li>\n<li>Rymlig och st\u00f6djande design f\u00f6r att s\u00e4kerst\u00e4lla en vilsam s\u00f6mn f\u00f6r tv\u00e5 vuxna.<\/li>\n<\/ul>\n<p>\u2705 <strong>Sex oberoende luftkammare<\/strong>:<\/p>\n<ul>\n<li>St\u00f6der separat uppbl\u00e5sning f\u00f6r att anpassa fasthet och passform f\u00f6r bilens baks\u00e4te eller bagageutrymme.<\/li>\n<li>Vikbar i icke uppbl\u00e5st tillst\u00e5nd f\u00f6r enkel f\u00f6rvaring.<\/li>\n<\/ul>\n<p>\u2705 <strong>H\u00f6gkvalitativt material<\/strong>:<\/p>\n<ul>\n<li>Tillverkad av <strong>flockad PVC<\/strong> f\u00f6r h\u00e5llbarhet, smidighet och komfort.<\/li>\n<li>Honeycombed-design ger b\u00e4ttre tryckf\u00f6rdelning f\u00f6r extra st\u00f6d.<\/li>\n<\/ul>\n<p>\u2705 <strong>L\u00e4cks\u00e4ker design<\/strong>:<\/p>\n<ul>\n<li>Dubbelradig s\u00f6mkantsteknik och <strong>3-lagers l\u00e4ckages\u00e4kra ventiler<\/strong> f\u00f6rhindra luftl\u00e4ckage.<\/li>\n<\/ul>\n<p>\u2705 <strong>Snabb och enkel installation<\/strong>:<\/p>\n<ul>\n<li>Levereras med en <strong>12V luftpump<\/strong> f\u00f6r snabb uppbl\u00e5sning p\u00e5 n\u00e5gra minuter. (<em>Pumpen \u00e4r INTE kompatibel med d\u00e4ck, yogabollar eller simringar.<\/em>)<\/li>\n<\/ul>\n<p>\u2705 <strong>Bekv\u00e4m och b\u00e4rbar<\/strong>:<\/p>\n<ul>\n<li>Inneh\u00e5ller en <strong>f\u00f6rvaringsv\u00e4ska<\/strong> f\u00f6r kompakt b\u00e4rbarhet och ett baks\u00e4tesst\u00f6d f\u00f6r bil f\u00f6r att h\u00e5lla s\u00e4ngen stabil under anv\u00e4ndning.<\/li>\n<\/ul>\n<p>\u2705 <strong>Multifunktionell anv\u00e4ndning<\/strong>:<\/p>\n<ul>\n<li>Perfekt f\u00f6r <strong>camping, bilresor, picknick, raster p\u00e5 kontoret och g\u00e4sts\u00e4ngar<\/strong> hemma.<\/li>\n<li>Kompatibel med <strong>Stadsjeepar, husbilar, minibussar och sedaner<\/strong>.<\/li>\n<\/ul>\n<hr \/>\n<h3><strong>Paketet inneh\u00e5ller<\/strong>:<\/h3>\n<ul>\n<li>1 x Uppbl\u00e5sbar bilmadrass<\/li>\n<li>1 x Kudde<\/li>\n<li>1 x luftpump (12V bilkompatibel)<\/li>\n<li>1 x f\u00f6rvaringsv\u00e4ska<\/li>\n<li>1 x S\u00e4ngst\u00f6d f\u00f6r baks\u00e4te i bil<\/li>\n<\/ul>\n<hr \/>\n<h3><strong>Specifikationer<\/strong>:<\/h3>\n<ul>\n<li><strong>Material<\/strong>: H\u00f6gkvalitativ PVC + flockningstyg<\/li>\n<li><strong>Uppbl\u00e5st storlek<\/strong>: 175x130cm \/ 68,9\u00d751,2 tum<\/li>\n<li><strong>Vikt<\/strong>: Cirka 2,5 kg<\/li>\n<li><strong>Luftpump<\/strong>: 12V bilkompatibel<\/li>\n<\/ul>\n<p><strong>Notera<\/strong>: Anv\u00e4nd alltid den medf\u00f6ljande pumpen f\u00f6r s\u00e4ker och effektiv uppbl\u00e5sning.<\/p>\n<p>&nbsp;<\/p>","protected":false},"excerpt":{"rendered":"<p><strong>Varf\u00f6r v\u00e4lja denna uppbl\u00e5sbara s\u00e4ng f\u00f6r bilar?<\/strong><br \/>\n\u2714 <strong>B\u00e4rbar och l\u00e4ttviktig<\/strong> - L\u00e4tt att b\u00e4ra och f\u00f6rvara.<br \/>\n\u2714 <strong>Komfort n\u00e4r du \u00e4r p\u00e5 spr\u00e5ng<\/strong> - Perfekt f\u00f6r bilresor, camping eller en snabb tupplur under l\u00e5nga bilf\u00e4rder.<br \/>\n\u2714 <strong>Universell passform<\/strong> - Passar f\u00f6r mer \u00e4n 90% bilar och SUV:ar.<\/p>\n<p><strong>Uppgradera dina resor med o\u00f6vertr\u00e4ffad komfort och bekv\u00e4mlighet. Best\u00e4ll din universella uppbl\u00e5sbara s\u00e4ng f\u00f6r bilresor idag!<\/strong><\/p>","protected":false},"featured_media":3885,"comment_status":"open","ping_status":"closed","template":"","meta":{"_uag_custom_page_level_css":"","site-sidebar-layout":"default","site-content-layout":"","ast-site-content-layout":"default","site-content-style":"default","site-sidebar-style":"default","ast-global-header-display":"","ast-banner-title-visibility":"","ast-main-header-display":"","ast-hfb-above-header-display":"","ast-hfb-below-header-display":"","ast-hfb-mobile-header-display":"","site-post-title":"","ast-breadcrumbs-content":"","ast-featured-img":"","footer-sml-layout":"","ast-disable-related-posts":"","theme-transparent-header-meta":"default","adv-header-id-meta":"","stick-header-meta":"","header-above-stick-meta":"","header-main-stick-meta":"","header-below-stick-meta":"","astra-migrate-meta-layouts":"set","ast-page-background-enabled":"default","ast-page-background-meta":{"desktop":{"background-color":"","background-image":"","background-repeat":"repeat","background-position":"center center","background-size":"auto","background-attachment":"scroll","background-type":"","background-media":"","overlay-type":"","overlay-color":"","overlay-opacity":"","overlay-gradient":""},"tablet":{"background-color":"","background-image":"","background-repeat":"repeat","background-position":"center center","background-size":"auto","background-attachment":"scroll","background-type":"","background-media":"","overlay-type":"","overlay-color":"","overlay-opacity":"","overlay-gradient":""},"mobile":{"background-color":"","background-image":"","background-repeat":"repeat","background-position":"center center","background-size":"auto","background-attachment":"scroll","background-type":"","background-media":"","overlay-type":"","overlay-color":"","overlay-opacity":"","overlay-gradient":""}},"ast-content-background-meta":{"desktop":{"background-color":"var(--ast-global-color-5)","background-image":"","background-repeat":"repeat","background-position":"center center","background-size":"auto","background-attachment":"scroll","background-type":"","background-media":"","overlay-type":"","overlay-color":"","overlay-opacity":"","overlay-gradient":""},"tablet":{"background-color":"var(--ast-global-color-5)","background-image":"","background-repeat":"repeat","background-position":"center center","background-size":"auto","background-attachment":"scroll","background-type":"","background-media":"","overlay-type":"","overlay-color":"","overlay-opacity":"","overlay-gradient":""},"mobile":{"background-color":"var(--ast-global-color-5)","background-image":"","background-repeat":"repeat","background-position":"center center","background-size":"auto","background-attachment":"scroll","background-type":"","background-media":"","overlay-type":"","overlay-color":"","overlay-opacity":"","overlay-gradient":""}}},"product_brand":[],"product_cat":[72],"product_tag":[],"class_list":{"0":"post-3910","1":"product","2":"type-product","3":"status-publish","4":"has-post-thumbnail","6":"product_cat-interior-accessories","7":"desktop-align-left","8":"tablet-align-left","9":"mobile-align-left","10":"ast-product-gallery-layout-horizontal-slider","11":"ast-product-single-variable","12":"ast-product-tabs-layout-horizontal","14":"first","15":"instock","16":"shipping-taxable","17":"purchasable","18":"product-type-variable"},"aioseo_notices":[],"uagb_featured_image_src":{"full":["https:\/\/speedxperts.com\/wp-content\/uploads\/2025\/01\/S9437f98f663b4d7db4b40ac2774de330K.webp",1000,1000,false],"thumbnail":["https:\/\/speedxperts.com\/wp-content\/uploads\/2025\/01\/S9437f98f663b4d7db4b40ac2774de330K-150x150.webp",150,150,true],"medium":["https:\/\/speedxperts.com\/wp-content\/uploads\/2025\/01\/S9437f98f663b4d7db4b40ac2774de330K-300x300.webp",300,300,true],"medium_large":["https:\/\/speedxperts.com\/wp-content\/uploads\/2025\/01\/S9437f98f663b4d7db4b40ac2774de330K-768x768.webp",768,768,true],"large":["https:\/\/speedxperts.com\/wp-content\/uploads\/2025\/01\/S9437f98f663b4d7db4b40ac2774de330K.webp",1000,1000,false],"1536x1536":["https:\/\/speedxperts.com\/wp-content\/uploads\/2025\/01\/S9437f98f663b4d7db4b40ac2774de330K.webp",1000,1000,false],"2048x2048":["https:\/\/speedxperts.com\/wp-content\/uploads\/2025\/01\/S9437f98f663b4d7db4b40ac2774de330K.webp",1000,1000,false],"trp-custom-language-flag":["https:\/\/speedxperts.com\/wp-content\/uploads\/2025\/01\/S9437f98f663b4d7db4b40ac2774de330K-12x12.webp",12,12,true],"woocommerce_thumbnail":["https:\/\/speedxperts.com\/wp-content\/uploads\/2025\/01\/S9437f98f663b4d7db4b40ac2774de330K-300x300.webp",300,300,true],"woocommerce_single":["https:\/\/speedxperts.com\/wp-content\/uploads\/2025\/01\/S9437f98f663b4d7db4b40ac2774de330K-600x600.webp",600,600,true],"woocommerce_gallery_thumbnail":["https:\/\/speedxperts.com\/wp-content\/uploads\/2025\/01\/S9437f98f663b4d7db4b40ac2774de330K-100x100.webp",100,100,true]},"uagb_author_info":{"display_name":"Sebastian","author_link":"https:\/\/speedxperts.com\/sv\/author\/"},"uagb_comment_info":0,"uagb_excerpt":"Why Choose This Car Inflatable Bed? \u2714 Portable and Lightweight \u2013 Easy to carry and store. \u2714 Comfort on the Go \u2013 Perfect for road trips, camping, or a quick nap during long drives. \u2714 Universal Fit \u2013 Suitable for more than 90% of cars and SUVs. Upgrade your travels with unmatched comfort and convenience.&hellip;","jetpack_sharing_enabled":true,"_links":{"self":[{"href":"https:\/\/speedxperts.com\/sv\/wp-json\/wp\/v2\/product\/3910","targetHints":{"allow":["GET"]}}],"collection":[{"href":"https:\/\/speedxperts.com\/sv\/wp-json\/wp\/v2\/product"}],"about":[{"href":"https:\/\/speedxperts.com\/sv\/wp-json\/wp\/v2\/types\/product"}],"replies":[{"embeddable":true,"href":"https:\/\/speedxperts.com\/sv\/wp-json\/wp\/v2\/comments?post=3910"}],"wp:featuredmedia":[{"embeddable":true,"href":"https:\/\/speedxperts.com\/sv\/wp-json\/wp\/v2\/media\/3885"}],"wp:attachment":[{"href":"https:\/\/speedxperts.com\/sv\/wp-json\/wp\/v2\/media?parent=3910"}],"wp:term":[{"taxonomy":"product_brand","embeddable":true,"href":"https:\/\/speedxperts.com\/sv\/wp-json\/wp\/v2\/product_brand?post=3910"},{"taxonomy":"product_cat","embeddable":true,"href":"https:\/\/speedxperts.com\/sv\/wp-json\/wp\/v2\/product_cat?post=3910"},{"taxonomy":"product_tag","embeddable":true,"href":"https:\/\/speedxperts.com\/sv\/wp-json\/wp\/v2\/product_tag?post=3910"}],"curies":[{"name":"wp","href":"https:\/\/api.w.org\/{rel}","templated":true}]}}