{"id":3915,"date":"2025-01-04T18:11:34","date_gmt":"2025-01-04T17:11:34","guid":{"rendered":"https:\/\/speedxperts.com\/?post_type=product&#038;p=3915"},"modified":"2025-02-04T15:23:18","modified_gmt":"2025-02-04T14:23:18","slug":"universal-bil-baksate-uppblasbar-sang-80x130cm","status":"publish","type":"product","link":"https:\/\/speedxperts.com\/sv\/product\/universal-bil-baksate-uppblasbar-sang-80x130cm\/","title":{"rendered":"Universell uppbl\u00e5sbar s\u00e4ng f\u00f6r bilens baks\u00e4te 80x130cm"},"content":{"rendered":"<p>G\u00f6r varje resa mer komfortabel med <strong>Universal uppbl\u00e5sbar s\u00e4ng f\u00f6r bilresor<\/strong>Den uppbl\u00e5sbara s\u00e4ngen \u00e4r utformad f\u00f6r m\u00e5ngsidighet och bekv\u00e4mlighet. Oavsett om du \u00e4r ute och campar, reser eller tar emot g\u00e4ster hemma, garanterar den h\u00e4r uppbl\u00e5sbara s\u00e4ngen en vilsam s\u00f6mn var du \u00e4n \u00e4r.<\/p>\n<p>Viktiga egenskaper:<\/p>\n<ul>\n<li><strong>B\u00e4rbar och l\u00e4ttviktig<\/strong>:<br \/>\nLevereras med en f\u00f6rvaringsp\u00e5se i tyg f\u00f6r enkel transport och kompakt f\u00f6rvaring. Perfekt f\u00f6r resor och familjeutflykter.<\/li>\n<li><strong>Snabb automatisk uppbl\u00e5sning<\/strong>:<br \/>\nBl\u00e5ses enkelt upp med det inbyggda luftmunstycket. Madrassen bl\u00e5ses upp automatiskt, medan kuddarna och sidovingarna kr\u00e4ver minimal manuell uppbl\u00e5sning.<\/li>\n<li><strong>Premiumkomfort<\/strong>:<br \/>\nMadrassen \u00e4r tillverkad av milj\u00f6v\u00e4nligt polyester pongee-tyg och \u00e4r sl\u00e4t, slitstark, vattent\u00e4t och andningsbar. Den h\u00f6gkvalitativa elastiska bomullsk\u00e4rnan och den t\u00e4ta svampen ger utm\u00e4rkt st\u00f6d och komfort.<\/li>\n<li><strong>H\u00e5llbar och p\u00e5litlig<\/strong>:<br \/>\nTillverkad av mjukt men robust PVC-material med t\u00e4ta s\u00f6mmar f\u00f6r h\u00e5llbarhet och en luftt\u00e4t f\u00f6rslutning, vilket garanterar l\u00e5ngvarig anv\u00e4ndning.<\/li>\n<li><strong>M\u00e5ngsidiga till\u00e4mpningar<\/strong>:<br \/>\nL\u00e4mplig f\u00f6r olika inst\u00e4llningar:<\/p>\n<ul>\n<li><strong>Bil<\/strong>: Passar de flesta SUV:ar, husbilar och minibussar f\u00f6r komfort i farten.<\/li>\n<li><strong>Camping<\/strong>: Perfekt f\u00f6r utomhus\u00e4ventyr.<\/li>\n<li><strong>Hem<\/strong>: G\u00e4stmadrass f\u00f6r n\u00f6dsituationer eller en s\u00e4ng f\u00f6r kontoret.<\/li>\n<li><strong>Picknick &amp; resor<\/strong>: S\u00e4kerst\u00e4ller komfort var du \u00e4n g\u00e5r.<\/li>\n<\/ul>\n<\/li>\n<\/ul>\n<p>Specifikationer:<\/p>\n<ul>\n<li><strong>Material<\/strong>: Slitstarkt PVC- och polyestertyg i pongee<\/li>\n<li><strong>M\u00e5tt och dimensioner<\/strong>: 80x130cm<\/li>\n<li><strong>Funktioner<\/strong>: Vattent\u00e4t, slitstark och andningsbar<\/li>\n<li><strong>Inflationstid<\/strong>: Bl\u00e5ses upp p\u00e5 n\u00e5gra minuter med justerbar fasthet<\/li>\n<\/ul>\n<p>Paketet inneh\u00e5ller:<\/p>\n<ul>\n<li><strong>1 x Uppbl\u00e5sbar madrass<\/strong><\/li>\n<li><strong>1 x Kudde<\/strong><\/li>\n<li><strong>1 x luftpump<\/strong> (Obs: Pumpen \u00e4r inte kompatibel med uppbl\u00e5sning av d\u00e4ck, simringar, yogabollar etc.)<\/li>\n<li><strong>1 x f\u00f6rvaringsv\u00e4ska<\/strong><\/li>\n<\/ul>\n<p>Varf\u00f6r v\u00e4lja den uppbl\u00e5sbara s\u00e4ngen Universal Car Travel?<\/p>\n<p>Denna madrass erbjuder den perfekta blandningen av bekv\u00e4mlighet, h\u00e5llbarhet och komfort, vilket g\u00f6r den till ett utm\u00e4rkt val f\u00f6r alla som v\u00e4rdes\u00e4tter vilsam s\u00f6mn n\u00e4r de \u00e4r p\u00e5 spr\u00e5ng. Den kompakta designen och de m\u00e5nga anv\u00e4ndningsm\u00f6jligheterna g\u00f6r att du alltid \u00e4r f\u00f6rberedd f\u00f6r alla resor och g\u00e4stboenden.<\/p>\n<p>F\u00f6rb\u00e4ttra din rese- och campingupplevelse med <strong>Universal uppbl\u00e5sbar s\u00e4ng f\u00f6r bilresor<\/strong> - din ultimata portabla komfortl\u00f6sning!<\/p>\n<p>&nbsp;<\/p>","protected":false},"excerpt":{"rendered":"<p><strong>Varf\u00f6r v\u00e4lja denna uppbl\u00e5sbara s\u00e4ng f\u00f6r bilar?<\/strong><br \/>\n\u2714 <strong>B\u00e4rbar och l\u00e4ttviktig<\/strong> - L\u00e4tt att b\u00e4ra och f\u00f6rvara.<br \/>\n\u2714 <strong>Komfort n\u00e4r du \u00e4r p\u00e5 spr\u00e5ng<\/strong> - Perfekt f\u00f6r bilresor, camping eller en snabb tupplur under l\u00e5nga bilf\u00e4rder.<br \/>\n\u2714 <strong>Universell passform<\/strong> - Passar f\u00f6r mer \u00e4n 90% bilar och SUV:ar.<\/p>\n<p><strong>Uppgradera dina resor med o\u00f6vertr\u00e4ffad komfort och bekv\u00e4mlighet. Best\u00e4ll din universella uppbl\u00e5sbara s\u00e4ng f\u00f6r bilresor idag!<\/strong><\/p>","protected":false},"featured_media":3892,"comment_status":"open","ping_status":"closed","template":"","meta":{"_uag_custom_page_level_css":"","site-sidebar-layout":"default","site-content-layout":"","ast-site-content-layout":"default","site-content-style":"default","site-sidebar-style":"default","ast-global-header-display":"","ast-banner-title-visibility":"","ast-main-header-display":"","ast-hfb-above-header-display":"","ast-hfb-below-header-display":"","ast-hfb-mobile-header-display":"","site-post-title":"","ast-breadcrumbs-content":"","ast-featured-img":"","footer-sml-layout":"","ast-disable-related-posts":"","theme-transparent-header-meta":"default","adv-header-id-meta":"","stick-header-meta":"","header-above-stick-meta":"","header-main-stick-meta":"","header-below-stick-meta":"","astra-migrate-meta-layouts":"set","ast-page-background-enabled":"default","ast-page-background-meta":{"desktop":{"background-color":"","background-image":"","background-repeat":"repeat","background-position":"center center","background-size":"auto","background-attachment":"scroll","background-type":"","background-media":"","overlay-type":"","overlay-color":"","overlay-opacity":"","overlay-gradient":""},"tablet":{"background-color":"","background-image":"","background-repeat":"repeat","background-position":"center center","background-size":"auto","background-attachment":"scroll","background-type":"","background-media":"","overlay-type":"","overlay-color":"","overlay-opacity":"","overlay-gradient":""},"mobile":{"background-color":"","background-image":"","background-repeat":"repeat","background-position":"center center","background-size":"auto","background-attachment":"scroll","background-type":"","background-media":"","overlay-type":"","overlay-color":"","overlay-opacity":"","overlay-gradient":""}},"ast-content-background-meta":{"desktop":{"background-color":"var(--ast-global-color-5)","background-image":"","background-repeat":"repeat","background-position":"center center","background-size":"auto","background-attachment":"scroll","background-type":"","background-media":"","overlay-type":"","overlay-color":"","overlay-opacity":"","overlay-gradient":""},"tablet":{"background-color":"var(--ast-global-color-5)","background-image":"","background-repeat":"repeat","background-position":"center center","background-size":"auto","background-attachment":"scroll","background-type":"","background-media":"","overlay-type":"","overlay-color":"","overlay-opacity":"","overlay-gradient":""},"mobile":{"background-color":"var(--ast-global-color-5)","background-image":"","background-repeat":"repeat","background-position":"center center","background-size":"auto","background-attachment":"scroll","background-type":"","background-media":"","overlay-type":"","overlay-color":"","overlay-opacity":"","overlay-gradient":""}}},"product_brand":[],"product_cat":[72],"product_tag":[],"class_list":{"0":"post-3915","1":"product","2":"type-product","3":"status-publish","4":"has-post-thumbnail","6":"product_cat-interior-accessories","7":"desktop-align-left","8":"tablet-align-left","9":"mobile-align-left","10":"ast-product-gallery-layout-horizontal-slider","11":"ast-product-single-variable","12":"ast-product-tabs-layout-horizontal","14":"first","15":"instock","16":"shipping-taxable","17":"purchasable","18":"product-type-variable"},"aioseo_notices":[],"uagb_featured_image_src":{"full":["https:\/\/speedxperts.com\/wp-content\/uploads\/2025\/01\/Se42f7cff8e614fd8bcc1fea401405680O.webp",1000,1000,false],"thumbnail":["https:\/\/speedxperts.com\/wp-content\/uploads\/2025\/01\/Se42f7cff8e614fd8bcc1fea401405680O-150x150.webp",150,150,true],"medium":["https:\/\/speedxperts.com\/wp-content\/uploads\/2025\/01\/Se42f7cff8e614fd8bcc1fea401405680O-300x300.webp",300,300,true],"medium_large":["https:\/\/speedxperts.com\/wp-content\/uploads\/2025\/01\/Se42f7cff8e614fd8bcc1fea401405680O-768x768.webp",768,768,true],"large":["https:\/\/speedxperts.com\/wp-content\/uploads\/2025\/01\/Se42f7cff8e614fd8bcc1fea401405680O.webp",1000,1000,false],"1536x1536":["https:\/\/speedxperts.com\/wp-content\/uploads\/2025\/01\/Se42f7cff8e614fd8bcc1fea401405680O.webp",1000,1000,false],"2048x2048":["https:\/\/speedxperts.com\/wp-content\/uploads\/2025\/01\/Se42f7cff8e614fd8bcc1fea401405680O.webp",1000,1000,false],"trp-custom-language-flag":["https:\/\/speedxperts.com\/wp-content\/uploads\/2025\/01\/Se42f7cff8e614fd8bcc1fea401405680O-12x12.webp",12,12,true],"woocommerce_thumbnail":["https:\/\/speedxperts.com\/wp-content\/uploads\/2025\/01\/Se42f7cff8e614fd8bcc1fea401405680O-300x300.webp",300,300,true],"woocommerce_single":["https:\/\/speedxperts.com\/wp-content\/uploads\/2025\/01\/Se42f7cff8e614fd8bcc1fea401405680O-600x600.webp",600,600,true],"woocommerce_gallery_thumbnail":["https:\/\/speedxperts.com\/wp-content\/uploads\/2025\/01\/Se42f7cff8e614fd8bcc1fea401405680O-100x100.webp",100,100,true]},"uagb_author_info":{"display_name":"Sebastian","author_link":"https:\/\/speedxperts.com\/sv\/author\/"},"uagb_comment_info":0,"uagb_excerpt":"Why Choose This Car Inflatable Bed? \u2714 Portable and Lightweight \u2013 Easy to carry and store. \u2714 Comfort on the Go \u2013 Perfect for road trips, camping, or a quick nap during long drives. \u2714 Universal Fit \u2013 Suitable for more than 90% of cars and SUVs. Upgrade your travels with unmatched comfort and convenience.&hellip;","jetpack_sharing_enabled":true,"_links":{"self":[{"href":"https:\/\/speedxperts.com\/sv\/wp-json\/wp\/v2\/product\/3915","targetHints":{"allow":["GET"]}}],"collection":[{"href":"https:\/\/speedxperts.com\/sv\/wp-json\/wp\/v2\/product"}],"about":[{"href":"https:\/\/speedxperts.com\/sv\/wp-json\/wp\/v2\/types\/product"}],"replies":[{"embeddable":true,"href":"https:\/\/speedxperts.com\/sv\/wp-json\/wp\/v2\/comments?post=3915"}],"wp:featuredmedia":[{"embeddable":true,"href":"https:\/\/speedxperts.com\/sv\/wp-json\/wp\/v2\/media\/3892"}],"wp:attachment":[{"href":"https:\/\/speedxperts.com\/sv\/wp-json\/wp\/v2\/media?parent=3915"}],"wp:term":[{"taxonomy":"product_brand","embeddable":true,"href":"https:\/\/speedxperts.com\/sv\/wp-json\/wp\/v2\/product_brand?post=3915"},{"taxonomy":"product_cat","embeddable":true,"href":"https:\/\/speedxperts.com\/sv\/wp-json\/wp\/v2\/product_cat?post=3915"},{"taxonomy":"product_tag","embeddable":true,"href":"https:\/\/speedxperts.com\/sv\/wp-json\/wp\/v2\/product_tag?post=3915"}],"curies":[{"name":"wp","href":"https:\/\/api.w.org\/{rel}","templated":true}]}}